{"id":1244,"date":"2024-09-03T12:06:22","date_gmt":"2024-09-03T10:06:22","guid":{"rendered":"https:\/\/nettsteder.regjeringen.no\/designdep\/?page_id=1244"},"modified":"2025-03-10T09:19:16","modified_gmt":"2025-03-10T08:19:16","slug":"maler","status":"publish","type":"page","link":"https:\/\/teststeder.regjeringen.no\/designdep\/maler\/","title":{"rendered":"Maler"},"content":{"rendered":"\n<div class=\"wp-block-group alignwide is-content-justification-left is-layout-constrained wp-container-core-group-is-layout-8c890d92 wp-block-group-is-layout-constrained\">\n<div class=\"wp-block-columns alignwide has-background-100-background-color has-background is-layout-flex wp-container-core-columns-is-layout-9d6595d7 wp-block-columns-is-layout-flex\">\n<div class=\"wp-block-column is-vertically-aligned-center is-layout-flow wp-block-column-is-layout-flow\" style=\"flex-basis:33%\">\n<p style=\"font-size:clamp(21.536px, 1.346rem + ((1vw - 3.2px) * 1.662), 35px);\">Maler<\/p>\n<\/div>\n\n\n\n<div class=\"wp-block-column is-vertically-aligned-center is-layout-flow wp-block-column-is-layout-flow\" style=\"flex-basis:66.66%\"><p class=\"t2-ingress wp-block-t2-ingress\">Her finner du oversikt over maler som inng\u00e5r i felles designprogram for alle departementer.<\/p><\/div>\n<\/div>\n\n\n\n<div class=\"wp-block-group is-layout-constrained wp-block-group-is-layout-constrained\">\n<h3 class=\"wp-block-heading\"><strong>Fordeler med \u00e5 bruke maler<\/strong><\/h3>\n\n\n\n<ul class=\"wp-block-list is-layout-flow wp-block-list-is-layout-flow\">\n<li><strong>Konsistens:<\/strong>&nbsp;Departementenes maler er er utformet for \u00e5 skape en profesjonell og helhetlig visuell avsenderidentitet.<\/li>\n\n\n\n<li><strong>\u00d8kt produktivitet:<\/strong>&nbsp;Ved \u00e5 bruke en mal slipper du \u00e5 starte fra bunnen av hver gang du skal lage et nytt dokument og heller fokusere mer p\u00e5 innholdet i dokumentet<\/li>\n<\/ul>\n<\/div>\n<\/div>\n\n\n<ul class=\"is-style-list-flex alignwide wp-block-dss-simple-posts\">\n<li class=\"wp-block-dss-simple-post\"><a href=\"https:\/\/teststeder.regjeringen.no\/designdep\/maler\/annonser\/\" class=\"wp-block-dss-simple-post__link\"><div class=\"wp-block-dss-simple-post__content\"><h2>Annonser<\/h2><\/div><\/a><\/li>\n\n<li class=\"wp-block-dss-simple-post\"><a href=\"https:\/\/teststeder.regjeringen.no\/designdep\/maler\/baksidetekster-publikasjoner\/\" class=\"wp-block-dss-simple-post__link\"><div class=\"wp-block-dss-simple-post__content\"><h2>Baksidetekster publikasjoner<\/h2><\/div><\/a><\/li>\n\n<li class=\"wp-block-dss-simple-post\"><a href=\"https:\/\/teststeder.regjeringen.no\/designdep\/maler\/det-norske-flagg\/\" class=\"wp-block-dss-simple-post__link\"><div class=\"wp-block-dss-simple-post__content\"><h2>Det norske flagg<\/h2><\/div><\/a><\/li>\n\n<li class=\"wp-block-dss-simple-post\"><a href=\"https:\/\/teststeder.regjeringen.no\/designdep\/maler\/e-postsignatur\/\" class=\"wp-block-dss-simple-post__link\"><div class=\"wp-block-dss-simple-post__content\"><h2>E-postsignatur<\/h2><\/div><\/a><\/li>\n\n<li class=\"wp-block-dss-simple-post\"><a href=\"https:\/\/teststeder.regjeringen.no\/designdep\/maler\/kontordokumenter\/\" class=\"wp-block-dss-simple-post__link\"><div class=\"wp-block-dss-simple-post__content\"><h2>Kontordokumenter<\/h2><\/div><\/a><\/li>\n\n<li class=\"wp-block-dss-simple-post\"><a href=\"https:\/\/teststeder.regjeringen.no\/designdep\/maler\/omslag\/\" class=\"wp-block-dss-simple-post__link\"><div class=\"wp-block-dss-simple-post__content\"><h2>Omslagsmaler<\/h2><\/div><\/a><\/li>\n\n<li class=\"wp-block-dss-simple-post\"><a href=\"https:\/\/teststeder.regjeringen.no\/designdep\/maler\/powerpoint\/\" class=\"wp-block-dss-simple-post__link\"><div class=\"wp-block-dss-simple-post__content\"><h2>PowerPoint<\/h2><\/div><\/a><\/li>\n\n<li class=\"wp-block-dss-simple-post\"><a href=\"https:\/\/teststeder.regjeringen.no\/designdep\/maler\/pressevegg\/\" class=\"wp-block-dss-simple-post__link\"><div class=\"wp-block-dss-simple-post__content\"><h2>Pressevegg<\/h2><\/div><\/a><\/li>\n\n<li class=\"wp-block-dss-simple-post\"><a href=\"https:\/\/teststeder.regjeringen.no\/designdep\/maler\/profileringsprodukter\/\" class=\"wp-block-dss-simple-post__link\"><div class=\"wp-block-dss-simple-post__content\"><h2>Profileringsprodukter<\/h2><\/div><\/a><\/li>\n\n<li class=\"wp-block-dss-simple-post\"><a href=\"https:\/\/teststeder.regjeringen.no\/designdep\/maler\/publikasjonsmaler\/\" class=\"wp-block-dss-simple-post__link\"><div class=\"wp-block-dss-simple-post__content\"><h2>Publikasjonsmaler<\/h2><\/div><\/a><\/li>\n\n<li class=\"wp-block-dss-simple-post\"><a href=\"https:\/\/teststeder.regjeringen.no\/designdep\/regjeringen-no\/\" class=\"wp-block-dss-simple-post__link\"><div class=\"wp-block-dss-simple-post__content\"><h2>Regjeringen.no<\/h2><\/div><\/a><\/li>\n\n<li class=\"wp-block-dss-simple-post\"><a href=\"https:\/\/teststeder.regjeringen.no\/designdep\/maler\/rollup\/\" class=\"wp-block-dss-simple-post__link\"><div class=\"wp-block-dss-simple-post__content\"><h2>Rollup<\/h2><\/div><\/a><\/li>\n\n<li class=\"wp-block-dss-simple-post\"><a href=\"https:\/\/teststeder.regjeringen.no\/designdep\/maler\/skilting-og-foliering\/\" class=\"wp-block-dss-simple-post__link\"><div class=\"wp-block-dss-simple-post__content\"><h2>Skilting og foliering<\/h2><\/div><\/a><\/li>\n\n<li class=\"wp-block-dss-simple-post\"><a href=\"https:\/\/teststeder.regjeringen.no\/designdep\/maler\/sosiale-medier\/\" class=\"wp-block-dss-simple-post__link\"><div class=\"wp-block-dss-simple-post__content\"><h2>Sosiale medier<\/h2><\/div><\/a><\/li>\n\n<li class=\"wp-block-dss-simple-post\"><a href=\"https:\/\/teststeder.regjeringen.no\/designdep\/maler\/teamsbakgrunn\/\" class=\"wp-block-dss-simple-post__link\"><div class=\"wp-block-dss-simple-post__content\"><h2>Teams-bakgrunn<\/h2><\/div><\/a><\/li>\n<\/ul>","protected":false},"excerpt":{"rendered":"<p>Maler Fordeler med \u00e5 bruke maler<\/p>\n","protected":false},"author":357,"featured_media":0,"parent":0,"menu_order":0,"comment_status":"closed","ping_status":"closed","template":"","meta":{"dss_simple_post_excerpt":"","dss_show_breadcrumbs":false,"dss_show_featured_image":true,"dss_show_title":true,"footnotes":""},"class_list":["post-1244","page","type-page","status-publish","hentry"],"language":"nb-NO","_links":{"self":[{"href":"https:\/\/teststeder.regjeringen.no\/designdep\/wp-json\/wp\/v2\/pages\/1244","targetHints":{"allow":["GET"]}}],"collection":[{"href":"https:\/\/teststeder.regjeringen.no\/designdep\/wp-json\/wp\/v2\/pages"}],"about":[{"href":"https:\/\/teststeder.regjeringen.no\/designdep\/wp-json\/wp\/v2\/types\/page"}],"author":[{"embeddable":true,"href":"https:\/\/teststeder.regjeringen.no\/designdep\/wp-json\/wp\/v2\/users\/357"}],"replies":[{"embeddable":true,"href":"https:\/\/teststeder.regjeringen.no\/designdep\/wp-json\/wp\/v2\/comments?post=1244"}],"version-history":[{"count":2,"href":"https:\/\/teststeder.regjeringen.no\/designdep\/wp-json\/wp\/v2\/pages\/1244\/revisions"}],"predecessor-version":[{"id":6432,"href":"https:\/\/teststeder.regjeringen.no\/designdep\/wp-json\/wp\/v2\/pages\/1244\/revisions\/6432"}],"wp:attachment":[{"href":"https:\/\/teststeder.regjeringen.no\/designdep\/wp-json\/wp\/v2\/media?parent=1244"}],"curies":[{"name":"wp","href":"https:\/\/api.w.org\/{rel}","templated":true}]}}