{"id":1273,"date":"2024-09-03T13:47:02","date_gmt":"2024-09-03T11:47:02","guid":{"rendered":"https:\/\/nettsteder.regjeringen.no\/designdep\/?page_id=1273"},"modified":"2025-02-12T15:21:45","modified_gmt":"2025-02-12T14:21:45","slug":"baksidetekster-publikasjoner","status":"publish","type":"page","link":"https:\/\/teststeder.regjeringen.no\/designdep\/maler\/baksidetekster-publikasjoner\/","title":{"rendered":"Baksidetekster publikasjoner"},"content":{"rendered":"\n<div class=\"wp-block-group alignwide is-content-justification-left is-layout-constrained wp-container-core-group-is-layout-8c890d92 wp-block-group-is-layout-constrained\">\n<h2 class=\"wp-block-heading\">Baksidetekster publikasjoner<\/h2>\n\n\n\n<p style=\"font-size:clamp(14px, 0.875rem + ((1vw - 3.2px) * 0.741), 20px);\">Her er en oversikt over standard oppsett p\u00e5 baksidetekster p\u00e5 bokm\u00e5l, nynorsk, samisk og engelsk. Plassering av baksideteksten er angitt i InDesignmalen. Publikasjonskode f\u00e5r du av KOM-avdeling i departementet. <\/p>\n<\/div>\n\n\n\n<p><\/p>\n\n\n<div class=\"t2-accordion wp-block-t2-accordion\" data-allow-multiple=\"1\" role=\"list\">\n<div class=\"t2-accordion-item wp-block-t2-accordion-item\" role=\"listitem\">\n\t\t\t<h2 class=\"t2-accordion-title\">\n\t\t\t\t<button type=\"button\" class=\"t2-accordion-trigger\" id=\"publikasjoner-med-standardlogo\" aria-controls=\"accordion-panel\" aria-expanded=\"false\">\n\t\t\t\t\tPublikasjoner med standardlogo\n\t\t\t\t\t<span class=\"t2-accordion-icon is-closed-icon\"><svg xmlns=\"http:\/\/www.w3.org\/2000\/svg\" viewBox=\"0 0 24 24\" height=\"24\" width=\"24\" class=\"t2-icon t2-icon-addcircle\" aria-hidden=\"true\" focusable=\"false\"><path d=\"M16.5 11.2h-3.8V7.5c0-.4-.3-.8-.8-.8s-.8.3-.8.8v3.8H7.5c-.4 0-.8.3-.8.8s.3.8.8.8h3.8v3.8c0 .4.3.8.8.8s.8-.3.8-.8v-3.8h3.8c.4 0 .8-.3.8-.8s-.6-.9-1-.9z\"\/><path d=\"M12 24C5.4 24 0 18.6 0 12S5.4 0 12 0s12 5.4 12 12-5.4 12-12 12zm0-22.5C6.2 1.5 1.5 6.2 1.5 12S6.2 22.5 12 22.5 22.5 17.8 22.5 12 17.8 1.5 12 1.5z\"\/><\/svg><\/span>\n\t\t\t\t\t<span class=\"t2-accordion-icon is-open-icon\"><svg xmlns=\"http:\/\/www.w3.org\/2000\/svg\" viewBox=\"0 0 24 24\" height=\"24\" width=\"24\" class=\"t2-icon t2-icon-removecircle\" aria-hidden=\"true\" focusable=\"false\"><path d=\"M15.7 8.3c-.3-.3-.8-.3-1.1 0L12 10.9 9.4 8.3c-.3-.3-.8-.3-1.1 0s-.3.8 0 1.1l2.6 2.6-2.6 2.6c-.3.3-.3.8 0 1.1.1.1.3.2.5.2s.4-.1.5-.2l2.6-2.6 2.6 2.6c.1.1.3.2.5.2s.4-.1.5-.2c.3-.3.3-.8 0-1.1L13.1 12l2.6-2.6c.3-.3.3-.8 0-1.1z\"\/><path d=\"M20.5 3.5c-4.7-4.7-12.3-4.7-17 0-4.7 4.7-4.7 12.3 0 17C5.9 22.8 8.9 24 12 24c3.1 0 6.1-1.2 8.5-3.5 4.7-4.7 4.7-12.3 0-17zm-1.1 15.9c-4.1 4.1-10.8 4.1-14.8 0C.5 15.3.5 8.6 4.6 4.6c2-2 4.7-3.1 7.4-3.1s5.4 1 7.4 3.1c4.1 4.1 4.1 10.7 0 14.8z\"\/><\/svg><\/span>\n\t\t\t\t<\/button>\n\t\t\t<\/h2>\n\t\t\t<div class=\"t2-accordion-item__inner-container is-layout-flow\" id=\"accordion-panel\" aria-labelledby=\"publikasjoner-med-standardlogo\" role=\"region\" hidden>\n\t\t\t\t\n\n<ul class=\"wp-block-list is-layout-flow wp-block-list-is-layout-flow\">\n<li><strong>Strategier, handlingsplaner, veiledere, rapporter | Kortversjoner av stortingsmeldinger<\/strong><\/li>\n\n\n\n<li><strong>Kampanjetrykksaker, temaserier, populariserte forskrifter, informasjonsbrosjyrer | Kortversjoner<\/strong><\/li>\n<\/ul>\n\n\n\n<p class=\"has-background\" style=\"background-color:#f7f7e4\">Tilrettelegging og utforming administreres av&nbsp;<a href=\"mailto:designogpublisering@dss.dep.no\">Design og publisering<\/a>.<br><em>Teksten kan tilpasses behovene til den enkelte \u00adpublikasjon og skrives med&nbsp;Open Sans Normal, 9\/11pt.<\/em><\/p>\n\n\n\n<div class=\"wp-block-group is-layout-constrained wp-block-group-is-layout-constrained\">\n<div class=\"wp-block-columns has-background-100-background-color has-background is-layout-flex wp-container-core-columns-is-layout-9d6595d7 wp-block-columns-is-layout-flex\">\n<div class=\"wp-block-column is-layout-flow wp-block-column-is-layout-flow\">\n<p><strong>Eksempel med bildekreditering og navn p\u00e5 designbyr\u00e5<\/strong>.<br>Utgitt av:<br>Xxxxxxxdepartementet<\/p>\n\n\n\n<p>Bestilling av publikasjoner:<br>Departementenes sikkerhets- og serviceorganisasjon<br>publikasjoner.dep.no<br>Telefon: 22 24 00 00<br>Publikasjoner er ogs\u00e5 tilgjengelige p\u00e5:<br>www.regjeringen.no<br>Publikasjonskode: X-0000 B<\/p>\n\n\n\n<p>Design: Navnp\u00e5byr\u00e5<br>Omslagsfoto\/illustrasjon: XXX<\/p>\n\n\n\n<p>Trykk: Trykkerinavn xx\/20XX \u2013 opplag XXXX<\/p>\n<\/div>\n\n\n\n<div class=\"wp-block-column is-layout-flow wp-block-column-is-layout-flow\">\n<p><strong>Eksempel med lite tekst<\/strong><\/p>\n\n\n\n<p>Utgitt av:<br>Xxxxxxxdepartementet<\/p>\n\n\n\n<p>Trykk: Trykkerinavn xx\/20XX \u2013 opplag XXXX<\/p>\n<\/div>\n<\/div>\n\n\n\n<h3 class=\"wp-block-heading\">Bokm\u00e5l<\/h3>\n\n\n\n<p>Utgitt av:<br>Xxxxxxxdepartementet<\/p>\n\n\n\n<p>Bestilling av publikasjoner:<br>Departementenes sikkerhets- og serviceorganisasjon<br>publikasjoner.dep.no<br>Telefon: 22 24 00 00<br>Publikasjoner er ogs\u00e5 tilgjengelige p\u00e5:<br>www.regjeringen.no<br>Publikasjonskode: X-0000 B<\/p>\n\n\n\n<p>Design: Navnp\u00e5byr\u00e5<br>Omslagsfoto\/illustrasjon: XXX<\/p>\n\n\n\n<p>Trykk: Trykkerinavn xx\/20XX \u2013 opplag XXXX<\/p>\n\n\n\n<hr class=\"wp-block-separator has-alpha-channel-opacity\"\/>\n<\/div>\n\n\n\n<div class=\"wp-block-group is-layout-constrained wp-block-group-is-layout-constrained\">\n<h3 class=\"wp-block-heading\">Nynorsk<\/h3>\n\n\n\n<p>Utgjeve av:<br>Xxxxxxxxxxxdepartementet<\/p>\n\n\n\n<p>Bestilling av publikasjonar:<br>Service- og tryggingsorganisasjonen til departementa<br>publikasjoner.dep.no<br>Telefon: 22 24 00 00<br>Publikasjonar er ogs\u00e5 tilgjengelige p\u00e5:<br>www.regjeringa.no<br>Publikasjonskode: Y-0000 N<\/p>\n\n\n\n<p>Design: Navnp\u00e5byr\u00e5<br>Omslagsfoto\/illustrasjon: XXX<\/p>\n\n\n\n<p>Trykk: Trykkerinavn xx\/20XX \u2013 opplag XXXX<\/p>\n\n\n\n<hr class=\"wp-block-separator has-alpha-channel-opacity\"\/>\n\n\n\n<h3 class=\"wp-block-heading\">Engelsk<\/h3>\n\n\n\n<p>Published by:<br>Norwegian Ministry of Xxxxxx<\/p>\n\n\n\n<p>Additional copies may be ordered from:<br>Norwegian Government Security and Service Organisation<br>publikasjoner.dep.no<br>Telephone: + 47 22 24 00 00<br>Publications are also available on:<br>www.government.no<br>Publication number: X-0000 E<\/p>\n\n\n\n<p>Design: Navnp\u00e5byr\u00e5<br>Cover photo\/illustration: XXX<\/p>\n\n\n\n<p>Print: Trykkerinavn xx\/20XX \u2013 Impression XXXX<\/p>\n\n\n\n<hr class=\"wp-block-separator has-alpha-channel-opacity\"\/>\n<\/div>\n\n\n\n<h3 class=\"wp-block-heading\">Samisk<\/h3>\n\n\n\n<p>Olggosadd\u00e1n:<br>Xxxxxxxxxxxdepartemeanta<\/p>\n\n\n\n<p>Almmola\u0161 \u00e1sahusat s\u00e1httet di\u014bgot<br>lassig\u00e1hpp\u00e1lagaid d\u00e1ppe:<br>Departemeanttaid sihkkarvuo\u0111a- jab\u00e1lvalusorganisa\u0161uvdna<br>publikasjoner.dep.no<br>Telefovdna: 22 24 40 00<br>Prentehusnummir: Y-0000 S<br>Deaddileapmi: XXX xx\/20XX \u2013 Preantalohku: XXXX<\/p>\n\n\n\t\t\t<\/div>\n\t\t<\/div>\n\n<div class=\"t2-accordion-item wp-block-t2-accordion-item\" role=\"listitem\">\n\t\t\t<h2 class=\"t2-accordion-title\">\n\t\t\t\t<button type=\"button\" class=\"t2-accordion-trigger\" id=\"regjeringsdokumenter-med-formell-logo\" aria-controls=\"accordion-panel-1\" aria-expanded=\"false\">\n\t\t\t\t\tRegjeringsdokumenter med formell logo\n\t\t\t\t\t<span class=\"t2-accordion-icon is-closed-icon\"><svg xmlns=\"http:\/\/www.w3.org\/2000\/svg\" viewBox=\"0 0 24 24\" height=\"24\" width=\"24\" class=\"t2-icon t2-icon-addcircle\" aria-hidden=\"true\" focusable=\"false\"><path d=\"M16.5 11.2h-3.8V7.5c0-.4-.3-.8-.8-.8s-.8.3-.8.8v3.8H7.5c-.4 0-.8.3-.8.8s.3.8.8.8h3.8v3.8c0 .4.3.8.8.8s.8-.3.8-.8v-3.8h3.8c.4 0 .8-.3.8-.8s-.6-.9-1-.9z\"\/><path d=\"M12 24C5.4 24 0 18.6 0 12S5.4 0 12 0s12 5.4 12 12-5.4 12-12 12zm0-22.5C6.2 1.5 1.5 6.2 1.5 12S6.2 22.5 12 22.5 22.5 17.8 22.5 12 17.8 1.5 12 1.5z\"\/><\/svg><\/span>\n\t\t\t\t\t<span class=\"t2-accordion-icon is-open-icon\"><svg xmlns=\"http:\/\/www.w3.org\/2000\/svg\" viewBox=\"0 0 24 24\" height=\"24\" width=\"24\" class=\"t2-icon t2-icon-removecircle\" aria-hidden=\"true\" focusable=\"false\"><path d=\"M15.7 8.3c-.3-.3-.8-.3-1.1 0L12 10.9 9.4 8.3c-.3-.3-.8-.3-1.1 0s-.3.8 0 1.1l2.6 2.6-2.6 2.6c-.3.3-.3.8 0 1.1.1.1.3.2.5.2s.4-.1.5-.2l2.6-2.6 2.6 2.6c.1.1.3.2.5.2s.4-.1.5-.2c.3-.3.3-.8 0-1.1L13.1 12l2.6-2.6c.3-.3.3-.8 0-1.1z\"\/><path d=\"M20.5 3.5c-4.7-4.7-12.3-4.7-17 0-4.7 4.7-4.7 12.3 0 17C5.9 22.8 8.9 24 12 24c3.1 0 6.1-1.2 8.5-3.5 4.7-4.7 4.7-12.3 0-17zm-1.1 15.9c-4.1 4.1-10.8 4.1-14.8 0C.5 15.3.5 8.6 4.6 4.6c2-2 4.7-3.1 7.4-3.1s5.4 1 7.4 3.1c4.1 4.1 4.1 10.7 0 14.8z\"\/><\/svg><\/span>\n\t\t\t\t<\/button>\n\t\t\t<\/h2>\n\t\t\t<div class=\"t2-accordion-item__inner-container is-layout-flow\" id=\"accordion-panel-1\" aria-labelledby=\"regjeringsdokumenter-med-formell-logo\" role=\"region\" hidden>\n\t\t\t\t\n\n<ul class=\"wp-block-list is-layout-flow wp-block-list-is-layout-flow\">\n<li><strong>Stortingsmeldinger (St meld)<\/strong><\/li>\n\n\n\n<li><strong>Stortingsproposisjoner (St prp)<\/strong><\/li>\n\n\n\n<li><strong>Odelstingsproposisjoner (Ot prp)<\/strong><\/li>\n\n\n\n<li><strong>S\u00e6rtrykklovtekster, forskrifter, retningslinjer, regelverk, bestemmelser<\/strong><\/li>\n<\/ul>\n\n\n\n<p class=\"has-background\" style=\"background-color:#f7f7e4\">Utgivelse og utforming av proposisjoner og meldinger administreres av&nbsp;<a href=\"mailto:teknisk.redaksjon@dss.dep.no\">Teknisk redaksjon<\/a><br><br>Utgivelse og utforming av s\u00e6rtrykk administreres av&nbsp;<a href=\"mailto:depmedia@dss.dep.no\">DepMedia.<\/a><br><em>Baksidetekst skrives med&nbsp;Open Sans Normal, 9\/11pt<\/em><\/p>\n\n\n\n<p><\/p>\n\n\n\n<h4 class=\"wp-block-heading\">Prp.\/meld. \u2013 bokm\u00e5l<\/h4>\n\n\n\n<p>Offentlige institusjoner kan bestille flere eksemplarer fra:<br>Departementenes sikkerhets- og serviceorganisasjon<br>publikasjoner.dep.no<br>E-post: publikasjonsbestilling@dss.dep.no<br>Telefon: 222 40 000<\/p>\n\n\n\n<p>Publikasjonen er ogs\u00e5 tilgjengelig p\u00e5 www.regjeringen.no<br>Trykk: XXX xx\/20XX<\/p>\n\n\n\n<h4 class=\"wp-block-heading\">Prp.\/meld. \u2013 nynorsk<\/h4>\n\n\n\n<p>Offentlege institusjonar kan tinge fleire eksemplar fr\u00e5:<br>Service- og tryggingsorganisasjonen til departementa<br>publikasjoner.dep.no<br>E-post: publikasjonsbestilling@dss.dep.no<br>Telefon: 222 40 000<\/p>\n\n\n\n<p>Publikasjonen er ogs\u00e5 tilgjengeleg p\u00e5 www.regjeringa.no<br>Trykk: XXX xx\/20XX<\/p>\n\n\n\n<h4 class=\"wp-block-heading\">Prp.\/meld. \u2013 engelsk<\/h4>\n\n\n\n<p>Public institutions may order additional copies from:<br>Norwegian Government Security and Service Organisation<br>Distribution Services<br>publikasjoner.dep.no<br>E-mail: publikasjonsbestilling@dss.dep.no<br>Telephone: + 47 222 40 000<\/p>\n\n\n\n<p>This publication is also available at www.government.no<br>Print: XXX xx\/20XX<\/p>\n\n\n\n<h4 class=\"wp-block-heading\">Prp.\/meld. \u2013 samisk<\/h4>\n\n\n\n<p>Almmola\u0161 \u00e1sahusat s\u00e1httet di\u014bgot lassig\u00e1hpp\u00e1lagaid d\u00e1ppe:<br>Departemeanttaid sihkkarvuo\u0111a- ja b\u00e1lvalusorganisa\u0161uvdna<br>Poasta ja distribu\u0161uvdna<br>publikasjoner.dep.no<br>E-poasta: publikasjonsbestilling@dss.dep.no<br>Telefovdna: 222 40 000<\/p>\n\n\n\n<p>\u010c\u00e1llosa g\u00e1vnnat d\u00e1n interneahtta\u010dujuhusas<br>www.r\u00e1\u0111\u0111ehus.no<br>Deaddileapmi: XXX xx\/20XX<\/p>\n\n\n\t\t\t<\/div>\n\t\t<\/div>\n\n<div class=\"t2-accordion-item wp-block-t2-accordion-item\" role=\"listitem\">\n\t\t\t<h2 class=\"t2-accordion-title\">\n\t\t\t\t<button type=\"button\" class=\"t2-accordion-trigger\" id=\"nou\" aria-controls=\"accordion-panel-2\" aria-expanded=\"false\">\n\t\t\t\t\tNOU\n\t\t\t\t\t<span class=\"t2-accordion-icon is-closed-icon\"><svg xmlns=\"http:\/\/www.w3.org\/2000\/svg\" viewBox=\"0 0 24 24\" height=\"24\" width=\"24\" class=\"t2-icon t2-icon-addcircle\" aria-hidden=\"true\" focusable=\"false\"><path d=\"M16.5 11.2h-3.8V7.5c0-.4-.3-.8-.8-.8s-.8.3-.8.8v3.8H7.5c-.4 0-.8.3-.8.8s.3.8.8.8h3.8v3.8c0 .4.3.8.8.8s.8-.3.8-.8v-3.8h3.8c.4 0 .8-.3.8-.8s-.6-.9-1-.9z\"\/><path d=\"M12 24C5.4 24 0 18.6 0 12S5.4 0 12 0s12 5.4 12 12-5.4 12-12 12zm0-22.5C6.2 1.5 1.5 6.2 1.5 12S6.2 22.5 12 22.5 22.5 17.8 22.5 12 17.8 1.5 12 1.5z\"\/><\/svg><\/span>\n\t\t\t\t\t<span class=\"t2-accordion-icon is-open-icon\"><svg xmlns=\"http:\/\/www.w3.org\/2000\/svg\" viewBox=\"0 0 24 24\" height=\"24\" width=\"24\" class=\"t2-icon t2-icon-removecircle\" aria-hidden=\"true\" focusable=\"false\"><path d=\"M15.7 8.3c-.3-.3-.8-.3-1.1 0L12 10.9 9.4 8.3c-.3-.3-.8-.3-1.1 0s-.3.8 0 1.1l2.6 2.6-2.6 2.6c-.3.3-.3.8 0 1.1.1.1.3.2.5.2s.4-.1.5-.2l2.6-2.6 2.6 2.6c.1.1.3.2.5.2s.4-.1.5-.2c.3-.3.3-.8 0-1.1L13.1 12l2.6-2.6c.3-.3.3-.8 0-1.1z\"\/><path d=\"M20.5 3.5c-4.7-4.7-12.3-4.7-17 0-4.7 4.7-4.7 12.3 0 17C5.9 22.8 8.9 24 12 24c3.1 0 6.1-1.2 8.5-3.5 4.7-4.7 4.7-12.3 0-17zm-1.1 15.9c-4.1 4.1-10.8 4.1-14.8 0C.5 15.3.5 8.6 4.6 4.6c2-2 4.7-3.1 7.4-3.1s5.4 1 7.4 3.1c4.1 4.1 4.1 10.7 0 14.8z\"\/><\/svg><\/span>\n\t\t\t\t<\/button>\n\t\t\t<\/h2>\n\t\t\t<div class=\"t2-accordion-item__inner-container is-layout-flow\" id=\"accordion-panel-2\" aria-labelledby=\"nou\" role=\"region\" hidden>\n\t\t\t\t\n\n<p class=\"has-background\" style=\"background-color:#f7f7e4\">Utgivelse og utforming av proposisjoner og meldinger administreres av&nbsp;<a href=\"mailto:teknisk.redaksjon@dss.dep.no\">Teknisk redaksjon<\/a><br><em>Baksidetekst skrives med&nbsp;Open Sans Normal, 9\/11pt<\/em><\/p>\n\n\n\n<p><\/p>\n\n\n\n<h4 class=\"wp-block-heading\">NOU \u2013 bokm\u00e5l<\/h4>\n\n\n\n<p>Bestilling av publikasjoner<\/p>\n\n\n\n<p>Departementenes sikkerhets- og serviceorganisasjon<br>publikasjoner.dep.no<br>Telefon: 22 24 00 00<\/p>\n\n\n\n<p>Publikasjonene er ogs\u00e5 tilgjengelige p\u00e5<br>www.regjeringen.no<\/p>\n\n\n\n<p>Trykk: Trykksted \u2013 dato<\/p>\n\n\n\n<hr class=\"wp-block-separator has-alpha-channel-opacity\"\/>\n\n\n\n<h4 class=\"wp-block-heading\">NOU \u2013 nynorsk<\/h4>\n\n\n\n<p>Bestilling av publikasjonar<\/p>\n\n\n\n<p>Departementenes sikkerhets- og serviceorganisasjon<br>publikasjoner.dep.no<br>Telefon: 22 24 00 00<\/p>\n\n\n\n<p>Publikasjonene er ogs\u00e5 tilgjengelige p\u00e5<br>www.regjeringen.no<\/p>\n\n\n\n<p>Trykk: Trykksted \u2013 dato<\/p>\n\n\n\n<hr class=\"wp-block-separator has-alpha-channel-opacity\"\/>\n\n\n\n<h4 class=\"wp-block-heading\">NOU-samisk<\/h4>\n\n\n\n<p>Almmola\u0161 \u010dielggadusat<\/p>\n\n\n\n<p>Die\u0111uid di\u014bgojumi, g\u00e1vppiin vuovdima ja hattiid birra oa\u010d\u010dut d\u00e1ppe:<br>Departementenes sikkerhets- og serviceorganisasjon<br>publikasjoner.dep.no<br>Telefovdna: 22 24 00 00<\/p>\n\n\n\n<p>\u010c\u00e1llosa g\u00e1vnnat d\u00e1n interneahtta\u010dujuhusas www.r\u00e1\u0111\u0111ehus.no<\/p>\n\n\n\n<p>Deaddileapmi: XXX xx\/20XX<\/p>\n\n\n\t\t\t<\/div>\n\t\t<\/div>\n\n<div class=\"t2-accordion-item wp-block-t2-accordion-item\" role=\"listitem\">\n\t\t\t<h2 class=\"t2-accordion-title\">\n\t\t\t\t<button type=\"button\" class=\"t2-accordion-trigger\" id=\"publikasjoner-uten-logo\" aria-controls=\"accordion-panel-3\" aria-expanded=\"false\">\n\t\t\t\t\tPublikasjoner uten logo\n\t\t\t\t\t<span class=\"t2-accordion-icon is-closed-icon\"><svg xmlns=\"http:\/\/www.w3.org\/2000\/svg\" viewBox=\"0 0 24 24\" height=\"24\" width=\"24\" class=\"t2-icon t2-icon-addcircle\" aria-hidden=\"true\" focusable=\"false\"><path d=\"M16.5 11.2h-3.8V7.5c0-.4-.3-.8-.8-.8s-.8.3-.8.8v3.8H7.5c-.4 0-.8.3-.8.8s.3.8.8.8h3.8v3.8c0 .4.3.8.8.8s.8-.3.8-.8v-3.8h3.8c.4 0 .8-.3.8-.8s-.6-.9-1-.9z\"\/><path d=\"M12 24C5.4 24 0 18.6 0 12S5.4 0 12 0s12 5.4 12 12-5.4 12-12 12zm0-22.5C6.2 1.5 1.5 6.2 1.5 12S6.2 22.5 12 22.5 22.5 17.8 22.5 12 17.8 1.5 12 1.5z\"\/><\/svg><\/span>\n\t\t\t\t\t<span class=\"t2-accordion-icon is-open-icon\"><svg xmlns=\"http:\/\/www.w3.org\/2000\/svg\" viewBox=\"0 0 24 24\" height=\"24\" width=\"24\" class=\"t2-icon t2-icon-removecircle\" aria-hidden=\"true\" focusable=\"false\"><path d=\"M15.7 8.3c-.3-.3-.8-.3-1.1 0L12 10.9 9.4 8.3c-.3-.3-.8-.3-1.1 0s-.3.8 0 1.1l2.6 2.6-2.6 2.6c-.3.3-.3.8 0 1.1.1.1.3.2.5.2s.4-.1.5-.2l2.6-2.6 2.6 2.6c.1.1.3.2.5.2s.4-.1.5-.2c.3-.3.3-.8 0-1.1L13.1 12l2.6-2.6c.3-.3.3-.8 0-1.1z\"\/><path d=\"M20.5 3.5c-4.7-4.7-12.3-4.7-17 0-4.7 4.7-4.7 12.3 0 17C5.9 22.8 8.9 24 12 24c3.1 0 6.1-1.2 8.5-3.5 4.7-4.7 4.7-12.3 0-17zm-1.1 15.9c-4.1 4.1-10.8 4.1-14.8 0C.5 15.3.5 8.6 4.6 4.6c2-2 4.7-3.1 7.4-3.1s5.4 1 7.4 3.1c4.1 4.1 4.1 10.7 0 14.8z\"\/><\/svg><\/span>\n\t\t\t\t<\/button>\n\t\t\t<\/h2>\n\t\t\t<div class=\"t2-accordion-item__inner-container is-layout-flow\" id=\"accordion-panel-3\" aria-labelledby=\"publikasjoner-uten-logo\" role=\"region\" hidden>\n\t\t\t\t\n\n<ul class=\"wp-block-list is-layout-flow wp-block-list-is-layout-flow\">\n<li><strong>Utvalg\/r\u00e5d er avsender.<\/strong> <\/li>\n<\/ul>\n\n\n\n<p class=\"has-background\" style=\"background-color:#f7f7e4\">Tilrettelegging og utforming administreres av&nbsp;<a href=\"mailto:designogpublisering@dss.dep.no\">Design og publisering<\/a>.<br><em>Teksten kan tilpasses behovene til den enkelte \u00adpublikasjon og skrives med&nbsp;Open Sans Normal, 9\/11pt.<\/em><\/p>\n\n\n\n<p><\/p>\n\n\n\n<p><strong>Bokm\u00e5l:<\/strong><\/p>\n\n\n\n<p>Utgitt av:<br>UtvalgXXXX oppnevnt av \u2026\u2026\u2026departementet for \u00e5<\/p>\n\n\n\n<p>Bestilling av publikasjoner:<br>Departementenes sikkerhets- og serviceorganisasjon<br>publikasjoner.dep.no<br>Telefon: 22 24 00 00<br>Publikasjoner er ogs\u00e5 tilgjengelige p\u00e5:<br>www.regjeringen.no<br>Publikasjonskode: X-0000 B<\/p>\n\n\n\n<p>Design: Navnp\u00e5byr\u00e5<br>Omslagsfoto\/illustrasjon: XXX<\/p>\n\n\n\n<p>Trykk: Trykkerinavn xx\/20XX \u2013 opplag XXXX<\/p>\n\n\n\t\t\t<\/div>\n\t\t<\/div>\n<\/div>","protected":false},"excerpt":{"rendered":"<p>Baksidetekster publikasjoner Her er en oversikt over standard oppsett p\u00e5 baksidetekster p\u00e5 bokm\u00e5l, nynorsk, samisk og engelsk. Plassering av baksideteksten er angitt i InDesignmalen. Publikasjonskode f\u00e5r du av KOM-avdeling i departementet.<\/p>\n","protected":false},"author":357,"featured_media":0,"parent":1244,"menu_order":0,"comment_status":"closed","ping_status":"closed","template":"","meta":{"dss_simple_post_excerpt":"","dss_show_breadcrumbs":true,"dss_show_featured_image":true,"dss_show_title":true,"footnotes":""},"class_list":["post-1273","page","type-page","status-publish","hentry"],"language":"nb-NO","_links":{"self":[{"href":"https:\/\/teststeder.regjeringen.no\/designdep\/wp-json\/wp\/v2\/pages\/1273","targetHints":{"allow":["GET"]}}],"collection":[{"href":"https:\/\/teststeder.regjeringen.no\/designdep\/wp-json\/wp\/v2\/pages"}],"about":[{"href":"https:\/\/teststeder.regjeringen.no\/designdep\/wp-json\/wp\/v2\/types\/page"}],"author":[{"embeddable":true,"href":"https:\/\/teststeder.regjeringen.no\/designdep\/wp-json\/wp\/v2\/users\/357"}],"replies":[{"embeddable":true,"href":"https:\/\/teststeder.regjeringen.no\/designdep\/wp-json\/wp\/v2\/comments?post=1273"}],"version-history":[{"count":3,"href":"https:\/\/teststeder.regjeringen.no\/designdep\/wp-json\/wp\/v2\/pages\/1273\/revisions"}],"predecessor-version":[{"id":6274,"href":"https:\/\/teststeder.regjeringen.no\/designdep\/wp-json\/wp\/v2\/pages\/1273\/revisions\/6274"}],"up":[{"embeddable":true,"href":"https:\/\/teststeder.regjeringen.no\/designdep\/wp-json\/wp\/v2\/pages\/1244"}],"wp:attachment":[{"href":"https:\/\/teststeder.regjeringen.no\/designdep\/wp-json\/wp\/v2\/media?parent=1273"}],"curies":[{"name":"wp","href":"https:\/\/api.w.org\/{rel}","templated":true}]}}