{"id":1325,"date":"2024-09-04T08:54:03","date_gmt":"2024-09-04T06:54:03","guid":{"rendered":"https:\/\/nettsteder.regjeringen.no\/designdep\/?page_id=1325"},"modified":"2025-03-04T10:47:55","modified_gmt":"2025-03-04T09:47:55","slug":"det-norske-flagg","status":"publish","type":"page","link":"https:\/\/teststeder.regjeringen.no\/designdep\/maler\/det-norske-flagg\/","title":{"rendered":"Det norske flagg"},"content":{"rendered":"\n<div class=\"wp-block-group alignwide is-content-justification-left is-layout-constrained wp-container-core-group-is-layout-8c890d92 wp-block-group-is-layout-constrained\">\n<h2 class=\"wp-block-heading\">Det norske flagg<\/h2>\n\n\n<p class=\"t2-ingress wp-block-t2-ingress\">Det norske flagg har et m\u00f8rkebl\u00e5tt nordisk kors med hvite kanter p\u00e5 r\u00f8d bunn.\u00a0 Flagget ble utformet av Frederik Meltzer\u00a0og vedtatt av\u00a0Stortinget 17. mai 1821.<\/p>\n\n\n\n\n<figure class=\"wp-block-image size-large\"><img decoding=\"async\" src=\"https:\/\/files.teststeder.regjeringen.no\/wpuploads01\/sites\/561\/2025\/03\/norges_flagg.png\" alt=\"\" class=\"wp-image-1326\"\/><\/figure>\n\n\n\n<p>Nasjonalflagget. Kalles ogs\u00e5 handelsflagget.<\/p>\n\n\n\n<p><strong>Format: <\/strong><br>Nasjonalflagget har forholdet 16:22 (h\u00f8yde til bredde). <\/p>\n\n\n\n<figure class=\"wp-block-image size-large\"><img decoding=\"async\" src=\"https:\/\/files.teststeder.regjeringen.no\/wpuploads01\/sites\/561\/2025\/03\/flagget_varianter.png\" alt=\"\" class=\"wp-image-1326\"\/><\/figure>\n\n\n\n<p><strong>Statsflagget<\/strong> (orlogsflagget eller splittflagget) kan brukes p\u00e5 statlige bygninger. Det brukes ogs\u00e5 i milit\u00e6r sammenheng, b\u00e5de p\u00e5 installasjoner p\u00e5 land og p\u00e5 skip.<\/p>\n\n\n\n<p><strong>Orlogsgj\u00f8sen<\/strong> brukes i baugen p\u00e5 marinens fart\u00f8yer.<\/p>\n\n\n\n<p>Statsflagget (orlogsflagget) har forholdet 16:27 mellom h\u00f8yde og bredde, orlogsgj\u00f8sen 16:16.<\/p>\n\n\n\n<p><strong>Farger: <\/strong><br>R\u00f8d: PMS: 186C, CMYK: 2, 100, 85, 6&nbsp; &nbsp; &nbsp; &nbsp; &nbsp; &nbsp; &nbsp;<strong>Bl\u00e5:<\/strong>&nbsp;PMS: 281C, CMYK: 100, 85, 5, 36<\/p>\n\n\n\n<p>Fargene vist i fremstillingen over er kun for illustrasjonsform\u00e5l.<\/p>\n\n\n\n<p><a href=\"https:\/\/teststeder.regjeringen.no\/designdep\/hjelp\/\">Ta kontakt med Designprogrammet ved sp\u00f8rsm\u00e5l<\/a>.<\/p>\n\n\n\n<p>Kilder: <a href=\"https:\/\/www.regjeringen.no\/no\/dep\/ud\/dep\/forbindelser\/norges-flagg-forskrift\/id449230\/\">Flaggforskriften (Utenriksdepartementet)<\/a> og <a href=\"https:\/\/snl.no\/Norges_flagg#-Farge_og_proporsjoner\">Store Norske Leksikon<\/a><\/p>\n<\/div>\n","protected":false},"excerpt":{"rendered":"<p>Det norske flagg Nasjonalflagget. Kalles ogs\u00e5 handelsflagget. Format: Nasjonalflagget har forholdet 16:22 (h\u00f8yde til bredde). Statsflagget (orlogsflagget eller splittflagget) kan brukes p\u00e5 statlige bygninger. Det brukes ogs\u00e5 i milit\u00e6r sammenheng, b\u00e5de p\u00e5 installasjoner p\u00e5 land og p\u00e5 skip. Orlogsgj\u00f8sen brukes i baugen p\u00e5 marinens fart\u00f8yer. Statsflagget (orlogsflagget) har forholdet 16:27 mellom h\u00f8yde og bredde, orlogsgj\u00f8sen\u2026<\/p>\n","protected":false},"author":357,"featured_media":0,"parent":1244,"menu_order":0,"comment_status":"closed","ping_status":"closed","template":"","meta":{"dss_simple_post_excerpt":"","dss_show_breadcrumbs":true,"dss_show_featured_image":true,"dss_show_title":true,"footnotes":""},"class_list":["post-1325","page","type-page","status-publish","hentry"],"language":"nb-NO","_links":{"self":[{"href":"https:\/\/teststeder.regjeringen.no\/designdep\/wp-json\/wp\/v2\/pages\/1325","targetHints":{"allow":["GET"]}}],"collection":[{"href":"https:\/\/teststeder.regjeringen.no\/designdep\/wp-json\/wp\/v2\/pages"}],"about":[{"href":"https:\/\/teststeder.regjeringen.no\/designdep\/wp-json\/wp\/v2\/types\/page"}],"author":[{"embeddable":true,"href":"https:\/\/teststeder.regjeringen.no\/designdep\/wp-json\/wp\/v2\/users\/357"}],"replies":[{"embeddable":true,"href":"https:\/\/teststeder.regjeringen.no\/designdep\/wp-json\/wp\/v2\/comments?post=1325"}],"version-history":[{"count":2,"href":"https:\/\/teststeder.regjeringen.no\/designdep\/wp-json\/wp\/v2\/pages\/1325\/revisions"}],"predecessor-version":[{"id":6423,"href":"https:\/\/teststeder.regjeringen.no\/designdep\/wp-json\/wp\/v2\/pages\/1325\/revisions\/6423"}],"up":[{"embeddable":true,"href":"https:\/\/teststeder.regjeringen.no\/designdep\/wp-json\/wp\/v2\/pages\/1244"}],"wp:attachment":[{"href":"https:\/\/teststeder.regjeringen.no\/designdep\/wp-json\/wp\/v2\/media?parent=1325"}],"curies":[{"name":"wp","href":"https:\/\/api.w.org\/{rel}","templated":true}]}}