{"id":1343,"date":"2024-09-04T09:48:05","date_gmt":"2024-09-04T07:48:05","guid":{"rendered":"https:\/\/nettsteder.regjeringen.no\/designdep\/?page_id=1343"},"modified":"2025-02-12T15:30:04","modified_gmt":"2025-02-12T14:30:04","slug":"e-postsignatur","status":"publish","type":"page","link":"https:\/\/teststeder.regjeringen.no\/designdep\/maler\/e-postsignatur\/","title":{"rendered":"E-postsignatur"},"content":{"rendered":"\n<div class=\"wp-block-group alignwide is-content-justification-left is-layout-constrained wp-container-core-group-is-layout-8c890d92 wp-block-group-is-layout-constrained\">\n<h2 class=\"wp-block-heading\">E-postsignatur<\/h2>\n\n\n<p class=\"t2-ingress wp-block-t2-ingress\">Alle om jobber i departementene skal bruke samme mal for epost-signatur. Her f\u00e5r du en enkel veiledning for hvordan du kan opprette og tilpasse din egen signatur i Outlook.<\/p><\/div>\n\n\n\n<div class=\"wp-block-group is-layout-constrained wp-block-group-is-layout-constrained\">\n<h3 class=\"wp-block-heading\">Mal for e-postsignatur som legges inn manuelt<\/h3>\n\n\n\n<p>Oppsettet er ikke automatisert for SMK og andre departementer, men kan legges inn manuelt. <\/p>\n\n\n<div class=\"t2-accordion wp-block-t2-accordion\" data-allow-multiple=\"1\" role=\"list\">\n<div class=\"t2-accordion-item wp-block-t2-accordion-item\" role=\"listitem\">\n\t\t\t<h2 class=\"t2-accordion-title\">\n\t\t\t\t<button type=\"button\" class=\"t2-accordion-trigger\" id=\"signatur-med-l\u00f8ve\" aria-controls=\"accordion-panel\" aria-expanded=\"false\">\n\t\t\t\t\tSignatur med l\u00f8ve\n\t\t\t\t\t<span class=\"t2-accordion-icon is-closed-icon\"><svg xmlns=\"http:\/\/www.w3.org\/2000\/svg\" viewBox=\"0 0 24 24\" height=\"24\" width=\"24\" class=\"t2-icon t2-icon-addcircle\" aria-hidden=\"true\" focusable=\"false\"><path d=\"M16.5 11.2h-3.8V7.5c0-.4-.3-.8-.8-.8s-.8.3-.8.8v3.8H7.5c-.4 0-.8.3-.8.8s.3.8.8.8h3.8v3.8c0 .4.3.8.8.8s.8-.3.8-.8v-3.8h3.8c.4 0 .8-.3.8-.8s-.6-.9-1-.9z\"\/><path d=\"M12 24C5.4 24 0 18.6 0 12S5.4 0 12 0s12 5.4 12 12-5.4 12-12 12zm0-22.5C6.2 1.5 1.5 6.2 1.5 12S6.2 22.5 12 22.5 22.5 17.8 22.5 12 17.8 1.5 12 1.5z\"\/><\/svg><\/span>\n\t\t\t\t\t<span class=\"t2-accordion-icon is-open-icon\"><svg xmlns=\"http:\/\/www.w3.org\/2000\/svg\" viewBox=\"0 0 24 24\" height=\"24\" width=\"24\" class=\"t2-icon t2-icon-removecircle\" aria-hidden=\"true\" focusable=\"false\"><path d=\"M15.7 8.3c-.3-.3-.8-.3-1.1 0L12 10.9 9.4 8.3c-.3-.3-.8-.3-1.1 0s-.3.8 0 1.1l2.6 2.6-2.6 2.6c-.3.3-.3.8 0 1.1.1.1.3.2.5.2s.4-.1.5-.2l2.6-2.6 2.6 2.6c.1.1.3.2.5.2s.4-.1.5-.2c.3-.3.3-.8 0-1.1L13.1 12l2.6-2.6c.3-.3.3-.8 0-1.1z\"\/><path d=\"M20.5 3.5c-4.7-4.7-12.3-4.7-17 0-4.7 4.7-4.7 12.3 0 17C5.9 22.8 8.9 24 12 24c3.1 0 6.1-1.2 8.5-3.5 4.7-4.7 4.7-12.3 0-17zm-1.1 15.9c-4.1 4.1-10.8 4.1-14.8 0C.5 15.3.5 8.6 4.6 4.6c2-2 4.7-3.1 7.4-3.1s5.4 1 7.4 3.1c4.1 4.1 4.1 10.7 0 14.8z\"\/><\/svg><\/span>\n\t\t\t\t<\/button>\n\t\t\t<\/h2>\n\t\t\t<div class=\"t2-accordion-item__inner-container is-layout-flow\" id=\"accordion-panel\" aria-labelledby=\"signatur-med-l\u00f8ve\" role=\"region\" hidden>\n\t\t\t\t\n\n<div class=\"wp-block-group is-layout-constrained wp-block-group-is-layout-constrained\">\n<div class=\"wp-block-group is-layout-constrained wp-block-group-is-layout-constrained\">\n<div class=\"wp-block-group has-background-100-background-color has-background is-layout-constrained wp-block-group-is-layout-constrained\">\n<figure class=\"wp-block-image size-full\"><img loading=\"lazy\" decoding=\"async\" width=\"427\" height=\"276\" src=\"https:\/\/files.teststeder.regjeringen.no\/wpuploads01\/sites\/561\/2024\/09\/epostsignatur.jpg\" alt=\"\" class=\"wp-image-1345\" srcset=\"https:\/\/files.teststeder.regjeringen.no\/wpuploads01\/sites\/561\/2024\/09\/epostsignatur.jpg 427w, https:\/\/files.teststeder.regjeringen.no\/wpuploads01\/sites\/561\/2024\/09\/epostsignatur-300x194.jpg 300w\" sizes=\"auto, (max-width: 427px) 100vw, 427px\" \/><\/figure>\n\n\n\n<ul class=\"wp-block-list is-layout-flow wp-block-list-is-layout-flow\">\n<li>Det er viktig at departementsnavn er p\u00e5 linje med l\u00f8ven, at teksten er i korrekt st\u00f8rrelse og i samme rekkef\u00f8lge som eksempelet under. Skrivem\u00e5ten for telefonnummer skal&nbsp; v\u00e6re 2+2+2+2 b\u00e5de for fast- og mobiltelefonnummer. <br>Se \u00a7 16 i&nbsp;<a href=\"https:\/\/lovdata.no\/forskrift\/2004-02-16-426\">forskriften<\/a>&nbsp;og NKOMs&nbsp;<a href=\"https:\/\/www.nkom.no\/aktuelt\/nyheter\/_attachment\/41600?_ts=169dd8d2625\">h\u00f8ringsbrev.<\/a><\/li>\n\n\n\n<li>Det er ikke tillatt \u00e5 sette inn eget navn istedenfor departementsnavn, eller stokke om p\u00e5 rekkef\u00f8lgen i signaturen<\/li>\n\n\n\n<li><em>Det er kun SMK som har anledning til \u00e5 bruke l\u00f8ve og vertikalstripe i gullfarge.<\/em><\/li>\n<\/ul>\n<\/div>\n<\/div>\n\n\n\n<div class=\"wp-block-group is-layout-constrained wp-block-group-is-layout-constrained\">\n<div class=\"wp-block-group is-layout-constrained wp-block-group-is-layout-constrained\">\n<h3 class=\"wp-block-heading\">1. Last ned e-postmal<\/h3>\n\n\n\n<p><a href=\"https:\/\/files.teststeder.regjeringen.no\/wpuploads01\/sites\/337\/2021\/11\/maloppsett_epostsignatur_bokmal.docx\"><strong>Last ned og \u00e5pne mal<\/strong>&nbsp;<\/a>for norsk e-postsignatur (Word)<br><a href=\"https:\/\/files.teststeder.regjeringen.no\/wpuploads01\/sites\/337\/2021\/11\/maloppsett_epostsignatur_engelsk.docx\"><strong>Last ned og \u00e5pne<\/strong>&nbsp;<strong>mal<\/strong>&nbsp;<\/a>for engelsk e-postsignatur (Word)<\/p>\n<\/div>\n\n\n\n<div class=\"wp-block-group is-layout-constrained wp-block-group-is-layout-constrained\">\n<h3 class=\"wp-block-heading\">2. Opprett og tilpass signatur<\/h3>\n\n\n\n<ul class=\"wp-block-list is-layout-flow wp-block-list-is-layout-flow\">\n<li>\u00c5pne og lagre Word-dokumentet. Dette er malen som du skal benytte for \u00e5 bytte ut innholdet med din personlige informasjon<\/li>\n\n\n\n<li>I Outlook, Klikk p\u00e5&nbsp;<strong>Fil<\/strong>&nbsp;\u2013&gt;<strong>&nbsp;Alternativer<\/strong><\/li>\n\n\n\n<li>I vinduet som under, klikk p\u00e5&nbsp;<strong>E-post<\/strong>&nbsp;\u2013&gt;&nbsp;<strong>Signaturer<\/strong><\/li>\n<\/ul>\n\n\n\n<p><a href=\"https:\/\/files.teststeder.regjeringen.no\/wpuploads01\/blogs.dir\/337\/files\/2019\/09\/Skjermbilde-epostalternativer.jpg\"><\/a><\/p>\n<\/div>\n\n\n\n<figure class=\"wp-block-image size-full\"><img loading=\"lazy\" decoding=\"async\" width=\"800\" height=\"581\" src=\"https:\/\/files.teststeder.regjeringen.no\/wpuploads01\/sites\/561\/2025\/01\/Skjermbilde-epostalternativer-800x581-1.jpg\" alt=\"\" class=\"wp-image-5459\" srcset=\"https:\/\/files.teststeder.regjeringen.no\/wpuploads01\/sites\/561\/2025\/01\/Skjermbilde-epostalternativer-800x581-1.jpg 800w, https:\/\/files.teststeder.regjeringen.no\/wpuploads01\/sites\/561\/2025\/01\/Skjermbilde-epostalternativer-800x581-1-300x218.jpg 300w, https:\/\/files.teststeder.regjeringen.no\/wpuploads01\/sites\/561\/2025\/01\/Skjermbilde-epostalternativer-800x581-1-768x558.jpg 768w\" sizes=\"auto, (max-width: 800px) 100vw, 800px\" \/><\/figure>\n\n\n\n<ul class=\"wp-block-list is-layout-flow wp-block-list-is-layout-flow\">\n<li>I Word-dokumentet som du har lastet ned, klikk i krysset oppe i venstre hj\u00f8rne,&nbsp;<strong>kopier<\/strong>&nbsp;(ctrl+C) tabellen med signaturen<\/li>\n\n\n\n<li>Lim inn i redigeringsvinduet:<\/li>\n<\/ul>\n\n\n\n<figure class=\"wp-block-image size-full\"><img loading=\"lazy\" decoding=\"async\" width=\"800\" height=\"523\" src=\"https:\/\/files.teststeder.regjeringen.no\/wpuploads01\/sites\/561\/2025\/01\/signaturinnstilling-800x523-1.jpg\" alt=\"\" class=\"wp-image-5422\" srcset=\"https:\/\/files.teststeder.regjeringen.no\/wpuploads01\/sites\/561\/2025\/01\/signaturinnstilling-800x523-1.jpg 800w, https:\/\/files.teststeder.regjeringen.no\/wpuploads01\/sites\/561\/2025\/01\/signaturinnstilling-800x523-1-300x196.jpg 300w, https:\/\/files.teststeder.regjeringen.no\/wpuploads01\/sites\/561\/2025\/01\/signaturinnstilling-800x523-1-768x502.jpg 768w\" sizes=\"auto, (max-width: 800px) 100vw, 800px\" \/><\/figure>\n\n\n\n<ul class=\"wp-block-list is-layout-flow wp-block-list-is-layout-flow\">\n<li><strong>a)<\/strong>&nbsp;klikk p\u00e5&nbsp;<strong>Ny<\/strong>&nbsp;for \u00e5 navne signaturen din (her signatur med l\u00f8ve<br><br><strong>b)<\/strong>&nbsp;klikk i redigeringsvinduet som n\u00e5 er tomt, og&nbsp;<strong>lim inn<\/strong>&nbsp;fra tabellen Word (ctrl+V).&nbsp;<strong>Rediger<\/strong>&nbsp;tekst: departementsnavn, eget navn, tittel, avdeling osv. Husk \u00e5 scrolle, slik at du f\u00e5r lenket opp nettadressene\/fjerne dem som ikke brukes.<br>Selv om malen som er lastet ned bruker skrifttypen Open Sans kan man justere skrifttype og st\u00f8rrelse i teksten etter departementsnavnet slik at disse tilsvarer default i Outlook. For mange betyr det at skrifttypen b\u00f8r forandres til Calibri 11 pkt.<br><br><strong>c)<\/strong>&nbsp;Her kan du stille inn standardvisning<\/li>\n<\/ul>\n<\/div>\n<\/div>\n\n\n\t\t\t<\/div>\n\t\t<\/div>\n\n<div class=\"t2-accordion-item wp-block-t2-accordion-item\" role=\"listitem\">\n\t\t\t<h2 class=\"t2-accordion-title\">\n\t\t\t\t<button type=\"button\" class=\"t2-accordion-trigger\" id=\"signatur-uten-l\u00f8ve\" aria-controls=\"accordion-panel-1\" aria-expanded=\"false\">\n\t\t\t\t\tSignatur uten l\u00f8ve\n\t\t\t\t\t<span class=\"t2-accordion-icon is-closed-icon\"><svg xmlns=\"http:\/\/www.w3.org\/2000\/svg\" viewBox=\"0 0 24 24\" height=\"24\" width=\"24\" class=\"t2-icon t2-icon-addcircle\" aria-hidden=\"true\" focusable=\"false\"><path d=\"M16.5 11.2h-3.8V7.5c0-.4-.3-.8-.8-.8s-.8.3-.8.8v3.8H7.5c-.4 0-.8.3-.8.8s.3.8.8.8h3.8v3.8c0 .4.3.8.8.8s.8-.3.8-.8v-3.8h3.8c.4 0 .8-.3.8-.8s-.6-.9-1-.9z\"\/><path d=\"M12 24C5.4 24 0 18.6 0 12S5.4 0 12 0s12 5.4 12 12-5.4 12-12 12zm0-22.5C6.2 1.5 1.5 6.2 1.5 12S6.2 22.5 12 22.5 22.5 17.8 22.5 12 17.8 1.5 12 1.5z\"\/><\/svg><\/span>\n\t\t\t\t\t<span class=\"t2-accordion-icon is-open-icon\"><svg xmlns=\"http:\/\/www.w3.org\/2000\/svg\" viewBox=\"0 0 24 24\" height=\"24\" width=\"24\" class=\"t2-icon t2-icon-removecircle\" aria-hidden=\"true\" focusable=\"false\"><path d=\"M15.7 8.3c-.3-.3-.8-.3-1.1 0L12 10.9 9.4 8.3c-.3-.3-.8-.3-1.1 0s-.3.8 0 1.1l2.6 2.6-2.6 2.6c-.3.3-.3.8 0 1.1.1.1.3.2.5.2s.4-.1.5-.2l2.6-2.6 2.6 2.6c.1.1.3.2.5.2s.4-.1.5-.2c.3-.3.3-.8 0-1.1L13.1 12l2.6-2.6c.3-.3.3-.8 0-1.1z\"\/><path d=\"M20.5 3.5c-4.7-4.7-12.3-4.7-17 0-4.7 4.7-4.7 12.3 0 17C5.9 22.8 8.9 24 12 24c3.1 0 6.1-1.2 8.5-3.5 4.7-4.7 4.7-12.3 0-17zm-1.1 15.9c-4.1 4.1-10.8 4.1-14.8 0C.5 15.3.5 8.6 4.6 4.6c2-2 4.7-3.1 7.4-3.1s5.4 1 7.4 3.1c4.1 4.1 4.1 10.7 0 14.8z\"\/><\/svg><\/span>\n\t\t\t\t<\/button>\n\t\t\t<\/h2>\n\t\t\t<div class=\"t2-accordion-item__inner-container is-layout-flow\" id=\"accordion-panel-1\" aria-labelledby=\"signatur-uten-l\u00f8ve\" role=\"region\" hidden>\n\t\t\t\t\n\n<p>E-post innhold og e-postsignatur skrives med svart tekst. Skriftst\u00f8rrelsen b\u00f8r v\u00e6re den samme som i e-posten ellers; 10 eller 11 punkt, slik vist under. If\u00f8lge Spr\u00e5kr\u00e5det skal tittel og avdelingsnavn skrives med sm\u00e5 forbokstaver. Kopier oppsettet under, lim inn og tilpass i Outlook under fanen&nbsp;<strong>Hjem&nbsp;<\/strong>\u2013&gt;<strong>&nbsp;Signatur.<\/strong><\/p>\n\n\n\n<div class=\"wp-block-group is-layout-constrained wp-block-group-is-layout-constrained\">\n<h4 class=\"wp-block-heading\"><strong>Eksempel bokm\u00e5l<\/strong><\/h4>\n\n\n\n<p>Med hilsen<\/p>\n\n\n\n<p>Fredrik Forvalter<br>seniorr\u00e5dgiver<\/p>\n\n\n\n<p>X-departementet<br>informasjonsavdelingen<\/p>\n\n\n\n<p>Telefon: xx xx xx xx<br>Mobil: xx xx xx xx<br>E-post: Fredrik.Forvalter@departement.dep.no<\/p>\n\n\n\n<p>www.regjeringen.no\/departementsforkortelse<\/p>\n<\/div>\n\n\n\n<hr class=\"wp-block-separator has-alpha-channel-opacity\"\/>\n\n\n\n<div class=\"wp-block-group is-layout-constrained wp-block-group-is-layout-constrained\">\n<p><strong>Eksempel nynorsk<br><\/strong>Med helsing<\/p>\n\n\n\n<p>Fredrik Forvalter<br>seniorr\u00e5dgjevar<\/p>\n\n\n\n<p>X-departementet<br>informasjonsavdelinga<\/p>\n\n\n\n<p>Telefon:&nbsp; xx xx xx xx<br>Mobil:&nbsp; xx xx xx xx<br>E-post: Fredrik.Forvalter@departement.dep.no<\/p>\n\n\n\n<p>www.regjeringen.no\/departementsforkortelse<\/p>\n<\/div>\n\n\n\n<hr class=\"wp-block-separator has-alpha-channel-opacity\"\/>\n\n\n\n<div class=\"wp-block-group is-layout-constrained wp-block-group-is-layout-constrained\">\n<p><strong>Eksempel engelsk<br><\/strong>Kind regards<\/p>\n\n\n\n<p>Fredrik Forvalter<br>Senior Advisor<\/p>\n\n\n\n<p>Norwegian Ministry of X<br>Department of Information<\/p>\n\n\n\n<p>Telephone:&nbsp;+47 xx xx xx xx<br>Mobile: + 47 xx xx xx xx<br>E-mail: Fredrik.Forvalter@departement.dep.no<\/p>\n<\/div>\n\n\n\n<p>www.regjeringen.no\/departementsforkortelse<\/p>\n\n\n\t\t\t<\/div>\n\t\t<\/div>\n<\/div><\/div>\n\n\n\n<div class=\"wp-block-group is-layout-constrained wp-block-group-is-layout-constrained\">\n<h3 class=\"wp-block-heading\">Automatisk e-postsignatur<\/h3>\n\n\n<div class=\"t2-accordion wp-block-t2-accordion\" data-allow-multiple=\"1\" role=\"list\">\n<div class=\"t2-accordion-item wp-block-t2-accordion-item\" role=\"listitem\">\n\t\t\t<h2 class=\"t2-accordion-title\">\n\t\t\t\t<button type=\"button\" class=\"t2-accordion-trigger\" id=\"aid-og-hod\" aria-controls=\"accordion-panel-2\" aria-expanded=\"false\">\n\t\t\t\t\tAID og HOD\n\t\t\t\t\t<span class=\"t2-accordion-icon is-closed-icon\"><svg xmlns=\"http:\/\/www.w3.org\/2000\/svg\" viewBox=\"0 0 24 24\" height=\"24\" width=\"24\" class=\"t2-icon t2-icon-addcircle\" aria-hidden=\"true\" focusable=\"false\"><path d=\"M16.5 11.2h-3.8V7.5c0-.4-.3-.8-.8-.8s-.8.3-.8.8v3.8H7.5c-.4 0-.8.3-.8.8s.3.8.8.8h3.8v3.8c0 .4.3.8.8.8s.8-.3.8-.8v-3.8h3.8c.4 0 .8-.3.8-.8s-.6-.9-1-.9z\"\/><path d=\"M12 24C5.4 24 0 18.6 0 12S5.4 0 12 0s12 5.4 12 12-5.4 12-12 12zm0-22.5C6.2 1.5 1.5 6.2 1.5 12S6.2 22.5 12 22.5 22.5 17.8 22.5 12 17.8 1.5 12 1.5z\"\/><\/svg><\/span>\n\t\t\t\t\t<span class=\"t2-accordion-icon is-open-icon\"><svg xmlns=\"http:\/\/www.w3.org\/2000\/svg\" viewBox=\"0 0 24 24\" height=\"24\" width=\"24\" class=\"t2-icon t2-icon-removecircle\" aria-hidden=\"true\" focusable=\"false\"><path d=\"M15.7 8.3c-.3-.3-.8-.3-1.1 0L12 10.9 9.4 8.3c-.3-.3-.8-.3-1.1 0s-.3.8 0 1.1l2.6 2.6-2.6 2.6c-.3.3-.3.8 0 1.1.1.1.3.2.5.2s.4-.1.5-.2l2.6-2.6 2.6 2.6c.1.1.3.2.5.2s.4-.1.5-.2c.3-.3.3-.8 0-1.1L13.1 12l2.6-2.6c.3-.3.3-.8 0-1.1z\"\/><path d=\"M20.5 3.5c-4.7-4.7-12.3-4.7-17 0-4.7 4.7-4.7 12.3 0 17C5.9 22.8 8.9 24 12 24c3.1 0 6.1-1.2 8.5-3.5 4.7-4.7 4.7-12.3 0-17zm-1.1 15.9c-4.1 4.1-10.8 4.1-14.8 0C.5 15.3.5 8.6 4.6 4.6c2-2 4.7-3.1 7.4-3.1s5.4 1 7.4 3.1c4.1 4.1 4.1 10.7 0 14.8z\"\/><\/svg><\/span>\n\t\t\t\t<\/button>\n\t\t\t<\/h2>\n\t\t\t<div class=\"t2-accordion-item__inner-container is-layout-flow\" id=\"accordion-panel-2\" aria-labelledby=\"aid-og-hod\" role=\"region\" hidden>\n\t\t\t\t\n\n<p>AID og HOD benytter automatisk e-post signatur driftet av DIO.<br>E-Post signatur opprettes automatisk etter innlogging og start av Outlook p\u00e5 en Dep. Klient.<\/p>\n\n\n\n<p>Teksten i e-postsignaturen kan endres ved behov ved \u00e5 velge knappen&nbsp;<strong>Endre signatur for e-post<\/strong>&nbsp;i startmenyen p\u00e5 pc\u2019en.<\/p>\n\n\n\n<p>Etter at informasjonen er endret genereres det 6 versjoner av e-postsignaturen; bokm\u00e5l lang- og kortvariant, nynorsk lang- og kortvariant og engelsk lang- og kortvariant.<\/p>\n\n\n\t\t\t<\/div>\n\t\t<\/div>\n\n<div class=\"t2-accordion-item wp-block-t2-accordion-item\" role=\"listitem\">\n\t\t\t<h2 class=\"t2-accordion-title\">\n\t\t\t\t<button type=\"button\" class=\"t2-accordion-trigger\" id=\"dss-og-dio\" aria-controls=\"accordion-panel-3\" aria-expanded=\"false\">\n\t\t\t\t\tDSS og DIO\n\t\t\t\t\t<span class=\"t2-accordion-icon is-closed-icon\"><svg xmlns=\"http:\/\/www.w3.org\/2000\/svg\" viewBox=\"0 0 24 24\" height=\"24\" width=\"24\" class=\"t2-icon t2-icon-addcircle\" aria-hidden=\"true\" focusable=\"false\"><path d=\"M16.5 11.2h-3.8V7.5c0-.4-.3-.8-.8-.8s-.8.3-.8.8v3.8H7.5c-.4 0-.8.3-.8.8s.3.8.8.8h3.8v3.8c0 .4.3.8.8.8s.8-.3.8-.8v-3.8h3.8c.4 0 .8-.3.8-.8s-.6-.9-1-.9z\"\/><path d=\"M12 24C5.4 24 0 18.6 0 12S5.4 0 12 0s12 5.4 12 12-5.4 12-12 12zm0-22.5C6.2 1.5 1.5 6.2 1.5 12S6.2 22.5 12 22.5 22.5 17.8 22.5 12 17.8 1.5 12 1.5z\"\/><\/svg><\/span>\n\t\t\t\t\t<span class=\"t2-accordion-icon is-open-icon\"><svg xmlns=\"http:\/\/www.w3.org\/2000\/svg\" viewBox=\"0 0 24 24\" height=\"24\" width=\"24\" class=\"t2-icon t2-icon-removecircle\" aria-hidden=\"true\" focusable=\"false\"><path d=\"M15.7 8.3c-.3-.3-.8-.3-1.1 0L12 10.9 9.4 8.3c-.3-.3-.8-.3-1.1 0s-.3.8 0 1.1l2.6 2.6-2.6 2.6c-.3.3-.3.8 0 1.1.1.1.3.2.5.2s.4-.1.5-.2l2.6-2.6 2.6 2.6c.1.1.3.2.5.2s.4-.1.5-.2c.3-.3.3-.8 0-1.1L13.1 12l2.6-2.6c.3-.3.3-.8 0-1.1z\"\/><path d=\"M20.5 3.5c-4.7-4.7-12.3-4.7-17 0-4.7 4.7-4.7 12.3 0 17C5.9 22.8 8.9 24 12 24c3.1 0 6.1-1.2 8.5-3.5 4.7-4.7 4.7-12.3 0-17zm-1.1 15.9c-4.1 4.1-10.8 4.1-14.8 0C.5 15.3.5 8.6 4.6 4.6c2-2 4.7-3.1 7.4-3.1s5.4 1 7.4 3.1c4.1 4.1 4.1 10.7 0 14.8z\"\/><\/svg><\/span>\n\t\t\t\t<\/button>\n\t\t\t<\/h2>\n\t\t\t<div class=\"t2-accordion-item__inner-container is-layout-flow\" id=\"accordion-panel-3\" aria-labelledby=\"dss-og-dio\" role=\"region\" hidden>\n\t\t\t\t\n\n<p>DSS og DIO benytter egen tilpasset automatisk e-post signatur.<\/p>\n\n\n\n<p>E-Post signatur opprettes automatisk etter innlogging og start av Outlook p\u00e5 en DSS eller DIO klient settes e-post signatur automatisk.<\/p>\n\n\n\n<p>Teksten i e-postsignaturen kan endres ved behov ved \u00e5 velge knappen&nbsp;<strong>Endre signatur for e-post<\/strong>&nbsp;i startmenyen p\u00e5 pc\u2019en.<\/p>\n\n\n\n<p>Etter at informasjonen er endret genereres det 4 versjoner av e-postsignaturen; bokm\u00e5l lang- og kortvariant og engelsk lang- og kortvariant.<\/p>\n\n\n\t\t\t<\/div>\n\t\t<\/div>\n<\/div><\/div>\n","protected":false},"excerpt":{"rendered":"<p>E-postsignatur Mal for e-postsignatur som legges inn manuelt Oppsettet er ikke automatisert for SMK og andre departementer, men kan legges inn manuelt. Automatisk e-postsignatur<\/p>\n","protected":false},"author":357,"featured_media":0,"parent":1244,"menu_order":0,"comment_status":"closed","ping_status":"closed","template":"","meta":{"dss_simple_post_excerpt":"","dss_show_breadcrumbs":true,"dss_show_featured_image":true,"dss_show_title":true,"footnotes":""},"class_list":["post-1343","page","type-page","status-publish","hentry"],"language":"nb-NO","_links":{"self":[{"href":"https:\/\/teststeder.regjeringen.no\/designdep\/wp-json\/wp\/v2\/pages\/1343","targetHints":{"allow":["GET"]}}],"collection":[{"href":"https:\/\/teststeder.regjeringen.no\/designdep\/wp-json\/wp\/v2\/pages"}],"about":[{"href":"https:\/\/teststeder.regjeringen.no\/designdep\/wp-json\/wp\/v2\/types\/page"}],"author":[{"embeddable":true,"href":"https:\/\/teststeder.regjeringen.no\/designdep\/wp-json\/wp\/v2\/users\/357"}],"replies":[{"embeddable":true,"href":"https:\/\/teststeder.regjeringen.no\/designdep\/wp-json\/wp\/v2\/comments?post=1343"}],"version-history":[{"count":3,"href":"https:\/\/teststeder.regjeringen.no\/designdep\/wp-json\/wp\/v2\/pages\/1343\/revisions"}],"predecessor-version":[{"id":6278,"href":"https:\/\/teststeder.regjeringen.no\/designdep\/wp-json\/wp\/v2\/pages\/1343\/revisions\/6278"}],"up":[{"embeddable":true,"href":"https:\/\/teststeder.regjeringen.no\/designdep\/wp-json\/wp\/v2\/pages\/1244"}],"wp:attachment":[{"href":"https:\/\/teststeder.regjeringen.no\/designdep\/wp-json\/wp\/v2\/media?parent=1343"}],"curies":[{"name":"wp","href":"https:\/\/api.w.org\/{rel}","templated":true}]}}