{"id":1407,"date":"2024-09-04T12:26:14","date_gmt":"2024-09-04T10:26:14","guid":{"rendered":"https:\/\/nettsteder.regjeringen.no\/designdep\/?page_id=1407"},"modified":"2025-04-23T14:12:46","modified_gmt":"2025-04-23T12:12:46","slug":"publikasjonsmaler","status":"publish","type":"page","link":"https:\/\/teststeder.regjeringen.no\/designdep\/maler\/publikasjonsmaler\/","title":{"rendered":"Publikasjonsmaler"},"content":{"rendered":"\n<div class=\"wp-block-group alignwide is-layout-constrained wp-block-group-is-layout-constrained\">\n<h2 class=\"wp-block-heading alignwide\">Publikasjonsmaler<\/h2>\n\n\n\n<div class=\"wp-block-group alignwide is-content-justification-left is-layout-constrained wp-container-core-group-is-layout-8c890d92 wp-block-group-is-layout-constrained\">\n<div class=\"wp-block-columns alignwide has-background-100-background-color has-background is-layout-flex wp-container-core-columns-is-layout-9d6595d7 wp-block-columns-is-layout-flex\">\n<div class=\"wp-block-column is-vertically-aligned-center is-layout-flow wp-block-column-is-layout-flow\">\n<figure class=\"wp-block-image size-large\"><img loading=\"lazy\" decoding=\"async\" width=\"1024\" height=\"404\" src=\"https:\/\/files.teststeder.regjeringen.no\/wpuploads01\/sites\/561\/2024\/09\/DPM-departementenes-publiseringsmaler-profilering-2021-v5-1024x404.png\" alt=\"\" class=\"wp-image-1409\" srcset=\"https:\/\/files.teststeder.regjeringen.no\/wpuploads01\/sites\/561\/2024\/09\/DPM-departementenes-publiseringsmaler-profilering-2021-v5-1024x404.png 1024w, https:\/\/files.teststeder.regjeringen.no\/wpuploads01\/sites\/561\/2024\/09\/DPM-departementenes-publiseringsmaler-profilering-2021-v5-300x118.png 300w, https:\/\/files.teststeder.regjeringen.no\/wpuploads01\/sites\/561\/2024\/09\/DPM-departementenes-publiseringsmaler-profilering-2021-v5-768x303.png 768w, https:\/\/files.teststeder.regjeringen.no\/wpuploads01\/sites\/561\/2024\/09\/DPM-departementenes-publiseringsmaler-profilering-2021-v5.png 1114w\" sizes=\"auto, (max-width: 1024px) 100vw, 1024px\" \/><\/figure>\n<\/div>\n\n\n\n<div class=\"wp-block-column is-layout-flow wp-block-column-is-layout-flow\"><p class=\"t2-ingress wp-block-t2-ingress\">DSS tilbyr stilbaserte publikasjonsmaler i Word som sikrer smidig konvertering til ulike formater som HTML, EPUB, PDF og Word p\u00e5 regjeringen.no.<\/p>\n\n\n<p>Malene har forh\u00e5ndsdefinerte stiler, slik at du som forfatter kan strukturere dokumentet riktig. Riktig bruk av stiler ivaretar krav om universell utforming og gj\u00f8r samskriving enklere. F\u00f8lgende maler inng\u00e5r:<\/p>\n\n\n\n<ul class=\"wp-block-list is-layout-flow wp-block-list-is-layout-flow\">\n<li><strong><a href=\"#fellespublisering\">FELLESPUBLISERING<\/a><\/strong>: Mal for handlingsplaner, strategier, veiledere, rapporter, korte og lange tekster til regjeringen.no, andre digitale flater og\/eller trykksaker.<br><\/li>\n\n\n\n<li><strong><a href=\"#rpub\">RPUB<\/a>:&nbsp;<\/strong>Mal for regjeringsdokumenter; Proposisjon til Stortinget, Melding til Stortinget og NOU.<\/li>\n<\/ul>\n\n\n\n<p>Kontakt <a href=\"mailto:designogpublisering@dss.dep.no\">Design og Publisering<\/a> hvis du har behov for hjelp.<\/p>\n<\/div>\n<\/div>\n<\/div>\n<\/div>\n\n\n\n<div class=\"wp-block-group has-background is-layout-constrained wp-block-group-is-layout-constrained\" style=\"background-color:#dae8ec\">\n<p><strong>Installer malen<\/strong><br><em>Malene gjelder for Word installert p\u00e5 egen PC (ikke Word i nettleser)<\/em>.<br>Installering gj\u00f8res bare \u00e9n gang og tar bare noen f\u00e5 minutter<em>.<\/em><\/p>\n\n\n\n<div class=\"wp-block-buttons is-content-justification-center is-layout-flex wp-container-core-buttons-is-layout-16018d1d wp-block-buttons-is-layout-flex\">\n<div class=\"wp-block-button\"><a class=\"wp-block-button__link has-background has-text-align-center wp-element-button\" href=\"https:\/\/teststeder.regjeringen.no\/designdep\/felles-designprogram\/overordnede-foringer\/maler\/publiseringsmaler\/installer-wordmal-for-fellespublisering-og-rdok\/#for-ansatte-%E2%80%93-felles-dss-plattform\" style=\"--border-color:#143961;border-radius:5px;background-color:#143961\"><strong>Installer Wordmal for Fellespublisering og Rdok<\/strong><\/a><\/div>\n<\/div>\n<\/div>\n\n\n<div class=\"t2-accordion wp-block-t2-accordion\" data-allow-multiple=\"1\" role=\"list\">\n<div class=\"t2-accordion-item wp-block-t2-accordion-item\" role=\"listitem\">\n\t\t\t<h2 class=\"t2-accordion-title\">\n\t\t\t\t<button type=\"button\" class=\"t2-accordion-trigger\" id=\"kom-i-gang-med-publikasjonsmalene\" aria-controls=\"accordion-panel\" aria-expanded=\"false\">\n\t\t\t\t\tKom i gang med publikasjonsmalene\n\t\t\t\t\t<span class=\"t2-accordion-icon is-closed-icon\"><svg xmlns=\"http:\/\/www.w3.org\/2000\/svg\" viewBox=\"0 0 24 24\" height=\"24\" width=\"24\" class=\"t2-icon t2-icon-addcircle\" aria-hidden=\"true\" focusable=\"false\"><path d=\"M16.5 11.2h-3.8V7.5c0-.4-.3-.8-.8-.8s-.8.3-.8.8v3.8H7.5c-.4 0-.8.3-.8.8s.3.8.8.8h3.8v3.8c0 .4.3.8.8.8s.8-.3.8-.8v-3.8h3.8c.4 0 .8-.3.8-.8s-.6-.9-1-.9z\"\/><path d=\"M12 24C5.4 24 0 18.6 0 12S5.4 0 12 0s12 5.4 12 12-5.4 12-12 12zm0-22.5C6.2 1.5 1.5 6.2 1.5 12S6.2 22.5 12 22.5 22.5 17.8 22.5 12 17.8 1.5 12 1.5z\"\/><\/svg><\/span>\n\t\t\t\t\t<span class=\"t2-accordion-icon is-open-icon\"><svg xmlns=\"http:\/\/www.w3.org\/2000\/svg\" viewBox=\"0 0 24 24\" height=\"24\" width=\"24\" class=\"t2-icon t2-icon-removecircle\" aria-hidden=\"true\" focusable=\"false\"><path d=\"M15.7 8.3c-.3-.3-.8-.3-1.1 0L12 10.9 9.4 8.3c-.3-.3-.8-.3-1.1 0s-.3.8 0 1.1l2.6 2.6-2.6 2.6c-.3.3-.3.8 0 1.1.1.1.3.2.5.2s.4-.1.5-.2l2.6-2.6 2.6 2.6c.1.1.3.2.5.2s.4-.1.5-.2c.3-.3.3-.8 0-1.1L13.1 12l2.6-2.6c.3-.3.3-.8 0-1.1z\"\/><path d=\"M20.5 3.5c-4.7-4.7-12.3-4.7-17 0-4.7 4.7-4.7 12.3 0 17C5.9 22.8 8.9 24 12 24c3.1 0 6.1-1.2 8.5-3.5 4.7-4.7 4.7-12.3 0-17zm-1.1 15.9c-4.1 4.1-10.8 4.1-14.8 0C.5 15.3.5 8.6 4.6 4.6c2-2 4.7-3.1 7.4-3.1s5.4 1 7.4 3.1c4.1 4.1 4.1 10.7 0 14.8z\"\/><\/svg><\/span>\n\t\t\t\t<\/button>\n\t\t\t<\/h2>\n\t\t\t<div class=\"t2-accordion-item__inner-container is-layout-flow\" id=\"accordion-panel\" aria-labelledby=\"kom-i-gang-med-publikasjonsmalene\" role=\"region\" hidden>\n\t\t\t\t\n\n<figure class=\"wp-block-embed is-type-video is-provider-screen-9 wp-block-embed-screen-9 wp-embed-aspect-16-9 wp-has-aspect-ratio\"><div class=\"wp-block-embed__wrapper\">\n<iframe loading=\"lazy\" title=\"Kom i gang med publikasjonsmalene\" allow=\"autoplay; fullscreen\" allowfullscreen height=\"281\" referrerpolicy=\"no-referrer-when-downgrade\" src=\"https:\/\/qcnl.tv\/e\/Lk51RcQOUZSNI760_S75FQ?ratio=0.5619999999999999\" style=\"border:0;\" width=\"500\"><\/iframe><script type=\"application\/ld+json\">{\"@context\": \"https:\/\/schema.org\", \"@type\": \"VideoObject\", \"description\": \"Kom i gang med publikasjonsmalene\", \"name\": \"Kom i gang med publikasjonsmalene\", \"thumbnailUrl\": [\"https:\/\/tv24.regjeringen.no\/img\/H\/0\/H0YH6yckS6aKzB_V9UYFLw_image\/thumb.jpg?v=0\", \"https:\/\/tv24.regjeringen.no\/img\/H\/0\/H0YH6yckS6aKzB_V9UYFLw_image\/144p.jpg?v=0\", \"https:\/\/tv24.regjeringen.no\/img\/H\/0\/H0YH6yckS6aKzB_V9UYFLw_image\/240p.jpg?v=0\", \"https:\/\/tv24.regjeringen.no\/img\/H\/0\/H0YH6yckS6aKzB_V9UYFLw_image\/360p.jpg?v=0\", \"https:\/\/tv24.regjeringen.no\/img\/H\/0\/H0YH6yckS6aKzB_V9UYFLw_image\/480p.jpg?v=0\", \"https:\/\/tv24.regjeringen.no\/img\/H\/0\/H0YH6yckS6aKzB_V9UYFLw_image\/720p.jpg?v=0\", \"https:\/\/tv24.regjeringen.no\/img\/H\/0\/H0YH6yckS6aKzB_V9UYFLw_image\/1080p.jpg?v=0\", \"https:\/\/tv24.regjeringen.no\/img\/H\/0\/H0YH6yckS6aKzB_V9UYFLw_image\/image.jpg?v=0\"], \"uploadDate\": \"2024-11-25T13:02:04Z\", \"duration\": \"PT5M47S\", \"interactionStatistic\": {\"@type\": \"InteractionCounter\", \"interactionType\": \"https:\/\/schema.org\/WatchAction\", \"userInteractionCount\": 116}, \"embedUrl\": \"https:\/\/qcnl.tv\/e\/Lk51RcQOUZSNI760_S75FQ?ratio=0.5619999999999999\"}<\/script>\n<\/div><\/figure>\n\n\n\t\t\t<\/div>\n\t\t<\/div>\n<\/div>\n\n\n<div class=\"wp-block-group is-layout-constrained wp-block-group-is-layout-constrained\">\n<div class=\"wp-block-group has-background-100-background-color has-background is-layout-constrained wp-block-group-is-layout-constrained\">\n<div class=\"wp-block-group is-layout-constrained wp-block-group-is-layout-constrained\">\n<h2 class=\"wp-block-heading\" id=\"fellespublisering\">Maler for fellespublisering<\/h2>\n\n\n\n<div class=\"wp-block-columns is-layout-flex wp-container-core-columns-is-layout-9d6595d7 wp-block-columns-is-layout-flex\">\n<div class=\"wp-block-column is-vertically-aligned-center is-layout-flow wp-block-column-is-layout-flow\" style=\"flex-basis:10%\">\n<figure class=\"wp-block-image size-thumbnail is-resized\"><img loading=\"lazy\" decoding=\"async\" width=\"150\" height=\"150\" src=\"https:\/\/files.teststeder.regjeringen.no\/wpuploads01\/sites\/561\/2024\/09\/FP-165x165-1-150x150.png\" alt=\"\" class=\"wp-image-1420\" style=\"aspect-ratio:1;width:76px;height:auto\" srcset=\"https:\/\/files.teststeder.regjeringen.no\/wpuploads01\/sites\/561\/2024\/09\/FP-165x165-1-150x150.png 150w, https:\/\/files.teststeder.regjeringen.no\/wpuploads01\/sites\/561\/2024\/09\/FP-165x165-1.png 165w\" sizes=\"auto, (max-width: 150px) 100vw, 150px\" \/><\/figure>\n<\/div>\n\n\n\n<div class=\"wp-block-column is-layout-flow wp-block-column-is-layout-flow\" style=\"flex-basis:100%\"><p class=\"t2-ingress wp-block-t2-ingress\"><strong>Handlingsplan, strategi, veileder, rapporter, korte og lange tekster til regjeringen.no<\/strong><\/p><\/div>\n<\/div>\n<\/div>\n\n\n<div class=\"t2-accordion wp-block-t2-accordion\" data-allow-multiple=\"1\" role=\"list\">\n<div class=\"t2-accordion-item wp-block-t2-accordion-item\" role=\"listitem\">\n\t\t\t<h2 class=\"t2-accordion-title\">\n\t\t\t\t<button type=\"button\" class=\"t2-accordion-trigger\" id=\"for-forfatter-og-(nett)redakt\u00f8r\" aria-controls=\"accordion-panel-1\" aria-expanded=\"false\">\n\t\t\t\t\tFor forfatter og (nett)redakt\u00f8r\n\t\t\t\t\t<span class=\"t2-accordion-icon is-closed-icon\"><svg xmlns=\"http:\/\/www.w3.org\/2000\/svg\" viewBox=\"0 0 24 24\" height=\"24\" width=\"24\" class=\"t2-icon t2-icon-addcircle\" aria-hidden=\"true\" focusable=\"false\"><path d=\"M16.5 11.2h-3.8V7.5c0-.4-.3-.8-.8-.8s-.8.3-.8.8v3.8H7.5c-.4 0-.8.3-.8.8s.3.8.8.8h3.8v3.8c0 .4.3.8.8.8s.8-.3.8-.8v-3.8h3.8c.4 0 .8-.3.8-.8s-.6-.9-1-.9z\"\/><path d=\"M12 24C5.4 24 0 18.6 0 12S5.4 0 12 0s12 5.4 12 12-5.4 12-12 12zm0-22.5C6.2 1.5 1.5 6.2 1.5 12S6.2 22.5 12 22.5 22.5 17.8 22.5 12 17.8 1.5 12 1.5z\"\/><\/svg><\/span>\n\t\t\t\t\t<span class=\"t2-accordion-icon is-open-icon\"><svg xmlns=\"http:\/\/www.w3.org\/2000\/svg\" viewBox=\"0 0 24 24\" height=\"24\" width=\"24\" class=\"t2-icon t2-icon-removecircle\" aria-hidden=\"true\" focusable=\"false\"><path d=\"M15.7 8.3c-.3-.3-.8-.3-1.1 0L12 10.9 9.4 8.3c-.3-.3-.8-.3-1.1 0s-.3.8 0 1.1l2.6 2.6-2.6 2.6c-.3.3-.3.8 0 1.1.1.1.3.2.5.2s.4-.1.5-.2l2.6-2.6 2.6 2.6c.1.1.3.2.5.2s.4-.1.5-.2c.3-.3.3-.8 0-1.1L13.1 12l2.6-2.6c.3-.3.3-.8 0-1.1z\"\/><path d=\"M20.5 3.5c-4.7-4.7-12.3-4.7-17 0-4.7 4.7-4.7 12.3 0 17C5.9 22.8 8.9 24 12 24c3.1 0 6.1-1.2 8.5-3.5 4.7-4.7 4.7-12.3 0-17zm-1.1 15.9c-4.1 4.1-10.8 4.1-14.8 0C.5 15.3.5 8.6 4.6 4.6c2-2 4.7-3.1 7.4-3.1s5.4 1 7.4 3.1c4.1 4.1 4.1 10.7 0 14.8z\"\/><\/svg><\/span>\n\t\t\t\t<\/button>\n\t\t\t<\/h2>\n\t\t\t<div class=\"t2-accordion-item__inner-container is-layout-flow\" id=\"accordion-panel-1\" aria-labelledby=\"for-forfatter-og-(nett)redakt\u00f8r\" role=\"region\" hidden>\n\t\t\t\t\n\n<div class=\"wp-block-group is-layout-constrained wp-block-group-is-layout-constrained\">\n<div class=\"wp-block-group is-layout-constrained wp-block-group-is-layout-constrained\">\n<p>Se korte videosnutter og\/eller last ned PDF som forklarer hvordan man bruker publikasjonsmalen for fellespublisering.<\/p>\n\n\n\n<p><a href=\"https:\/\/teststeder.regjeringen.no\/designdep\/felles-designprogram\/maler\/publiseringsmaler\/opplaeringsvideoer-for-word-fellespubliserings-mal\/\"><strong>Oppl\u00e6ringsvideoer for Word fellespubliseringsmal<\/strong><\/a><\/p>\n<\/div>\n\n\n<div class=\"t2-files wp-block-t2-files\">\n<div class=\"t2-file-item wp-block-t2-file-item\">\n\t\t<a href=\"https:\/\/files.teststeder.regjeringen.no\/wpuploads01\/sites\/561\/2024\/09\/Brukerveiledning-wordmal-RDOK-PMP-V8-2.pdf\" class=\"t2-file-item__link t2-file-item__link--icon-left\" download>\n\t\t\t<span class=\"t2-file-item__icon\"><svg xmlns=\"http:\/\/www.w3.org\/2000\/svg\" viewBox=\"0 0 24 24\" height=\"24\" width=\"24\" class=\"t2-icon t2-icon-filedownload\" aria-hidden=\"true\" focusable=\"false\"><path d=\"M12 15.6c-.1 0-.3 0-.4-.1-.1 0-.2-.1-.3-.2l-3.6-3.6c-.2-.2-.3-.4-.3-.7s.1-.5.3-.7c.2-.2.4-.3.7-.3.3 0 .5.1.7.3l1.9 1.9V5c0-.3.1-.5.3-.7.2-.2.4-.3.7-.3s.5.1.7.3c.2.2.3.4.3.7v7.2l1.9-1.9c.2-.2.4-.3.7-.3.3 0 .5.1.7.3.2.2.3.4.3.7s-.1.5-.3.7l-3.6 3.6c-.1.1-.2.2-.3.2-.1.1-.3.1-.4.1zM6 20c-.5 0-1-.2-1.4-.6S4 18.6 4 18v-2c0-.3.1-.5.3-.7.2-.2.4-.3.7-.3s.5.1.7.3c.2.2.3.4.3.7v2h12v-2c0-.3.1-.5.3-.7.2-.2.4-.3.7-.3s.5.1.7.3c.2.2.3.4.3.7v2c0 .6-.2 1-.6 1.4s-.8.6-1.4.6H6z\" fill=\"currentColor\" \/><\/svg><\/span>\n\t\t\t<span class=\"t2-file-item__info\">\n\t\t\t\t<span class=\"t2-file-item__filename\">Last ned brukerveiledning for Word fellespubliseringsmal<\/span>\n\t\t\t\t\n\t\t\t\t<span class=\"t2-file-item__meta\">pdf \u00b7 2 MB<\/span>\n\t\t\t<\/span>\n\t\t<\/a>\n\t\t<\/div>\n<\/div><\/div>\n\n\n\n<p><strong>For nettredakt\u00f8r:<\/strong><br><strong><a href=\"https:\/\/teststeder.regjeringen.no\/designdep\/maler\/publikasjonsmaler\/publisering-av-flerformatdokument-pa-regjeringen-no\/\">Publisering av flerformatdokument p\u00e5 regjeringen.no<\/a><\/strong><\/p>\n\n\n\t\t\t<\/div>\n\t\t<\/div>\n\n<div class=\"t2-accordion-item wp-block-t2-accordion-item\" role=\"listitem\">\n\t\t\t<h2 class=\"t2-accordion-title\">\n\t\t\t\t<button type=\"button\" class=\"t2-accordion-trigger\" id=\"for-designer\" aria-controls=\"accordion-panel-2\" aria-expanded=\"false\">\n\t\t\t\t\tFor designer\n\t\t\t\t\t<span class=\"t2-accordion-icon is-closed-icon\"><svg xmlns=\"http:\/\/www.w3.org\/2000\/svg\" viewBox=\"0 0 24 24\" height=\"24\" width=\"24\" class=\"t2-icon t2-icon-addcircle\" aria-hidden=\"true\" focusable=\"false\"><path d=\"M16.5 11.2h-3.8V7.5c0-.4-.3-.8-.8-.8s-.8.3-.8.8v3.8H7.5c-.4 0-.8.3-.8.8s.3.8.8.8h3.8v3.8c0 .4.3.8.8.8s.8-.3.8-.8v-3.8h3.8c.4 0 .8-.3.8-.8s-.6-.9-1-.9z\"\/><path d=\"M12 24C5.4 24 0 18.6 0 12S5.4 0 12 0s12 5.4 12 12-5.4 12-12 12zm0-22.5C6.2 1.5 1.5 6.2 1.5 12S6.2 22.5 12 22.5 22.5 17.8 22.5 12 17.8 1.5 12 1.5z\"\/><\/svg><\/span>\n\t\t\t\t\t<span class=\"t2-accordion-icon is-open-icon\"><svg xmlns=\"http:\/\/www.w3.org\/2000\/svg\" viewBox=\"0 0 24 24\" height=\"24\" width=\"24\" class=\"t2-icon t2-icon-removecircle\" aria-hidden=\"true\" focusable=\"false\"><path d=\"M15.7 8.3c-.3-.3-.8-.3-1.1 0L12 10.9 9.4 8.3c-.3-.3-.8-.3-1.1 0s-.3.8 0 1.1l2.6 2.6-2.6 2.6c-.3.3-.3.8 0 1.1.1.1.3.2.5.2s.4-.1.5-.2l2.6-2.6 2.6 2.6c.1.1.3.2.5.2s.4-.1.5-.2c.3-.3.3-.8 0-1.1L13.1 12l2.6-2.6c.3-.3.3-.8 0-1.1z\"\/><path d=\"M20.5 3.5c-4.7-4.7-12.3-4.7-17 0-4.7 4.7-4.7 12.3 0 17C5.9 22.8 8.9 24 12 24c3.1 0 6.1-1.2 8.5-3.5 4.7-4.7 4.7-12.3 0-17zm-1.1 15.9c-4.1 4.1-10.8 4.1-14.8 0C.5 15.3.5 8.6 4.6 4.6c2-2 4.7-3.1 7.4-3.1s5.4 1 7.4 3.1c4.1 4.1 4.1 10.7 0 14.8z\"\/><\/svg><\/span>\n\t\t\t\t<\/button>\n\t\t\t<\/h2>\n\t\t\t<div class=\"t2-accordion-item__inner-container is-layout-flow\" id=\"accordion-panel-2\" aria-labelledby=\"for-designer\" role=\"region\" hidden>\n\t\t\t\t\n\n<p>Her kan designer f\u00f8lge en produksjonsprosess som konverterer fra Word til InDesign og tilbake til Word for \u00e5 produsere publikasjoner i ulike formater.<\/p>\n\n\n\n<p><\/p>\n\n\n\n<p><a href=\"https:\/\/teststeder.regjeringen.no\/designdep\/felles-designprogram\/maler\/publiseringsmaler\/brukerveiledning-for-konvertering-til-ulike-formater-via-indesign\/\"><strong>InDesign-arbeidsflyt<\/strong><\/a><\/p>\n\n\n\n<p><a href=\"https:\/\/teststeder.regjeringen.no\/designdep\/felles-designprogram\/maler\/publiseringsmaler\/opplaeringsvideoer-for-word-fellespubliserings-mal\/\">Oppl\u00e6ringsvideoer for Word fellespubliseringsmal<\/a><\/p>\n\n\n\n<p><a href=\"https:\/\/teststeder.regjeringen.no\/designdep\/overordnede-foringer\/maler\/omslagsmaler\/\">Omslagsmaler<\/a><\/p>\n\n\n\t\t\t<\/div>\n\t\t<\/div>\n<\/div><\/div>\n<\/div>\n\n\n\n<div class=\"wp-block-group has-background-100-background-color has-background is-layout-constrained wp-block-group-is-layout-constrained\">\n<div class=\"wp-block-group is-layout-constrained wp-block-group-is-layout-constrained\">\n<h2 class=\"wp-block-heading\" id=\"rpub\">Maler for RPUB<\/h2>\n\n\n\n<div class=\"wp-block-columns is-layout-flex wp-container-core-columns-is-layout-9d6595d7 wp-block-columns-is-layout-flex\">\n<div class=\"wp-block-column is-vertically-aligned-center is-layout-flow wp-block-column-is-layout-flow\" style=\"flex-basis:30%\">\n<figure class=\"wp-block-image size-large is-resized\"><img loading=\"lazy\" decoding=\"async\" width=\"1024\" height=\"323\" src=\"https:\/\/files.teststeder.regjeringen.no\/wpuploads01\/sites\/561\/2024\/09\/meld-prop-nou-stor-1024x323.png\" alt=\"\" class=\"wp-image-1440\" style=\"aspect-ratio:3.170278637770898;width:174px;height:auto\" srcset=\"https:\/\/files.teststeder.regjeringen.no\/wpuploads01\/sites\/561\/2024\/09\/meld-prop-nou-stor-1024x323.png 1024w, https:\/\/files.teststeder.regjeringen.no\/wpuploads01\/sites\/561\/2024\/09\/meld-prop-nou-stor-300x95.png 300w, https:\/\/files.teststeder.regjeringen.no\/wpuploads01\/sites\/561\/2024\/09\/meld-prop-nou-stor-768x243.png 768w, https:\/\/files.teststeder.regjeringen.no\/wpuploads01\/sites\/561\/2024\/09\/meld-prop-nou-stor-1536x485.png 1536w, https:\/\/files.teststeder.regjeringen.no\/wpuploads01\/sites\/561\/2024\/09\/meld-prop-nou-stor.png 1669w\" sizes=\"auto, (max-width: 1024px) 100vw, 1024px\" \/><\/figure>\n<\/div>\n\n\n\n<div class=\"wp-block-column is-layout-flow wp-block-column-is-layout-flow\" style=\"flex-basis:100%\"><p class=\"t2-ingress wp-block-t2-ingress\"><strong>Melding til Stortinget, Proposisjon til Stortinget og NOU<\/strong><\/p><\/div>\n<\/div>\n<\/div>\n\n\n<div class=\"t2-accordion wp-block-t2-accordion\" data-allow-multiple=\"1\" role=\"list\">\n<div class=\"t2-accordion-item wp-block-t2-accordion-item\" role=\"listitem\">\n\t\t\t<h2 class=\"t2-accordion-title\">\n\t\t\t\t<button type=\"button\" class=\"t2-accordion-trigger\" id=\"for-forfattere\" aria-controls=\"accordion-panel-3\" aria-expanded=\"false\">\n\t\t\t\t\tFor forfattere\n\t\t\t\t\t<span class=\"t2-accordion-icon is-closed-icon\"><svg xmlns=\"http:\/\/www.w3.org\/2000\/svg\" viewBox=\"0 0 24 24\" height=\"24\" width=\"24\" class=\"t2-icon t2-icon-addcircle\" aria-hidden=\"true\" focusable=\"false\"><path d=\"M16.5 11.2h-3.8V7.5c0-.4-.3-.8-.8-.8s-.8.3-.8.8v3.8H7.5c-.4 0-.8.3-.8.8s.3.8.8.8h3.8v3.8c0 .4.3.8.8.8s.8-.3.8-.8v-3.8h3.8c.4 0 .8-.3.8-.8s-.6-.9-1-.9z\"\/><path d=\"M12 24C5.4 24 0 18.6 0 12S5.4 0 12 0s12 5.4 12 12-5.4 12-12 12zm0-22.5C6.2 1.5 1.5 6.2 1.5 12S6.2 22.5 12 22.5 22.5 17.8 22.5 12 17.8 1.5 12 1.5z\"\/><\/svg><\/span>\n\t\t\t\t\t<span class=\"t2-accordion-icon is-open-icon\"><svg xmlns=\"http:\/\/www.w3.org\/2000\/svg\" viewBox=\"0 0 24 24\" height=\"24\" width=\"24\" class=\"t2-icon t2-icon-removecircle\" aria-hidden=\"true\" focusable=\"false\"><path d=\"M15.7 8.3c-.3-.3-.8-.3-1.1 0L12 10.9 9.4 8.3c-.3-.3-.8-.3-1.1 0s-.3.8 0 1.1l2.6 2.6-2.6 2.6c-.3.3-.3.8 0 1.1.1.1.3.2.5.2s.4-.1.5-.2l2.6-2.6 2.6 2.6c.1.1.3.2.5.2s.4-.1.5-.2c.3-.3.3-.8 0-1.1L13.1 12l2.6-2.6c.3-.3.3-.8 0-1.1z\"\/><path d=\"M20.5 3.5c-4.7-4.7-12.3-4.7-17 0-4.7 4.7-4.7 12.3 0 17C5.9 22.8 8.9 24 12 24c3.1 0 6.1-1.2 8.5-3.5 4.7-4.7 4.7-12.3 0-17zm-1.1 15.9c-4.1 4.1-10.8 4.1-14.8 0C.5 15.3.5 8.6 4.6 4.6c2-2 4.7-3.1 7.4-3.1s5.4 1 7.4 3.1c4.1 4.1 4.1 10.7 0 14.8z\"\/><\/svg><\/span>\n\t\t\t\t<\/button>\n\t\t\t<\/h2>\n\t\t\t<div class=\"t2-accordion-item__inner-container is-layout-flow\" id=\"accordion-panel-3\" aria-labelledby=\"for-forfattere\" role=\"region\" hidden>\n\t\t\t\t\n\n<div class=\"wp-block-group is-layout-constrained wp-block-group-is-layout-constrained\">\n<p>Se korte videosnutter og\/eller last ned PDF som forklarer hvordan man bruker publikasjonsmalen for regjeringens dokumenter til stortinget.<\/p>\n\n\n\n<p><a href=\"https:\/\/teststeder.regjeringen.no\/designdep\/opplaeringsvideoer-for-rdok-og-nou\/\"><strong>Oppl\u00e6ringsvideoer for Rdok og NOU<\/strong><\/a><\/p>\n\n\n<div class=\"t2-files wp-block-t2-files\">\n<div class=\"t2-file-item wp-block-t2-file-item\">\n\t\t<a href=\"https:\/\/files.teststeder.regjeringen.no\/wpuploads01\/sites\/561\/2024\/12\/Brukerveiledning-wordmal-RDOK-PMP-V8-2-des24.pdf\" class=\"t2-file-item__link t2-file-item__link--icon-left\" download>\n\t\t\t<span class=\"t2-file-item__icon\"><svg xmlns=\"http:\/\/www.w3.org\/2000\/svg\" viewBox=\"0 0 24 24\" height=\"24\" width=\"24\" class=\"t2-icon t2-icon-filedownload\" aria-hidden=\"true\" focusable=\"false\"><path d=\"M12 15.6c-.1 0-.3 0-.4-.1-.1 0-.2-.1-.3-.2l-3.6-3.6c-.2-.2-.3-.4-.3-.7s.1-.5.3-.7c.2-.2.4-.3.7-.3.3 0 .5.1.7.3l1.9 1.9V5c0-.3.1-.5.3-.7.2-.2.4-.3.7-.3s.5.1.7.3c.2.2.3.4.3.7v7.2l1.9-1.9c.2-.2.4-.3.7-.3.3 0 .5.1.7.3.2.2.3.4.3.7s-.1.5-.3.7l-3.6 3.6c-.1.1-.2.2-.3.2-.1.1-.3.1-.4.1zM6 20c-.5 0-1-.2-1.4-.6S4 18.6 4 18v-2c0-.3.1-.5.3-.7.2-.2.4-.3.7-.3s.5.1.7.3c.2.2.3.4.3.7v2h12v-2c0-.3.1-.5.3-.7.2-.2.4-.3.7-.3s.5.1.7.3c.2.2.3.4.3.7v2c0 .6-.2 1-.6 1.4s-.8.6-1.4.6H6z\" fill=\"currentColor\" \/><\/svg><\/span>\n\t\t\t<span class=\"t2-file-item__info\">\n\t\t\t\t<span class=\"t2-file-item__filename\">Last ned brukerveiledning<\/span>\n\t\t\t\t\n\t\t\t\t<span class=\"t2-file-item__meta\">pdf \u00b7 1 MB<\/span>\n\t\t\t<\/span>\n\t\t<\/a>\n\t\t<\/div>\n<\/div><\/div>\n\n\n\n<div class=\"wp-block-group is-layout-constrained wp-block-group-is-layout-constrained\">\n<div class=\"wp-block-group is-layout-constrained wp-block-group-is-layout-constrained\"><div class=\"t2-files wp-block-t2-files\">\n<div class=\"t2-file-item wp-block-t2-file-item\">\n\t\t<a href=\"https:\/\/files.teststeder.regjeringen.no\/wpuploads01\/sites\/561\/2024\/09\/Wordmal-V3.0.7-for-rdok-og-NOU-er-installert.pdf\" class=\"t2-file-item__link t2-file-item__link--icon-left\" download>\n\t\t\t<span class=\"t2-file-item__icon\"><svg xmlns=\"http:\/\/www.w3.org\/2000\/svg\" viewBox=\"0 0 24 24\" height=\"24\" width=\"24\" class=\"t2-icon t2-icon-filedownload\" aria-hidden=\"true\" focusable=\"false\"><path d=\"M12 15.6c-.1 0-.3 0-.4-.1-.1 0-.2-.1-.3-.2l-3.6-3.6c-.2-.2-.3-.4-.3-.7s.1-.5.3-.7c.2-.2.4-.3.7-.3.3 0 .5.1.7.3l1.9 1.9V5c0-.3.1-.5.3-.7.2-.2.4-.3.7-.3s.5.1.7.3c.2.2.3.4.3.7v7.2l1.9-1.9c.2-.2.4-.3.7-.3.3 0 .5.1.7.3.2.2.3.4.3.7s-.1.5-.3.7l-3.6 3.6c-.1.1-.2.2-.3.2-.1.1-.3.1-.4.1zM6 20c-.5 0-1-.2-1.4-.6S4 18.6 4 18v-2c0-.3.1-.5.3-.7.2-.2.4-.3.7-.3s.5.1.7.3c.2.2.3.4.3.7v2h12v-2c0-.3.1-.5.3-.7.2-.2.4-.3.7-.3s.5.1.7.3c.2.2.3.4.3.7v2c0 .6-.2 1-.6 1.4s-.8.6-1.4.6H6z\" fill=\"currentColor\" \/><\/svg><\/span>\n\t\t\t<span class=\"t2-file-item__info\">\n\t\t\t\t<span class=\"t2-file-item__filename\">Last ned Wordmal-V3.0.7 for Rdok og NOU<br><sub>L\u00f8sning p\u00e5 utfordring for samskriving for eksterne samhandlingsbrukere<\/sub><\/span>\n\t\t\t\t\n\t\t\t\t<span class=\"t2-file-item__meta\">pdf \u00b7 65 KB<\/span>\n\t\t\t<\/span>\n\t\t<\/a>\n\t\t<\/div>\n<\/div><\/div>\n<\/div>\n\n\n\t\t\t<\/div>\n\t\t<\/div>\n\n<div class=\"t2-accordion-item wp-block-t2-accordion-item\" role=\"listitem\">\n\t\t\t<h2 class=\"t2-accordion-title\">\n\t\t\t\t<button type=\"button\" class=\"t2-accordion-trigger\" id=\"for-trykkerier\" aria-controls=\"accordion-panel-4\" aria-expanded=\"false\">\n\t\t\t\t\tFor trykkerier\n\t\t\t\t\t<span class=\"t2-accordion-icon is-closed-icon\"><svg xmlns=\"http:\/\/www.w3.org\/2000\/svg\" viewBox=\"0 0 24 24\" height=\"24\" width=\"24\" class=\"t2-icon t2-icon-addcircle\" aria-hidden=\"true\" focusable=\"false\"><path d=\"M16.5 11.2h-3.8V7.5c0-.4-.3-.8-.8-.8s-.8.3-.8.8v3.8H7.5c-.4 0-.8.3-.8.8s.3.8.8.8h3.8v3.8c0 .4.3.8.8.8s.8-.3.8-.8v-3.8h3.8c.4 0 .8-.3.8-.8s-.6-.9-1-.9z\"\/><path d=\"M12 24C5.4 24 0 18.6 0 12S5.4 0 12 0s12 5.4 12 12-5.4 12-12 12zm0-22.5C6.2 1.5 1.5 6.2 1.5 12S6.2 22.5 12 22.5 22.5 17.8 22.5 12 17.8 1.5 12 1.5z\"\/><\/svg><\/span>\n\t\t\t\t\t<span class=\"t2-accordion-icon is-open-icon\"><svg xmlns=\"http:\/\/www.w3.org\/2000\/svg\" viewBox=\"0 0 24 24\" height=\"24\" width=\"24\" class=\"t2-icon t2-icon-removecircle\" aria-hidden=\"true\" focusable=\"false\"><path d=\"M15.7 8.3c-.3-.3-.8-.3-1.1 0L12 10.9 9.4 8.3c-.3-.3-.8-.3-1.1 0s-.3.8 0 1.1l2.6 2.6-2.6 2.6c-.3.3-.3.8 0 1.1.1.1.3.2.5.2s.4-.1.5-.2l2.6-2.6 2.6 2.6c.1.1.3.2.5.2s.4-.1.5-.2c.3-.3.3-.8 0-1.1L13.1 12l2.6-2.6c.3-.3.3-.8 0-1.1z\"\/><path d=\"M20.5 3.5c-4.7-4.7-12.3-4.7-17 0-4.7 4.7-4.7 12.3 0 17C5.9 22.8 8.9 24 12 24c3.1 0 6.1-1.2 8.5-3.5 4.7-4.7 4.7-12.3 0-17zm-1.1 15.9c-4.1 4.1-10.8 4.1-14.8 0C.5 15.3.5 8.6 4.6 4.6c2-2 4.7-3.1 7.4-3.1s5.4 1 7.4 3.1c4.1 4.1 4.1 10.7 0 14.8z\"\/><\/svg><\/span>\n\t\t\t\t<\/button>\n\t\t\t<\/h2>\n\t\t\t<div class=\"t2-accordion-item__inner-container is-layout-flow\" id=\"accordion-panel-4\" aria-labelledby=\"for-trykkerier\" role=\"region\" hidden>\n\t\t\t\t\n\n<p><em>For trykkerier som har rammeavtale med DSS.<\/em><\/p>\n\n\n\n<p><a href=\"https:\/\/teststeder.regjeringen.no\/designdep\/overordnede-foringer\/maler\/omslagsmaler\/\">Omslagsmaler<\/a><\/p>\n\n\n\t\t\t<\/div>\n\t\t<\/div>\n<\/div><\/div>\n\n\n\n<p>RELEVANTE LENKER<br><a href=\"https:\/\/teststeder.regjeringen.no\/designdep\/felles-designprogram\/maler\/publiseringsmaler\/ordbok\/\">Ordbok<\/a>         <\/p>\n","protected":false},"excerpt":{"rendered":"<p>Publikasjonsmaler Malene har forh\u00e5ndsdefinerte stiler, slik at du som forfatter kan strukturere dokumentet riktig. Riktig bruk av stiler ivaretar krav om universell utforming og gj\u00f8r samskriving enklere. F\u00f8lgende maler inng\u00e5r: Kontakt Design og Publisering hvis du har behov for hjelp. Installer malenMalene gjelder for Word installert p\u00e5 egen PC (ikke Word i nettleser).Installering gj\u00f8res bare\u2026<\/p>\n","protected":false},"author":357,"featured_media":0,"parent":1244,"menu_order":0,"comment_status":"closed","ping_status":"closed","template":"","meta":{"dss_simple_post_excerpt":"","dss_show_breadcrumbs":true,"dss_show_featured_image":true,"dss_show_title":true,"footnotes":""},"class_list":["post-1407","page","type-page","status-publish","hentry"],"language":"nb-NO","_links":{"self":[{"href":"https:\/\/teststeder.regjeringen.no\/designdep\/wp-json\/wp\/v2\/pages\/1407","targetHints":{"allow":["GET"]}}],"collection":[{"href":"https:\/\/teststeder.regjeringen.no\/designdep\/wp-json\/wp\/v2\/pages"}],"about":[{"href":"https:\/\/teststeder.regjeringen.no\/designdep\/wp-json\/wp\/v2\/types\/page"}],"author":[{"embeddable":true,"href":"https:\/\/teststeder.regjeringen.no\/designdep\/wp-json\/wp\/v2\/users\/357"}],"replies":[{"embeddable":true,"href":"https:\/\/teststeder.regjeringen.no\/designdep\/wp-json\/wp\/v2\/comments?post=1407"}],"version-history":[{"count":3,"href":"https:\/\/teststeder.regjeringen.no\/designdep\/wp-json\/wp\/v2\/pages\/1407\/revisions"}],"predecessor-version":[{"id":7179,"href":"https:\/\/teststeder.regjeringen.no\/designdep\/wp-json\/wp\/v2\/pages\/1407\/revisions\/7179"}],"up":[{"embeddable":true,"href":"https:\/\/teststeder.regjeringen.no\/designdep\/wp-json\/wp\/v2\/pages\/1244"}],"wp:attachment":[{"href":"https:\/\/teststeder.regjeringen.no\/designdep\/wp-json\/wp\/v2\/media?parent=1407"}],"curies":[{"name":"wp","href":"https:\/\/api.w.org\/{rel}","templated":true}]}}