{"id":2171,"date":"2024-10-03T09:40:37","date_gmt":"2024-10-03T07:40:37","guid":{"rendered":"https:\/\/nettsteder.regjeringen.no\/designdep\/?page_id=2171"},"modified":"2025-01-27T10:25:55","modified_gmt":"2025-01-27T09:25:55","slug":"helse-og-omsorgsdepartementet-hod","status":"publish","type":"page","link":"https:\/\/teststeder.regjeringen.no\/designdep\/departementenes-designprofiler\/helse-og-omsorgsdepartementet-hod\/","title":{"rendered":"Helse- og omsorgsdepartementet (HOD)"},"content":{"rendered":"\n<div class=\"wp-block-media-text alignfull is-stacked-on-mobile is-image-fill lavtbanner-designdepno has-background\" style=\"background-color:#766a63;min-height:200px\"><figure class=\"wp-block-media-text__media\" style=\"background-image:url(https:\/\/files.teststeder.regjeringen.no\/wpuploads01\/sites\/561\/2024\/10\/toppbanner-v3.jpg);background-position:19% 81%\"><img loading=\"lazy\" decoding=\"async\" width=\"579\" height=\"180\" src=\"https:\/\/files.teststeder.regjeringen.no\/wpuploads01\/sites\/561\/2024\/10\/toppbanner-v3.jpg\" alt=\"\" class=\"wp-image-2185 size-full\" srcset=\"https:\/\/files.teststeder.regjeringen.no\/wpuploads01\/sites\/561\/2024\/10\/toppbanner-v3.jpg 579w, https:\/\/files.teststeder.regjeringen.no\/wpuploads01\/sites\/561\/2024\/10\/toppbanner-v3-300x93.jpg 300w\" sizes=\"auto, (max-width: 579px) 100vw, 579px\" \/><\/figure><div class=\"wp-block-media-text__content\">\n<p><\/p>\n\n\n\n<figure class=\"wp-block-image size-full is-resized\"><img decoding=\"async\" src=\"https:\/\/files.teststeder.regjeringen.no\/wpuploads01\/sites\/561\/2024\/10\/HOD_standard_bokmal_hvit.svg\" alt=\"\" class=\"wp-image-2174\" style=\"aspect-ratio:4.1395348837209305;width:333px;height:auto\"\/><\/figure>\n\n\n\n<p><\/p>\n<\/div><\/div>\n\n\n\n<div class=\"wp-block-columns alignwide has-background-100-background-color has-background is-layout-flex wp-container-core-columns-is-layout-9d6595d7 wp-block-columns-is-layout-flex\">\n<div class=\"wp-block-column is-layout-flow wp-block-column-is-layout-flow\" style=\"flex-basis:33%\">\n<p style=\"font-size:clamp(21.536px, 1.346rem + ((1vw - 3.2px) * 1.662), 35px);\">Designprofil <br>for HOD<\/p>\n<\/div>\n\n\n\n<div class=\"wp-block-column is-layout-flow wp-block-column-is-layout-flow\" style=\"flex-basis:66.66%\">\n<p>Kommunikasjonsenheten har ansvar for utforming og bruk av departementets visuelle profil. Ansvaret omfatter alle trykksaker, nettpubliseringer og andre kanalvalg. Endringer eller tilpasninger i den visuelle profilen gj\u00f8res av Kommunikasjonsenheten.<\/p>\n\n\n\n<p>Kommunikasjonsenheten har ogs\u00e5 det overordnede ansvaret for departementets egne publikasjoner\/trykksaker. Fagavdelingene har ansvar for innholdet og samarbeider med Kommunikasjonsenheten om utforming.<\/p>\n\n\n\n<p><strong>Kontaktperson:<\/strong>&nbsp;Hege Runge Johansen, telefon 22 24 82 98.<\/p>\n<\/div>\n<\/div>\n\n\n\n<div class=\"wp-block-group alignwide is-layout-constrained wp-block-group-is-layout-constrained\">\n<div class=\"wp-block-columns alignwide is-layout-flex wp-container-core-columns-is-layout-9d6595d7 wp-block-columns-is-layout-flex\">\n<div class=\"wp-block-column is-layout-flow wp-block-column-is-layout-flow\">\n<figure class=\"wp-block-image alignwide size-full\"><img decoding=\"async\" src=\"https:\/\/files.teststeder.regjeringen.no\/wpuploads01\/sites\/561\/2024\/10\/HOD_Bokmal_Farge.svg\" alt=\"\" class=\"wp-image-2189\"\/><\/figure>\n\n\n\n<div class=\"wp-block-buttons alignwide is-layout-flex wp-block-buttons-is-layout-flex\">\n<div class=\"wp-block-button has-custom-width wp-block-button__width-100\"><a class=\"wp-block-button__link has-black-color has-background-100-background-color has-text-color has-background wp-element-button\" href=\"https:\/\/teststeder.regjeringen.no\/designdep\/felles-designprogram\/formell-logo\/\" style=\"border-radius:10px\">Formell logo<\/a><\/div>\n<\/div>\n<\/div>\n\n\n\n<div class=\"wp-block-column is-vertically-aligned-bottom is-layout-flow wp-block-column-is-layout-flow\">\n<figure class=\"wp-block-image alignfull size-full\"><img decoding=\"async\" src=\"https:\/\/files.teststeder.regjeringen.no\/wpuploads01\/sites\/561\/2024\/10\/HOD_standard_bokmal_sort.svg\" alt=\"\" class=\"wp-image-2191\"\/><\/figure>\n\n\n\n<div class=\"wp-block-buttons is-layout-flex wp-block-buttons-is-layout-flex\">\n<div class=\"wp-block-button has-custom-width wp-block-button__width-100\"><a class=\"wp-block-button__link has-black-color has-background-100-background-color has-text-color has-background wp-element-button\" href=\"https:\/\/teststeder.regjeringen.no\/designdep\/felles-designprogram\/standardlogo\/\" style=\"border-radius:10px\">Standardlogo<\/a><\/div>\n<\/div>\n<\/div>\n\n\n\n<div class=\"wp-block-column is-vertically-aligned-bottom is-layout-flow wp-block-column-is-layout-flow\">\n<figure class=\"wp-block-image aligncenter size-full is-resized\"><img loading=\"lazy\" decoding=\"async\" width=\"1398\" height=\"355\" src=\"https:\/\/files.teststeder.regjeringen.no\/wpuploads01\/sites\/561\/2024\/07\/somelogo-v4.png\" alt=\"\" class=\"wp-image-487\" style=\"aspect-ratio:3.9384615384615387;object-fit:contain;width:303px;height:auto\" srcset=\"https:\/\/files.teststeder.regjeringen.no\/wpuploads01\/sites\/561\/2024\/07\/somelogo-v4.png 1398w, https:\/\/files.teststeder.regjeringen.no\/wpuploads01\/sites\/561\/2024\/07\/somelogo-v4-300x76.png 300w, https:\/\/files.teststeder.regjeringen.no\/wpuploads01\/sites\/561\/2024\/07\/somelogo-v4-1024x260.png 1024w, https:\/\/files.teststeder.regjeringen.no\/wpuploads01\/sites\/561\/2024\/07\/somelogo-v4-768x195.png 768w\" sizes=\"auto, (max-width: 1398px) 100vw, 1398px\" \/><\/figure>\n\n\n\n<div class=\"wp-block-buttons is-layout-flex wp-block-buttons-is-layout-flex\">\n<div class=\"wp-block-button has-custom-width wp-block-button__width-100\"><a class=\"wp-block-button__link has-black-color has-background-100-background-color has-text-color has-background wp-element-button\" href=\"https:\/\/teststeder.regjeringen.no\/designdep\/felles-designprogram\/some-logo\/\" style=\"border-radius:10px\">Logo til sosiale medier<\/a><\/div>\n<\/div>\n<\/div>\n<\/div>\n\n\n\n<div class=\"wp-block-columns alignwide are-vertically-aligned-bottom is-layout-flex wp-container-core-columns-is-layout-9d6595d7 wp-block-columns-is-layout-flex\">\n<div class=\"wp-block-column is-vertically-aligned-bottom is-layout-flow wp-block-column-is-layout-flow\">\n<div class=\"wp-block-buttons is-layout-flex wp-block-buttons-is-layout-flex\">\n<div class=\"wp-block-button has-custom-width wp-block-button__width-100\"><a class=\"wp-block-button__link has-black-color has-background-100-background-color has-text-color has-background wp-element-button\" href=\"https:\/\/teststeder.regjeringen.no\/designdep\/felles-designprogram\/maler\/\" style=\"border-radius:10px\">Maler<\/a><\/div>\n<\/div>\n<\/div>\n\n\n\n<div class=\"wp-block-column is-vertically-aligned-bottom is-layout-flow wp-block-column-is-layout-flow\">\n<div class=\"wp-block-buttons is-layout-flex wp-block-buttons-is-layout-flex\">\n<div class=\"wp-block-button has-custom-width wp-block-button__width-100\"><a class=\"wp-block-button__link has-black-color has-background-100-background-color has-text-color has-background wp-element-button\" href=\"https:\/\/teststeder.regjeringen.no\/designdep\/felles-designprogram\/maler\/teamsbakgrunn\/\" style=\"border-radius:10px\">Teams digital bakgrunn<\/a><\/div>\n<\/div>\n<\/div>\n\n\n\n<div class=\"wp-block-column is-layout-flow wp-block-column-is-layout-flow\"><\/div>\n<\/div>\n<\/div>\n\n\n\n<hr class=\"wp-block-separator has-alpha-channel-opacity\"\/>\n\n\n\n<div class=\"wp-block-group is-layout-constrained wp-block-group-is-layout-constrained\">\n<div class=\"wp-block-group is-layout-constrained wp-block-group-is-layout-constrained\">\n<p class=\"has-text-align-left\" style=\"font-size:clamp(18.959px, 1.185rem + ((1vw - 3.2px) * 1.363), 30px);\">HODs supplerende designprofil<\/p>\n\n\n<p class=\"t2-ingress wp-block-t2-ingress\">HODs supplerende designprofil er kun for HOD. Den kan brukes ved behov p\u00e5 trykksaker og nettsider. <\/p><\/div>\n\n\n\n<div class=\"wp-block-group is-layout-constrained wp-block-group-is-layout-constrained\">\n<p style=\"font-size:clamp(14.642px, 0.915rem + ((1vw - 3.2px) * 0.908), 22px);\">PROFILELEMENTER<\/p>\n\n\n<div class=\"t2-accordion wp-block-t2-accordion\" data-allow-multiple=\"1\" role=\"list\">\n<div class=\"t2-accordion-item wp-block-t2-accordion-item\" role=\"listitem\">\n\t\t\t<h2 class=\"t2-accordion-title\">\n\t\t\t\t<button type=\"button\" class=\"t2-accordion-trigger\" id=\"sirkelm\u00f8nstre\" aria-controls=\"accordion-panel\" aria-expanded=\"false\">\n\t\t\t\t\tSirkelm\u00f8nstre\n\t\t\t\t\t<span class=\"t2-accordion-icon is-closed-icon\"><svg xmlns=\"http:\/\/www.w3.org\/2000\/svg\" viewBox=\"0 0 24 24\" height=\"24\" width=\"24\" class=\"t2-icon t2-icon-addcircle\" aria-hidden=\"true\" focusable=\"false\"><path d=\"M16.5 11.2h-3.8V7.5c0-.4-.3-.8-.8-.8s-.8.3-.8.8v3.8H7.5c-.4 0-.8.3-.8.8s.3.8.8.8h3.8v3.8c0 .4.3.8.8.8s.8-.3.8-.8v-3.8h3.8c.4 0 .8-.3.8-.8s-.6-.9-1-.9z\"\/><path d=\"M12 24C5.4 24 0 18.6 0 12S5.4 0 12 0s12 5.4 12 12-5.4 12-12 12zm0-22.5C6.2 1.5 1.5 6.2 1.5 12S6.2 22.5 12 22.5 22.5 17.8 22.5 12 17.8 1.5 12 1.5z\"\/><\/svg><\/span>\n\t\t\t\t\t<span class=\"t2-accordion-icon is-open-icon\"><svg xmlns=\"http:\/\/www.w3.org\/2000\/svg\" viewBox=\"0 0 24 24\" height=\"24\" width=\"24\" class=\"t2-icon t2-icon-removecircle\" aria-hidden=\"true\" focusable=\"false\"><path d=\"M15.7 8.3c-.3-.3-.8-.3-1.1 0L12 10.9 9.4 8.3c-.3-.3-.8-.3-1.1 0s-.3.8 0 1.1l2.6 2.6-2.6 2.6c-.3.3-.3.8 0 1.1.1.1.3.2.5.2s.4-.1.5-.2l2.6-2.6 2.6 2.6c.1.1.3.2.5.2s.4-.1.5-.2c.3-.3.3-.8 0-1.1L13.1 12l2.6-2.6c.3-.3.3-.8 0-1.1z\"\/><path d=\"M20.5 3.5c-4.7-4.7-12.3-4.7-17 0-4.7 4.7-4.7 12.3 0 17C5.9 22.8 8.9 24 12 24c3.1 0 6.1-1.2 8.5-3.5 4.7-4.7 4.7-12.3 0-17zm-1.1 15.9c-4.1 4.1-10.8 4.1-14.8 0C.5 15.3.5 8.6 4.6 4.6c2-2 4.7-3.1 7.4-3.1s5.4 1 7.4 3.1c4.1 4.1 4.1 10.7 0 14.8z\"\/><\/svg><\/span>\n\t\t\t\t<\/button>\n\t\t\t<\/h2>\n\t\t\t<div class=\"t2-accordion-item__inner-container is-layout-flow\" id=\"accordion-panel\" aria-labelledby=\"sirkelm\u00f8nstre\" role=\"region\" hidden>\n\t\t\t\t\n\n<p>M\u00f8nstrene er basert p\u00e5 sirkler i forskjellige st\u00f8rrelser, og forskjellig grad av transparanthet. Det er lagt opp til 4 varianter av sirkelm\u00f8nstrene som finnes i 6 fargevarianter: orange, r\u00f8d, bl\u00e5, gr\u00f8nn, multifarget.<\/p>\n\n\n\n<p>Sirkelm\u00f8nstrene kan brukes p\u00e5 flere m\u00e5ter; alene, sammen med ikon, sammen med utfallende eller dypetsede bilder. M\u00f8nstrene finnes i eps format i fargevariantene cmyk og rgb.<\/p>\n\n\n\n<div class=\"wp-block-columns is-layout-flex wp-container-core-columns-is-layout-9d6595d7 wp-block-columns-is-layout-flex\">\n<div class=\"wp-block-column is-layout-constrained wp-block-column-is-layout-constrained\">\n<figure class=\"wp-block-image size-full is-resized\"><img loading=\"lazy\" decoding=\"async\" width=\"267\" height=\"319\" src=\"https:\/\/files.teststeder.regjeringen.no\/wpuploads01\/sites\/561\/2024\/10\/orange1.jpg\" alt=\"\" class=\"wp-image-2197\" style=\"aspect-ratio:0.8369905956112853;width:95px;height:auto\" srcset=\"https:\/\/files.teststeder.regjeringen.no\/wpuploads01\/sites\/561\/2024\/10\/orange1.jpg 267w, https:\/\/files.teststeder.regjeringen.no\/wpuploads01\/sites\/561\/2024\/10\/orange1-251x300.jpg 251w\" sizes=\"auto, (max-width: 267px) 100vw, 267px\" \/><figcaption class=\"wp-element-caption\"><strong>M\u00f8nster 1.<\/strong> Finnes i alle farger.<\/figcaption><\/figure>\n<\/div>\n\n\n\n<div class=\"wp-block-column is-layout-flow wp-block-column-is-layout-flow\">\n<figure class=\"wp-block-image size-full is-resized\"><img loading=\"lazy\" decoding=\"async\" width=\"872\" height=\"533\" src=\"https:\/\/files.teststeder.regjeringen.no\/wpuploads01\/sites\/561\/2024\/10\/PMS-116_monster2-PMS.png\" alt=\"\" class=\"wp-image-2198\" style=\"aspect-ratio:1.6360225140712945;width:186px;height:auto\" srcset=\"https:\/\/files.teststeder.regjeringen.no\/wpuploads01\/sites\/561\/2024\/10\/PMS-116_monster2-PMS.png 872w, https:\/\/files.teststeder.regjeringen.no\/wpuploads01\/sites\/561\/2024\/10\/PMS-116_monster2-PMS-300x183.png 300w, https:\/\/files.teststeder.regjeringen.no\/wpuploads01\/sites\/561\/2024\/10\/PMS-116_monster2-PMS-768x469.png 768w\" sizes=\"auto, (max-width: 872px) 100vw, 872px\" \/><figcaption class=\"wp-element-caption\"><strong>M\u00f8nster 2<\/strong>. Finnes i alle farger.<\/figcaption><\/figure>\n<\/div>\n\n\n\n<div class=\"wp-block-column is-layout-flow wp-block-column-is-layout-flow\">\n<figure class=\"wp-block-image size-large is-resized\"><img loading=\"lazy\" decoding=\"async\" width=\"1024\" height=\"601\" src=\"https:\/\/files.teststeder.regjeringen.no\/wpuploads01\/sites\/561\/2024\/10\/PMS-7742_monster3-PMS-1024x601.png\" alt=\"\" class=\"wp-image-2199\" style=\"aspect-ratio:1.7038269550748752;width:191px;height:auto\" srcset=\"https:\/\/files.teststeder.regjeringen.no\/wpuploads01\/sites\/561\/2024\/10\/PMS-7742_monster3-PMS-1024x601.png 1024w, https:\/\/files.teststeder.regjeringen.no\/wpuploads01\/sites\/561\/2024\/10\/PMS-7742_monster3-PMS-300x176.png 300w, https:\/\/files.teststeder.regjeringen.no\/wpuploads01\/sites\/561\/2024\/10\/PMS-7742_monster3-PMS-768x451.png 768w, https:\/\/files.teststeder.regjeringen.no\/wpuploads01\/sites\/561\/2024\/10\/PMS-7742_monster3-PMS.png 1026w\" sizes=\"auto, (max-width: 1024px) 100vw, 1024px\" \/><figcaption class=\"wp-element-caption\"><strong>M\u00f8nster 3.<\/strong> Finnes i alle farger.<\/figcaption><\/figure>\n<\/div>\n<\/div>\n\n\n\n<figure class=\"wp-block-image size-large\"><img loading=\"lazy\" decoding=\"async\" width=\"1024\" height=\"220\" src=\"https:\/\/files.teststeder.regjeringen.no\/wpuploads01\/sites\/561\/2024\/10\/PMS-526_monster4-PMS-1024x220.png\" alt=\"\" class=\"wp-image-2202\" srcset=\"https:\/\/files.teststeder.regjeringen.no\/wpuploads01\/sites\/561\/2024\/10\/PMS-526_monster4-PMS-1024x220.png 1024w, https:\/\/files.teststeder.regjeringen.no\/wpuploads01\/sites\/561\/2024\/10\/PMS-526_monster4-PMS-300x64.png 300w, https:\/\/files.teststeder.regjeringen.no\/wpuploads01\/sites\/561\/2024\/10\/PMS-526_monster4-PMS-768x165.png 768w, https:\/\/files.teststeder.regjeringen.no\/wpuploads01\/sites\/561\/2024\/10\/PMS-526_monster4-PMS-1536x330.png 1536w, https:\/\/files.teststeder.regjeringen.no\/wpuploads01\/sites\/561\/2024\/10\/PMS-526_monster4-PMS.png 1658w\" sizes=\"auto, (max-width: 1024px) 100vw, 1024px\" \/><figcaption class=\"wp-element-caption\"><strong>M\u00f8nster 4. <\/strong>Finnes i alle farger<\/figcaption><\/figure>\n\n\n\n<figure class=\"wp-block-image size-full\"><img loading=\"lazy\" decoding=\"async\" width=\"894\" height=\"410\" src=\"https:\/\/files.teststeder.regjeringen.no\/wpuploads01\/sites\/561\/2024\/10\/multicolor.jpg\" alt=\"\" class=\"wp-image-2196\" srcset=\"https:\/\/files.teststeder.regjeringen.no\/wpuploads01\/sites\/561\/2024\/10\/multicolor.jpg 894w, https:\/\/files.teststeder.regjeringen.no\/wpuploads01\/sites\/561\/2024\/10\/multicolor-300x138.jpg 300w, https:\/\/files.teststeder.regjeringen.no\/wpuploads01\/sites\/561\/2024\/10\/multicolor-768x352.jpg 768w\" sizes=\"auto, (max-width: 894px) 100vw, 894px\" \/><figcaption class=\"wp-element-caption\">Multifarget m\u00f8nster<\/figcaption><\/figure>\n\n\n\t\t\t<\/div>\n\t\t<\/div>\n\n<div class=\"t2-accordion-item wp-block-t2-accordion-item\" role=\"listitem\">\n\t\t\t<h2 class=\"t2-accordion-title\">\n\t\t\t\t<button type=\"button\" class=\"t2-accordion-trigger\" id=\"farger\" aria-controls=\"accordion-panel-1\" aria-expanded=\"false\">\n\t\t\t\t\tFarger\n\t\t\t\t\t<span class=\"t2-accordion-icon is-closed-icon\"><svg xmlns=\"http:\/\/www.w3.org\/2000\/svg\" viewBox=\"0 0 24 24\" height=\"24\" width=\"24\" class=\"t2-icon t2-icon-addcircle\" aria-hidden=\"true\" focusable=\"false\"><path d=\"M16.5 11.2h-3.8V7.5c0-.4-.3-.8-.8-.8s-.8.3-.8.8v3.8H7.5c-.4 0-.8.3-.8.8s.3.8.8.8h3.8v3.8c0 .4.3.8.8.8s.8-.3.8-.8v-3.8h3.8c.4 0 .8-.3.8-.8s-.6-.9-1-.9z\"\/><path d=\"M12 24C5.4 24 0 18.6 0 12S5.4 0 12 0s12 5.4 12 12-5.4 12-12 12zm0-22.5C6.2 1.5 1.5 6.2 1.5 12S6.2 22.5 12 22.5 22.5 17.8 22.5 12 17.8 1.5 12 1.5z\"\/><\/svg><\/span>\n\t\t\t\t\t<span class=\"t2-accordion-icon is-open-icon\"><svg xmlns=\"http:\/\/www.w3.org\/2000\/svg\" viewBox=\"0 0 24 24\" height=\"24\" width=\"24\" class=\"t2-icon t2-icon-removecircle\" aria-hidden=\"true\" focusable=\"false\"><path d=\"M15.7 8.3c-.3-.3-.8-.3-1.1 0L12 10.9 9.4 8.3c-.3-.3-.8-.3-1.1 0s-.3.8 0 1.1l2.6 2.6-2.6 2.6c-.3.3-.3.8 0 1.1.1.1.3.2.5.2s.4-.1.5-.2l2.6-2.6 2.6 2.6c.1.1.3.2.5.2s.4-.1.5-.2c.3-.3.3-.8 0-1.1L13.1 12l2.6-2.6c.3-.3.3-.8 0-1.1z\"\/><path d=\"M20.5 3.5c-4.7-4.7-12.3-4.7-17 0-4.7 4.7-4.7 12.3 0 17C5.9 22.8 8.9 24 12 24c3.1 0 6.1-1.2 8.5-3.5 4.7-4.7 4.7-12.3 0-17zm-1.1 15.9c-4.1 4.1-10.8 4.1-14.8 0C.5 15.3.5 8.6 4.6 4.6c2-2 4.7-3.1 7.4-3.1s5.4 1 7.4 3.1c4.1 4.1 4.1 10.7 0 14.8z\"\/><\/svg><\/span>\n\t\t\t\t<\/button>\n\t\t\t<\/h2>\n\t\t\t<div class=\"t2-accordion-item__inner-container is-layout-flow\" id=\"accordion-panel-1\" aria-labelledby=\"farger\" role=\"region\" hidden>\n\t\t\t\t\n\n<p>Vi har valgt friske farger i paletten for \u00e5 skape et bilde av hva departementet st\u00e5r for og gi en sterk og tydelig identitet. Alle fargene kan brukes i forskjellige grader av transparens. Dette gir store muligheter for \u00e5 variere mange forskjellige uttrykk.<\/p>\n\n\n\n<p class=\"has-background\" style=\"background-color:#b5bf00\">RGB: 181\/191\/0  | CMYK: 37\/10\/100\/1  | HEX: b5bf00  | Pantone: 390<\/p>\n\n\n\n<p class=\"has-background\" style=\"background-color:#ece8b2\">RGB: 236\/232\/178  | CMYK: 8\/3\/37\/0  | HEX: ece8b2  | Pantone 607<\/p>\n\n\n\n<p class=\"has-white-color has-text-color has-background\" style=\"background-color:#c42695\">RGB: 196\/38\/149  | CMYK: 22\/96\/0\/0  | HEX: c42695  | Pantone 24<\/p>\n\n\n\n<p class=\"has-background\" style=\"background-color:#8db9e5\">RGB: 141\/185\/229  | CMYK: 42\/17\/0\/0  | HEX: 8db9e5  | Pantone 278  <\/p>\n\n\n\n<p class=\"has-white-color has-text-color has-background\" style=\"background-color:#ff6f20\">RGB: 255\/111\/32  | CMYK: 0\/70\/96\/0  | HEX: ff6f20  | Pantone 1585<\/p>\n\n\n\n<p class=\"has-white-color has-text-color has-background\" style=\"background-color:#e70033\">RGB: 231\/0\/51  | CMYK: 3\/100\/85\/0  | HEX: e70033  | Pantone: 185<\/p>\n\n\n\n<p class=\"has-white-color has-text-color has-background\" style=\"background-color:#766a63\">RGB: 118\/106\/99  CMYK: 46\/45\/47\/33  HEX: 766a63  Pantone: Warm Grey 10<\/p>\n\n\n\n<p class=\"has-background\" style=\"background-color:#d7d2cb\">RGB: 215\/210\/213 | CMYK: 15\/13\/17\/0 | HEX: d7d2cb | PantoneWarm Grey2<\/p>\n\n\n\t\t\t<\/div>\n\t\t<\/div>\n<\/div><\/div>\n<\/div>\n\n\n\n<hr class=\"wp-block-separator has-alpha-channel-opacity\"\/>\n\n\n<div class=\"t2-accordion wp-block-t2-accordion\" data-allow-multiple=\"1\" role=\"list\">\n<div class=\"t2-accordion-item wp-block-t2-accordion-item has-background has-background-100-background-color\" role=\"listitem\">\n\t\t\t<h2 class=\"t2-accordion-title\">\n\t\t\t\t<button type=\"button\" class=\"t2-accordion-trigger\" id=\"om-hods-supplerende-designprofil\" aria-controls=\"accordion-panel-2\" aria-expanded=\"false\">\n\t\t\t\t\tOm HODs supplerende designprofil\n\t\t\t\t\t<span class=\"t2-accordion-icon is-closed-icon\"><svg xmlns=\"http:\/\/www.w3.org\/2000\/svg\" viewBox=\"0 0 24 24\" height=\"24\" width=\"24\" class=\"t2-icon t2-icon-addcircle\" aria-hidden=\"true\" focusable=\"false\"><path d=\"M16.5 11.2h-3.8V7.5c0-.4-.3-.8-.8-.8s-.8.3-.8.8v3.8H7.5c-.4 0-.8.3-.8.8s.3.8.8.8h3.8v3.8c0 .4.3.8.8.8s.8-.3.8-.8v-3.8h3.8c.4 0 .8-.3.8-.8s-.6-.9-1-.9z\"\/><path d=\"M12 24C5.4 24 0 18.6 0 12S5.4 0 12 0s12 5.4 12 12-5.4 12-12 12zm0-22.5C6.2 1.5 1.5 6.2 1.5 12S6.2 22.5 12 22.5 22.5 17.8 22.5 12 17.8 1.5 12 1.5z\"\/><\/svg><\/span>\n\t\t\t\t\t<span class=\"t2-accordion-icon is-open-icon\"><svg xmlns=\"http:\/\/www.w3.org\/2000\/svg\" viewBox=\"0 0 24 24\" height=\"24\" width=\"24\" class=\"t2-icon t2-icon-removecircle\" aria-hidden=\"true\" focusable=\"false\"><path d=\"M15.7 8.3c-.3-.3-.8-.3-1.1 0L12 10.9 9.4 8.3c-.3-.3-.8-.3-1.1 0s-.3.8 0 1.1l2.6 2.6-2.6 2.6c-.3.3-.3.8 0 1.1.1.1.3.2.5.2s.4-.1.5-.2l2.6-2.6 2.6 2.6c.1.1.3.2.5.2s.4-.1.5-.2c.3-.3.3-.8 0-1.1L13.1 12l2.6-2.6c.3-.3.3-.8 0-1.1z\"\/><path d=\"M20.5 3.5c-4.7-4.7-12.3-4.7-17 0-4.7 4.7-4.7 12.3 0 17C5.9 22.8 8.9 24 12 24c3.1 0 6.1-1.2 8.5-3.5 4.7-4.7 4.7-12.3 0-17zm-1.1 15.9c-4.1 4.1-10.8 4.1-14.8 0C.5 15.3.5 8.6 4.6 4.6c2-2 4.7-3.1 7.4-3.1s5.4 1 7.4 3.1c4.1 4.1 4.1 10.7 0 14.8z\"\/><\/svg><\/span>\n\t\t\t\t<\/button>\n\t\t\t<\/h2>\n\t\t\t<div class=\"t2-accordion-item__inner-container is-layout-flow\" id=\"accordion-panel-2\" aria-labelledby=\"om-hods-supplerende-designprofil\" role=\"region\" hidden>\n\t\t\t\t\n\n<p>HODs designprofil ble utviklet i 2009 av Making Waves.<\/p>\n\n\n\n<p>Designprofilen skal gi et helhetlig bilde av hva Helse- og omsorgsdepartementet st\u00e5r for, og gi departementet en sterk og tydelig identitet.<\/p>\n\n\n\n<p>Designprofilen skal bidra til en profesjonell og&nbsp;moderne kommunikasjon i departementet.&nbsp;Designprofilen for Helse- og omsorgsdepartementet&nbsp;supplerer departementenes felles&nbsp;designprogram.<\/p>\n\n\n\n<p>Designprofilen skal fremme departementets verdier.&nbsp;Det er valgt symboler og designelementer&nbsp;basert p\u00e5 sirkler. Sirkelen er en velkjent form&nbsp;i Helsenorge. Sirkelen er en vennlig form uten harde kanter.&nbsp;Det er viktig at det nye uttrykket holder seg lyst.&nbsp;At man pr\u00f8ver \u00e5 gj\u00f8re ting enkelt, og beholder&nbsp;mye luft (hvitt) p\u00e5 flatene.&nbsp;Grunnelementene i designprofilen er departementets logo, typografi og farger, i tillegg til nye&nbsp;ikoner for hvert ansvarsomr\u00e5de, abstrakte sirkelm\u00f8nstre&nbsp;og nye farger.<\/p>\n\n\n\t\t\t<\/div>\n\t\t<\/div>\n<\/div>","protected":false},"excerpt":{"rendered":"<p>Designprofil for HOD Kommunikasjonsenheten har ansvar for utforming og bruk av departementets visuelle profil. Ansvaret omfatter alle trykksaker, nettpubliseringer og andre kanalvalg. Endringer eller tilpasninger i den visuelle profilen gj\u00f8res av Kommunikasjonsenheten. Kommunikasjonsenheten har ogs\u00e5 det overordnede ansvaret for departementets egne publikasjoner\/trykksaker. Fagavdelingene har ansvar for innholdet og samarbeider med Kommunikasjonsenheten om utforming. Kontaktperson:&nbsp;Hege Runge\u2026<\/p>\n","protected":false},"author":357,"featured_media":0,"parent":360,"menu_order":0,"comment_status":"closed","ping_status":"closed","template":"","meta":{"dss_simple_post_excerpt":"","dss_show_breadcrumbs":false,"dss_show_featured_image":true,"dss_show_title":true,"footnotes":""},"class_list":["post-2171","page","type-page","status-publish","hentry"],"language":"nb-NO","_links":{"self":[{"href":"https:\/\/teststeder.regjeringen.no\/designdep\/wp-json\/wp\/v2\/pages\/2171","targetHints":{"allow":["GET"]}}],"collection":[{"href":"https:\/\/teststeder.regjeringen.no\/designdep\/wp-json\/wp\/v2\/pages"}],"about":[{"href":"https:\/\/teststeder.regjeringen.no\/designdep\/wp-json\/wp\/v2\/types\/page"}],"author":[{"embeddable":true,"href":"https:\/\/teststeder.regjeringen.no\/designdep\/wp-json\/wp\/v2\/users\/357"}],"replies":[{"embeddable":true,"href":"https:\/\/teststeder.regjeringen.no\/designdep\/wp-json\/wp\/v2\/comments?post=2171"}],"version-history":[{"count":3,"href":"https:\/\/teststeder.regjeringen.no\/designdep\/wp-json\/wp\/v2\/pages\/2171\/revisions"}],"predecessor-version":[{"id":4935,"href":"https:\/\/teststeder.regjeringen.no\/designdep\/wp-json\/wp\/v2\/pages\/2171\/revisions\/4935"}],"up":[{"embeddable":true,"href":"https:\/\/teststeder.regjeringen.no\/designdep\/wp-json\/wp\/v2\/pages\/360"}],"wp:attachment":[{"href":"https:\/\/teststeder.regjeringen.no\/designdep\/wp-json\/wp\/v2\/media?parent=2171"}],"curies":[{"name":"wp","href":"https:\/\/api.w.org\/{rel}","templated":true}]}}