{"id":2330,"date":"2024-10-08T07:57:51","date_gmt":"2024-10-08T05:57:51","guid":{"rendered":"https:\/\/nettsteder.regjeringen.no\/designdep\/?page_id=2330"},"modified":"2025-02-12T13:40:56","modified_gmt":"2025-02-12T12:40:56","slug":"typografi","status":"publish","type":"page","link":"https:\/\/teststeder.regjeringen.no\/designdep\/felles-designprogram\/typografi\/","title":{"rendered":"Typografi"},"content":{"rendered":"\n<div class=\"wp-block-group alignwide is-content-justification-left is-layout-constrained wp-container-core-group-is-layout-8c890d92 wp-block-group-is-layout-constrained\">\n<h2 class=\"wp-block-heading\">Typografi<\/h2>\n\n\n<p class=\"t2-ingress wp-block-t2-ingress\">Departementenes profilfont er Open Sans. Skrifttypen brukes i\u00a0<a href=\"https:\/\/teststeder.regjeringen.no\/standarddesign\/maler\/omslag\/#panel-5-0\">publikasjoner med standardlogo<\/a>\u00a0og nettsteder, inkludert Regjeringen.no<\/p><\/div>\n\n\n\n<div class=\"wp-block-group is-layout-constrained wp-block-group-is-layout-constrained\">\n<div class=\"wp-block-group is-layout-constrained wp-block-group-is-layout-constrained\">\n<p>Open Sans kombinerer moderne estetikk med funksjonell design:<\/p>\n\n\n\n<ol class=\"wp-block-list is-layout-flow wp-block-list-is-layout-flow\" start=\"1\">\n<li><strong>Lesbarhet<\/strong>: Open Sans er designet med en stor x-h\u00f8yde og brede \u00e5pninger, noe som gj\u00f8r den lett \u00e5 lese p\u00e5 b\u00e5de skjerm og papir.<\/li>\n\n\n\n<li><strong>Allsidighet<\/strong>: Den er tilgjengelig i flere vekter (fra Light til Extra Bold) og stiler (inkludert Italic), noe som gj\u00f8r den sv\u00e6rt fleksibel og egnet for ulike typer designprosjekter.<\/li>\n\n\n\n<li><strong>N\u00f8ytralitet<\/strong>: Fonten har en n\u00f8ytral og vennlig stil, som gj\u00f8r den egnet for b\u00e5de formelle og uformelle bruksomr\u00e5der.<\/li>\n\n\n\n<li><strong>Bruk<\/strong>: Den er mye brukt i webdesign, brukergrensesnitt, trykk og digitale medier. Den er ogs\u00e5 en standard font i mange systemer og applikasjoner.<\/li>\n\n\n\n<li><strong>Internasjonal st\u00f8tte<\/strong>: Open Sans st\u00f8tter en rekke skriftsystemer og spr\u00e5k, noe som gj\u00f8r den til et godt valg for flerspr\u00e5klige prosjekter.<\/li>\n<\/ol>\n\n\n\n<p><\/p>\n\n\n\n<figure class=\"wp-block-image size-large\"><img loading=\"lazy\" decoding=\"async\" width=\"1024\" height=\"376\" src=\"https:\/\/files.teststeder.regjeringen.no\/wpuploads01\/sites\/561\/2024\/10\/font_open-sans_reg-og-semibold-1024x376.jpg\" alt=\"\" class=\"wp-image-2371\" srcset=\"https:\/\/files.teststeder.regjeringen.no\/wpuploads01\/sites\/561\/2024\/10\/font_open-sans_reg-og-semibold-1024x376.jpg 1024w, https:\/\/files.teststeder.regjeringen.no\/wpuploads01\/sites\/561\/2024\/10\/font_open-sans_reg-og-semibold-300x110.jpg 300w, https:\/\/files.teststeder.regjeringen.no\/wpuploads01\/sites\/561\/2024\/10\/font_open-sans_reg-og-semibold-768x282.jpg 768w, https:\/\/files.teststeder.regjeringen.no\/wpuploads01\/sites\/561\/2024\/10\/font_open-sans_reg-og-semibold.jpg 1192w\" sizes=\"auto, (max-width: 1024px) 100vw, 1024px\" \/><figcaption class=\"wp-element-caption\">Open Sans er en gratis font tilgjengelig fra Google for Mac og PC og finnes i mange snitt.<\/figcaption><\/figure>\n\n\n\n<div style=\"height:20px\" aria-hidden=\"true\" class=\"wp-block-spacer\"><\/div>\n\n\n\n<p>For Microsoft Office (PowerPoint, Word) brukes Arial.<\/p>\n<\/div>\n<\/div>\n","protected":false},"excerpt":{"rendered":"<p>Typografi Open Sans kombinerer moderne estetikk med funksjonell design: For Microsoft Office (PowerPoint, Word) brukes Arial.<\/p>\n","protected":false},"author":357,"featured_media":0,"parent":4472,"menu_order":0,"comment_status":"closed","ping_status":"closed","template":"","meta":{"dss_simple_post_excerpt":"Designprogrammets hovedfont er Open Sans. Fonten st\u00f8tter en rekke skriftsystemer og spr\u00e5k. ","dss_show_breadcrumbs":true,"dss_show_featured_image":true,"dss_show_title":true,"footnotes":""},"class_list":["post-2330","page","type-page","status-publish","hentry"],"language":"nb-NO","_links":{"self":[{"href":"https:\/\/teststeder.regjeringen.no\/designdep\/wp-json\/wp\/v2\/pages\/2330","targetHints":{"allow":["GET"]}}],"collection":[{"href":"https:\/\/teststeder.regjeringen.no\/designdep\/wp-json\/wp\/v2\/pages"}],"about":[{"href":"https:\/\/teststeder.regjeringen.no\/designdep\/wp-json\/wp\/v2\/types\/page"}],"author":[{"embeddable":true,"href":"https:\/\/teststeder.regjeringen.no\/designdep\/wp-json\/wp\/v2\/users\/357"}],"replies":[{"embeddable":true,"href":"https:\/\/teststeder.regjeringen.no\/designdep\/wp-json\/wp\/v2\/comments?post=2330"}],"version-history":[{"count":3,"href":"https:\/\/teststeder.regjeringen.no\/designdep\/wp-json\/wp\/v2\/pages\/2330\/revisions"}],"predecessor-version":[{"id":6244,"href":"https:\/\/teststeder.regjeringen.no\/designdep\/wp-json\/wp\/v2\/pages\/2330\/revisions\/6244"}],"up":[{"embeddable":true,"href":"https:\/\/teststeder.regjeringen.no\/designdep\/wp-json\/wp\/v2\/pages\/4472"}],"wp:attachment":[{"href":"https:\/\/teststeder.regjeringen.no\/designdep\/wp-json\/wp\/v2\/media?parent=2330"}],"curies":[{"name":"wp","href":"https:\/\/api.w.org\/{rel}","templated":true}]}}