{"id":2333,"date":"2024-10-08T07:59:46","date_gmt":"2024-10-08T05:59:46","guid":{"rendered":"https:\/\/nettsteder.regjeringen.no\/designdep\/?page_id=2333"},"modified":"2025-02-05T14:01:20","modified_gmt":"2025-02-05T13:01:20","slug":"farger","status":"publish","type":"page","link":"https:\/\/teststeder.regjeringen.no\/designdep\/felles-designprogram\/farger\/","title":{"rendered":"Farger"},"content":{"rendered":"\n<div class=\"wp-block-group alignwide is-content-justification-left is-layout-constrained wp-container-core-group-is-layout-8c890d92 wp-block-group-is-layout-constrained\">\n<p class=\"has-text-align-left\" style=\"font-size:clamp(17.905px, 1.119rem + ((1vw - 3.2px) * 1.246), 28px);\"><strong>Farger<\/strong><\/p>\n\n\n\n<p style=\"font-size:clamp(14px, 0.875rem + ((1vw - 3.2px) * 0.741), 20px);\">Designprogrammet f\u00f8lger fargeprofilen til Regjeringen.no.<br>Hvis departementet har egen designprofil, s\u00e5 kan denne benyttes.<\/p>\n<\/div>\n\n\n\n<div class=\"wp-block-columns alignwide is-layout-flex wp-container-core-columns-is-layout-9d6595d7 wp-block-columns-is-layout-flex\">\n<div class=\"wp-block-column is-layout-flow wp-block-column-is-layout-flow\">\n<p class=\"has-white-color has-black-background-color has-text-color has-background\" style=\"font-size:12px\">SORT #000000<\/p>\n\n\n\n<p class=\"has-white-color has-text-color has-background\" style=\"background-color:#002e5e;font-size:12px\">BL\u00c5 #002E5E<\/p>\n\n\n\n<p class=\"has-white-color has-text-color has-background\" style=\"background-color:#bc3345;font-size:12px\">R\u00d8D # \\BC3345<\/p>\n\n\n\n<p class=\"has-background\" style=\"background-color:#fbd036;font-size:12px\">GUL #FBD036<\/p>\n\n\n\n<p class=\"has-white-color has-text-color has-background\" style=\"background-color:#0f6653;font-size:12px\">GR\u00d8NN #0F6653<\/p>\n\n\n\n<p class=\"has-white-color has-text-color has-background\" style=\"background-color:#44638d;font-size:12px\">ST\u00d8V 10 #44638D<\/p>\n\n\n\n<p class=\"has-background\" style=\"background-color:#e9e4df;font-size:12px\">BEIGE #E9EDF<\/p>\n<\/div>\n\n\n\n<div class=\"wp-block-column is-layout-flow wp-block-column-is-layout-flow\">\n<p class=\"has-white-color has-text-color has-background\" style=\"background-color:#545454;font-size:12px\">#545454<\/p>\n\n\n\n<p class=\"has-white-color has-text-color has-background\" style=\"background-color:#144696;font-size:12px\">#144696<\/p>\n\n\n\n<p class=\"has-white-color has-text-color has-background\" style=\"background-color:#cd4658;font-size:12px\">#CD4658<\/p>\n\n\n\n<p class=\"has-background\" style=\"background-color:#fce782;font-size:12px\">#FCE782<\/p>\n\n\n\n<p class=\"has-white-color has-text-color has-background\" style=\"background-color:#13856c;font-size:12px\">#13856C<\/p>\n\n\n\n<p class=\"has-white-color has-text-color has-background\" style=\"background-color:#5a6e82;font-size:12px\">ST\u00d8V 40 #5A6E82<\/p>\n\n\n\n<p class=\"has-white-background-color has-background\" style=\"font-size:12px\">HVIT #FFFFFF<\/p>\n<\/div>\n\n\n\n<div class=\"wp-block-column is-layout-flow wp-block-column-is-layout-flow\">\n<p class=\"has-white-color has-text-color has-background\" style=\"background-color:#666666;font-size:12px\">#666666<\/p>\n\n\n\n<p class=\"has-white-color has-text-color has-background\" style=\"background-color:#1a5ebd;font-size:12px\">#1A5EBD<\/p>\n\n\n\n<p class=\"has-white-color has-text-color has-background\" style=\"background-color:#ff6875;font-size:12px\">#FF6875<\/p>\n\n\n\n<p class=\"has-background\" style=\"background-color:#fdfdc8;font-size:12px\">#FDFDC8<\/p>\n<\/div>\n\n\n\n<div class=\"wp-block-column is-layout-flow wp-block-column-is-layout-flow\">\n<p class=\"has-white-color has-text-color has-background\" style=\"background-color:#ababab;font-size:12px\">#ABABAB<\/p>\n\n\n\n<p class=\"has-white-color has-text-color has-background\" style=\"background-color:#3867c8;font-size:12px\">#3867C8<\/p>\n<\/div>\n\n\n\n<div class=\"wp-block-column is-layout-flow wp-block-column-is-layout-flow\">\n<p class=\"has-background\" style=\"background-color:#e0e0e0;font-size:12px\">#E0E0E0<\/p>\n\n\n\n<p class=\"has-white-color has-text-color has-background\" style=\"background-color:#6eaaf0;font-size:12px\">#6EAAF0<\/p>\n<\/div>\n\n\n\n<div class=\"wp-block-column is-layout-flow wp-block-column-is-layout-flow\">\n<p class=\"has-background\" style=\"background-color:#ededed;font-size:12px\">#EDEDED<\/p>\n\n\n\n<p class=\"has-background\" style=\"background-color:#e8f0fe;font-size:12px\">#E8F0F0<\/p>\n<\/div>\n<\/div>\n\n\n\n<p><\/p>\n","protected":false},"excerpt":{"rendered":"<p>Farger Designprogrammet f\u00f8lger fargeprofilen til Regjeringen.no.Hvis departementet har egen designprofil, s\u00e5 kan denne benyttes. SORT #000000 BL\u00c5 #002E5E R\u00d8D # \\BC3345 GUL #FBD036 GR\u00d8NN #0F6653 ST\u00d8V 10 #44638D BEIGE #E9EDF #545454 #144696 #CD4658 #FCE782 #13856C ST\u00d8V 40 #5A6E82 HVIT #FFFFFF #666666 #1A5EBD #FF6875 #FDFDC8 #ABABAB #3867C8 #E0E0E0 #6EAAF0 #EDEDED #E8F0F0<\/p>\n","protected":false},"author":357,"featured_media":0,"parent":4472,"menu_order":0,"comment_status":"closed","ping_status":"closed","template":"","meta":{"dss_simple_post_excerpt":"Designprogrammet f\u00f8lger fargeprofilen til Regjeringen.no. \nSe Hex-koder her.","dss_show_breadcrumbs":true,"dss_show_featured_image":true,"dss_show_title":true,"footnotes":""},"class_list":["post-2333","page","type-page","status-publish","hentry"],"language":"nb-NO","_links":{"self":[{"href":"https:\/\/teststeder.regjeringen.no\/designdep\/wp-json\/wp\/v2\/pages\/2333","targetHints":{"allow":["GET"]}}],"collection":[{"href":"https:\/\/teststeder.regjeringen.no\/designdep\/wp-json\/wp\/v2\/pages"}],"about":[{"href":"https:\/\/teststeder.regjeringen.no\/designdep\/wp-json\/wp\/v2\/types\/page"}],"author":[{"embeddable":true,"href":"https:\/\/teststeder.regjeringen.no\/designdep\/wp-json\/wp\/v2\/users\/357"}],"replies":[{"embeddable":true,"href":"https:\/\/teststeder.regjeringen.no\/designdep\/wp-json\/wp\/v2\/comments?post=2333"}],"version-history":[{"count":3,"href":"https:\/\/teststeder.regjeringen.no\/designdep\/wp-json\/wp\/v2\/pages\/2333\/revisions"}],"predecessor-version":[{"id":4567,"href":"https:\/\/teststeder.regjeringen.no\/designdep\/wp-json\/wp\/v2\/pages\/2333\/revisions\/4567"}],"up":[{"embeddable":true,"href":"https:\/\/teststeder.regjeringen.no\/designdep\/wp-json\/wp\/v2\/pages\/4472"}],"wp:attachment":[{"href":"https:\/\/teststeder.regjeringen.no\/designdep\/wp-json\/wp\/v2\/media?parent=2333"}],"curies":[{"name":"wp","href":"https:\/\/api.w.org\/{rel}","templated":true}]}}