{"id":4472,"date":"2024-11-12T12:12:23","date_gmt":"2024-11-12T11:12:23","guid":{"rendered":"https:\/\/nettsteder.regjeringen.no\/designdep\/?page_id=4472"},"modified":"2025-02-12T13:10:39","modified_gmt":"2025-02-12T12:10:39","slug":"felles-designprogram","status":"publish","type":"page","link":"https:\/\/teststeder.regjeringen.no\/designdep\/felles-designprogram\/","title":{"rendered":"Felles designprogram"},"content":{"rendered":"\n<div class=\"wp-block-columns alignwide has-background-100-background-color has-background is-layout-flex wp-container-core-columns-is-layout-9d6595d7 wp-block-columns-is-layout-flex\">\n<div class=\"wp-block-column is-layout-flow wp-block-column-is-layout-flow\" style=\"flex-basis:33%\">\n<p style=\"font-size:clamp(21.536px, 1.346rem + ((1vw - 3.2px) * 1.662), 35px);\">Felles designprogram<\/p>\n<\/div>\n\n\n\n<div class=\"wp-block-column is-layout-flow wp-block-column-is-layout-flow\" style=\"flex-basis:66.66%\"><p class=\"t2-ingress wp-block-t2-ingress\">All visuell kommunikasjon fra Statsministerens kontor og departementene skal utformes i henhold til felles designprogram.<\/p>\n\n\n<p>Designprogrammet er ogs\u00e5 f\u00f8rende for den visuelle profilen p\u00e5 regjeringen.no og andre informasjonskanaler fra departementene. <\/p>\n<\/div>\n<\/div>\n\n\n<ul class=\"is-style-flex alignwide wp-block-dss-simple-posts\">\n<li class=\"wp-block-dss-simple-post\"><a href=\"https:\/\/teststeder.regjeringen.no\/designdep\/felles-designprogram\/overordnede-foringer\/\" class=\"wp-block-dss-simple-post__link\"><div class=\"wp-block-dss-simple-post__content\"><h2>Overordnede f\u00f8ringer<\/h2><p class=\"wp-block-dss-simple-post__excerpt\">Se oversikt over departementenes visuelle elementer i designprogrammet. Her f\u00e5r du ogs\u00e5 informasjon om designprogrammet og nettstedet design.dep.no.<\/p><\/div><\/a><\/li>\n\n<li class=\"wp-block-dss-simple-post\"><a href=\"https:\/\/teststeder.regjeringen.no\/designdep\/felles-designprogram\/formell-logo\/\" class=\"wp-block-dss-simple-post__link\"><div class=\"wp-block-dss-simple-post__content\"><h2>Formell logo<\/h2><p class=\"wp-block-dss-simple-post__excerpt\">Se f\u00f8ringer og korrekt bruk norsk og oversatt logo, felleslogo og stillingsbetegnelse under logo.<\/p><\/div><\/a><\/li>\n\n<li class=\"wp-block-dss-simple-post\"><a href=\"https:\/\/teststeder.regjeringen.no\/designdep\/felles-designprogram\/standardlogo\/\" class=\"wp-block-dss-simple-post__link\"><div class=\"wp-block-dss-simple-post__content\"><h2>Standardlogo<\/h2><p class=\"wp-block-dss-simple-post__excerpt\">Standardlogo benyttes p\u00e5 de fleste publiseringsflater. Se varianter og f\u00f8ringer for korrekt bruk.<\/p><\/div><\/a><\/li>\n\n<li class=\"wp-block-dss-simple-post\"><a href=\"https:\/\/teststeder.regjeringen.no\/designdep\/felles-designprogram\/some-logo\/\" class=\"wp-block-dss-simple-post__link\"><div class=\"wp-block-dss-simple-post__content\"><h2>Logo til sosiale medier<\/h2><p class=\"wp-block-dss-simple-post__excerpt\">P\u00e5 sosial medier brukes kun en variant av standardlogoen. Her kan du laste ned logoer i korrekt st\u00f8rrelse.<\/p><\/div><\/a><\/li>\n\n<li class=\"wp-block-dss-simple-post\"><a href=\"https:\/\/teststeder.regjeringen.no\/designdep\/felles-designprogram\/typografi\/\" class=\"wp-block-dss-simple-post__link\"><div class=\"wp-block-dss-simple-post__content\"><h2>Typografi<\/h2><p class=\"wp-block-dss-simple-post__excerpt\">Designprogrammets hovedfont er Open Sans. Fonten st\u00f8tter en rekke skriftsystemer og spr\u00e5k. <\/p><\/div><\/a><\/li>\n\n<li class=\"wp-block-dss-simple-post\"><a href=\"https:\/\/teststeder.regjeringen.no\/designdep\/felles-designprogram\/farger\/\" class=\"wp-block-dss-simple-post__link\"><div class=\"wp-block-dss-simple-post__content\"><h2>Farger<\/h2><p class=\"wp-block-dss-simple-post__excerpt\">Designprogrammet f\u00f8lger fargeprofilen til Regjeringen.no. \nSe Hex-koder her.<\/p><\/div><\/a><\/li>\n\n<li class=\"wp-block-dss-simple-post\"><a href=\"https:\/\/teststeder.regjeringen.no\/designdep\/felles-designprogram\/foto-illustrasjonerog-ikoner\/\" class=\"wp-block-dss-simple-post__link\"><div class=\"wp-block-dss-simple-post__content\"><h2>Foto, illustrasjoner og ikoner<\/h2><p class=\"wp-block-dss-simple-post__excerpt\">De fleste departementene har disse visuelle elementene implementert i egen  supplerende designprofil. \nAlternativt kan disse forslagene benyttes.<\/p><\/div><\/a><\/li>\n<\/ul>","protected":false},"excerpt":{"rendered":"<p>Felles designprogram Designprogrammet er ogs\u00e5 f\u00f8rende for den visuelle profilen p\u00e5 regjeringen.no og andre informasjonskanaler fra departementene.<\/p>\n","protected":false},"author":357,"featured_media":0,"parent":0,"menu_order":0,"comment_status":"closed","ping_status":"closed","template":"","meta":{"dss_simple_post_excerpt":"","dss_show_breadcrumbs":false,"dss_show_featured_image":true,"dss_show_title":true,"footnotes":""},"class_list":["post-4472","page","type-page","status-publish","hentry"],"language":"nb-NO","_links":{"self":[{"href":"https:\/\/teststeder.regjeringen.no\/designdep\/wp-json\/wp\/v2\/pages\/4472","targetHints":{"allow":["GET"]}}],"collection":[{"href":"https:\/\/teststeder.regjeringen.no\/designdep\/wp-json\/wp\/v2\/pages"}],"about":[{"href":"https:\/\/teststeder.regjeringen.no\/designdep\/wp-json\/wp\/v2\/types\/page"}],"author":[{"embeddable":true,"href":"https:\/\/teststeder.regjeringen.no\/designdep\/wp-json\/wp\/v2\/users\/357"}],"replies":[{"embeddable":true,"href":"https:\/\/teststeder.regjeringen.no\/designdep\/wp-json\/wp\/v2\/comments?post=4472"}],"version-history":[{"count":2,"href":"https:\/\/teststeder.regjeringen.no\/designdep\/wp-json\/wp\/v2\/pages\/4472\/revisions"}],"predecessor-version":[{"id":5741,"href":"https:\/\/teststeder.regjeringen.no\/designdep\/wp-json\/wp\/v2\/pages\/4472\/revisions\/5741"}],"wp:attachment":[{"href":"https:\/\/teststeder.regjeringen.no\/designdep\/wp-json\/wp\/v2\/media?parent=4472"}],"curies":[{"name":"wp","href":"https:\/\/api.w.org\/{rel}","templated":true}]}}