{"id":5062,"date":"2025-01-07T08:19:44","date_gmt":"2025-01-07T07:19:44","guid":{"rendered":"https:\/\/nettsteder.regjeringen.no\/designdep\/?page_id=5062"},"modified":"2025-01-27T10:30:02","modified_gmt":"2025-01-27T09:30:02","slug":"landbruks-og-matdepartementet-lmd","status":"publish","type":"page","link":"https:\/\/teststeder.regjeringen.no\/designdep\/departementenes-designprofiler\/landbruks-og-matdepartementet-lmd\/","title":{"rendered":"Landbruks- og matdepartementet (LMD)"},"content":{"rendered":"\n<div class=\"wp-block-media-text alignfull is-stacked-on-mobile is-image-fill lavtbanner-designdepno has-background\" style=\"background-color:#21557e;min-height:180px\"><figure class=\"wp-block-media-text__media\" style=\"background-image:url(https:\/\/files.teststeder.regjeringen.no\/wpuploads01\/sites\/561\/2025\/01\/vego-media-6UlUiqLbW-Y-unsplash-1024x683.jpg);background-position:50% 50%\"><img loading=\"lazy\" decoding=\"async\" width=\"1024\" height=\"683\" src=\"https:\/\/files.teststeder.regjeringen.no\/wpuploads01\/sites\/561\/2025\/01\/vego-media-6UlUiqLbW-Y-unsplash-1024x683.jpg\" alt=\"\" class=\"wp-image-5068 size-full\" srcset=\"https:\/\/files.teststeder.regjeringen.no\/wpuploads01\/sites\/561\/2025\/01\/vego-media-6UlUiqLbW-Y-unsplash-1024x683.jpg 1024w, https:\/\/files.teststeder.regjeringen.no\/wpuploads01\/sites\/561\/2025\/01\/vego-media-6UlUiqLbW-Y-unsplash-300x200.jpg 300w, https:\/\/files.teststeder.regjeringen.no\/wpuploads01\/sites\/561\/2025\/01\/vego-media-6UlUiqLbW-Y-unsplash-768x512.jpg 768w, https:\/\/files.teststeder.regjeringen.no\/wpuploads01\/sites\/561\/2025\/01\/vego-media-6UlUiqLbW-Y-unsplash-1536x1024.jpg 1536w, https:\/\/files.teststeder.regjeringen.no\/wpuploads01\/sites\/561\/2025\/01\/vego-media-6UlUiqLbW-Y-unsplash-2048x1365.jpg 2048w\" sizes=\"auto, (max-width: 1024px) 100vw, 1024px\" \/><\/figure><div class=\"wp-block-media-text__content\">\n<figure class=\"wp-block-image size-full is-resized\"><img decoding=\"async\" src=\"https:\/\/files.teststeder.regjeringen.no\/wpuploads01\/sites\/561\/2025\/01\/LMD_standard_bokmal_hvit.svg\" alt=\"\" class=\"wp-image-5063\" style=\"aspect-ratio:3.9069767441860463;width:316px;height:auto\"\/><\/figure>\n<\/div><\/div>\n\n\n\n<div class=\"wp-block-columns alignwide has-background-100-background-color has-background is-layout-flex wp-container-core-columns-is-layout-9d6595d7 wp-block-columns-is-layout-flex\">\n<div class=\"wp-block-column is-layout-flow wp-block-column-is-layout-flow\" style=\"flex-basis:33%\">\n<p style=\"font-size:clamp(21.536px, 1.346rem + ((1vw - 3.2px) * 1.662), 35px);\">Designprofil <br>for LMD<\/p>\n<\/div>\n\n\n\n<div class=\"wp-block-column is-layout-flow wp-block-column-is-layout-flow\" style=\"flex-basis:66.66%\">\n<p>Kommunikasjonsenheten har ansvar for Landbruks- og matdepartementet sin informasjons- og kommunikasjonsvirksomhet. Enheten har ansvar for pressekontakt og analysevirksomhet. Kommunikasjonsenheten arbeider \u00f2g med publisering p\u00e5 Regjeringen.no og r\u00e5dgiving for den politiske og administrative ledelsen av departementet.<\/p>\n\n\n\n<p>LMD benytter ikke egen supplerende designprofil.<\/p>\n<\/div>\n<\/div>\n\n\n\n<div class=\"wp-block-group alignwide is-layout-constrained wp-block-group-is-layout-constrained\">\n<div class=\"wp-block-columns alignwide are-vertically-aligned-bottom is-layout-flex wp-container-core-columns-is-layout-9d6595d7 wp-block-columns-is-layout-flex\">\n<div class=\"wp-block-column is-vertically-aligned-bottom is-layout-flow wp-block-column-is-layout-flow\">\n<figure class=\"wp-block-image alignwide size-full\"><img decoding=\"async\" src=\"https:\/\/files.teststeder.regjeringen.no\/wpuploads01\/sites\/561\/2025\/01\/LMD_Bokmal_Farge.svg\" alt=\"\" class=\"wp-image-5066\"\/><\/figure>\n\n\n\n<div class=\"wp-block-buttons alignwide is-layout-flex wp-block-buttons-is-layout-flex\">\n<div class=\"wp-block-button has-custom-width wp-block-button__width-100\"><a class=\"wp-block-button__link has-black-color has-background-100-background-color has-text-color has-background wp-element-button\" href=\"https:\/\/teststeder.regjeringen.no\/designdep\/felles-designprogram\/formell-logo\/\" style=\"border-radius:10px\">Formell logo<\/a><\/div>\n<\/div>\n<\/div>\n\n\n\n<div class=\"wp-block-column is-vertically-aligned-bottom is-layout-flow wp-block-column-is-layout-flow\">\n<figure class=\"wp-block-image aligncenter size-full is-resized\"><img decoding=\"async\" src=\"https:\/\/files.teststeder.regjeringen.no\/wpuploads01\/sites\/561\/2025\/01\/LMD_standard_bokmal_sort.svg\" alt=\"\" class=\"wp-image-5067\" style=\"aspect-ratio:3.9069767441860463;object-fit:contain;width:300px;height:auto\"\/><\/figure>\n\n\n\n<div class=\"wp-block-buttons is-layout-flex wp-block-buttons-is-layout-flex\">\n<div class=\"wp-block-button has-custom-width wp-block-button__width-100\"><a class=\"wp-block-button__link has-black-color has-background-100-background-color has-text-color has-background wp-element-button\" href=\"https:\/\/teststeder.regjeringen.no\/designdep\/felles-designprogram\/standardlogo\/\" style=\"border-radius:10px\">Standardlogo<\/a><\/div>\n<\/div>\n<\/div>\n\n\n\n<div class=\"wp-block-column is-vertically-aligned-bottom is-layout-flow wp-block-column-is-layout-flow\">\n<figure class=\"wp-block-image aligncenter size-full is-resized\"><img loading=\"lazy\" decoding=\"async\" width=\"1398\" height=\"355\" src=\"https:\/\/files.teststeder.regjeringen.no\/wpuploads01\/sites\/561\/2024\/07\/somelogo-v4.png\" alt=\"\" class=\"wp-image-487\" style=\"aspect-ratio:3.9384615384615387;object-fit:contain;width:303px;height:auto\" srcset=\"https:\/\/files.teststeder.regjeringen.no\/wpuploads01\/sites\/561\/2024\/07\/somelogo-v4.png 1398w, https:\/\/files.teststeder.regjeringen.no\/wpuploads01\/sites\/561\/2024\/07\/somelogo-v4-300x76.png 300w, https:\/\/files.teststeder.regjeringen.no\/wpuploads01\/sites\/561\/2024\/07\/somelogo-v4-1024x260.png 1024w, https:\/\/files.teststeder.regjeringen.no\/wpuploads01\/sites\/561\/2024\/07\/somelogo-v4-768x195.png 768w\" sizes=\"auto, (max-width: 1398px) 100vw, 1398px\" \/><\/figure>\n\n\n\n<div class=\"wp-block-buttons is-layout-flex wp-block-buttons-is-layout-flex\">\n<div class=\"wp-block-button has-custom-width wp-block-button__width-100\"><a class=\"wp-block-button__link has-black-color has-background-100-background-color has-text-color has-background wp-element-button\" href=\"https:\/\/teststeder.regjeringen.no\/designdep\/felles-designprogram\/some-logo\/\" style=\"border-radius:10px\">Logo til sosiale medier<\/a><\/div>\n<\/div>\n<\/div>\n<\/div>\n\n\n\n<div class=\"wp-block-columns alignwide are-vertically-aligned-bottom is-layout-flex wp-container-core-columns-is-layout-9d6595d7 wp-block-columns-is-layout-flex\">\n<div class=\"wp-block-column is-vertically-aligned-bottom is-layout-flow wp-block-column-is-layout-flow\">\n<div class=\"wp-block-buttons is-layout-flex wp-block-buttons-is-layout-flex\">\n<div class=\"wp-block-button has-custom-width wp-block-button__width-100\"><a class=\"wp-block-button__link has-black-color has-background-100-background-color has-text-color has-background wp-element-button\" href=\"https:\/\/teststeder.regjeringen.no\/designdep\/felles-designprogram\/maler\/\" style=\"border-radius:10px\">Maler<\/a><\/div>\n<\/div>\n<\/div>\n\n\n\n<div class=\"wp-block-column is-vertically-aligned-bottom is-layout-flow wp-block-column-is-layout-flow\">\n<div class=\"wp-block-buttons is-layout-flex wp-block-buttons-is-layout-flex\">\n<div class=\"wp-block-button has-custom-width wp-block-button__width-100\"><a class=\"wp-block-button__link has-black-color has-background-100-background-color has-text-color has-background wp-element-button\" href=\"https:\/\/teststeder.regjeringen.no\/designdep\/felles-designprogram\/maler\/teamsbakgrunn\/\" style=\"border-radius:10px\">Teams digital bakgrunn<\/a><\/div>\n<\/div>\n<\/div>\n\n\n\n<div class=\"wp-block-column is-layout-flow wp-block-column-is-layout-flow\"><\/div>\n<\/div>\n<\/div>\n\n\n\n<hr class=\"wp-block-separator has-alpha-channel-opacity\"\/>\n\n\n\n<p><\/p>\n","protected":false},"excerpt":{"rendered":"<p>Designprofil for LMD Kommunikasjonsenheten har ansvar for Landbruks- og matdepartementet sin informasjons- og kommunikasjonsvirksomhet. Enheten har ansvar for pressekontakt og analysevirksomhet. Kommunikasjonsenheten arbeider \u00f2g med publisering p\u00e5 Regjeringen.no og r\u00e5dgiving for den politiske og administrative ledelsen av departementet. LMD benytter ikke egen supplerende designprofil.<\/p>\n","protected":false},"author":357,"featured_media":0,"parent":360,"menu_order":0,"comment_status":"closed","ping_status":"closed","template":"","meta":{"dss_simple_post_excerpt":"","dss_show_breadcrumbs":false,"dss_show_featured_image":true,"dss_show_title":true,"footnotes":""},"class_list":["post-5062","page","type-page","status-publish","hentry"],"language":"nb-NO","_links":{"self":[{"href":"https:\/\/teststeder.regjeringen.no\/designdep\/wp-json\/wp\/v2\/pages\/5062","targetHints":{"allow":["GET"]}}],"collection":[{"href":"https:\/\/teststeder.regjeringen.no\/designdep\/wp-json\/wp\/v2\/pages"}],"about":[{"href":"https:\/\/teststeder.regjeringen.no\/designdep\/wp-json\/wp\/v2\/types\/page"}],"author":[{"embeddable":true,"href":"https:\/\/teststeder.regjeringen.no\/designdep\/wp-json\/wp\/v2\/users\/357"}],"replies":[{"embeddable":true,"href":"https:\/\/teststeder.regjeringen.no\/designdep\/wp-json\/wp\/v2\/comments?post=5062"}],"version-history":[{"count":2,"href":"https:\/\/teststeder.regjeringen.no\/designdep\/wp-json\/wp\/v2\/pages\/5062\/revisions"}],"predecessor-version":[{"id":5069,"href":"https:\/\/teststeder.regjeringen.no\/designdep\/wp-json\/wp\/v2\/pages\/5062\/revisions\/5069"}],"up":[{"embeddable":true,"href":"https:\/\/teststeder.regjeringen.no\/designdep\/wp-json\/wp\/v2\/pages\/360"}],"wp:attachment":[{"href":"https:\/\/teststeder.regjeringen.no\/designdep\/wp-json\/wp\/v2\/media?parent=5062"}],"curies":[{"name":"wp","href":"https:\/\/api.w.org\/{rel}","templated":true}]}}