{"id":5291,"date":"2025-01-16T14:32:44","date_gmt":"2025-01-16T13:32:44","guid":{"rendered":"https:\/\/nettsteder.regjeringen.no\/designdep\/?page_id=5291"},"modified":"2025-02-05T14:05:31","modified_gmt":"2025-02-05T13:05:31","slug":"foto-illustrasjonerog-ikoner","status":"publish","type":"page","link":"https:\/\/teststeder.regjeringen.no\/designdep\/felles-designprogram\/foto-illustrasjonerog-ikoner\/","title":{"rendered":"Foto, illustrasjoner og ikoner"},"content":{"rendered":"\n<div class=\"wp-block-columns alignwide is-layout-flex wp-container-core-columns-is-layout-9d6595d7 wp-block-columns-is-layout-flex\">\n<div class=\"wp-block-column is-layout-flow wp-block-column-is-layout-flow\" style=\"flex-basis:700px\"><p class=\"t2-ingress wp-block-t2-ingress\">Det er per i dag ingen felles innkj\u00f8psordning\/lisens for kj\u00f8p av foto, illustrasjoner og ikoner for departementene. <\/p><\/div>\n<\/div>\n\n\n<div class=\"t2-accordion wp-block-t2-accordion\" data-allow-multiple=\"1\" role=\"list\">\n<div class=\"t2-accordion-item wp-block-t2-accordion-item\" role=\"listitem\">\n\t\t\t<h2 class=\"t2-accordion-title\">\n\t\t\t\t<button type=\"button\" class=\"t2-accordion-trigger\" id=\"foto-og-illlustrasjoner\" aria-controls=\"accordion-panel\" aria-expanded=\"false\">\n\t\t\t\t\tFoto og illlustrasjoner\n\t\t\t\t\t<span class=\"t2-accordion-icon is-closed-icon\"><svg xmlns=\"http:\/\/www.w3.org\/2000\/svg\" viewBox=\"0 0 24 24\" height=\"24\" width=\"24\" class=\"t2-icon t2-icon-addcircle\" aria-hidden=\"true\" focusable=\"false\"><path d=\"M16.5 11.2h-3.8V7.5c0-.4-.3-.8-.8-.8s-.8.3-.8.8v3.8H7.5c-.4 0-.8.3-.8.8s.3.8.8.8h3.8v3.8c0 .4.3.8.8.8s.8-.3.8-.8v-3.8h3.8c.4 0 .8-.3.8-.8s-.6-.9-1-.9z\"\/><path d=\"M12 24C5.4 24 0 18.6 0 12S5.4 0 12 0s12 5.4 12 12-5.4 12-12 12zm0-22.5C6.2 1.5 1.5 6.2 1.5 12S6.2 22.5 12 22.5 22.5 17.8 22.5 12 17.8 1.5 12 1.5z\"\/><\/svg><\/span>\n\t\t\t\t\t<span class=\"t2-accordion-icon is-open-icon\"><svg xmlns=\"http:\/\/www.w3.org\/2000\/svg\" viewBox=\"0 0 24 24\" height=\"24\" width=\"24\" class=\"t2-icon t2-icon-removecircle\" aria-hidden=\"true\" focusable=\"false\"><path d=\"M15.7 8.3c-.3-.3-.8-.3-1.1 0L12 10.9 9.4 8.3c-.3-.3-.8-.3-1.1 0s-.3.8 0 1.1l2.6 2.6-2.6 2.6c-.3.3-.3.8 0 1.1.1.1.3.2.5.2s.4-.1.5-.2l2.6-2.6 2.6 2.6c.1.1.3.2.5.2s.4-.1.5-.2c.3-.3.3-.8 0-1.1L13.1 12l2.6-2.6c.3-.3.3-.8 0-1.1z\"\/><path d=\"M20.5 3.5c-4.7-4.7-12.3-4.7-17 0-4.7 4.7-4.7 12.3 0 17C5.9 22.8 8.9 24 12 24c3.1 0 6.1-1.2 8.5-3.5 4.7-4.7 4.7-12.3 0-17zm-1.1 15.9c-4.1 4.1-10.8 4.1-14.8 0C.5 15.3.5 8.6 4.6 4.6c2-2 4.7-3.1 7.4-3.1s5.4 1 7.4 3.1c4.1 4.1 4.1 10.7 0 14.8z\"\/><\/svg><\/span>\n\t\t\t\t<\/button>\n\t\t\t<\/h2>\n\t\t\t<div class=\"t2-accordion-item__inner-container is-layout-flow\" id=\"accordion-panel\" aria-labelledby=\"foto-og-illlustrasjoner\" role=\"region\" hidden>\n\t\t\t\t\n\n<p>Mange av departementene har implementert egen fotostil i sin supplerende designprofil og har egne avtaler med bildebyr\u00e5er. <br>DSS jobber med en felles innkj\u00f8psordning\/lisens for kj\u00f8p av bilder for departementene. Denne vil v\u00e6re klar i l\u00f8pet 2025.<\/p>\n\n\n\n<p>I mellomtiden, bruk gjerne <a href=\"https:\/\/intra.dep.no\/depweb\/tjenester\/nettsteder\/intranett-for-departementene\/intranett-dokumentasjon-og-veiledninger\/hvor-kan-jeg-finne-bilder\/id453616\/\">Bildebaser | Depweb \u2013 tjenester fra DSS og DIO<\/a><\/p>\n\n\n\n<p>Lagring av bilder skjer internt i hvert departement, eller s\u00e5 kan&nbsp;<a href=\"http:\/\/dep2print.u.dep.no\/login.aspx?ReturnUrl=%2fcategorynav.aspx\">DepMedias mediarkiv<\/a>&nbsp;benyttes.<\/p>\n\n\n\n<h4 class=\"wp-block-heading\">Sjekkliste for&nbsp;bildebruk<\/h4>\n\n\n\n<ol class=\"wp-block-list is-layout-flow wp-block-list-is-layout-flow\">\n<li>Bildet har en funksjon for innholdet&nbsp;og st\u00f8tter teksten det handler om<\/li>\n\n\n\n<li>Det er god&nbsp;kontrast mellom foto\/illustrasjon og tekst, ev. profilelementer<\/li>\n\n\n\n<li>Bildet er av god kvalitet og tilpasset trykk eller web&nbsp; (300 dpi til trykk og 72 dpi til web)<\/li>\n\n\n\n<li>Opphavsrett er avklart<\/li>\n\n\n\n<li>Bildet krediteres:&nbsp;\u00a9Fotograf, bildebyr\u00e5<\/li>\n\n\n\n<li>P\u00e5 digitale medier&nbsp;m\u00e5 bildet ha alternativ tekst<\/li>\n<\/ol>\n\n\n\n<p><a href=\"https:\/\/www.datatilsynet.no\/personvern-pa-ulike-omrader\/internett-og-apper\/bilder-pa-nett\/\">Deling av bilder (Datatilsynet)<\/a><\/p>\n\n\n\n<p><a href=\"https:\/\/www.regjeringen.no\/no\/om-nettstedet\/bruk-av-bilder-og-videomateriale\/id2715005\/\">Bruks- og opphavsrett for bilder og videomateriale p\u00e5 regjeringen.no<\/a><\/p>\n\n\n\n<p>Tjenesten&nbsp;<a href=\"mailto:designogpublisering@dss.dep.no\">Design og publisering<\/a>&nbsp;forvalter rammeavtaler for departementene som omfatter kj\u00f8p av illustrasjons- og fototjenester.<\/p>\n\n\n\t\t\t<\/div>\n\t\t<\/div>\n\n<div class=\"t2-accordion-item wp-block-t2-accordion-item\" role=\"listitem\">\n\t\t\t<h2 class=\"t2-accordion-title\">\n\t\t\t\t<button type=\"button\" class=\"t2-accordion-trigger\" id=\"ikoner\" aria-controls=\"accordion-panel-1\" aria-expanded=\"false\">\n\t\t\t\t\tIkoner\n\t\t\t\t\t<span class=\"t2-accordion-icon is-closed-icon\"><svg xmlns=\"http:\/\/www.w3.org\/2000\/svg\" viewBox=\"0 0 24 24\" height=\"24\" width=\"24\" class=\"t2-icon t2-icon-addcircle\" aria-hidden=\"true\" focusable=\"false\"><path d=\"M16.5 11.2h-3.8V7.5c0-.4-.3-.8-.8-.8s-.8.3-.8.8v3.8H7.5c-.4 0-.8.3-.8.8s.3.8.8.8h3.8v3.8c0 .4.3.8.8.8s.8-.3.8-.8v-3.8h3.8c.4 0 .8-.3.8-.8s-.6-.9-1-.9z\"\/><path d=\"M12 24C5.4 24 0 18.6 0 12S5.4 0 12 0s12 5.4 12 12-5.4 12-12 12zm0-22.5C6.2 1.5 1.5 6.2 1.5 12S6.2 22.5 12 22.5 22.5 17.8 22.5 12 17.8 1.5 12 1.5z\"\/><\/svg><\/span>\n\t\t\t\t\t<span class=\"t2-accordion-icon is-open-icon\"><svg xmlns=\"http:\/\/www.w3.org\/2000\/svg\" viewBox=\"0 0 24 24\" height=\"24\" width=\"24\" class=\"t2-icon t2-icon-removecircle\" aria-hidden=\"true\" focusable=\"false\"><path d=\"M15.7 8.3c-.3-.3-.8-.3-1.1 0L12 10.9 9.4 8.3c-.3-.3-.8-.3-1.1 0s-.3.8 0 1.1l2.6 2.6-2.6 2.6c-.3.3-.3.8 0 1.1.1.1.3.2.5.2s.4-.1.5-.2l2.6-2.6 2.6 2.6c.1.1.3.2.5.2s.4-.1.5-.2c.3-.3.3-.8 0-1.1L13.1 12l2.6-2.6c.3-.3.3-.8 0-1.1z\"\/><path d=\"M20.5 3.5c-4.7-4.7-12.3-4.7-17 0-4.7 4.7-4.7 12.3 0 17C5.9 22.8 8.9 24 12 24c3.1 0 6.1-1.2 8.5-3.5 4.7-4.7 4.7-12.3 0-17zm-1.1 15.9c-4.1 4.1-10.8 4.1-14.8 0C.5 15.3.5 8.6 4.6 4.6c2-2 4.7-3.1 7.4-3.1s5.4 1 7.4 3.1c4.1 4.1 4.1 10.7 0 14.8z\"\/><\/svg><\/span>\n\t\t\t\t<\/button>\n\t\t\t<\/h2>\n\t\t\t<div class=\"t2-accordion-item__inner-container is-layout-flow\" id=\"accordion-panel-1\" aria-labelledby=\"ikoner\" role=\"region\" hidden>\n\t\t\t\t\n\n<p>Flere departement har implementert egenutviklede ikoner i sin supplerende designprofil.<\/p>\n\n\n\n<p><strong>Microsoft<\/strong>&nbsp;tilbyr et stort utvalg ikoner i Word og PowerPoint. Under fanen&nbsp;<strong>Sett inn<\/strong>, klikk p\u00e5&nbsp;<strong>Ikoner.&nbsp;<\/strong>For \u00e5 benytte ikonet i andre applikasjoner, h\u00f8yreklikk p\u00e5 ikonet i Ppt eller Word og velg&nbsp;<strong>lagre som bilde<\/strong>&nbsp;png eller jpg.<\/p>\n\n\n\n<figure class=\"wp-block-image size-full\"><img loading=\"lazy\" decoding=\"async\" width=\"848\" height=\"195\" src=\"https:\/\/files.teststeder.regjeringen.no\/wpuploads01\/sites\/561\/2025\/01\/image.png\" alt=\"Dette bildet mangler alt-tekst; dets filnavn er ikoner-ppt.png\" class=\"wp-image-5554\" srcset=\"https:\/\/files.teststeder.regjeringen.no\/wpuploads01\/sites\/561\/2025\/01\/image.png 848w, https:\/\/files.teststeder.regjeringen.no\/wpuploads01\/sites\/561\/2025\/01\/image-300x69.png 300w, https:\/\/files.teststeder.regjeringen.no\/wpuploads01\/sites\/561\/2025\/01\/image-768x177.png 768w\" sizes=\"auto, (max-width: 848px) 100vw, 848px\" \/><\/figure>\n\n\n\n<p>DSS kan ogs\u00e5 bist\u00e5 med ikoner om du ikke finner relevant ikon i Microsofts oversikt. Se&nbsp;<a href=\"https:\/\/files.teststeder.regjeringen.no\/wpuploads01\/sites\/561\/2025\/01\/Icons-oversikt.pdf\">DSS ikoner<\/a>.<\/p>\n\n\n\t\t\t<\/div>\n\t\t<\/div>\n<\/div>","protected":false},"excerpt":{"rendered":"","protected":false},"author":357,"featured_media":0,"parent":4472,"menu_order":0,"comment_status":"closed","ping_status":"closed","template":"","meta":{"dss_simple_post_excerpt":"De fleste departementene har disse visuelle elementene implementert i egen  supplerende designprofil. \nAlternativt kan disse forslagene benyttes.","dss_show_breadcrumbs":false,"dss_show_featured_image":true,"dss_show_title":false,"footnotes":""},"class_list":["post-5291","page","type-page","status-publish","hentry"],"language":"nb-NO","_links":{"self":[{"href":"https:\/\/teststeder.regjeringen.no\/designdep\/wp-json\/wp\/v2\/pages\/5291","targetHints":{"allow":["GET"]}}],"collection":[{"href":"https:\/\/teststeder.regjeringen.no\/designdep\/wp-json\/wp\/v2\/pages"}],"about":[{"href":"https:\/\/teststeder.regjeringen.no\/designdep\/wp-json\/wp\/v2\/types\/page"}],"author":[{"embeddable":true,"href":"https:\/\/teststeder.regjeringen.no\/designdep\/wp-json\/wp\/v2\/users\/357"}],"replies":[{"embeddable":true,"href":"https:\/\/teststeder.regjeringen.no\/designdep\/wp-json\/wp\/v2\/comments?post=5291"}],"version-history":[{"count":3,"href":"https:\/\/teststeder.regjeringen.no\/designdep\/wp-json\/wp\/v2\/pages\/5291\/revisions"}],"predecessor-version":[{"id":5556,"href":"https:\/\/teststeder.regjeringen.no\/designdep\/wp-json\/wp\/v2\/pages\/5291\/revisions\/5556"}],"up":[{"embeddable":true,"href":"https:\/\/teststeder.regjeringen.no\/designdep\/wp-json\/wp\/v2\/pages\/4472"}],"wp:attachment":[{"href":"https:\/\/teststeder.regjeringen.no\/designdep\/wp-json\/wp\/v2\/media?parent=5291"}],"curies":[{"name":"wp","href":"https:\/\/api.w.org\/{rel}","templated":true}]}}