{"id":5680,"date":"2025-02-04T11:01:44","date_gmt":"2025-02-04T10:01:44","guid":{"rendered":"https:\/\/nettsteder.regjeringen.no\/designdep\/?page_id=5680"},"modified":"2025-02-12T15:41:15","modified_gmt":"2025-02-12T14:41:15","slug":"profileringsprodukter","status":"publish","type":"page","link":"https:\/\/teststeder.regjeringen.no\/designdep\/maler\/profileringsprodukter\/","title":{"rendered":"Profileringsprodukter"},"content":{"rendered":"\n<div class=\"wp-block-group alignwide is-content-justification-left is-layout-constrained wp-container-core-group-is-layout-8c890d92 wp-block-group-is-layout-constrained\">\n<h2 class=\"wp-block-heading\">Profileringsprodukter<\/h2>\n\n\n\n<p style=\"font-size:clamp(14px, 0.875rem + ((1vw - 3.2px) * 0.741), 20px);\">Av sikkerhetshensyn, kan det v\u00e6re n\u00f8dvendig  \u00e5 vurdere bruk av departementslogo p\u00e5 kl\u00e6r og profileringsprodukter.  <\/p>\n\n\n\n<p><a href=\"mailto:Brukerservice@dio.dep.no\">Kontakt Support for veiledning<\/a><\/p>\n<\/div>\n\n\n\n<div class=\"wp-block-group is-layout-constrained wp-block-group-is-layout-constrained\">\n<div class=\"wp-block-group is-layout-constrained wp-block-group-is-layout-constrained\">\n<h3 class=\"wp-block-heading\">EKSTERN MERCHANDISE<\/h3>\n\n\n\n<p>N\u00e5r departementet bestiller profileringsprodukter til ekstern bruk er det viktig \u00e5 tenke over m\u00e5lgruppe og bruksomr\u00e5de.  Det anbefales \u00e5 bruke departementets supplerende designprofil.<\/p>\n<\/div>\n\n\n\n<div class=\"wp-block-group is-nowrap is-layout-flex wp-container-core-group-is-layout-ad2f72ca wp-block-group-is-layout-flex\">\n<figure class=\"wp-block-image size-full is-resized\"><img loading=\"lazy\" decoding=\"async\" width=\"477\" height=\"621\" src=\"https:\/\/files.teststeder.regjeringen.no\/wpuploads01\/sites\/561\/2025\/02\/DFD-genser.png\" alt=\"\" class=\"wp-image-5687\" style=\"aspect-ratio:0.7681159420289855;width:168px;height:auto\" srcset=\"https:\/\/files.teststeder.regjeringen.no\/wpuploads01\/sites\/561\/2025\/02\/DFD-genser.png 477w, https:\/\/files.teststeder.regjeringen.no\/wpuploads01\/sites\/561\/2025\/02\/DFD-genser-230x300.png 230w\" sizes=\"auto, (max-width: 477px) 100vw, 477px\" \/><figcaption class=\"wp-element-caption\">Eksempel p\u00e5 bruk av DFDs designprofil p\u00e5 produkter til ekstern bruk<\/figcaption><\/figure>\n\n\n\n<figure class=\"wp-block-image size-full is-resized\"><img loading=\"lazy\" decoding=\"async\" width=\"481\" height=\"444\" src=\"https:\/\/files.teststeder.regjeringen.no\/wpuploads01\/sites\/561\/2025\/02\/DFD-merchandise.png\" alt=\"\" class=\"wp-image-5688\" style=\"aspect-ratio:1.0833333333333333;width:304px;height:auto\" srcset=\"https:\/\/files.teststeder.regjeringen.no\/wpuploads01\/sites\/561\/2025\/02\/DFD-merchandise.png 481w, https:\/\/files.teststeder.regjeringen.no\/wpuploads01\/sites\/561\/2025\/02\/DFD-merchandise-300x277.png 300w\" sizes=\"auto, (max-width: 481px) 100vw, 481px\" \/><\/figure>\n<\/div>\n<\/div>\n\n\n\n<div class=\"wp-block-group is-layout-constrained wp-block-group-is-layout-constrained\">\n<div class=\"wp-block-group is-layout-constrained wp-block-group-is-layout-constrained\">\n<h3 class=\"wp-block-heading\">INTERN  MERCHANDISE<\/h3>\n\n\n\n<p>For intern bruk kan standardlogo benyttes p\u00e5 profileringsprodukter. <em>Formell logo eller riksv\u00e5pen skal ikke brukes.<\/em> Logo m\u00e5 tilpasses hvert enkelt produkt og plasseres hensiktsmessig med god kontrast til underlag og bakgrunnsfarge.<\/p>\n<\/div>\n\n\n\n<div class=\"wp-block-group is-nowrap is-layout-flex wp-container-core-group-is-layout-ad2f72ca wp-block-group-is-layout-flex\">\n<figure class=\"wp-block-image size-full is-resized\"><img loading=\"lazy\" decoding=\"async\" width=\"492\" height=\"369\" src=\"https:\/\/files.teststeder.regjeringen.no\/wpuploads01\/sites\/561\/2025\/02\/kopp-800x369-1-edited.jpg\" alt=\"\" class=\"wp-image-5696\" style=\"aspect-ratio:1.3333333333333333;width:407px;height:auto\" srcset=\"https:\/\/files.teststeder.regjeringen.no\/wpuploads01\/sites\/561\/2025\/02\/kopp-800x369-1-edited.jpg 492w, https:\/\/files.teststeder.regjeringen.no\/wpuploads01\/sites\/561\/2025\/02\/kopp-800x369-1-edited-300x225.jpg 300w\" sizes=\"auto, (max-width: 492px) 100vw, 492px\" \/><figcaption class=\"wp-element-caption\">Eksempler p\u00e5 produkter med standardlogo til intern bruk. <\/figcaption><\/figure>\n<\/div>\n<\/div>\n\n\n\n<p><\/p>\n","protected":false},"excerpt":{"rendered":"<p>Profileringsprodukter Av sikkerhetshensyn, kan det v\u00e6re n\u00f8dvendig \u00e5 vurdere bruk av departementslogo p\u00e5 kl\u00e6r og profileringsprodukter. Kontakt Support for veiledning EKSTERN MERCHANDISE N\u00e5r departementet bestiller profileringsprodukter til ekstern bruk er det viktig \u00e5 tenke over m\u00e5lgruppe og bruksomr\u00e5de. Det anbefales \u00e5 bruke departementets supplerende designprofil. INTERN MERCHANDISE For intern bruk kan standardlogo benyttes p\u00e5 profileringsprodukter.\u2026<\/p>\n","protected":false},"author":357,"featured_media":0,"parent":1244,"menu_order":0,"comment_status":"closed","ping_status":"closed","template":"","meta":{"dss_simple_post_excerpt":"","dss_show_breadcrumbs":true,"dss_show_featured_image":true,"dss_show_title":true,"footnotes":""},"class_list":["post-5680","page","type-page","status-publish","hentry"],"language":"nb-NO","_links":{"self":[{"href":"https:\/\/teststeder.regjeringen.no\/designdep\/wp-json\/wp\/v2\/pages\/5680","targetHints":{"allow":["GET"]}}],"collection":[{"href":"https:\/\/teststeder.regjeringen.no\/designdep\/wp-json\/wp\/v2\/pages"}],"about":[{"href":"https:\/\/teststeder.regjeringen.no\/designdep\/wp-json\/wp\/v2\/types\/page"}],"author":[{"embeddable":true,"href":"https:\/\/teststeder.regjeringen.no\/designdep\/wp-json\/wp\/v2\/users\/357"}],"replies":[{"embeddable":true,"href":"https:\/\/teststeder.regjeringen.no\/designdep\/wp-json\/wp\/v2\/comments?post=5680"}],"version-history":[{"count":2,"href":"https:\/\/teststeder.regjeringen.no\/designdep\/wp-json\/wp\/v2\/pages\/5680\/revisions"}],"predecessor-version":[{"id":6284,"href":"https:\/\/teststeder.regjeringen.no\/designdep\/wp-json\/wp\/v2\/pages\/5680\/revisions\/6284"}],"up":[{"embeddable":true,"href":"https:\/\/teststeder.regjeringen.no\/designdep\/wp-json\/wp\/v2\/pages\/1244"}],"wp:attachment":[{"href":"https:\/\/teststeder.regjeringen.no\/designdep\/wp-json\/wp\/v2\/media?parent=5680"}],"curies":[{"name":"wp","href":"https:\/\/api.w.org\/{rel}","templated":true}]}}