{"id":5746,"date":"2025-02-05T14:15:31","date_gmt":"2025-02-05T13:15:31","guid":{"rendered":"https:\/\/nettsteder.regjeringen.no\/designdep\/?page_id=5746"},"modified":"2025-04-23T13:02:10","modified_gmt":"2025-04-23T11:02:10","slug":"pressevegg","status":"publish","type":"page","link":"https:\/\/teststeder.regjeringen.no\/designdep\/maler\/pressevegg\/","title":{"rendered":"Pressevegg"},"content":{"rendered":"\n<div class=\"wp-block-group alignwide is-content-justification-left is-layout-constrained wp-container-core-group-is-layout-8c890d92 wp-block-group-is-layout-constrained\">\n<h2 class=\"wp-block-heading\">Pressevegg<\/h2>\n\n\n\n<p style=\"font-size:clamp(14px, 0.875rem + ((1vw - 3.2px) * 0.741), 20px);\">DSS lager pressevegg (backdrop, bakvegg) etter egen mal og fargeprofil. Pressevegg-designet kan ikke overf\u00f8res til andre produkter. <\/p>\n\n\n\n<p>DSS kan ogs\u00e5 bist\u00e5 med design og produksjon til andre behov.<\/p>\n\n\n\n<p><a href=\"https:\/\/support.dep.no\/dio?id=dss_index\">Kontakt Support for bestilling<\/a><\/p>\n\n\n\n<p>Se ogs\u00e5 digital pressevegg: <a href=\"https:\/\/teststeder.regjeringen.no\/designdep\/felles-designprogram\/overordnede-foringer\/maler\/teamsbakgrunn\/\">Teams-bakgrunn<\/a><\/p>\n\n\n\n<figure class=\"wp-block-image size-large\"><img loading=\"lazy\" decoding=\"async\" width=\"1024\" height=\"576\" src=\"https:\/\/files.teststeder.regjeringen.no\/wpuploads01\/sites\/561\/2025\/02\/2560_1440_DEP-1024x576.png\" alt=\"\" class=\"wp-image-5753\" srcset=\"https:\/\/files.teststeder.regjeringen.no\/wpuploads01\/sites\/561\/2025\/02\/2560_1440_DEP-1024x576.png 1024w, https:\/\/files.teststeder.regjeringen.no\/wpuploads01\/sites\/561\/2025\/02\/2560_1440_DEP-300x169.png 300w, https:\/\/files.teststeder.regjeringen.no\/wpuploads01\/sites\/561\/2025\/02\/2560_1440_DEP-768x432.png 768w, https:\/\/files.teststeder.regjeringen.no\/wpuploads01\/sites\/561\/2025\/02\/2560_1440_DEP-1536x864.png 1536w, https:\/\/files.teststeder.regjeringen.no\/wpuploads01\/sites\/561\/2025\/02\/2560_1440_DEP-2048x1152.png 2048w\" sizes=\"auto, (max-width: 1024px) 100vw, 1024px\" \/><\/figure>\n<\/div>\n","protected":false},"excerpt":{"rendered":"<p>Pressevegg DSS lager pressevegg (backdrop, bakvegg) etter egen mal og fargeprofil. Pressevegg-designet kan ikke overf\u00f8res til andre produkter. DSS kan ogs\u00e5 bist\u00e5 med design og produksjon til andre behov. Kontakt Support for bestilling Se ogs\u00e5 digital pressevegg: Teams-bakgrunn<\/p>\n","protected":false},"author":357,"featured_media":0,"parent":1244,"menu_order":0,"comment_status":"closed","ping_status":"closed","template":"","meta":{"dss_simple_post_excerpt":"","dss_show_breadcrumbs":true,"dss_show_featured_image":true,"dss_show_title":true,"footnotes":""},"class_list":["post-5746","page","type-page","status-publish","hentry"],"language":"nb-NO","_links":{"self":[{"href":"https:\/\/teststeder.regjeringen.no\/designdep\/wp-json\/wp\/v2\/pages\/5746","targetHints":{"allow":["GET"]}}],"collection":[{"href":"https:\/\/teststeder.regjeringen.no\/designdep\/wp-json\/wp\/v2\/pages"}],"about":[{"href":"https:\/\/teststeder.regjeringen.no\/designdep\/wp-json\/wp\/v2\/types\/page"}],"author":[{"embeddable":true,"href":"https:\/\/teststeder.regjeringen.no\/designdep\/wp-json\/wp\/v2\/users\/357"}],"replies":[{"embeddable":true,"href":"https:\/\/teststeder.regjeringen.no\/designdep\/wp-json\/wp\/v2\/comments?post=5746"}],"version-history":[{"count":3,"href":"https:\/\/teststeder.regjeringen.no\/designdep\/wp-json\/wp\/v2\/pages\/5746\/revisions"}],"predecessor-version":[{"id":7162,"href":"https:\/\/teststeder.regjeringen.no\/designdep\/wp-json\/wp\/v2\/pages\/5746\/revisions\/7162"}],"up":[{"embeddable":true,"href":"https:\/\/teststeder.regjeringen.no\/designdep\/wp-json\/wp\/v2\/pages\/1244"}],"wp:attachment":[{"href":"https:\/\/teststeder.regjeringen.no\/designdep\/wp-json\/wp\/v2\/media?parent=5746"}],"curies":[{"name":"wp","href":"https:\/\/api.w.org\/{rel}","templated":true}]}}