{"id":5770,"date":"2025-02-05T15:17:23","date_gmt":"2025-02-05T14:17:23","guid":{"rendered":"https:\/\/nettsteder.regjeringen.no\/designdep\/?page_id=5770"},"modified":"2025-02-13T08:15:04","modified_gmt":"2025-02-13T07:15:04","slug":"rollup","status":"publish","type":"page","link":"https:\/\/teststeder.regjeringen.no\/designdep\/maler\/rollup\/","title":{"rendered":"Rollup"},"content":{"rendered":"\n<div class=\"wp-block-group alignwide is-layout-constrained wp-block-group-is-layout-constrained\">\n<h2 class=\"wp-block-heading alignwide\">Rollup<\/h2>\n\n\n\n<div class=\"wp-block-group alignwide is-content-justification-left is-layout-constrained wp-container-core-group-is-layout-8c890d92 wp-block-group-is-layout-constrained\"><p class=\"t2-ingress wp-block-t2-ingress\">DSS lager roll-ups p\u00e5 bestilling. Ta kontakt med\u00a0<a href=\"https:\/\/intra.dep.no\/depweb\/tjenester\/design-og-trykk\/depmedia\/id7303\/\">DepMedia<\/a>\u00a0for oversikt over pris og levering.<\/p>\n\n\n<p><\/p>\n<\/div>\n<\/div>\n\n\n\n<p><strong>Format:<\/strong>  85\u00d7200 cm.<br><br><strong>Logo:<\/strong> Dersom selve l\u00f8ven i logoen er skalert til 50 mm x 60 mm vil logoen v\u00e6re i korrekt st\u00f8rrelse. S\u00f8rg for god kontrast mellom logo og bakgrunn. Se illustrasjonen under for korrekt plassering av logoen. <\/p>\n\n\n\n<p><strong>Layout:<\/strong> Hovedflaten kan best\u00e5 av (utfallende) bilde, bilde med profilelement eller bare profilelement. Tekstst\u00f8rrelse og plassering kan fritt tilpasses \u00f8vrig innhold. <\/p>\n\n\n\n<p><strong>Font:<\/strong> Open Sans, valgfritt snitt<\/p>\n\n\n\n<figure class=\"wp-block-image size-full is-resized\"><a href=\"https:\/\/files.teststeder.regjeringen.no\/wpuploads01\/sites\/561\/2025\/02\/generell-rollups.jpg\"><img loading=\"lazy\" decoding=\"async\" width=\"687\" height=\"794\" src=\"https:\/\/files.teststeder.regjeringen.no\/wpuploads01\/sites\/561\/2025\/02\/generell-rollups.jpg\" alt=\"\" class=\"wp-image-5775\" style=\"aspect-ratio:0.8652392947103275;width:456px;height:auto\" srcset=\"https:\/\/files.teststeder.regjeringen.no\/wpuploads01\/sites\/561\/2025\/02\/generell-rollups.jpg 687w, https:\/\/files.teststeder.regjeringen.no\/wpuploads01\/sites\/561\/2025\/02\/generell-rollups-260x300.jpg 260w\" sizes=\"auto, (max-width: 687px) 100vw, 687px\" \/><\/a><figcaption class=\"wp-element-caption\">Eksempler p\u00e5 korrekt plassering av logo<\/figcaption><\/figure>\n\n\n\n<div class=\"wp-block-group alignwide is-layout-constrained wp-block-group-is-layout-constrained\">\n<h3 class=\"wp-block-heading alignwide\">Eksempler p\u00e5 rollups<\/h3>\n\n\n\n<div class=\"wp-block-columns alignwide is-layout-flex wp-container-core-columns-is-layout-9d6595d7 wp-block-columns-is-layout-flex\">\n<div class=\"wp-block-column is-layout-flow wp-block-column-is-layout-flow\" style=\"flex-basis:66.66%\">\n<figure class=\"wp-block-image size-full\"><img loading=\"lazy\" decoding=\"async\" width=\"800\" height=\"401\" src=\"https:\/\/files.teststeder.regjeringen.no\/wpuploads01\/sites\/561\/2025\/02\/rollups-KDD.jpg\" alt=\"\" class=\"wp-image-5774\" srcset=\"https:\/\/files.teststeder.regjeringen.no\/wpuploads01\/sites\/561\/2025\/02\/rollups-KDD.jpg 800w, https:\/\/files.teststeder.regjeringen.no\/wpuploads01\/sites\/561\/2025\/02\/rollups-KDD-300x150.jpg 300w, https:\/\/files.teststeder.regjeringen.no\/wpuploads01\/sites\/561\/2025\/02\/rollups-KDD-768x385.jpg 768w\" sizes=\"auto, (max-width: 800px) 100vw, 800px\" \/><\/figure>\n<\/div>\n\n\n\n<div class=\"wp-block-column is-layout-flow wp-block-column-is-layout-flow\" style=\"flex-basis:33.33%\">\n<figure class=\"wp-block-image size-full is-resized\"><img loading=\"lazy\" decoding=\"async\" width=\"777\" height=\"801\" src=\"https:\/\/files.teststeder.regjeringen.no\/wpuploads01\/sites\/561\/2025\/02\/DFD-rollup.png\" alt=\"\" class=\"wp-image-5773\" style=\"aspect-ratio:0.9700374531835206;width:354px;height:auto\" srcset=\"https:\/\/files.teststeder.regjeringen.no\/wpuploads01\/sites\/561\/2025\/02\/DFD-rollup.png 777w, https:\/\/files.teststeder.regjeringen.no\/wpuploads01\/sites\/561\/2025\/02\/DFD-rollup-291x300.png 291w, https:\/\/files.teststeder.regjeringen.no\/wpuploads01\/sites\/561\/2025\/02\/DFD-rollup-768x792.png 768w\" sizes=\"auto, (max-width: 777px) 100vw, 777px\" \/><\/figure>\n<\/div>\n<\/div>\n<\/div>\n\n\n\n<p><\/p>\n","protected":false},"excerpt":{"rendered":"<p>Rollup Format: 85\u00d7200 cm. Logo: Dersom selve l\u00f8ven i logoen er skalert til 50 mm x 60 mm vil logoen v\u00e6re i korrekt st\u00f8rrelse. S\u00f8rg for god kontrast mellom logo og bakgrunn. Se illustrasjonen under for korrekt plassering av logoen. Layout: Hovedflaten kan best\u00e5 av (utfallende) bilde, bilde med profilelement eller bare profilelement. Tekstst\u00f8rrelse og\u2026<\/p>\n","protected":false},"author":357,"featured_media":0,"parent":1244,"menu_order":0,"comment_status":"closed","ping_status":"closed","template":"","meta":{"dss_simple_post_excerpt":"","dss_show_breadcrumbs":true,"dss_show_featured_image":true,"dss_show_title":true,"footnotes":""},"class_list":["post-5770","page","type-page","status-publish","hentry"],"language":"nb-NO","_links":{"self":[{"href":"https:\/\/teststeder.regjeringen.no\/designdep\/wp-json\/wp\/v2\/pages\/5770","targetHints":{"allow":["GET"]}}],"collection":[{"href":"https:\/\/teststeder.regjeringen.no\/designdep\/wp-json\/wp\/v2\/pages"}],"about":[{"href":"https:\/\/teststeder.regjeringen.no\/designdep\/wp-json\/wp\/v2\/types\/page"}],"author":[{"embeddable":true,"href":"https:\/\/teststeder.regjeringen.no\/designdep\/wp-json\/wp\/v2\/users\/357"}],"replies":[{"embeddable":true,"href":"https:\/\/teststeder.regjeringen.no\/designdep\/wp-json\/wp\/v2\/comments?post=5770"}],"version-history":[{"count":3,"href":"https:\/\/teststeder.regjeringen.no\/designdep\/wp-json\/wp\/v2\/pages\/5770\/revisions"}],"predecessor-version":[{"id":6288,"href":"https:\/\/teststeder.regjeringen.no\/designdep\/wp-json\/wp\/v2\/pages\/5770\/revisions\/6288"}],"up":[{"embeddable":true,"href":"https:\/\/teststeder.regjeringen.no\/designdep\/wp-json\/wp\/v2\/pages\/1244"}],"wp:attachment":[{"href":"https:\/\/teststeder.regjeringen.no\/designdep\/wp-json\/wp\/v2\/media?parent=5770"}],"curies":[{"name":"wp","href":"https:\/\/api.w.org\/{rel}","templated":true}]}}