{"id":5948,"date":"2025-02-11T10:17:34","date_gmt":"2025-02-11T09:17:34","guid":{"rendered":"https:\/\/nettsteder.regjeringen.no\/designdep\/?page_id=5948"},"modified":"2025-02-17T13:09:36","modified_gmt":"2025-02-17T12:09:36","slug":"22-juli-senteret","status":"publish","type":"page","link":"https:\/\/teststeder.regjeringen.no\/designdep\/22-juli-senteret\/","title":{"rendered":"22.juli-senteret"},"content":{"rendered":"\n<div class=\"wp-block-media-text alignfull is-stacked-on-mobile is-image-fill lavtbanner-designdepno has-background\" style=\"background-color:#d9d7ff;min-height:200px\"><figure class=\"wp-block-media-text__media\" style=\"background-image:url(https:\/\/files.teststeder.regjeringen.no\/wpuploads01\/sites\/561\/2025\/02\/22js_banner-800x180-kopi.jpg);background-position:50% 50%\"><img loading=\"lazy\" decoding=\"async\" width=\"800\" height=\"180\" src=\"https:\/\/files.teststeder.regjeringen.no\/wpuploads01\/sites\/561\/2025\/02\/22js_banner-800x180-kopi.jpg\" alt=\"\" class=\"wp-image-5957 size-full\" srcset=\"https:\/\/files.teststeder.regjeringen.no\/wpuploads01\/sites\/561\/2025\/02\/22js_banner-800x180-kopi.jpg 800w, https:\/\/files.teststeder.regjeringen.no\/wpuploads01\/sites\/561\/2025\/02\/22js_banner-800x180-kopi-300x68.jpg 300w, https:\/\/files.teststeder.regjeringen.no\/wpuploads01\/sites\/561\/2025\/02\/22js_banner-800x180-kopi-768x173.jpg 768w\" sizes=\"auto, (max-width: 800px) 100vw, 800px\" \/><\/figure><div class=\"wp-block-media-text__content\">\n<p><\/p>\n\n\n\n<figure class=\"wp-block-image size-full is-resized\"><img loading=\"lazy\" decoding=\"async\" width=\"130\" height=\"106\" src=\"https:\/\/files.teststeder.regjeringen.no\/wpuploads01\/sites\/561\/2025\/02\/logobanner-kopi.png\" alt=\"\" class=\"wp-image-5961\" style=\"aspect-ratio:1.2264150943396226;width:97px;height:auto\"\/><\/figure>\n\n\n\n<p><\/p>\n<\/div><\/div>\n\n\n\n<div class=\"wp-block-columns alignwide has-background-100-background-color has-background is-layout-flex wp-container-core-columns-is-layout-9d6595d7 wp-block-columns-is-layout-flex\">\n<div class=\"wp-block-column is-layout-flow wp-block-column-is-layout-flow\" style=\"flex-basis:33%\">\n<p style=\"font-size:clamp(21.536px, 1.346rem + ((1vw - 3.2px) * 1.662), 35px);\">Designprofil <br>for 22.juli-senteret<\/p>\n<\/div>\n\n\n\n<div class=\"wp-block-column is-vertically-aligned-center is-layout-flow wp-block-column-is-layout-flow\" style=\"flex-basis:66.66%\">\n<p>I arbeidet med utstillingen i 22. juli-senteret var det viktig \u00e5 presentere hendelsene den 22. juli p\u00e5 en s\u00e5 n\u00f8ytral m\u00e5te som mulig. Utstillingens flater ble komponert med bruk av luft, bilder og rene tekstflater, best\u00e5ende kun av n\u00f8dvendig innhold.<\/p>\n\n\n\n<p>Senterets kommunikasjonsmateriell skal v\u00e6re n\u00f8ytralt og informativt.<\/p>\n\n\n\n<p><em>Nettsiden ferdigstilles juni 2025<\/em>.<\/p>\n<\/div>\n<\/div>\n\n\n<div class=\"t2-accordion wp-block-t2-accordion\" data-allow-multiple=\"1\" role=\"list\">\n<div class=\"t2-accordion-item wp-block-t2-accordion-item\" role=\"listitem\">\n\t\t\t<h2 class=\"t2-accordion-title\">\n\t\t\t\t<button type=\"button\" class=\"t2-accordion-trigger\" id=\"logo\" aria-controls=\"accordion-panel\" aria-expanded=\"false\">\n\t\t\t\t\tLogo\n\t\t\t\t\t<span class=\"t2-accordion-icon is-closed-icon\"><svg xmlns=\"http:\/\/www.w3.org\/2000\/svg\" viewBox=\"0 0 24 24\" height=\"24\" width=\"24\" class=\"t2-icon t2-icon-addcircle\" aria-hidden=\"true\" focusable=\"false\"><path d=\"M16.5 11.2h-3.8V7.5c0-.4-.3-.8-.8-.8s-.8.3-.8.8v3.8H7.5c-.4 0-.8.3-.8.8s.3.8.8.8h3.8v3.8c0 .4.3.8.8.8s.8-.3.8-.8v-3.8h3.8c.4 0 .8-.3.8-.8s-.6-.9-1-.9z\"\/><path d=\"M12 24C5.4 24 0 18.6 0 12S5.4 0 12 0s12 5.4 12 12-5.4 12-12 12zm0-22.5C6.2 1.5 1.5 6.2 1.5 12S6.2 22.5 12 22.5 22.5 17.8 22.5 12 17.8 1.5 12 1.5z\"\/><\/svg><\/span>\n\t\t\t\t\t<span class=\"t2-accordion-icon is-open-icon\"><svg xmlns=\"http:\/\/www.w3.org\/2000\/svg\" viewBox=\"0 0 24 24\" height=\"24\" width=\"24\" class=\"t2-icon t2-icon-removecircle\" aria-hidden=\"true\" focusable=\"false\"><path d=\"M15.7 8.3c-.3-.3-.8-.3-1.1 0L12 10.9 9.4 8.3c-.3-.3-.8-.3-1.1 0s-.3.8 0 1.1l2.6 2.6-2.6 2.6c-.3.3-.3.8 0 1.1.1.1.3.2.5.2s.4-.1.5-.2l2.6-2.6 2.6 2.6c.1.1.3.2.5.2s.4-.1.5-.2c.3-.3.3-.8 0-1.1L13.1 12l2.6-2.6c.3-.3.3-.8 0-1.1z\"\/><path d=\"M20.5 3.5c-4.7-4.7-12.3-4.7-17 0-4.7 4.7-4.7 12.3 0 17C5.9 22.8 8.9 24 12 24c3.1 0 6.1-1.2 8.5-3.5 4.7-4.7 4.7-12.3 0-17zm-1.1 15.9c-4.1 4.1-10.8 4.1-14.8 0C.5 15.3.5 8.6 4.6 4.6c2-2 4.7-3.1 7.4-3.1s5.4 1 7.4 3.1c4.1 4.1 4.1 10.7 0 14.8z\"\/><\/svg><\/span>\n\t\t\t\t<\/button>\n\t\t\t<\/h2>\n\t\t\t<div class=\"t2-accordion-item__inner-container is-layout-flow\" id=\"accordion-panel\" aria-labelledby=\"logo\" role=\"region\" hidden>\n\t\t\t\t\n\n<p>Kontakt&nbsp;<a href=\"mailto:post@22julisenteret.no\">22. juli-senteret<\/a>&nbsp;for logo.<\/p>\n\n\n\n<div class=\"wp-block-columns is-layout-flex wp-container-core-columns-is-layout-9d6595d7 wp-block-columns-is-layout-flex\">\n<div class=\"wp-block-column is-layout-flow wp-block-column-is-layout-flow\">\n<figure class=\"wp-block-image size-full\"><img decoding=\"async\" src=\"https:\/\/files.teststeder.regjeringen.no\/wpuploads01\/sites\/561\/2025\/02\/22JS-White.svg\" alt=\"\" class=\"wp-image-5951\"\/><\/figure>\n<\/div>\n\n\n\n<div class=\"wp-block-column is-layout-flow wp-block-column-is-layout-flow\">\n<figure class=\"wp-block-image size-full\"><img decoding=\"async\" src=\"https:\/\/files.teststeder.regjeringen.no\/wpuploads01\/sites\/561\/2025\/02\/22JS-White-Gray.svg\" alt=\"\" class=\"wp-image-5950\"\/><\/figure>\n<\/div>\n<\/div>\n\n\n\n<div class=\"wp-block-columns is-layout-flex wp-container-core-columns-is-layout-9d6595d7 wp-block-columns-is-layout-flex\">\n<div class=\"wp-block-column is-layout-flow wp-block-column-is-layout-flow\">\n<figure class=\"wp-block-image size-full\"><img decoding=\"async\" src=\"https:\/\/files.teststeder.regjeringen.no\/wpuploads01\/sites\/561\/2025\/02\/22JS-Black.svg\" alt=\"\" class=\"wp-image-5959\"\/><\/figure>\n<\/div>\n\n\n\n<div class=\"wp-block-column is-layout-flow wp-block-column-is-layout-flow\">\n<figure class=\"wp-block-image size-full\"><img decoding=\"async\" src=\"https:\/\/files.teststeder.regjeringen.no\/wpuploads01\/sites\/561\/2025\/02\/22JS-Black-Gray.svg\" alt=\"\" class=\"wp-image-5974\"\/><\/figure>\n<\/div>\n<\/div>\n\n\n\t\t\t<\/div>\n\t\t<\/div>\n\n<div class=\"t2-accordion-item wp-block-t2-accordion-item\" role=\"listitem\">\n\t\t\t<h2 class=\"t2-accordion-title\">\n\t\t\t\t<button type=\"button\" class=\"t2-accordion-trigger\" id=\"farger\" aria-controls=\"accordion-panel-1\" aria-expanded=\"false\">\n\t\t\t\t\tFarger\n\t\t\t\t\t<span class=\"t2-accordion-icon is-closed-icon\"><svg xmlns=\"http:\/\/www.w3.org\/2000\/svg\" viewBox=\"0 0 24 24\" height=\"24\" width=\"24\" class=\"t2-icon t2-icon-addcircle\" aria-hidden=\"true\" focusable=\"false\"><path d=\"M16.5 11.2h-3.8V7.5c0-.4-.3-.8-.8-.8s-.8.3-.8.8v3.8H7.5c-.4 0-.8.3-.8.8s.3.8.8.8h3.8v3.8c0 .4.3.8.8.8s.8-.3.8-.8v-3.8h3.8c.4 0 .8-.3.8-.8s-.6-.9-1-.9z\"\/><path d=\"M12 24C5.4 24 0 18.6 0 12S5.4 0 12 0s12 5.4 12 12-5.4 12-12 12zm0-22.5C6.2 1.5 1.5 6.2 1.5 12S6.2 22.5 12 22.5 22.5 17.8 22.5 12 17.8 1.5 12 1.5z\"\/><\/svg><\/span>\n\t\t\t\t\t<span class=\"t2-accordion-icon is-open-icon\"><svg xmlns=\"http:\/\/www.w3.org\/2000\/svg\" viewBox=\"0 0 24 24\" height=\"24\" width=\"24\" class=\"t2-icon t2-icon-removecircle\" aria-hidden=\"true\" focusable=\"false\"><path d=\"M15.7 8.3c-.3-.3-.8-.3-1.1 0L12 10.9 9.4 8.3c-.3-.3-.8-.3-1.1 0s-.3.8 0 1.1l2.6 2.6-2.6 2.6c-.3.3-.3.8 0 1.1.1.1.3.2.5.2s.4-.1.5-.2l2.6-2.6 2.6 2.6c.1.1.3.2.5.2s.4-.1.5-.2c.3-.3.3-.8 0-1.1L13.1 12l2.6-2.6c.3-.3.3-.8 0-1.1z\"\/><path d=\"M20.5 3.5c-4.7-4.7-12.3-4.7-17 0-4.7 4.7-4.7 12.3 0 17C5.9 22.8 8.9 24 12 24c3.1 0 6.1-1.2 8.5-3.5 4.7-4.7 4.7-12.3 0-17zm-1.1 15.9c-4.1 4.1-10.8 4.1-14.8 0C.5 15.3.5 8.6 4.6 4.6c2-2 4.7-3.1 7.4-3.1s5.4 1 7.4 3.1c4.1 4.1 4.1 10.7 0 14.8z\"\/><\/svg><\/span>\n\t\t\t\t<\/button>\n\t\t\t<\/h2>\n\t\t\t<div class=\"t2-accordion-item__inner-container is-layout-flow\" id=\"accordion-panel-1\" aria-labelledby=\"farger\" role=\"region\" hidden>\n\t\t\t\t\n\n<p class=\"has-black-background-color has-background\">Black #1D1D1B<\/p>\n\n\n\n<p class=\"has-white-color has-text-color has-background\" style=\"background-color:#898a8d\">Grey #898A8D<\/p>\n\n\n\n<p class=\"has-white-background-color has-background\">White #FFFFFF<\/p>\n\n\n\n<p class=\"has-background\" style=\"background-color:#f7f7fa\">Grey Purple #F7F7Fa<\/p>\n\n\n\n<p class=\"has-black-color has-text-color has-background\" style=\"background-color:#efeffa\">Cold Lavendel #EFEFFA<\/p>\n\n\n\n<p class=\"has-white-color has-text-color has-background\" style=\"background-color:#9980fa\">Purple #99980FA<\/p>\n\n\n\n<p class=\"has-white-color has-text-color has-background\" style=\"background-color:#764dea\">Electric Purple #764DEA<\/p>\n\n\n\n<p class=\"has-white-color has-text-color has-background\" style=\"background-color:#4c238e\">Dark Purple #4C238E<\/p>\n\n\n\t\t\t<\/div>\n\t\t<\/div>\n\n<div class=\"t2-accordion-item wp-block-t2-accordion-item\" role=\"listitem\">\n\t\t\t<h2 class=\"t2-accordion-title\">\n\t\t\t\t<button type=\"button\" class=\"t2-accordion-trigger\" id=\"typografi\" aria-controls=\"accordion-panel-2\" aria-expanded=\"false\">\n\t\t\t\t\tTypografi\n\t\t\t\t\t<span class=\"t2-accordion-icon is-closed-icon\"><svg xmlns=\"http:\/\/www.w3.org\/2000\/svg\" viewBox=\"0 0 24 24\" height=\"24\" width=\"24\" class=\"t2-icon t2-icon-addcircle\" aria-hidden=\"true\" focusable=\"false\"><path d=\"M16.5 11.2h-3.8V7.5c0-.4-.3-.8-.8-.8s-.8.3-.8.8v3.8H7.5c-.4 0-.8.3-.8.8s.3.8.8.8h3.8v3.8c0 .4.3.8.8.8s.8-.3.8-.8v-3.8h3.8c.4 0 .8-.3.8-.8s-.6-.9-1-.9z\"\/><path d=\"M12 24C5.4 24 0 18.6 0 12S5.4 0 12 0s12 5.4 12 12-5.4 12-12 12zm0-22.5C6.2 1.5 1.5 6.2 1.5 12S6.2 22.5 12 22.5 22.5 17.8 22.5 12 17.8 1.5 12 1.5z\"\/><\/svg><\/span>\n\t\t\t\t\t<span class=\"t2-accordion-icon is-open-icon\"><svg xmlns=\"http:\/\/www.w3.org\/2000\/svg\" viewBox=\"0 0 24 24\" height=\"24\" width=\"24\" class=\"t2-icon t2-icon-removecircle\" aria-hidden=\"true\" focusable=\"false\"><path d=\"M15.7 8.3c-.3-.3-.8-.3-1.1 0L12 10.9 9.4 8.3c-.3-.3-.8-.3-1.1 0s-.3.8 0 1.1l2.6 2.6-2.6 2.6c-.3.3-.3.8 0 1.1.1.1.3.2.5.2s.4-.1.5-.2l2.6-2.6 2.6 2.6c.1.1.3.2.5.2s.4-.1.5-.2c.3-.3.3-.8 0-1.1L13.1 12l2.6-2.6c.3-.3.3-.8 0-1.1z\"\/><path d=\"M20.5 3.5c-4.7-4.7-12.3-4.7-17 0-4.7 4.7-4.7 12.3 0 17C5.9 22.8 8.9 24 12 24c3.1 0 6.1-1.2 8.5-3.5 4.7-4.7 4.7-12.3 0-17zm-1.1 15.9c-4.1 4.1-10.8 4.1-14.8 0C.5 15.3.5 8.6 4.6 4.6c2-2 4.7-3.1 7.4-3.1s5.4 1 7.4 3.1c4.1 4.1 4.1 10.7 0 14.8z\"\/><\/svg><\/span>\n\t\t\t\t<\/button>\n\t\t\t<\/h2>\n\t\t\t<div class=\"t2-accordion-item__inner-container is-layout-flow\" id=\"accordion-panel-2\" aria-labelledby=\"typografi\" role=\"region\" hidden>\n\t\t\t\t\n\n<p> 22. juli-senteret benytter Helvetica Neue som profilfont<\/p>\n\n\n\n<figure class=\"wp-block-image size-large\"><img loading=\"lazy\" decoding=\"async\" width=\"1024\" height=\"538\" src=\"https:\/\/files.teststeder.regjeringen.no\/wpuploads01\/sites\/561\/2025\/02\/typografi-1024x538.png\" alt=\"\" class=\"wp-image-5979\" srcset=\"https:\/\/files.teststeder.regjeringen.no\/wpuploads01\/sites\/561\/2025\/02\/typografi-1024x538.png 1024w, https:\/\/files.teststeder.regjeringen.no\/wpuploads01\/sites\/561\/2025\/02\/typografi-300x158.png 300w, https:\/\/files.teststeder.regjeringen.no\/wpuploads01\/sites\/561\/2025\/02\/typografi-768x404.png 768w, https:\/\/files.teststeder.regjeringen.no\/wpuploads01\/sites\/561\/2025\/02\/typografi-1536x808.png 1536w, https:\/\/files.teststeder.regjeringen.no\/wpuploads01\/sites\/561\/2025\/02\/typografi.png 1607w\" sizes=\"auto, (max-width: 1024px) 100vw, 1024px\" \/><\/figure>\n\n\n\t\t\t<\/div>\n\t\t<\/div>\n\n<div class=\"t2-accordion-item wp-block-t2-accordion-item\" role=\"listitem\">\n\t\t\t<h2 class=\"t2-accordion-title\">\n\t\t\t\t<button type=\"button\" class=\"t2-accordion-trigger\" id=\"illustrasjoner\" aria-controls=\"accordion-panel-3\" aria-expanded=\"false\">\n\t\t\t\t\tIllustrasjoner\n\t\t\t\t\t<span class=\"t2-accordion-icon is-closed-icon\"><svg xmlns=\"http:\/\/www.w3.org\/2000\/svg\" viewBox=\"0 0 24 24\" height=\"24\" width=\"24\" class=\"t2-icon t2-icon-addcircle\" aria-hidden=\"true\" focusable=\"false\"><path d=\"M16.5 11.2h-3.8V7.5c0-.4-.3-.8-.8-.8s-.8.3-.8.8v3.8H7.5c-.4 0-.8.3-.8.8s.3.8.8.8h3.8v3.8c0 .4.3.8.8.8s.8-.3.8-.8v-3.8h3.8c.4 0 .8-.3.8-.8s-.6-.9-1-.9z\"\/><path d=\"M12 24C5.4 24 0 18.6 0 12S5.4 0 12 0s12 5.4 12 12-5.4 12-12 12zm0-22.5C6.2 1.5 1.5 6.2 1.5 12S6.2 22.5 12 22.5 22.5 17.8 22.5 12 17.8 1.5 12 1.5z\"\/><\/svg><\/span>\n\t\t\t\t\t<span class=\"t2-accordion-icon is-open-icon\"><svg xmlns=\"http:\/\/www.w3.org\/2000\/svg\" viewBox=\"0 0 24 24\" height=\"24\" width=\"24\" class=\"t2-icon t2-icon-removecircle\" aria-hidden=\"true\" focusable=\"false\"><path d=\"M15.7 8.3c-.3-.3-.8-.3-1.1 0L12 10.9 9.4 8.3c-.3-.3-.8-.3-1.1 0s-.3.8 0 1.1l2.6 2.6-2.6 2.6c-.3.3-.3.8 0 1.1.1.1.3.2.5.2s.4-.1.5-.2l2.6-2.6 2.6 2.6c.1.1.3.2.5.2s.4-.1.5-.2c.3-.3.3-.8 0-1.1L13.1 12l2.6-2.6c.3-.3.3-.8 0-1.1z\"\/><path d=\"M20.5 3.5c-4.7-4.7-12.3-4.7-17 0-4.7 4.7-4.7 12.3 0 17C5.9 22.8 8.9 24 12 24c3.1 0 6.1-1.2 8.5-3.5 4.7-4.7 4.7-12.3 0-17zm-1.1 15.9c-4.1 4.1-10.8 4.1-14.8 0C.5 15.3.5 8.6 4.6 4.6c2-2 4.7-3.1 7.4-3.1s5.4 1 7.4 3.1c4.1 4.1 4.1 10.7 0 14.8z\"\/><\/svg><\/span>\n\t\t\t\t<\/button>\n\t\t\t<\/h2>\n\t\t\t<div class=\"t2-accordion-item__inner-container is-layout-flow\" id=\"accordion-panel-3\" aria-labelledby=\"illustrasjoner\" role=\"region\" hidden>\n\t\t\t\t\n\n<div class=\"wp-block-columns is-layout-flex wp-container-core-columns-is-layout-9d6595d7 wp-block-columns-is-layout-flex\">\n<div class=\"wp-block-column is-layout-flow wp-block-column-is-layout-flow\">\n<figure class=\"wp-block-image size-full\"><img decoding=\"async\" src=\"https:\/\/files.teststeder.regjeringen.no\/wpuploads01\/sites\/561\/2025\/02\/22.-juli-senteret.svg\" alt=\"\" class=\"wp-image-5982\"\/><figcaption class=\"wp-element-caption\">22.juli-senteret<\/figcaption><\/figure>\n<\/div>\n\n\n\n<div class=\"wp-block-column is-layout-flow wp-block-column-is-layout-flow\"><\/div>\n<\/div>\n\n\n\n<div class=\"wp-block-columns is-layout-flex wp-container-core-columns-is-layout-9d6595d7 wp-block-columns-is-layout-flex\">\n<div class=\"wp-block-column is-layout-flow wp-block-column-is-layout-flow\">\n<figure class=\"wp-block-image size-full\"><img decoding=\"async\" src=\"https:\/\/files.teststeder.regjeringen.no\/wpuploads01\/sites\/561\/2025\/02\/Elever_lilla.svg\" alt=\"\" class=\"wp-image-5986\"\/><figcaption class=\"wp-element-caption\">Elever &#8211; lilla<\/figcaption><\/figure>\n<\/div>\n\n\n\n<div class=\"wp-block-column is-layout-flow wp-block-column-is-layout-flow\">\n<figure class=\"wp-block-image size-full\"><img decoding=\"async\" src=\"https:\/\/files.teststeder.regjeringen.no\/wpuploads01\/sites\/561\/2025\/02\/Elever_gra\u2560e.svg\" alt=\"\" class=\"wp-image-5985\"\/><figcaption class=\"wp-element-caption\">Elever &#8211; gr\u00e5<\/figcaption><\/figure>\n<\/div>\n<\/div>\n\n\n\n<div class=\"wp-block-columns is-layout-flex wp-container-core-columns-is-layout-9d6595d7 wp-block-columns-is-layout-flex\">\n<div class=\"wp-block-column is-layout-flow wp-block-column-is-layout-flow\">\n<figure class=\"wp-block-image size-full\"><img decoding=\"async\" src=\"https:\/\/files.teststeder.regjeringen.no\/wpuploads01\/sites\/561\/2025\/02\/Student_l\u251carer_lilla.svg\" alt=\"\" class=\"wp-image-5987\"\/><figcaption class=\"wp-element-caption\">Student &#8211; lilla<\/figcaption><\/figure>\n<\/div>\n\n\n\n<div class=\"wp-block-column is-layout-flow wp-block-column-is-layout-flow\">\n<figure class=\"wp-block-image size-full\"><img decoding=\"async\" src=\"https:\/\/files.teststeder.regjeringen.no\/wpuploads01\/sites\/561\/2025\/02\/Student_l\u251carer_gra\u2560e.svg\" alt=\"\" class=\"wp-image-5988\"\/><figcaption class=\"wp-element-caption\">Student &#8211; gr\u00e5<\/figcaption><\/figure>\n<\/div>\n<\/div>\n\n\n\n<div class=\"wp-block-columns is-layout-flex wp-container-core-columns-is-layout-9d6595d7 wp-block-columns-is-layout-flex\">\n<div class=\"wp-block-column is-layout-flow wp-block-column-is-layout-flow\">\n<figure class=\"wp-block-image size-full\"><img decoding=\"async\" src=\"https:\/\/files.teststeder.regjeringen.no\/wpuploads01\/sites\/561\/2025\/02\/Voksenoppl\u251caring_lilla.svg\" alt=\"\" class=\"wp-image-5990\"\/><figcaption class=\"wp-element-caption\">Voksenoppl\u00e6ring &#8211; lilla<\/figcaption><\/figure>\n<\/div>\n\n\n\n<div class=\"wp-block-column is-layout-flow wp-block-column-is-layout-flow\">\n<figure class=\"wp-block-image size-full is-resized\"><img decoding=\"async\" src=\"https:\/\/files.teststeder.regjeringen.no\/wpuploads01\/sites\/561\/2025\/02\/Voksenoppl\u251caring_gra\u2560e.svg\" alt=\"\" class=\"wp-image-5992\" style=\"aspect-ratio:1.3866666666666667;width:302px;height:auto\"\/><figcaption class=\"wp-element-caption\">Voksenoppl\u00e6ring &#8211; gr\u00e5<\/figcaption><\/figure>\n<\/div>\n<\/div>\n\n\n\n<div class=\"wp-block-columns is-layout-flex wp-container-core-columns-is-layout-9d6595d7 wp-block-columns-is-layout-flex\">\n<div class=\"wp-block-column is-layout-flow wp-block-column-is-layout-flow\">\n<figure class=\"wp-block-image size-full\"><img decoding=\"async\" src=\"https:\/\/files.teststeder.regjeringen.no\/wpuploads01\/sites\/561\/2025\/02\/Andre_grupper_lilla.svg\" alt=\"\" class=\"wp-image-5984\"\/><figcaption class=\"wp-element-caption\">Andre grupper &#8211; lilla<\/figcaption><\/figure>\n<\/div>\n\n\n\n<div class=\"wp-block-column is-layout-flow wp-block-column-is-layout-flow\">\n<figure class=\"wp-block-image size-full\"><img decoding=\"async\" src=\"https:\/\/files.teststeder.regjeringen.no\/wpuploads01\/sites\/561\/2025\/02\/Andre_grupper_gra\u2560e.svg\" alt=\"\" class=\"wp-image-5983\"\/><figcaption class=\"wp-element-caption\">Andre grupper &#8211; gr\u00e5<\/figcaption><\/figure>\n<\/div>\n<\/div>\n\n\n\t\t\t<\/div>\n\t\t<\/div>\n<\/div>\n\n\n<div class=\"wp-block-group is-layout-constrained wp-block-group-is-layout-constrained\"><\/div>\n\n\n\n<p style=\"font-size:clamp(14.642px, 0.915rem + ((1vw - 3.2px) * 0.908), 22px);\"><\/p>\n","protected":false},"excerpt":{"rendered":"<p>Designprofil for 22.juli-senteret I arbeidet med utstillingen i 22. juli-senteret var det viktig \u00e5 presentere hendelsene den 22. juli p\u00e5 en s\u00e5 n\u00f8ytral m\u00e5te som mulig. Utstillingens flater ble komponert med bruk av luft, bilder og rene tekstflater, best\u00e5ende kun av n\u00f8dvendig innhold. Senterets kommunikasjonsmateriell skal v\u00e6re n\u00f8ytralt og informativt. Nettsiden ferdigstilles juni 2025.<\/p>\n","protected":false},"author":357,"featured_media":0,"parent":0,"menu_order":0,"comment_status":"closed","ping_status":"closed","template":"","meta":{"dss_simple_post_excerpt":"","dss_show_breadcrumbs":false,"dss_show_featured_image":true,"dss_show_title":true,"footnotes":""},"class_list":["post-5948","page","type-page","status-publish","hentry"],"language":"nb-NO","_links":{"self":[{"href":"https:\/\/teststeder.regjeringen.no\/designdep\/wp-json\/wp\/v2\/pages\/5948","targetHints":{"allow":["GET"]}}],"collection":[{"href":"https:\/\/teststeder.regjeringen.no\/designdep\/wp-json\/wp\/v2\/pages"}],"about":[{"href":"https:\/\/teststeder.regjeringen.no\/designdep\/wp-json\/wp\/v2\/types\/page"}],"author":[{"embeddable":true,"href":"https:\/\/teststeder.regjeringen.no\/designdep\/wp-json\/wp\/v2\/users\/357"}],"replies":[{"embeddable":true,"href":"https:\/\/teststeder.regjeringen.no\/designdep\/wp-json\/wp\/v2\/comments?post=5948"}],"version-history":[{"count":3,"href":"https:\/\/teststeder.regjeringen.no\/designdep\/wp-json\/wp\/v2\/pages\/5948\/revisions"}],"predecessor-version":[{"id":6317,"href":"https:\/\/teststeder.regjeringen.no\/designdep\/wp-json\/wp\/v2\/pages\/5948\/revisions\/6317"}],"wp:attachment":[{"href":"https:\/\/teststeder.regjeringen.no\/designdep\/wp-json\/wp\/v2\/media?parent=5948"}],"curies":[{"name":"wp","href":"https:\/\/api.w.org\/{rel}","templated":true}]}}