{"id":10,"date":"2024-05-27T09:08:17","date_gmt":"2024-05-27T07:08:17","guid":{"rendered":"https:\/\/nettsteder.regjeringen.no\/ekspertsirkulaer\/?page_id=10"},"modified":"2025-04-09T19:50:16","modified_gmt":"2025-04-09T17:50:16","slug":"medlemmer","status":"publish","type":"page","link":"https:\/\/teststeder.regjeringen.no\/ekspertsirkulaer\/medlemmer\/","title":{"rendered":"Medlemmer"},"content":{"rendered":"<ul class=\"wp-block-dss-people\">\n<li class=\"wp-block-dss-person\">\t<div class=\"dss-person-image\">\n\t\t<figure>\n\t\t\t<img loading=\"lazy\" decoding=\"async\" width=\"229\" height=\"250\" src=\"https:\/\/files.teststeder.regjeringen.no\/wpuploads01\/sites\/571\/2024\/07\/britab.jpg\" class=\"attachment-250x250 size-250x250\" alt=\"\" srcset=\"https:\/\/files.teststeder.regjeringen.no\/wpuploads01\/sites\/571\/2024\/07\/britab.jpg 544w, https:\/\/files.teststeder.regjeringen.no\/wpuploads01\/sites\/571\/2024\/07\/britab-275x300.jpg 275w\" sizes=\"auto, (max-width: 229px) 100vw, 229px\" \/>\t\t<\/figure>\n\t<\/div>\n\t<div class=\"dss-person-content\">\n\t\t<h3 class=\"dss-person-name\">Brita Bye (leder)<\/h3><p class=\"dss-person-position\">Forsker ved Statistisk sentralbyr\u00e5<\/p><p class=\"dss-person-content\">Doktorgrad i samfunns\u00f8konomi. Bor i Oslo.<\/p>\t<\/div>\n\t<\/li>\n\n<li class=\"wp-block-dss-person\">\t<div class=\"dss-person-image\">\n\t\t<figure>\n\t\t\t<img loading=\"lazy\" decoding=\"async\" width=\"239\" height=\"232\" src=\"https:\/\/files.teststeder.regjeringen.no\/wpuploads01\/sites\/571\/2024\/06\/Marit-Aursand.jpg\" class=\"attachment-250x250 size-250x250\" alt=\"\" \/><span class=\"t2-image-credit\">\n\t\t\t\t<button type=\"button\" class=\"t2-image-credit-toggle\" aria-expanded=\"false\" aria-controls=\"image-credit\" aria-label=\"Toggle image credit\"><svg xmlns=\"http:\/\/www.w3.org\/2000\/svg\" viewBox=\"0 0 24 24\" height=\"24\" width=\"24\" class=\"t2-icon t2-icon-info\" aria-hidden=\"true\" focusable=\"false\"><path d=\"M12 17c.3 0 .5-.1.7-.3s.3-.4.3-.7v-4c0-.3-.1-.5-.3-.7-.2-.2-.4-.3-.7-.3s-.5.1-.7.3c-.2.2-.3.4-.3.7v4c0 .3.1.5.3.7s.4.3.7.3zm0-8c.3 0 .5-.1.7-.3.2-.2.3-.4.3-.7 0-.3-.1-.5-.3-.7-.2-.2-.4-.3-.7-.3s-.5.1-.7.3c-.2.2-.3.4-.3.7 0 .3.1.5.3.7.2.2.4.3.7.3zm0 13c-1.4 0-2.7-.3-3.9-.8-1.2-.5-2.3-1.2-3.2-2.1s-1.6-2-2.1-3.2S2 13.4 2 12s.3-2.7.8-3.9S4 5.8 4.9 4.9s2-1.6 3.2-2.1S10.6 2 12 2s2.7.3 3.9.8 2.3 1.2 3.2 2.1 1.6 2 2.1 3.2c.5 1.2.8 2.5.8 3.9s-.3 2.7-.8 3.9c-.5 1.2-1.2 2.3-2.1 3.2s-2 1.6-3.2 2.1c-1.2.5-2.5.8-3.9.8z\" fill=\"currentColor\" \/><\/svg><\/button>\n\t\t\t\t<span class=\"t2-image-credit-text wp-element-caption\" id=\"image-credit\" hidden>Foto: Marit Aursand<\/span>\n\t\t\t<\/span>\t\t<\/figure>\n\t<\/div>\n\t<div class=\"dss-person-content\">\n\t\t<h3 class=\"dss-person-name\">Marit Aursand<\/h3><p class=\"dss-person-position\">Spesialr\u00e5dgiver i SINTEF Ocean AS, Leder av konsernsatsingen SINTEF Mat og agri<\/p><p class=\"dss-person-content\">Doktorgrad i bioteknologi. Bor i Trondheim.<\/p>\t<\/div>\n\t<\/li>\n\n<li class=\"wp-block-dss-person\">\t<div class=\"dss-person-image\">\n\t\t<figure>\n\t\t\t<img loading=\"lazy\" decoding=\"async\" width=\"233\" height=\"250\" src=\"https:\/\/files.teststeder.regjeringen.no\/wpuploads01\/sites\/571\/2024\/06\/Thomas-Hartnik.jpg\" class=\"attachment-250x250 size-250x250\" alt=\"\" srcset=\"https:\/\/files.teststeder.regjeringen.no\/wpuploads01\/sites\/571\/2024\/06\/Thomas-Hartnik.jpg 731w, https:\/\/files.teststeder.regjeringen.no\/wpuploads01\/sites\/571\/2024\/06\/Thomas-Hartnik-280x300.jpg 280w\" sizes=\"auto, (max-width: 233px) 100vw, 233px\" \/><span class=\"t2-image-credit\">\n\t\t\t\t<button type=\"button\" class=\"t2-image-credit-toggle\" aria-expanded=\"false\" aria-controls=\"image-credit-1\" aria-label=\"Toggle image credit\"><svg xmlns=\"http:\/\/www.w3.org\/2000\/svg\" viewBox=\"0 0 24 24\" height=\"24\" width=\"24\" class=\"t2-icon t2-icon-info\" aria-hidden=\"true\" focusable=\"false\"><path d=\"M12 17c.3 0 .5-.1.7-.3s.3-.4.3-.7v-4c0-.3-.1-.5-.3-.7-.2-.2-.4-.3-.7-.3s-.5.1-.7.3c-.2.2-.3.4-.3.7v4c0 .3.1.5.3.7s.4.3.7.3zm0-8c.3 0 .5-.1.7-.3.2-.2.3-.4.3-.7 0-.3-.1-.5-.3-.7-.2-.2-.4-.3-.7-.3s-.5.1-.7.3c-.2.2-.3.4-.3.7 0 .3.1.5.3.7.2.2.4.3.7.3zm0 13c-1.4 0-2.7-.3-3.9-.8-1.2-.5-2.3-1.2-3.2-2.1s-1.6-2-2.1-3.2S2 13.4 2 12s.3-2.7.8-3.9S4 5.8 4.9 4.9s2-1.6 3.2-2.1S10.6 2 12 2s2.7.3 3.9.8 2.3 1.2 3.2 2.1 1.6 2 2.1 3.2c.5 1.2.8 2.5.8 3.9s-.3 2.7-.8 3.9c-.5 1.2-1.2 2.3-2.1 3.2s-2 1.6-3.2 2.1c-1.2.5-2.5.8-3.9.8z\" fill=\"currentColor\" \/><\/svg><\/button>\n\t\t\t\t<span class=\"t2-image-credit-text wp-element-caption\" id=\"image-credit-1\" hidden>Foto: Erling Fl\u00f8istad<\/span>\n\t\t\t<\/span>\t\t<\/figure>\n\t<\/div>\n\t<div class=\"dss-person-content\">\n\t\t<h3 class=\"dss-person-name\">Thomas Hartnik<\/h3><p class=\"dss-person-position\">Divisjonsdirekt\u00f8r for milj\u00f8 og naturressurser ved NIBIO<\/p><p class=\"dss-person-content\">Doktorgrad i \u00f8kotoksikologi. Bor i Dr\u00f8bak.<\/p>\t<\/div>\n\t<\/li>\n\n<li class=\"wp-block-dss-person\">\t<div class=\"dss-person-image\">\n\t\t<figure>\n\t\t\t<img loading=\"lazy\" decoding=\"async\" width=\"200\" height=\"250\" src=\"https:\/\/files.teststeder.regjeringen.no\/wpuploads01\/sites\/571\/2024\/06\/Henrik-E-Kolderup.jpg\" class=\"attachment-250x250 size-250x250\" alt=\"\" srcset=\"https:\/\/files.teststeder.regjeringen.no\/wpuploads01\/sites\/571\/2024\/06\/Henrik-E-Kolderup.jpg 666w, https:\/\/files.teststeder.regjeringen.no\/wpuploads01\/sites\/571\/2024\/06\/Henrik-E-Kolderup-240x300.jpg 240w\" sizes=\"auto, (max-width: 200px) 100vw, 200px\" \/>\t\t<\/figure>\n\t<\/div>\n\t<div class=\"dss-person-content\">\n\t\t<h3 class=\"dss-person-name\">Henrik E. Kolderup<\/h3><p class=\"dss-person-position\">Lagdommer, Borgarting lagmannsrett og tidligere advokat hos Regjeringsadvokaten<\/p><p class=\"dss-person-content\">Jurist. Bor i Oslo.<\/p>\t<\/div>\n\t<\/li>\n\n<li class=\"wp-block-dss-person\">\t<div class=\"dss-person-image\">\n\t\t<figure>\n\t\t\t<img loading=\"lazy\" decoding=\"async\" width=\"250\" height=\"250\" src=\"https:\/\/files.teststeder.regjeringen.no\/wpuploads01\/sites\/571\/2024\/06\/Ola-Kavloy-til-nettsiden-300x300.jpg\" class=\"attachment-250x250 size-250x250\" alt=\"\" srcset=\"https:\/\/files.teststeder.regjeringen.no\/wpuploads01\/sites\/571\/2024\/06\/Ola-Kavloy-til-nettsiden-300x300.jpg 300w, https:\/\/files.teststeder.regjeringen.no\/wpuploads01\/sites\/571\/2024\/06\/Ola-Kavloy-til-nettsiden-1024x1024.jpg 1024w, https:\/\/files.teststeder.regjeringen.no\/wpuploads01\/sites\/571\/2024\/06\/Ola-Kavloy-til-nettsiden-150x150.jpg 150w, https:\/\/files.teststeder.regjeringen.no\/wpuploads01\/sites\/571\/2024\/06\/Ola-Kavloy-til-nettsiden-768x768.jpg 768w, https:\/\/files.teststeder.regjeringen.no\/wpuploads01\/sites\/571\/2024\/06\/Ola-Kavloy-til-nettsiden-1536x1536.jpg 1536w, https:\/\/files.teststeder.regjeringen.no\/wpuploads01\/sites\/571\/2024\/06\/Ola-Kavloy-til-nettsiden-2048x2048.jpg 2048w\" sizes=\"auto, (max-width: 250px) 100vw, 250px\" \/>\t\t<\/figure>\n\t<\/div>\n\t<div class=\"dss-person-content\">\n\t\t<h3 class=\"dss-person-name\">Ola Kval\u00f8y<\/h3><p class=\"dss-person-position\">Dekan og professor i samfunns\u00f8konomi p\u00e5 Handelsh\u00f8gskolen ved Universitetet i Stavanger<\/p><p class=\"dss-person-content\">Doktorgrad i samfunns\u00f8konomi. Bor i Stavanger.<\/p>\t<\/div>\n\t<\/li>\n\n<li class=\"wp-block-dss-person\">\t<div class=\"dss-person-image\">\n\t\t<figure>\n\t\t\t<img loading=\"lazy\" decoding=\"async\" width=\"250\" height=\"250\" src=\"https:\/\/files.teststeder.regjeringen.no\/wpuploads01\/sites\/571\/2024\/06\/Jarle-Moen-til-nettside-300x300.jpg\" class=\"attachment-250x250 size-250x250\" alt=\"\" srcset=\"https:\/\/files.teststeder.regjeringen.no\/wpuploads01\/sites\/571\/2024\/06\/Jarle-Moen-til-nettside-300x300.jpg 300w, https:\/\/files.teststeder.regjeringen.no\/wpuploads01\/sites\/571\/2024\/06\/Jarle-Moen-til-nettside-1024x1024.jpg 1024w, https:\/\/files.teststeder.regjeringen.no\/wpuploads01\/sites\/571\/2024\/06\/Jarle-Moen-til-nettside-150x150.jpg 150w, https:\/\/files.teststeder.regjeringen.no\/wpuploads01\/sites\/571\/2024\/06\/Jarle-Moen-til-nettside-768x768.jpg 768w, https:\/\/files.teststeder.regjeringen.no\/wpuploads01\/sites\/571\/2024\/06\/Jarle-Moen-til-nettside-1536x1536.jpg 1536w, https:\/\/files.teststeder.regjeringen.no\/wpuploads01\/sites\/571\/2024\/06\/Jarle-Moen-til-nettside-2048x2048.jpg 2048w\" sizes=\"auto, (max-width: 250px) 100vw, 250px\" \/>\t\t<\/figure>\n\t<\/div>\n\t<div class=\"dss-person-content\">\n\t\t<h3 class=\"dss-person-name\">Jarle M\u00f8en<\/h3><p class=\"dss-person-position\">Instituttleder og professor i foretaks\u00f8konomi ved Norges Handelsh\u00f8yskole (NHH) <\/p><p class=\"dss-person-content\">Doktorgrad i samfunns\u00f8konomi. Bor i Bergen.<\/p>\t<\/div>\n\t<\/li>\n\n<li class=\"wp-block-dss-person\">\t<div class=\"dss-person-image\">\n\t\t<figure>\n\t\t\t<img loading=\"lazy\" decoding=\"async\" width=\"250\" height=\"167\" src=\"https:\/\/files.teststeder.regjeringen.no\/wpuploads01\/sites\/571\/2024\/06\/Kristine-Nore-Foto-BHP-scaled.jpg\" class=\"attachment-250x250 size-250x250\" alt=\"\" srcset=\"https:\/\/files.teststeder.regjeringen.no\/wpuploads01\/sites\/571\/2024\/06\/Kristine-Nore-Foto-BHP-scaled.jpg 2560w, https:\/\/files.teststeder.regjeringen.no\/wpuploads01\/sites\/571\/2024\/06\/Kristine-Nore-Foto-BHP-300x200.jpg 300w, https:\/\/files.teststeder.regjeringen.no\/wpuploads01\/sites\/571\/2024\/06\/Kristine-Nore-Foto-BHP-1024x683.jpg 1024w, https:\/\/files.teststeder.regjeringen.no\/wpuploads01\/sites\/571\/2024\/06\/Kristine-Nore-Foto-BHP-768x512.jpg 768w, https:\/\/files.teststeder.regjeringen.no\/wpuploads01\/sites\/571\/2024\/06\/Kristine-Nore-Foto-BHP-1536x1024.jpg 1536w, https:\/\/files.teststeder.regjeringen.no\/wpuploads01\/sites\/571\/2024\/06\/Kristine-Nore-Foto-BHP-2048x1365.jpg 2048w\" sizes=\"auto, (max-width: 250px) 100vw, 250px\" \/>\t\t<\/figure>\n\t<\/div>\n\t<div class=\"dss-person-content\">\n\t\t<h3 class=\"dss-person-name\">Kristine Nore<\/h3><p class=\"dss-person-position\">Gr\u00fcnder og daglig leder i Omtre AS, Prosjektleder for SirkTRE<\/p><p class=\"dss-person-content\">Doktorgrad i bygge- og materialteknikk. Bor i Noresund.<\/p>\t<\/div>\n\t<\/li>\n<\/ul>","protected":false},"excerpt":{"rendered":"","protected":false},"author":2877,"featured_media":0,"parent":0,"menu_order":0,"comment_status":"closed","ping_status":"closed","template":"","meta":{"dss_simple_post_excerpt":"","dss_show_featured_image":true,"footnotes":""},"class_list":["post-10","page","type-page","status-publish","hentry"],"language":"nb-NO","_links":{"self":[{"href":"https:\/\/teststeder.regjeringen.no\/ekspertsirkulaer\/wp-json\/wp\/v2\/pages\/10","targetHints":{"allow":["GET"]}}],"collection":[{"href":"https:\/\/teststeder.regjeringen.no\/ekspertsirkulaer\/wp-json\/wp\/v2\/pages"}],"about":[{"href":"https:\/\/teststeder.regjeringen.no\/ekspertsirkulaer\/wp-json\/wp\/v2\/types\/page"}],"author":[{"embeddable":true,"href":"https:\/\/teststeder.regjeringen.no\/ekspertsirkulaer\/wp-json\/wp\/v2\/users\/2877"}],"replies":[{"embeddable":true,"href":"https:\/\/teststeder.regjeringen.no\/ekspertsirkulaer\/wp-json\/wp\/v2\/comments?post=10"}],"version-history":[{"count":3,"href":"https:\/\/teststeder.regjeringen.no\/ekspertsirkulaer\/wp-json\/wp\/v2\/pages\/10\/revisions"}],"predecessor-version":[{"id":617,"href":"https:\/\/teststeder.regjeringen.no\/ekspertsirkulaer\/wp-json\/wp\/v2\/pages\/10\/revisions\/617"}],"wp:attachment":[{"href":"https:\/\/teststeder.regjeringen.no\/ekspertsirkulaer\/wp-json\/wp\/v2\/media?parent=10"}],"curies":[{"name":"wp","href":"https:\/\/api.w.org\/{rel}","templated":true}]}}