{"id":12,"date":"2024-05-27T09:08:41","date_gmt":"2024-05-27T07:08:41","guid":{"rendered":"https:\/\/nettsteder.regjeringen.no\/ekspertsirkulaer\/?page_id=12"},"modified":"2025-02-03T08:19:17","modified_gmt":"2025-02-03T07:19:17","slug":"gi-innspill","status":"publish","type":"page","link":"https:\/\/teststeder.regjeringen.no\/ekspertsirkulaer\/gi-innspill\/","title":{"rendered":"Gi innspill"},"content":{"rendered":"\n<p><\/p>\n\n\n\n<p>S<strong>iste frist for innspill er 1. februar. Deretter stenges nettsiden for innspill. <\/strong><\/p>\n\n\n\n<p>P\u00e5 denne nettsiden kan alle som \u00f8nsker det gi innspill til ekspertgruppens arbeid n\u00e5r de \u00f8nsker. Innspillene vil bli offentlige, og kan leses av alle under fanen \u00abse innspill\u00bb. Vi ber dere ikke overstige 3 sider. Sekretariatet kommer til \u00e5 g\u00e5 gjennom alle innspill, men har ikke anledning til \u00e5 gi tilbakemelding til den enkelte.&nbsp;<\/p>\n\n\n\n<p>Sekretariatet inviterte til \u00e5 sende innspill til tre konkrete sp\u00f8rsm\u00e5l med frist 16. september 2024. Innspillene vi fikk er samlet under knappen &laquo;Se innspill&raquo;. <\/p>\n\n\n\n<p><\/p>\n\n\n\n<p>Skjemaet har blitt lukket<\/p>\n","protected":false},"excerpt":{"rendered":"<p>Siste frist for innspill er 1. februar. Deretter stenges nettsiden for innspill. P\u00e5 denne nettsiden kan alle som \u00f8nsker det gi innspill til ekspertgruppens arbeid n\u00e5r de \u00f8nsker. Innspillene vil bli offentlige, og kan leses av alle under fanen \u00abse innspill\u00bb. Vi ber dere ikke overstige 3 sider. Sekretariatet kommer til \u00e5 g\u00e5 gjennom alle\u2026<\/p>\n","protected":false},"author":2877,"featured_media":0,"parent":0,"menu_order":0,"comment_status":"closed","ping_status":"closed","template":"","meta":{"dss_simple_post_excerpt":"","dss_show_featured_image":true,"footnotes":""},"class_list":["post-12","page","type-page","status-publish","hentry"],"language":"nb-NO","_links":{"self":[{"href":"https:\/\/teststeder.regjeringen.no\/ekspertsirkulaer\/wp-json\/wp\/v2\/pages\/12","targetHints":{"allow":["GET"]}}],"collection":[{"href":"https:\/\/teststeder.regjeringen.no\/ekspertsirkulaer\/wp-json\/wp\/v2\/pages"}],"about":[{"href":"https:\/\/teststeder.regjeringen.no\/ekspertsirkulaer\/wp-json\/wp\/v2\/types\/page"}],"author":[{"embeddable":true,"href":"https:\/\/teststeder.regjeringen.no\/ekspertsirkulaer\/wp-json\/wp\/v2\/users\/2877"}],"replies":[{"embeddable":true,"href":"https:\/\/teststeder.regjeringen.no\/ekspertsirkulaer\/wp-json\/wp\/v2\/comments?post=12"}],"version-history":[{"count":3,"href":"https:\/\/teststeder.regjeringen.no\/ekspertsirkulaer\/wp-json\/wp\/v2\/pages\/12\/revisions"}],"predecessor-version":[{"id":578,"href":"https:\/\/teststeder.regjeringen.no\/ekspertsirkulaer\/wp-json\/wp\/v2\/pages\/12\/revisions\/578"}],"wp:attachment":[{"href":"https:\/\/teststeder.regjeringen.no\/ekspertsirkulaer\/wp-json\/wp\/v2\/media?parent=12"}],"curies":[{"name":"wp","href":"https:\/\/api.w.org\/{rel}","templated":true}]}}