{"id":7,"date":"2024-05-27T09:07:49","date_gmt":"2024-05-27T07:07:49","guid":{"rendered":"https:\/\/nettsteder.regjeringen.no\/ekspertsirkulaer\/?page_id=7"},"modified":"2024-06-04T14:06:55","modified_gmt":"2024-06-04T12:06:55","slug":"mandat","status":"publish","type":"page","link":"https:\/\/teststeder.regjeringen.no\/ekspertsirkulaer\/mandat\/","title":{"rendered":"Mandat"},"content":{"rendered":"\n<p>Mandat: Ekspertgruppe for utredning av virkemidler for \u00e5 fremme sirkul\u00e6re aktiviteter<br><\/p>\n\n\n\n<p>FN mener at verdens produksjon og forbruk i dag overstiger klodens langsiktige t\u00e5legrense og ressursgrunnlag. Ressursforbruket medf\u00f8rer milj\u00f8problemer i form av tap av naturmangfold og klimagassutslipp. Det internasjonale ressurspanelet ansl\u00e5r at dagens forbruk globalt sett er ansvarlig for mer enn 90 prosent av tapet av biologisk mangfold og vannkilder og om lag 50 prosent av klimap\u00e5virkningen<sup data-fn=\"8f0278af-04ed-4535-b5e9-0434a31afcc4\" class=\"fn\"><a href=\"#8f0278af-04ed-4535-b5e9-0434a31afcc4\" id=\"8f0278af-04ed-4535-b5e9-0434a31afcc4-link\">1<\/a><\/sup>. For \u00e5 redusere milj\u00f8problemene som f\u00f8lger av dagens forbruk, anbefaler det internasjonale ressurspanelet en overgang til en mer sirkul\u00e6r \u00f8konomi. Sirkul\u00e6re aktiviteter skal bidra til effektiv og b\u00e6rekraftig utnyttelse av naturressurser og produkter, i et giftfritt kretsl\u00f8p, der minst mulig ressurser g\u00e5r tapt.<br><\/p>\n\n\n\n<p>Det finnes flere eksempler p\u00e5 virkemidler Norge har tatt i bruk for \u00e5 fremme sirkul\u00e6re aktiviteter. I 1999 ble det innf\u00f8rt en avgift p\u00e5 sluttbehandling av avfall for \u00e5 stimulere til \u00f8kt kildesortering og gjenvinning. EU er i ferd med \u00e5 implementere omfattende regelverkspakker som skal bidra til en mer sirkul\u00e6r \u00f8konomi. Mye av dette regelverket vil v\u00e6re E\u00d8S-relevant og dermed relevant for Norge. Et sentralt regelverk er forslaget til ny \u00f8kodesignforordning som vil omfatte de fleste produkter. Regelverket skal sikre b\u00e6rekraft gjennom hele livsl\u00f8pet til produkter. Krav til design av produkter er avgj\u00f8rende for \u00e5 skape markeder for sirkul\u00e6re produkter og sikre sirkul\u00e6rt forbruk. I tillegg utvikles det regelverk for syv verdikjeder. Eksempler p\u00e5 dette er verdikjedene for batterier, plast, tekstiler og mat.<br><\/p>\n\n\n\n<p>Det er behov for \u00e5 vurdere og ta i bruk ytterligere virkemidler for \u00e5 f\u00e5 til en helhetlig omstilling. Skatteutvalget (NOU 2022: 20) bemerket at sirkul\u00e6r \u00f8konomi er et relativt nytt felt innenfor \u00f8konomifaget og mente at det er et stort kunnskapsbehov. Utvalget anbefaler at det b\u00f8r gjennomf\u00f8res en bred utredning av tiltak for \u00e5 fremme sirkul\u00e6re aktiviteter. Utvalget presiserte at tiltak p\u00e5 skatte- og avgiftssiden b\u00f8r vurderes opp mot andre tiltak, herunder direkte reguleringer og informasjonstiltak. Klimautvalget (NOU 2023:25) peker p\u00e5 at all politikk fremover m\u00e5 ta utgangspunkt i at alle ressurser er knappe. \u00d8konomien m\u00e5 derfor bli mer sirkul\u00e6r for at \u00f8konomisk aktivitet skal skje innenfor planetens t\u00e5legrenser. I flere av EU-regelverkene oppfordres landene til \u00e5 ta i bruk \u00f8konomiske virkemidler for \u00e5 gi insentiver til omstillingen. \u00d8konomiske virkemidler kan utfylle krav fra EU\/E\u00d8S-regelverk for \u00e5 bidra til \u00e5 redusere milj\u00f8konsekvensene av v\u00e5re forbruks- og produksjonsm\u00f8nstre. Riktig innretning av virkemidler kan gi insentiver til atferdsendring, reduserer milj\u00f8belastningen knyttet til produksjon, bruk og avfallsh\u00e5ndtering, og kan bidra til verdiskaping gjennom innovasjon og nye, b\u00e6rekraftige forretningsmodeller.<br><\/p>\n\n\n\n<p>Det er en utfordring at de eksterne kostnadene ved produksjon i stor utstrekning oppst\u00e5r i de store vareproduserende \u00f8konomiene i verden. I mange tilfeller er dette fremvoksende \u00f8konomier med begrenset evne og vilje til \u00e5 utvikle en tilstrekkelig milj\u00f8politikk innenfor en rimelig tidshorisont. Det gj\u00f8r det n\u00f8dvendig \u00e5 ogs\u00e5 vurdere s\u00e5kalte nest best-l\u00f8sninger, herunder avgifter eller reguleringer som ikke n\u00f8dvendigvis retter seg direkte mot kilden til de eksterne kostnadene.<br><\/p>\n\n\n\n<p>Med bakgrunn i dette har regjeringen besluttet \u00e5 nedsette en ekspertgruppe for \u00e5 gj\u00f8re en helhetlig utreding av hvilke virkemidler som er effektive for \u00e5 fremme en mer sirkul\u00e6r<br>\u00f8konomi.<br><\/p>\n\n\n\n<p>Ekspertgruppens oppgaver er \u00e5:<\/p>\n\n\n\n<ul class=\"wp-block-list is-layout-flow wp-block-list-is-layout-flow\">\n<li>Definere sentrale begreper relatert til sirkul\u00e6r \u00f8konomi og beskrive i hvilken grad<br>potensialet for sirkularitet er utnyttet i norsk \u00f8konomi. Hvor stor andel av norsk<br>\u00f8konomi kan beskrives som sirkul\u00e6r, og hvordan plasserer dette Norge sammenlignet med andre land?<\/li>\n\n\n\n<li>identifisere i hvilke omr\u00e5der av \u00f8konomien det er behov for \u00e5 endre<br>virkemiddelbruken<\/li>\n\n\n\n<li>gj\u00f8re en helhetlig utredning av virkemidler som kan fremme sirkul\u00e6re aktiviteter som gir bedre utnyttelse av fornybare og ikke-fornybare ressurser, b\u00e6rekraftig produksjon og forbruk, og \u00f8kt verdiskaping. Det inneb\u00e6rer \u00e5 identifisere hvilke virkemidler som er samfunns\u00f8konomisk l\u00f8nnsomme, og med bakgrunn i dette foresl\u00e5 eventuelle endringer i dagens virkemiddelbruk (regulatoriske, \u00f8konomiske og informative). Utredningen skal inkludere vurderinger av og eventuelle forslag til endringer i skatte- og avgiftssystemet.<\/li>\n<\/ul>\n\n\n\n<p>Ekspertgruppens vurderinger skal gj\u00f8res i tr\u00e5d med kravene i utredningsinstruksen og skal gjennomf\u00f8res p\u00e5 uavhengig faglig grunnlag. Gruppen bes om \u00e5 se hen til relevant EU-regelverk. Ekspertgruppen skal ta utgangspunkt i veilederen om utvalgsarbeid i staten fra<br>Kommunal- og distriktsdepartementet.<br><\/p>\n\n\n\n<p><em>Leveranser<\/em><br>Gruppen skal rapportere til Klima- og milj\u00f8departementet, sammen med N\u00e6rings- og<br>fiskeridepartementet, Landbruks- og matdepartementet og Finansdepartementet. Gruppen skal levere en samlet rapport og anbefaling senest innen april 2025. Gruppen skal rapportere om status midtveis i arbeidet.<br><\/p>\n\n\n\n<p><em>Organisering<\/em><br>Ekspertgruppen f\u00e5r et eget sekretariat. Ekspertgruppen skal ha en referansegruppe best\u00e5ende av ber\u00f8rte akt\u00f8rer og observat\u00f8rer fra ansvarlige departementer. Referansegruppen vil oppnevnes av departementene etter forslag fra ekspertgruppen.<\/p>\n\n\n\n<p><\/p>\n\n\n\n<p>1 International Resource Panel: Global Resource Outlook 2019<\/p>\n","protected":false},"excerpt":{"rendered":"<p>Mandat: Ekspertgruppe for utredning av virkemidler for \u00e5 fremme sirkul\u00e6re aktiviteter FN mener at verdens produksjon og forbruk i dag overstiger klodens langsiktige t\u00e5legrense og ressursgrunnlag. Ressursforbruket medf\u00f8rer milj\u00f8problemer i form av tap av naturmangfold og klimagassutslipp. Det internasjonale ressurspanelet ansl\u00e5r at dagens forbruk globalt sett er ansvarlig for mer enn 90 prosent av tapet\u2026<\/p>\n","protected":false},"author":2877,"featured_media":0,"parent":0,"menu_order":0,"comment_status":"closed","ping_status":"closed","template":"","meta":{"dss_simple_post_excerpt":"","dss_show_featured_image":true,"footnotes":"[]"},"class_list":["post-7","page","type-page","status-publish","hentry"],"language":"nb-NO","_links":{"self":[{"href":"https:\/\/teststeder.regjeringen.no\/ekspertsirkulaer\/wp-json\/wp\/v2\/pages\/7","targetHints":{"allow":["GET"]}}],"collection":[{"href":"https:\/\/teststeder.regjeringen.no\/ekspertsirkulaer\/wp-json\/wp\/v2\/pages"}],"about":[{"href":"https:\/\/teststeder.regjeringen.no\/ekspertsirkulaer\/wp-json\/wp\/v2\/types\/page"}],"author":[{"embeddable":true,"href":"https:\/\/teststeder.regjeringen.no\/ekspertsirkulaer\/wp-json\/wp\/v2\/users\/2877"}],"replies":[{"embeddable":true,"href":"https:\/\/teststeder.regjeringen.no\/ekspertsirkulaer\/wp-json\/wp\/v2\/comments?post=7"}],"version-history":[{"count":3,"href":"https:\/\/teststeder.regjeringen.no\/ekspertsirkulaer\/wp-json\/wp\/v2\/pages\/7\/revisions"}],"predecessor-version":[{"id":29,"href":"https:\/\/teststeder.regjeringen.no\/ekspertsirkulaer\/wp-json\/wp\/v2\/pages\/7\/revisions\/29"}],"wp:attachment":[{"href":"https:\/\/teststeder.regjeringen.no\/ekspertsirkulaer\/wp-json\/wp\/v2\/media?parent=7"}],"curies":[{"name":"wp","href":"https:\/\/api.w.org\/{rel}","templated":true}]}}