{"id":10,"date":"2024-09-23T10:55:48","date_gmt":"2024-09-23T08:55:48","guid":{"rendered":"https:\/\/nettsteder.regjeringen.no\/etakbu\/?page_id=10"},"modified":"2025-03-10T07:39:14","modified_gmt":"2025-03-10T06:39:14","slug":"moter","status":"publish","type":"page","link":"https:\/\/teststeder.regjeringen.no\/etakbu\/moter\/","title":{"rendered":"Ekspertgruppem\u00f8ter"},"content":{"rendered":"\n<p><strong>Oppstartsm\u00f8te 9.-10. september<\/strong>: Vi dr\u00f8fter mandat og starter inneldende diskusjoner. VI f\u00e5r innspill fra barneombudet, politiet i Oslo ved Jane Bechmann Dahl, kriminolog ved Oslo Met Stian Lid og tingrettsdommer ved Oslo tingrett \u00c5sa Bech. <\/p>\n\n\n\n<p><strong>M\u00f8te 26. september: <\/strong>Vi bes\u00f8ker ungdomsenhet \u00d8st, f\u00e5r innspill fra ungdomsenhet Vest (Bj\u00f8rgvin) og fra Ingeborg Skj\u00e6rv\u00f8 ved Nasjonalt kunnskapssenter om vold og traumatisk stress &#8211; NKVTS<\/p>\n\n\n\n<p><strong>M\u00f8te 15. og 16. oktober<\/strong>: Vi f\u00e5r masse gode innspill fra; Politidirektoratet (POD), Agder politidistrikt og Oslo politidistrikt, brukerorganisasjoner, Barnevernsinstitusjonsutvalget, Nasjonalt utviklingssenter for barn og unge (NUBU), Forsvarergruppen i Advokatforeningen, Kriminalomsorgsdirektoratet (KDI), Barne-, ungdoms- og familiedirektoratet (Bufdir) og Barne-, ungdoms- og familieetaten (Bufetat), Sekretariatet for konfliktr\u00e5dene (SfK), konfliktr\u00e5d Innlandet og konfliktr\u00e5d Oslo, Barne- og familieetaten samt bes\u00f8ker \u00d8stmarka barnevernsinstitusjon.  Vi har ogs\u00e5 interne diskusjoner i ekspertgruppa. <\/p>\n\n\n\n<p><strong>Arbeidshelg 16.-17. november<\/strong>: interne diskusjoner<\/p>\n\n\n\n<p><strong>M\u00f8te 2. desember<\/strong>: Vi f\u00e5r innlegg fra Sverige: Associate professor Maria A. Vogel (kriminologi) fra Universitetet i Stockholm og Dosent Sofia Enell (sosiologi) fra Linn\u00e9universitetet, enhetsleder Karin Svanberg og seniorutreder Anders Bolund fra Brottsf\u00f6rebyggande r\u00e5det. Statsforvalter i Agder, Gina Lund, som har et s\u00e6rskilt ansvar for utsatte barn og unge, har holdt et innlegg for oss og vi har h\u00f8rt fra KS sitt Storbynettverk som ledes av Merete Hanch-Hansen. I tillegg har vi hatt interne diskusjoner. <\/p>\n\n\n\n<p><\/p>\n\n\n\n<p><strong>17. og 18. desember: <\/strong>Vi diskuterer kapittelutkast og mulige tiltak. <\/p>\n\n\n\n<p><strong>15. januar 2025: <\/strong>Vi diskuterer kapittelutkast og mulige tiltak. <\/p>\n\n\n\n<p><strong>28. og 29. januar 2025:  <\/strong>Interne diskusjoner.<\/p>\n\n\n\n<p><strong>13. februar 2025: <\/strong>Interne diskusjoner. <\/p>\n","protected":false},"excerpt":{"rendered":"<p>Oppstartsm\u00f8te 9.-10. september: Vi dr\u00f8fter mandat og starter inneldende diskusjoner. VI f\u00e5r innspill fra barneombudet, politiet i Oslo ved Jane Bechmann Dahl, kriminolog ved Oslo Met Stian Lid og tingrettsdommer ved Oslo tingrett \u00c5sa Bech. M\u00f8te 26. september: Vi bes\u00f8ker ungdomsenhet \u00d8st, f\u00e5r innspill fra ungdomsenhet Vest (Bj\u00f8rgvin) og fra Ingeborg Skj\u00e6rv\u00f8 ved Nasjonalt kunnskapssenter\u2026<\/p>\n","protected":false},"author":2877,"featured_media":0,"parent":0,"menu_order":0,"comment_status":"closed","ping_status":"closed","template":"","meta":{"dss_simple_post_excerpt":"","dss_show_featured_image":true,"footnotes":""},"class_list":["post-10","page","type-page","status-publish","hentry"],"language":"nb-NO","_links":{"self":[{"href":"https:\/\/teststeder.regjeringen.no\/etakbu\/wp-json\/wp\/v2\/pages\/10","targetHints":{"allow":["GET"]}}],"collection":[{"href":"https:\/\/teststeder.regjeringen.no\/etakbu\/wp-json\/wp\/v2\/pages"}],"about":[{"href":"https:\/\/teststeder.regjeringen.no\/etakbu\/wp-json\/wp\/v2\/types\/page"}],"author":[{"embeddable":true,"href":"https:\/\/teststeder.regjeringen.no\/etakbu\/wp-json\/wp\/v2\/users\/2877"}],"replies":[{"embeddable":true,"href":"https:\/\/teststeder.regjeringen.no\/etakbu\/wp-json\/wp\/v2\/comments?post=10"}],"version-history":[{"count":3,"href":"https:\/\/teststeder.regjeringen.no\/etakbu\/wp-json\/wp\/v2\/pages\/10\/revisions"}],"predecessor-version":[{"id":175,"href":"https:\/\/teststeder.regjeringen.no\/etakbu\/wp-json\/wp\/v2\/pages\/10\/revisions\/175"}],"wp:attachment":[{"href":"https:\/\/teststeder.regjeringen.no\/etakbu\/wp-json\/wp\/v2\/media?parent=10"}],"curies":[{"name":"wp","href":"https:\/\/api.w.org\/{rel}","templated":true}]}}