{"id":47,"date":"2024-09-23T14:51:28","date_gmt":"2024-09-23T12:51:28","guid":{"rendered":"https:\/\/nettsteder.regjeringen.no\/etakbu\/?page_id=47"},"modified":"2024-11-25T15:58:41","modified_gmt":"2024-11-25T14:58:41","slug":"moter-og-andre-aktiviteter","status":"publish","type":"page","link":"https:\/\/teststeder.regjeringen.no\/etakbu\/moter-og-andre-aktiviteter\/","title":{"rendered":"M\u00f8ter og andre aktiviteter"},"content":{"rendered":"\n<p><strong>26. september<\/strong>: Bes\u00f8k p\u00e5 <strong>ungdomsenheten \u00f8st 26. september <\/strong>(i forbindelse med ekspertgruppem\u00f8te)<\/p>\n\n\n\n<p><strong>14. oktober:<\/strong> M\u00f8te med<strong> friomsorgen.<\/strong> Vi f\u00e5r innspill fra friomsorgens 10 ungdomsansvarlige. <\/p>\n\n\n\n<p><strong>16. oktober<\/strong>: Bes\u00f8k p\u00e5<strong> \u00d8stmarka barnevernsinstitusjon<\/strong> (i forbindelse med ekspertgruppem\u00f8te) <\/p>\n\n\n\n<p><strong>22.-23. oktober:<\/strong> <strong>Studietur til K\u00f8benhavn. <\/strong>Vi har bes\u00f8kt <a href=\"https:\/\/www.vive.dk\/da\/\">VIVE \u2013 Det Nationale Forsknings- og Analysecenter for Velf\u00e6rd<\/a>, <a href=\"https:\/\/www.domstol.dk\/ungdomskriminalitetsnaevnet\/om-ungdomskriminalitetsnaevnet\/\">Ungdomskriminalitetsn\u00e6vnet i K\u00f8benhavn<\/a> og f\u00e5tt gode innspill fra prosjektleder for Aktive drenge i Gadepuls. Vi har f\u00e5tt omvisning p\u00e5 <a href=\"https:\/\/udsatteogkriminalitetstruedeunge.kk.dk\/vores-tilbud\/soenderbro\/hvad-er-soenderbro\/om-soenderbro\">S\u00f8nderbro \u2013 den sikrede institution<\/a> og blant annet f\u00e5tt h\u00f8re om  Barnets lov, veien inn p\u00e5 sikrede institusjoner og hvordan institusjonene brukes og for hvem. Vi har ogs\u00e5 f\u00e5tt informasjon om SSP-samarbeidet (Skole, sosialforvaltning og politi)  &#8211; kriminalitetsforebyggende samarbeid.<\/p>\n\n\n\n<p>Dag 1 ble avsluttet med middag hos Norges ambassad\u00f8r i Danmark, Katja Nordgaard. Tilstede var ogs\u00e5 Steffen Larsen, medlem av Folketinget (Liberal Alliance) og formann i Retsudvalget, og Anne-Julie Boesen Pedersen, sekretariatssjef i det Kriminalpr\u00e6ventive R\u00e5d, og Sean Lobo, ansatt ved ambassaden.<\/p>\n\n\n\n<figure class=\"wp-block-image size-large\"><img loading=\"lazy\" decoding=\"async\" width=\"1024\" height=\"527\" src=\"https:\/\/files.teststeder.regjeringen.no\/wpuploads01\/sites\/577\/2024\/10\/ambassademiddag-1024x527.jpg\" alt=\"\" class=\"wp-image-105\" srcset=\"https:\/\/files.teststeder.regjeringen.no\/wpuploads01\/sites\/577\/2024\/10\/ambassademiddag-1024x527.jpg 1024w, https:\/\/files.teststeder.regjeringen.no\/wpuploads01\/sites\/577\/2024\/10\/ambassademiddag-300x154.jpg 300w, https:\/\/files.teststeder.regjeringen.no\/wpuploads01\/sites\/577\/2024\/10\/ambassademiddag-768x395.jpg 768w, https:\/\/files.teststeder.regjeringen.no\/wpuploads01\/sites\/577\/2024\/10\/ambassademiddag-1536x790.jpg 1536w, https:\/\/files.teststeder.regjeringen.no\/wpuploads01\/sites\/577\/2024\/10\/ambassademiddag-2048x1053.jpg 2048w\" sizes=\"auto, (max-width: 1024px) 100vw, 1024px\" \/><\/figure>\n\n\n\n<p><\/p>\n\n\n\n<p><strong>24. oktober<\/strong>: <strong>Alternativ til Vold (ATV).<\/strong> Sekretariatet bes\u00f8ker ATV og snakker med ungdom<\/p>\n\n\n\n<p><\/p>\n\n\n\n<p><strong>25. oktober: Ullersmo fengsel. <\/strong>Vi f\u00e5r innspill fra innsatte som deltar p\u00e5 campus Ullersmo.<\/p>\n\n\n\n<p><strong>30. oktober:<\/strong> <strong>Bergensbes\u00f8k.<\/strong> Deler av ekspertgruppa og sekretariat bes\u00f8ker ungdomsenheten Vest, sikkerhetspsykiatrisk avd. og en barnevernsinstitusjon. <\/p>\n\n\n\n<p><strong>4. november: Innspillsm\u00f8te.<\/strong> Vi inviterer bredt til en \u00e5pen h\u00f8ring med korte innlegg og diskusjoner<\/p>\n\n\n\n<p><strong>5. november:<\/strong> M\u00f8te med Maria Grahn-Farley, svensk jussprofessor.<\/p>\n\n\n\n<p><strong>7. november:<\/strong> <strong>Trondheimsbes\u00f8k<\/strong>. Deler av ekspertgruppa og sekretariat bes\u00f8ker barneverns- og helsenemnda, barnehuset og p\u00e5talejurister.<\/p>\n\n\n\n<p><strong>8. november:<\/strong> Departementet har besluttet \u00e5 utvide ekspertgruppen med et nytt medlem, professor Asbj\u00f8rn Strandbakken, for \u00e5 styrke den juridiske kompetansen. For bakgrunn, se <a href=\"https:\/\/files.teststeder.regjeringen.no\/wpuploads01\/sites\/577\/2024\/11\/brev-til-JD-og-BFD-fra-Merete-Havre-Mandatforstaelse-i-et-menneskerettslig-perspektiv.docx\" data-type=\"link\" data-id=\"https:\/\/files.teststeder.regjeringen.no\/wpuploads01\/sites\/577\/2024\/11\/brev-til-JD-og-BFD-fra-Merete-Havre-Mandatforstaelse-i-et-menneskerettslig-perspektiv.docx\">Brev til JD og BFD fra Merete Havre<\/a> og <a href=\"https:\/\/files.teststeder.regjeringen.no\/wpuploads01\/sites\/577\/2024\/11\/Svar-fra-JD-pa-brev-fra-Merete-Havre.docx\" data-type=\"link\" data-id=\"https:\/\/files.teststeder.regjeringen.no\/wpuploads01\/sites\/577\/2024\/11\/Svar-fra-JD-pa-brev-fra-Merete-Havre.docx\">Svar fra JD<\/a><\/p>\n\n\n\n<p><strong>15. november<\/strong>: Deler av ekspertgruppa og sekretariatet bes\u00f8ker <strong>Dikemark, Avdeling forsterket behandling i psykisk helsevern (AFB)<\/strong><\/p>\n\n\n\n<p><strong>18. november<\/strong>: Deler av ekspertgruppa og sekretariatet bes\u00f8ker <strong>Larvik fengsel.<\/strong> Der snakker de med unge voksne som soner dom. Gruppa bes\u00f8ker ogs\u00e5 <strong>St.Hansg\u00e5rden barnevernsinstitusjon<\/strong> i Agder. <\/p>\n\n\n\n<p><strong>18. november:<\/strong> Deler av ekspertgruppa og sekretariatet bes\u00f8ker <strong>ungdomsenhet \u00f8st<\/strong> og snakker med ungdom der. <\/p>\n\n\n\n<p><strong>20. november<\/strong>. Digitalt m\u00f8te med profesjonsfellesskapet <strong>U16 Troms\u00f8. V<\/strong>i f\u00e5r h\u00f8re hvordan de f\u00e5r til godt samarbeid p\u00e5 tvers av sektorer<\/p>\n\n\n\n<p><strong>20. november<\/strong>: Digitalt med med<strong> Sivilombudets forebyggingsenhet 20. november. <\/strong>Vi f\u00e5r h\u00f8re om deres erfaringer etter tilsyn med ekspertgruppens m\u00e5lgruppe<\/p>\n\n\n\n<p><strong>21. november: <\/strong>sekretariatet snakker med ungdom som har f\u00e5tt tett oppf\u00f8lging<\/p>\n\n\n\n<p><strong>27. november<\/strong>: Deler av ekspertgruppa og sekretariatet snakker med <strong>kriminalomsorgens ungdomsr\u00e5d<\/strong><\/p>\n","protected":false},"excerpt":{"rendered":"<p>26. september: Bes\u00f8k p\u00e5 ungdomsenheten \u00f8st 26. september (i forbindelse med ekspertgruppem\u00f8te) 14. oktober: M\u00f8te med friomsorgen. Vi f\u00e5r innspill fra friomsorgens 10 ungdomsansvarlige. 16. oktober: Bes\u00f8k p\u00e5 \u00d8stmarka barnevernsinstitusjon (i forbindelse med ekspertgruppem\u00f8te) 22.-23. oktober: Studietur til K\u00f8benhavn. Vi har bes\u00f8kt VIVE \u2013 Det Nationale Forsknings- og Analysecenter for Velf\u00e6rd, Ungdomskriminalitetsn\u00e6vnet i K\u00f8benhavn og\u2026<\/p>\n","protected":false},"author":3413,"featured_media":0,"parent":0,"menu_order":0,"comment_status":"closed","ping_status":"closed","template":"","meta":{"dss_simple_post_excerpt":"","dss_show_featured_image":true,"footnotes":""},"class_list":["post-47","page","type-page","status-publish","hentry"],"language":"nb-NO","_links":{"self":[{"href":"https:\/\/teststeder.regjeringen.no\/etakbu\/wp-json\/wp\/v2\/pages\/47","targetHints":{"allow":["GET"]}}],"collection":[{"href":"https:\/\/teststeder.regjeringen.no\/etakbu\/wp-json\/wp\/v2\/pages"}],"about":[{"href":"https:\/\/teststeder.regjeringen.no\/etakbu\/wp-json\/wp\/v2\/types\/page"}],"author":[{"embeddable":true,"href":"https:\/\/teststeder.regjeringen.no\/etakbu\/wp-json\/wp\/v2\/users\/3413"}],"replies":[{"embeddable":true,"href":"https:\/\/teststeder.regjeringen.no\/etakbu\/wp-json\/wp\/v2\/comments?post=47"}],"version-history":[{"count":2,"href":"https:\/\/teststeder.regjeringen.no\/etakbu\/wp-json\/wp\/v2\/pages\/47\/revisions"}],"predecessor-version":[{"id":143,"href":"https:\/\/teststeder.regjeringen.no\/etakbu\/wp-json\/wp\/v2\/pages\/47\/revisions\/143"}],"wp:attachment":[{"href":"https:\/\/teststeder.regjeringen.no\/etakbu\/wp-json\/wp\/v2\/media?parent=47"}],"curies":[{"name":"wp","href":"https:\/\/api.w.org\/{rel}","templated":true}]}}