{"id":8,"date":"2024-09-23T10:55:22","date_gmt":"2024-09-23T08:55:22","guid":{"rendered":"https:\/\/nettsteder.regjeringen.no\/etakbu\/?page_id=8"},"modified":"2024-09-23T13:23:57","modified_gmt":"2024-09-23T11:23:57","slug":"mandat","status":"publish","type":"page","link":"https:\/\/teststeder.regjeringen.no\/etakbu\/mandat\/","title":{"rendered":"Mandat"},"content":{"rendered":"\n<p class=\"has-medium-font-size\"><strong>1.1\u00a0\u00a0\u00a0\u00a0\u00a0\u00a0\u00a0\u00a0\u00a0 M\u00e5let med ekspertgruppen<\/strong><\/p>\n\n\n\n<p>M\u00e5let med gruppens arbeid er \u00e5 vurdere tiltak rettet mot barn og unge under 18 \u00e5r med store oppf\u00f8lgingsbehov som beg\u00e5r gjentatt eller alvorlig kriminalitet og hvordan hensynet til barnets beste og samfunnsvernet best kan ivaretas. M\u00e5lgruppen for utredningen er barn b\u00e5de over og under 15 \u00e5r.<\/p>\n\n\n\n<p>Arbeidet skal f\u00f8lge opp tilr\u00e5dningen i NOU 2023:24&nbsp;<em>Med barnet hele vegen,&nbsp;<\/em>og vurdere og komme tilbake med forslag til tiltak rettet mot barn og unge som beg\u00e5r gjentatte eller alvorlige kriminelle handlinger og som dagens tjenester til sammen ikke klarer \u00e5 gi god nok hjelp, oppf\u00f8lging eller beskyttelse. Denne utfordringen eies av flere departementer og forslagene m\u00e5 bygge opp under en tydelig ansvarsdeling og forpliktende samarbeid p\u00e5 tvers av sektorer, stat og kommune.<\/p>\n\n\n\n<h2 class=\"wp-block-heading\">1.2&nbsp;&nbsp;&nbsp;&nbsp;&nbsp;&nbsp;&nbsp;&nbsp;&nbsp; Ekspertgruppen skal<\/h2>\n\n\n\n<ul class=\"wp-block-list is-layout-flow wp-block-list-is-layout-flow\">\n<li>Utrede hvilke tilbud, tiltak og hvilken oppf\u00f8lging barn som beg\u00e5r alvorlig eller gjentatt kriminalitet har behov for, i lys av hensynet til barnets beste og ivaretakelse av samfunnsvern.\n<ul class=\"wp-block-list is-layout-flow wp-block-list-is-layout-flow\">\n<li>Herunder utrede rammer, ressurser, kompetanse og lovverk for et bo- og rehabiliteringstilbud (evt. kalt Nasjonale Trygghetshus), med tanke p\u00e5 pilotering og videre utbygging. Gruppen m\u00e5 vurdere om et slikt botilbud b\u00f8r etableres innenfor eller utenfor barnevernslovens rammer, og hvor ansvaret for et tilbud skal ligge.<\/li>\n\n\n\n<li>Mindre inngripende tiltak enn bo- og rehabiliteringstilbud skal vurderes.<\/li>\n<\/ul>\n<\/li>\n\n\n\n<li>Vurdere ansvarsplassering av de foresl\u00e5tte tiltakene, organisering, kompetansebehov, ressurser, samarbeidsl\u00f8sninger og informasjonsdeling mellom de ulike akt\u00f8rene og sektorene. Forsl\u00e5tte tiltak m\u00e5 vise hvordan den tverrsektorielle oppf\u00f8lgingen skal ivaretas, herunder utdanning, aktivitet og psykisk og fysisk helse.<\/li>\n\n\n\n<li>For barn mellom 15 og 18 \u00e5r skal det vurderes om dagens tiltak innenfor de ulike sektorene bidrar til forebygging av videre kriminalitet og ivaretar hensynet til barnets beste og effektivt samfunnsvern.<\/li>\n\n\n\n<li>Foresl\u00e5 et opplegg for \u00e5 evaluere effektene de foresl\u00e5tte tiltakene f\u00e5r for tilbakefall til kriminalitet, helsetilstand og deltakelse i utdanning og arbeid.<\/li>\n<\/ul>\n\n\n\n<p>I tr\u00e5d med utredningsinstruksen b\u00f8r det vurderes virkninger av de ulike tiltakene, herunder de \u00f8konomiske, administrative og juridiske konsekvenser av forslagene skal beskrives.<\/p>\n\n\n\n<p>Ekspertgruppens vurderinger skal gj\u00f8res i lys av Barnevernsinstitusjonsutvalgets (NOU 2023:24) forslag og Regjeringens strategi \u00abV\u00e5rt felles ansvar \u2013 ny retning for barnevernets institusjonstilbud\u00bb.<\/p>\n\n\n\n<h2 class=\"wp-block-heading\">1.3&nbsp;&nbsp;&nbsp;&nbsp;&nbsp;&nbsp;&nbsp;&nbsp;&nbsp; F\u00f8ringer for arbeidet<\/h2>\n\n\n\n<ul class=\"wp-block-list is-layout-flow wp-block-list-is-layout-flow\">\n<li>Den kriminelle lavalderen skal ligge fast<\/li>\n\n\n\n<li>Nye strafferettslige reaksjoner skal ikke utredes<\/li>\n\n\n\n<li>Terskelen for fengsling skal ligge fast i tr\u00e5d med FNs barnekonvensjon og straffeprosessloven \u00a7 174 og \u00a7 184 og straffeloven \u00a7 33<\/li>\n\n\n\n<li>Barnevernslovens form\u00e5l skal ikke endres til \u00e5 omfatte straff eller samfunnsvern<\/li>\n\n\n\n<li>Ekspertgruppen skal se hen til erfaringer og tiltak fra land det er naturlig \u00e5 sammenligne oss med<\/li>\n\n\n\n<li>Barn og unges rett til medvirkning m\u00e5 ivaretas i arbeidet<\/li>\n\n\n\n<li>Ekspertgruppen m\u00e5 ha dialog og koordinere seg med ekspertgruppen om forebygging av barne- og ungdomskriminalitet <\/li>\n<\/ul>\n\n\n\n<h2 class=\"wp-block-heading\">1.4&nbsp;&nbsp;&nbsp;&nbsp;&nbsp;&nbsp;&nbsp;&nbsp;&nbsp; Tidsplan<\/h2>\n\n\n\n<p>Ekspertgruppen skal levere sin rapport 01. mars 2025.<\/p>\n\n\n\n<p><\/p>\n","protected":false},"excerpt":{"rendered":"<p>1.1\u00a0\u00a0\u00a0\u00a0\u00a0\u00a0\u00a0\u00a0\u00a0 M\u00e5let med ekspertgruppen M\u00e5let med gruppens arbeid er \u00e5 vurdere tiltak rettet mot barn og unge under 18 \u00e5r med store oppf\u00f8lgingsbehov som beg\u00e5r gjentatt eller alvorlig kriminalitet og hvordan hensynet til barnets beste og samfunnsvernet best kan ivaretas. M\u00e5lgruppen for utredningen er barn b\u00e5de over og under 15 \u00e5r. Arbeidet skal f\u00f8lge opp\u2026<\/p>\n","protected":false},"author":2877,"featured_media":0,"parent":0,"menu_order":0,"comment_status":"closed","ping_status":"closed","template":"","meta":{"dss_simple_post_excerpt":"","dss_show_featured_image":true,"footnotes":""},"class_list":["post-8","page","type-page","status-publish","hentry"],"language":"nb-NO","_links":{"self":[{"href":"https:\/\/teststeder.regjeringen.no\/etakbu\/wp-json\/wp\/v2\/pages\/8","targetHints":{"allow":["GET"]}}],"collection":[{"href":"https:\/\/teststeder.regjeringen.no\/etakbu\/wp-json\/wp\/v2\/pages"}],"about":[{"href":"https:\/\/teststeder.regjeringen.no\/etakbu\/wp-json\/wp\/v2\/types\/page"}],"author":[{"embeddable":true,"href":"https:\/\/teststeder.regjeringen.no\/etakbu\/wp-json\/wp\/v2\/users\/2877"}],"replies":[{"embeddable":true,"href":"https:\/\/teststeder.regjeringen.no\/etakbu\/wp-json\/wp\/v2\/comments?post=8"}],"version-history":[{"count":2,"href":"https:\/\/teststeder.regjeringen.no\/etakbu\/wp-json\/wp\/v2\/pages\/8\/revisions"}],"predecessor-version":[{"id":35,"href":"https:\/\/teststeder.regjeringen.no\/etakbu\/wp-json\/wp\/v2\/pages\/8\/revisions\/35"}],"wp:attachment":[{"href":"https:\/\/teststeder.regjeringen.no\/etakbu\/wp-json\/wp\/v2\/media?parent=8"}],"curies":[{"name":"wp","href":"https:\/\/api.w.org\/{rel}","templated":true}]}}