{"id":9,"date":"2024-09-23T10:55:41","date_gmt":"2024-09-23T08:55:41","guid":{"rendered":"https:\/\/nettsteder.regjeringen.no\/etakbu\/?page_id=9"},"modified":"2024-11-11T16:03:23","modified_gmt":"2024-11-11T15:03:23","slug":"medlemmer","status":"publish","type":"page","link":"https:\/\/teststeder.regjeringen.no\/etakbu\/medlemmer\/","title":{"rendered":"Medlemmer"},"content":{"rendered":"<ul class=\"wp-block-dss-people\">\n<li class=\"wp-block-dss-person\">\t<div class=\"dss-person-image\">\n\t\t<figure>\n\t\t\t<img loading=\"lazy\" decoding=\"async\" width=\"250\" height=\"250\" src=\"https:\/\/files.teststeder.regjeringen.no\/wpuploads01\/sites\/577\/2024\/09\/Knut-storberget-300x300.jpg\" class=\"attachment-250x250 size-250x250\" alt=\"\" srcset=\"https:\/\/files.teststeder.regjeringen.no\/wpuploads01\/sites\/577\/2024\/09\/Knut-storberget-300x300.jpg 300w, https:\/\/files.teststeder.regjeringen.no\/wpuploads01\/sites\/577\/2024\/09\/Knut-storberget-1024x1024.jpg 1024w, https:\/\/files.teststeder.regjeringen.no\/wpuploads01\/sites\/577\/2024\/09\/Knut-storberget-150x150.jpg 150w, https:\/\/files.teststeder.regjeringen.no\/wpuploads01\/sites\/577\/2024\/09\/Knut-storberget-768x768.jpg 768w, https:\/\/files.teststeder.regjeringen.no\/wpuploads01\/sites\/577\/2024\/09\/Knut-storberget.jpg 1195w\" sizes=\"auto, (max-width: 250px) 100vw, 250px\" \/>\t\t<\/figure>\n\t<\/div>\n\t<div class=\"dss-person-content\">\n\t\t<h3 class=\"dss-person-name\">Knut Storberget<\/h3><p class=\"dss-person-position\">Utvalgsleder<\/p><p class=\"dss-person-content\">Knut er utdannet jurist. Han jobber som statsforvalter i Innlandet (Elverum) og er tidligere justisminister, stortingsrepresentant og advokat.<\/p>\t<\/div>\n\t<\/li>\n\n<li class=\"wp-block-dss-person\">\t<div class=\"dss-person-image\">\n\t\t<figure>\n\t\t\t<img loading=\"lazy\" decoding=\"async\" width=\"250\" height=\"167\" src=\"https:\/\/files.teststeder.regjeringen.no\/wpuploads01\/sites\/577\/2024\/10\/Merete-Havre-2-scaled.jpg\" class=\"attachment-250x250 size-250x250\" alt=\"\" srcset=\"https:\/\/files.teststeder.regjeringen.no\/wpuploads01\/sites\/577\/2024\/10\/Merete-Havre-2-scaled.jpg 2560w, https:\/\/files.teststeder.regjeringen.no\/wpuploads01\/sites\/577\/2024\/10\/Merete-Havre-2-300x200.jpg 300w, https:\/\/files.teststeder.regjeringen.no\/wpuploads01\/sites\/577\/2024\/10\/Merete-Havre-2-1024x683.jpg 1024w, https:\/\/files.teststeder.regjeringen.no\/wpuploads01\/sites\/577\/2024\/10\/Merete-Havre-2-768x512.jpg 768w, https:\/\/files.teststeder.regjeringen.no\/wpuploads01\/sites\/577\/2024\/10\/Merete-Havre-2-1536x1024.jpg 1536w, https:\/\/files.teststeder.regjeringen.no\/wpuploads01\/sites\/577\/2024\/10\/Merete-Havre-2-2048x1365.jpg 2048w\" sizes=\"auto, (max-width: 250px) 100vw, 250px\" \/>\t\t<\/figure>\n\t<\/div>\n\t<div class=\"dss-person-content\">\n\t\t<h3 class=\"dss-person-name\">Merete Havre<\/h3><p class=\"dss-person-content\">Merete er professor i rettsvitenskap ved Institutt for sosialfag, OsloMet- storbyuniversitetet, for tiden i permisjon som f\u00f8rsteamanuensis ved Institutt for offentlig rett, Det juridiske fakultet, UiO. Hun har menneskerettigheter som sitt spesialomr\u00e5de, og har i all hovedsak forsket p\u00e5 barnevernsrettslige og strafferettslige problemstillinger. Hun har sin doktorgrad p\u00e5 menneskerettslige begrensinger for varetektsfengsling (UiO,2014). De senere \u00e5rene har hun hatt faglig ansvar for juridiske fag i barnevernsutdanningen, hvor hun s\u00e6rlig har bygget opp faget institusjonsjuss for barnevernet, og hun har forsket p\u00e5 menneskerettslige sp\u00f8rsm\u00e5l p\u00e5 barnevernsinstitusjonsfeltet. I perioden 2020-2023 deltok hun i et tverrvitenskapelige forskningsprosjekter p\u00e5 barnevernets enetiltak og rustiltak p\u00e5 vegne av Bufdir. I 2023 utredet hun det menneskerettslige handlerommet for reguleringen av institusjonsfeltet p\u00e5 vegne av Barne- og familiedepartementet. Hun har tidligere arbeidet i Bergen fengsel, som dommerfullmektig, i kommisjonen for gjenopptakelse av straffesaker, og som forsvarer i straffesaker, og som advokat i tvangssaker i psykiatri og barnevern (bevilling 2006).<\/p>\t<\/div>\n\t<\/li>\n\n<li class=\"wp-block-dss-person\">\t<div class=\"dss-person-image\">\n\t\t<figure>\n\t\t\t<img loading=\"lazy\" decoding=\"async\" width=\"153\" height=\"153\" src=\"https:\/\/files.teststeder.regjeringen.no\/wpuploads01\/sites\/577\/2024\/09\/Heidi-Tessand-2.jpg\" class=\"attachment-250x250 size-250x250\" alt=\"\" srcset=\"https:\/\/files.teststeder.regjeringen.no\/wpuploads01\/sites\/577\/2024\/09\/Heidi-Tessand-2.jpg 153w, https:\/\/files.teststeder.regjeringen.no\/wpuploads01\/sites\/577\/2024\/09\/Heidi-Tessand-2-150x150.jpg 150w\" sizes=\"auto, (max-width: 153px) 100vw, 153px\" \/>\t\t<\/figure>\n\t<\/div>\n\t<div class=\"dss-person-content\">\n\t\t<h3 class=\"dss-person-name\">Heidi Elisabeth Svendsen<\/h3><p class=\"dss-person-content\">Heidi er psykolog med spesialisering i klinisk barn og unge og samfunnspsykologi. Hun er utviklingsleder for Stillasbyggerne &#8211; en barnevernrettet poliklinikk ved Ahus i Oslo som jobber med samhandling mellom tjenester og skreddersydde tiltak for barn og ungdom som bor p\u00e5 barnevernsinstitusjon og i fosterhjem. Heidi var medlem av barnevernsinstitusjonsutvalget som leverte NOU 2023: 24 Med barnet hele vegen &#8211; Barnevernsinstitusjoner som har barnas tillit.<\/p>\t<\/div>\n\t<\/li>\n\n<li class=\"wp-block-dss-person\">\t<div class=\"dss-person-image\">\n\t\t<figure>\n\t\t\t<img loading=\"lazy\" decoding=\"async\" width=\"250\" height=\"140\" src=\"https:\/\/files.teststeder.regjeringen.no\/wpuploads01\/sites\/577\/2024\/09\/1439.jpg\" class=\"attachment-250x250 size-250x250\" alt=\"\" srcset=\"https:\/\/files.teststeder.regjeringen.no\/wpuploads01\/sites\/577\/2024\/09\/1439.jpg 2560w, https:\/\/files.teststeder.regjeringen.no\/wpuploads01\/sites\/577\/2024\/09\/1439-300x168.jpg 300w, https:\/\/files.teststeder.regjeringen.no\/wpuploads01\/sites\/577\/2024\/09\/1439-1024x574.jpg 1024w, https:\/\/files.teststeder.regjeringen.no\/wpuploads01\/sites\/577\/2024\/09\/1439-768x431.jpg 768w, https:\/\/files.teststeder.regjeringen.no\/wpuploads01\/sites\/577\/2024\/09\/1439-1536x861.jpg 1536w, https:\/\/files.teststeder.regjeringen.no\/wpuploads01\/sites\/577\/2024\/09\/1439-2048x1148.jpg 2048w, https:\/\/files.teststeder.regjeringen.no\/wpuploads01\/sites\/577\/2024\/09\/1439-1200x675.jpg 1200w\" sizes=\"auto, (max-width: 250px) 100vw, 250px\" \/>\t\t<\/figure>\n\t<\/div>\n\t<div class=\"dss-person-content\">\n\t\t<h3 class=\"dss-person-name\">Synne Engh-Hellesvik<\/h3><p class=\"dss-person-content\">Synne er utdannet psykologspesialist og har en MBA i Strategisk ledelse fra NHH. Synne jobber som direkt\u00f8r i kriminalomsorgen region s\u00f8r. Hun er tidligere avdelingsdirekt\u00f8r i Barne ungdoms og familieetaten region \u00f8st (Bufetat) og fagdirekt\u00f8r i Barne-, ungdoms- og familiedirektoratet (Bufdir) der hun blant annet har hatt ansvar for kvalitetsutvikling i institusjonsbarnevernet. Hun er ogs\u00e5 tidligere avdelingsdirekt\u00f8r i Regionalt kompetansesenter for barn og unges psykiske helse (RBUP). Synne har kompetanse p\u00e5 barnevern, kriminalomsorg, psykisk helse og organisasjon.<\/p>\t<\/div>\n\t<\/li>\n\n<li class=\"wp-block-dss-person\">\t<div class=\"dss-person-image\">\n\t\t<figure>\n\t\t\t<img loading=\"lazy\" decoding=\"async\" width=\"225\" height=\"250\" src=\"https:\/\/files.teststeder.regjeringen.no\/wpuploads01\/sites\/577\/2024\/09\/Sivert-Bragstad-rannem.png\" class=\"attachment-250x250 size-250x250\" alt=\"\" srcset=\"https:\/\/files.teststeder.regjeringen.no\/wpuploads01\/sites\/577\/2024\/09\/Sivert-Bragstad-rannem.png 381w, https:\/\/files.teststeder.regjeringen.no\/wpuploads01\/sites\/577\/2024\/09\/Sivert-Bragstad-rannem-270x300.png 270w\" sizes=\"auto, (max-width: 225px) 100vw, 225px\" \/>\t\t<\/figure>\n\t<\/div>\n\t<div class=\"dss-person-content\">\n\t\t<h3 class=\"dss-person-name\">Sivert Bragstad Rannem<\/h3><p class=\"dss-person-content\">Sivert jobber som politiinspekt\u00f8r ved Tr\u00f8ndelag politidistrikt (Inder\u00f8y). Han er leder for felles enhet for forebygging ved Tr\u00f8ndelag politidistrikt.<\/p>\t<\/div>\n\t<\/li>\n\n<li class=\"wp-block-dss-person\">\t<div class=\"dss-person-image\">\n\t\t<figure>\n\t\t\t<img loading=\"lazy\" decoding=\"async\" width=\"209\" height=\"250\" src=\"https:\/\/files.teststeder.regjeringen.no\/wpuploads01\/sites\/577\/2024\/09\/Manudeep-bhuller.jpg\" class=\"attachment-250x250 size-250x250\" alt=\"\" srcset=\"https:\/\/files.teststeder.regjeringen.no\/wpuploads01\/sites\/577\/2024\/09\/Manudeep-bhuller.jpg 704w, https:\/\/files.teststeder.regjeringen.no\/wpuploads01\/sites\/577\/2024\/09\/Manudeep-bhuller-251x300.jpg 251w\" sizes=\"auto, (max-width: 209px) 100vw, 209px\" \/><span class=\"t2-image-credit\">\n\t\t\t\t<button type=\"button\" class=\"t2-image-credit-toggle\" aria-expanded=\"false\" aria-controls=\"image-credit\" aria-label=\"Toggle image credit\"><svg xmlns=\"http:\/\/www.w3.org\/2000\/svg\" viewBox=\"0 0 24 24\" height=\"24\" width=\"24\" class=\"t2-icon t2-icon-info\" aria-hidden=\"true\" focusable=\"false\"><path d=\"M12 17c.3 0 .5-.1.7-.3s.3-.4.3-.7v-4c0-.3-.1-.5-.3-.7-.2-.2-.4-.3-.7-.3s-.5.1-.7.3c-.2.2-.3.4-.3.7v4c0 .3.1.5.3.7s.4.3.7.3zm0-8c.3 0 .5-.1.7-.3.2-.2.3-.4.3-.7 0-.3-.1-.5-.3-.7-.2-.2-.4-.3-.7-.3s-.5.1-.7.3c-.2.2-.3.4-.3.7 0 .3.1.5.3.7.2.2.4.3.7.3zm0 13c-1.4 0-2.7-.3-3.9-.8-1.2-.5-2.3-1.2-3.2-2.1s-1.6-2-2.1-3.2S2 13.4 2 12s.3-2.7.8-3.9S4 5.8 4.9 4.9s2-1.6 3.2-2.1S10.6 2 12 2s2.7.3 3.9.8 2.3 1.2 3.2 2.1 1.6 2 2.1 3.2c.5 1.2.8 2.5.8 3.9s-.3 2.7-.8 3.9c-.5 1.2-1.2 2.3-2.1 3.2s-2 1.6-3.2 2.1c-1.2.5-2.5.8-3.9.8z\" fill=\"currentColor\" \/><\/svg><\/button>\n\t\t\t\t<span class=\"t2-image-credit-text wp-element-caption\" id=\"image-credit\" hidden>Foto: Ann-Sophi Glad<\/span>\n\t\t\t<\/span>\t\t<\/figure>\n\t<\/div>\n\t<div class=\"dss-person-content\">\n\t\t<h3 class=\"dss-person-name\">Manudeep Bhuller<\/h3><p class=\"dss-person-content\">Manudeep jobber som professor i \u00f8konomi ved Universitetet i Oslo. Han har omfattende forskningsaktivitet p\u00e5 temaer knyttet til kriminalitet og innenfor utdannings- og arbeids\u00f8konomi. Manudeep har sittet i ekspertgruppe om &laquo;Et jevnere utdanningsl\u00f8p&raquo; for Kunnskapsdepartementet og i Lavl\u00f8nnsutvalget til Arbeids- og inkluderingsdepartementet.  <\/p>\t<\/div>\n\t<\/li>\n\n<li class=\"wp-block-dss-person\">\t<div class=\"dss-person-image\">\n\t\t<figure>\n\t\t\t<img loading=\"lazy\" decoding=\"async\" width=\"250\" height=\"250\" src=\"https:\/\/files.teststeder.regjeringen.no\/wpuploads01\/sites\/577\/2024\/11\/Asbjorn-Strandbakken-300x300.jpg\" class=\"attachment-250x250 size-250x250\" alt=\"\" srcset=\"https:\/\/files.teststeder.regjeringen.no\/wpuploads01\/sites\/577\/2024\/11\/Asbjorn-Strandbakken-300x300.jpg 300w, https:\/\/files.teststeder.regjeringen.no\/wpuploads01\/sites\/577\/2024\/11\/Asbjorn-Strandbakken-150x150.jpg 150w, https:\/\/files.teststeder.regjeringen.no\/wpuploads01\/sites\/577\/2024\/11\/Asbjorn-Strandbakken-768x768.jpg 768w, https:\/\/files.teststeder.regjeringen.no\/wpuploads01\/sites\/577\/2024\/11\/Asbjorn-Strandbakken.jpg 1000w\" sizes=\"auto, (max-width: 250px) 100vw, 250px\" \/>\t\t<\/figure>\n\t<\/div>\n\t<div class=\"dss-person-content\">\n\t\t<h3 class=\"dss-person-name\">Asbj\u00f8rn Strandbakken<\/h3><p class=\"dss-person-content\">Asbj\u00f8rn er professor i rettsvitenskap ved Universitetet i Agder. Han har arbeidet med familierett, strafferett, straffeprosess og menneskerettigheter. \nFoto: Hans J\u00f8rgen Brun<\/p>\t<\/div>\n\t<\/li>\n\n<li class=\"wp-block-dss-person\">\t<div class=\"dss-person-image\">\n\t\t<figure>\n\t\t\t<img loading=\"lazy\" decoding=\"async\" width=\"188\" height=\"250\" src=\"https:\/\/files.teststeder.regjeringen.no\/wpuploads01\/sites\/577\/2024\/10\/hakon2.jpg\" class=\"attachment-250x250 size-250x250\" alt=\"\" srcset=\"https:\/\/files.teststeder.regjeringen.no\/wpuploads01\/sites\/577\/2024\/10\/hakon2.jpg 240w, https:\/\/files.teststeder.regjeringen.no\/wpuploads01\/sites\/577\/2024\/10\/hakon2-225x300.jpg 225w\" sizes=\"auto, (max-width: 188px) 100vw, 188px\" \/>\t\t<\/figure>\n\t<\/div>\n\t<div class=\"dss-person-content\">\n\t\t<h3 class=\"dss-person-name\">H\u00e5kon Schei Mentzoni<\/h3><p class=\"dss-person-position\">sekretariatsleder<\/p><p class=\"dss-person-content\">H\u00e5kon er utdannet jurist og jobber som tingrettsdommer i Romerike og Gl\u00e5mdal Tingrett. <\/p>\t<\/div>\n\t<\/li>\n\n<li class=\"wp-block-dss-person\">\t<div class=\"dss-person-image\">\n\t\t<figure>\n\t\t\t<img loading=\"lazy\" decoding=\"async\" width=\"188\" height=\"250\" src=\"https:\/\/files.teststeder.regjeringen.no\/wpuploads01\/sites\/577\/2024\/10\/Arja-2-scaled.jpeg\" class=\"attachment-250x250 size-250x250\" alt=\"\" srcset=\"https:\/\/files.teststeder.regjeringen.no\/wpuploads01\/sites\/577\/2024\/10\/Arja-2-scaled.jpeg 1920w, https:\/\/files.teststeder.regjeringen.no\/wpuploads01\/sites\/577\/2024\/10\/Arja-2-225x300.jpeg 225w, https:\/\/files.teststeder.regjeringen.no\/wpuploads01\/sites\/577\/2024\/10\/Arja-2-768x1024.jpeg 768w, https:\/\/files.teststeder.regjeringen.no\/wpuploads01\/sites\/577\/2024\/10\/Arja-2-1152x1536.jpeg 1152w, https:\/\/files.teststeder.regjeringen.no\/wpuploads01\/sites\/577\/2024\/10\/Arja-2-1536x2048.jpeg 1536w\" sizes=\"auto, (max-width: 188px) 100vw, 188px\" \/>\t\t<\/figure>\n\t<\/div>\n\t<div class=\"dss-person-content\">\n\t\t<h3 class=\"dss-person-name\">Arja Vara Skogholt<\/h3><p class=\"dss-person-position\">utvalgssekret\u00e6r<\/p><p class=\"dss-person-content\">Arja er utdannet jurist og jobber i barnevernsavdelingen i Barne- og familiedepartementet<\/p>\t<\/div>\n\t<\/li>\n\n<li class=\"wp-block-dss-person\">\t<div class=\"dss-person-image\">\n\t\t<figure>\n\t\t\t<img loading=\"lazy\" decoding=\"async\" width=\"188\" height=\"250\" src=\"https:\/\/files.teststeder.regjeringen.no\/wpuploads01\/sites\/577\/2024\/10\/Ann-Sophi.jpg\" class=\"attachment-250x250 size-250x250\" alt=\"\" srcset=\"https:\/\/files.teststeder.regjeringen.no\/wpuploads01\/sites\/577\/2024\/10\/Ann-Sophi.jpg 240w, https:\/\/files.teststeder.regjeringen.no\/wpuploads01\/sites\/577\/2024\/10\/Ann-Sophi-225x300.jpg 225w\" sizes=\"auto, (max-width: 188px) 100vw, 188px\" \/>\t\t<\/figure>\n\t<\/div>\n\t<div class=\"dss-person-content\">\n\t\t<h3 class=\"dss-person-name\">Ann-Sophi Glad<\/h3><p class=\"dss-person-position\">utvalgssekret\u00e6r<\/p><p class=\"dss-person-content\">Ann-Sophi har profesjonsstudiet i spesialpedagogikk med spesialisering p\u00e5 barn og unge med atferdsvansker. Hun jobber i sekretariatet for konfliktr\u00e5dene.  <\/p>\t<\/div>\n\t<\/li>\n<\/ul>","protected":false},"excerpt":{"rendered":"","protected":false},"author":2877,"featured_media":0,"parent":0,"menu_order":0,"comment_status":"closed","ping_status":"closed","template":"","meta":{"dss_simple_post_excerpt":"","dss_show_featured_image":true,"footnotes":""},"class_list":["post-9","page","type-page","status-publish","hentry"],"language":"nb-NO","_links":{"self":[{"href":"https:\/\/teststeder.regjeringen.no\/etakbu\/wp-json\/wp\/v2\/pages\/9","targetHints":{"allow":["GET"]}}],"collection":[{"href":"https:\/\/teststeder.regjeringen.no\/etakbu\/wp-json\/wp\/v2\/pages"}],"about":[{"href":"https:\/\/teststeder.regjeringen.no\/etakbu\/wp-json\/wp\/v2\/types\/page"}],"author":[{"embeddable":true,"href":"https:\/\/teststeder.regjeringen.no\/etakbu\/wp-json\/wp\/v2\/users\/2877"}],"replies":[{"embeddable":true,"href":"https:\/\/teststeder.regjeringen.no\/etakbu\/wp-json\/wp\/v2\/comments?post=9"}],"version-history":[{"count":2,"href":"https:\/\/teststeder.regjeringen.no\/etakbu\/wp-json\/wp\/v2\/pages\/9\/revisions"}],"predecessor-version":[{"id":122,"href":"https:\/\/teststeder.regjeringen.no\/etakbu\/wp-json\/wp\/v2\/pages\/9\/revisions\/122"}],"wp:attachment":[{"href":"https:\/\/teststeder.regjeringen.no\/etakbu\/wp-json\/wp\/v2\/media?parent=9"}],"curies":[{"name":"wp","href":"https:\/\/api.w.org\/{rel}","templated":true}]}}