{"id":2411,"date":"2018-12-04T11:39:58","date_gmt":"2018-12-04T10:39:58","guid":{"rendered":"https:\/\/nettsteder.regjeringen.no\/foodfromtheocean\/?page_id=2411"},"modified":"2019-02-14T14:39:57","modified_gmt":"2019-02-14T13:39:57","slug":"__trashed-3","status":"publish","type":"page","link":"https:\/\/teststeder.regjeringen.no\/foodfromtheocean\/__trashed-3\/","title":{"rendered":"Program for The New York Side Event 2017"},"content":{"rendered":"<div id=\"module-0\" class=\"hogan-module hogan-module-text hogan-module-0 text-wrap\"><div class=\"hogan-module-inner clearfix\"><p>Date: 6 June 2017<br \/>\nTime Slot: 18:30-19:45<br \/>\nVenue: Conference Room A, UN Conference Building<\/p>\n<hr \/>\n<h4><span style=\"color: #808080;\">18.30\u201318.35<\/span><\/h4>\n<h3><span style=\"color: #008080;\">Welcome<\/span><\/h3>\n<p>Tone Skogen, \u00a0State Secretary, Government of Norway<\/p>\n<hr \/>\n<h4><span style=\"color: #808080;\">18.35\u201318.40<\/span><\/h4>\n<h3><span style=\"color: #008080;\">Introduction\u00a0to the panel<\/span><\/h3>\n<p>Co chairs<\/p>\n<p>&#8211; Mitchell Lay, Fisherman and Coordinator Caribbean Network of Fisherfolk Organization<\/p>\n<p>&#8211; Edel\u00a0 Elvevoll Professor and Dean UiT The Arctic University of Norway<\/p>\n<hr \/>\n<p><span style=\"color: #ff6600;\"><em>High level session:<\/em><\/span><\/p>\n<h4><span style=\"color: #808080;\">18.40\u201319.10<\/span><\/h4>\n<h3><span style=\"color: #008080;\">The role of food from the ocean<\/span><\/h3>\n<p>&#8211; Fisheries Minister of Island, \u00deorger\u00f0ur Katr\u00edn Gunnarsd\u00f3ttir<\/p>\n<p>&#8211; UN environment, Deputy Executive Director, Ibrahim Thiaw<\/p>\n<p>&#8211; Food and Agriculture Organization of the UN (FAO), Assistant Director-General of the Fisheries and Aquaculture Departement, Arni M. Mathiesen<\/p>\n<p>&#8211; CARICOM, Minister of State, Ministry of Agriculture, Fisheries, Forestry, the Environment,\u00a0Sustainable Development and Immigration, government of Belize, Omar Figueroa<\/p>\n<hr \/>\n<p><span style=\"color: #ff6600;\"><em>Thematic session:\u00a0<\/em><\/span><\/p>\n<h4><span style=\"color: #808080;\">19.10\u201319.20<\/span><\/h4>\n<h3><span style=\"color: #008080;\">Sustainable use of the oceans for food security and nutrition\u00a0-Norwegian experiences<\/span><\/h3>\n<p>&#8211; Ole Arve Misund, Norwegian National institute for seafood and nutrition research (NIFES)<\/p>\n<h4><span style=\"color: #808080;\">19.20\u201319.30\u00a0<\/span><\/h4>\n<h3><span style=\"color: #008080;\"> Mainstreaming fisheries and nutrition policies<\/span><\/h3>\n<h4 style=\"padding-left: 30px;\">Putting fish on the menu \u2013 Today and into the future<\/h4>\n<p style=\"padding-left: 30px;\">&#8211; Manuel Barange, Director Fisheries and Aquaculture Policy and Resources Division, \u00a0FAO<\/p>\n<h4 style=\"padding-left: 30px;\">Sustainable fisheries and aquaculture for food security and nutrition<\/h4>\n<p style=\"padding-left: 30px;\">&#8211; Patrick Caron, Chair of CFS High level panel of experts<\/p>\n<h4><span style=\"color: #808080;\">19.30\u2013<\/span><span style=\"color: #008080;\"><span style=\"color: #808080;\">19.40<\/span><\/span><\/h4>\n<h3><span style=\"color: #008080;\">Decade of action on nutrition -ambitions and action in nutrition, fisheries and aquaculture<\/span><\/h3>\n<p>&#8211; Nata Menabde, Executive Director, World Health Organization, WHO, Office at the United Nations<\/p>\n<hr \/>\n<h4><span style=\"color: #808080;\">19.40\u201319.45<\/span><\/h4>\n<h3><span style=\"color: #008080;\">Conclusions<\/span><\/h3>\n<p>&nbsp;<\/p><\/div><\/div>","protected":false},"excerpt":{"rendered":"<p>Date: 6 June 2017 Time Slot: 18:30-19:45 Venue: Conference Room A, UN Conference Building 18.30\u201318.35 Welcome Tone Skogen, \u00a0State Secretary, &#8230;<\/p>\n","protected":false},"author":306,"featured_media":0,"parent":0,"menu_order":0,"comment_status":"closed","ping_status":"closed","template":"","meta":{"_acf_changed":false,"footnotes":""},"class_list":["post-2411","page","type-page","status-publish","hentry"],"yoast_head":"<!-- This site is optimized with the Yoast SEO plugin v27.2 - https:\/\/yoast.com\/product\/yoast-seo-wordpress\/ -->\n<title>Program for The New York Side Event 2017 - Sustainable Food from the Oceans and Inland Waters for Food Security and Nutrition<\/title>\n<meta name=\"robots\" content=\"index, follow, max-snippet:-1, max-image-preview:large, max-video-preview:-1\" \/>\n<link rel=\"canonical\" href=\"https:\/\/nettsteder.regjeringen.no\/foodfromtheocean\/__trashed-3\/\" \/>\n<meta property=\"og:locale\" content=\"en_US\" \/>\n<meta property=\"og:type\" content=\"article\" \/>\n<meta property=\"og:title\" content=\"Program for The New York Side Event 2017 - Sustainable Food from the Oceans and Inland Waters for Food Security and Nutrition\" \/>\n<meta property=\"og:description\" content=\"Date: 6 June 2017 Time Slot: 18:30-19:45 Venue: Conference Room A, UN Conference Building 18.30\u201318.35 Welcome Tone Skogen, \u00a0State Secretary, ...\" \/>\n<meta property=\"og:url\" content=\"https:\/\/nettsteder.regjeringen.no\/foodfromtheocean\/__trashed-3\/\" \/>\n<meta property=\"og:site_name\" content=\"Sustainable Food from the Oceans and Inland Waters for Food Security and Nutrition\" \/>\n<meta property=\"article:modified_time\" content=\"2019-02-14T13:39:57+00:00\" \/>\n<meta name=\"twitter:card\" content=\"summary_large_image\" \/>\n<script type=\"application\/ld+json\" class=\"yoast-schema-graph\">{\"@context\":\"https:\/\/schema.org\",\"@graph\":[{\"@type\":\"WebPage\",\"@id\":\"https:\/\/nettsteder.regjeringen.no\/foodfromtheocean\/__trashed-3\/\",\"url\":\"https:\/\/nettsteder.regjeringen.no\/foodfromtheocean\/__trashed-3\/\",\"name\":\"Program for The New York Side Event 2017 - Sustainable Food from the Oceans and Inland Waters for Food Security and Nutrition\",\"isPartOf\":{\"@id\":\"https:\/\/nettsteder.regjeringen.no\/foodfromtheocean\/#website\"},\"datePublished\":\"2018-12-04T10:39:58+00:00\",\"dateModified\":\"2019-02-14T13:39:57+00:00\",\"breadcrumb\":{\"@id\":\"https:\/\/nettsteder.regjeringen.no\/foodfromtheocean\/__trashed-3\/#breadcrumb\"},\"inLanguage\":\"en-US\",\"potentialAction\":[{\"@type\":\"ReadAction\",\"target\":[\"https:\/\/nettsteder.regjeringen.no\/foodfromtheocean\/__trashed-3\/\"]}]},{\"@type\":\"BreadcrumbList\",\"@id\":\"https:\/\/nettsteder.regjeringen.no\/foodfromtheocean\/__trashed-3\/#breadcrumb\",\"itemListElement\":[{\"@type\":\"ListItem\",\"position\":1,\"name\":\"Home\",\"item\":\"https:\/\/nettsteder.regjeringen.no\/foodfromtheocean\/\"},{\"@type\":\"ListItem\",\"position\":2,\"name\":\"Program for The New York Side Event 2017\"}]},{\"@type\":\"WebSite\",\"@id\":\"https:\/\/nettsteder.regjeringen.no\/foodfromtheocean\/#website\",\"url\":\"https:\/\/nettsteder.regjeringen.no\/foodfromtheocean\/\",\"name\":\"Sustainable Food from the Oceans and Inland Waters for Food Security and Nutrition\",\"description\":\"\",\"publisher\":{\"@id\":\"https:\/\/nettsteder.regjeringen.no\/foodfromtheocean\/#organization\"},\"potentialAction\":[{\"@type\":\"SearchAction\",\"target\":{\"@type\":\"EntryPoint\",\"urlTemplate\":\"https:\/\/nettsteder.regjeringen.no\/foodfromtheocean\/?s={search_term_string}\"},\"query-input\":{\"@type\":\"PropertyValueSpecification\",\"valueRequired\":true,\"valueName\":\"search_term_string\"}}],\"inLanguage\":\"en-US\"},{\"@type\":\"Organization\",\"@id\":\"https:\/\/nettsteder.regjeringen.no\/foodfromtheocean\/#organization\",\"name\":\"Sustainable Food from the Oceans and Inland Waters for Food Security and Nutrition\",\"url\":\"https:\/\/nettsteder.regjeringen.no\/foodfromtheocean\/\",\"logo\":{\"@type\":\"ImageObject\",\"inLanguage\":\"en-US\",\"@id\":\"https:\/\/nettsteder.regjeringen.no\/foodfromtheocean\/#\/schema\/logo\/image\/\",\"url\":\"https:\/\/files.teststeder.regjeringen.no\/wpuploads01\/blogs.dir\/213\/files\/2018\/05\/cropped-logo-sustainable-food.jpg\",\"contentUrl\":\"https:\/\/files.teststeder.regjeringen.no\/wpuploads01\/blogs.dir\/213\/files\/2018\/05\/cropped-logo-sustainable-food.jpg\",\"width\":781,\"height\":295,\"caption\":\"Sustainable Food from the Oceans and Inland Waters for Food Security and Nutrition\"},\"image\":{\"@id\":\"https:\/\/nettsteder.regjeringen.no\/foodfromtheocean\/#\/schema\/logo\/image\/\"}}]}<\/script>\n<!-- \/ Yoast SEO plugin. -->","yoast_head_json":{"title":"Program for The New York Side Event 2017 - Sustainable Food from the Oceans and Inland Waters for Food Security and Nutrition","robots":{"index":"index","follow":"follow","max-snippet":"max-snippet:-1","max-image-preview":"max-image-preview:large","max-video-preview":"max-video-preview:-1"},"canonical":"https:\/\/nettsteder.regjeringen.no\/foodfromtheocean\/__trashed-3\/","og_locale":"en_US","og_type":"article","og_title":"Program for The New York Side Event 2017 - Sustainable Food from the Oceans and Inland Waters for Food Security and Nutrition","og_description":"Date: 6 June 2017 Time Slot: 18:30-19:45 Venue: Conference Room A, UN Conference Building 18.30\u201318.35 Welcome Tone Skogen, \u00a0State Secretary, ...","og_url":"https:\/\/nettsteder.regjeringen.no\/foodfromtheocean\/__trashed-3\/","og_site_name":"Sustainable Food from the Oceans and Inland Waters for Food Security and Nutrition","article_modified_time":"2019-02-14T13:39:57+00:00","twitter_card":"summary_large_image","schema":{"@context":"https:\/\/schema.org","@graph":[{"@type":"WebPage","@id":"https:\/\/nettsteder.regjeringen.no\/foodfromtheocean\/__trashed-3\/","url":"https:\/\/nettsteder.regjeringen.no\/foodfromtheocean\/__trashed-3\/","name":"Program for The New York Side Event 2017 - Sustainable Food from the Oceans and Inland Waters for Food Security and Nutrition","isPartOf":{"@id":"https:\/\/nettsteder.regjeringen.no\/foodfromtheocean\/#website"},"datePublished":"2018-12-04T10:39:58+00:00","dateModified":"2019-02-14T13:39:57+00:00","breadcrumb":{"@id":"https:\/\/nettsteder.regjeringen.no\/foodfromtheocean\/__trashed-3\/#breadcrumb"},"inLanguage":"en-US","potentialAction":[{"@type":"ReadAction","target":["https:\/\/nettsteder.regjeringen.no\/foodfromtheocean\/__trashed-3\/"]}]},{"@type":"BreadcrumbList","@id":"https:\/\/nettsteder.regjeringen.no\/foodfromtheocean\/__trashed-3\/#breadcrumb","itemListElement":[{"@type":"ListItem","position":1,"name":"Home","item":"https:\/\/nettsteder.regjeringen.no\/foodfromtheocean\/"},{"@type":"ListItem","position":2,"name":"Program for The New York Side Event 2017"}]},{"@type":"WebSite","@id":"https:\/\/nettsteder.regjeringen.no\/foodfromtheocean\/#website","url":"https:\/\/nettsteder.regjeringen.no\/foodfromtheocean\/","name":"Sustainable Food from the Oceans and Inland Waters for Food Security and Nutrition","description":"","publisher":{"@id":"https:\/\/nettsteder.regjeringen.no\/foodfromtheocean\/#organization"},"potentialAction":[{"@type":"SearchAction","target":{"@type":"EntryPoint","urlTemplate":"https:\/\/nettsteder.regjeringen.no\/foodfromtheocean\/?s={search_term_string}"},"query-input":{"@type":"PropertyValueSpecification","valueRequired":true,"valueName":"search_term_string"}}],"inLanguage":"en-US"},{"@type":"Organization","@id":"https:\/\/nettsteder.regjeringen.no\/foodfromtheocean\/#organization","name":"Sustainable Food from the Oceans and Inland Waters for Food Security and Nutrition","url":"https:\/\/nettsteder.regjeringen.no\/foodfromtheocean\/","logo":{"@type":"ImageObject","inLanguage":"en-US","@id":"https:\/\/nettsteder.regjeringen.no\/foodfromtheocean\/#\/schema\/logo\/image\/","url":"https:\/\/files.teststeder.regjeringen.no\/wpuploads01\/blogs.dir\/213\/files\/2018\/05\/cropped-logo-sustainable-food.jpg","contentUrl":"https:\/\/files.teststeder.regjeringen.no\/wpuploads01\/blogs.dir\/213\/files\/2018\/05\/cropped-logo-sustainable-food.jpg","width":781,"height":295,"caption":"Sustainable Food from the Oceans and Inland Waters for Food Security and Nutrition"},"image":{"@id":"https:\/\/nettsteder.regjeringen.no\/foodfromtheocean\/#\/schema\/logo\/image\/"}}]}},"language":"en-US","acf":[],"_links":{"self":[{"href":"https:\/\/teststeder.regjeringen.no\/foodfromtheocean\/wp-json\/wp\/v2\/pages\/2411","targetHints":{"allow":["GET"]}}],"collection":[{"href":"https:\/\/teststeder.regjeringen.no\/foodfromtheocean\/wp-json\/wp\/v2\/pages"}],"about":[{"href":"https:\/\/teststeder.regjeringen.no\/foodfromtheocean\/wp-json\/wp\/v2\/types\/page"}],"author":[{"embeddable":true,"href":"https:\/\/teststeder.regjeringen.no\/foodfromtheocean\/wp-json\/wp\/v2\/users\/306"}],"replies":[{"embeddable":true,"href":"https:\/\/teststeder.regjeringen.no\/foodfromtheocean\/wp-json\/wp\/v2\/comments?post=2411"}],"version-history":[{"count":1,"href":"https:\/\/teststeder.regjeringen.no\/foodfromtheocean\/wp-json\/wp\/v2\/pages\/2411\/revisions"}],"predecessor-version":[{"id":2413,"href":"https:\/\/teststeder.regjeringen.no\/foodfromtheocean\/wp-json\/wp\/v2\/pages\/2411\/revisions\/2413"}],"wp:attachment":[{"href":"https:\/\/teststeder.regjeringen.no\/foodfromtheocean\/wp-json\/wp\/v2\/media?parent=2411"}],"curies":[{"name":"wp","href":"https:\/\/api.w.org\/{rel}","templated":true}]}}