{"id":219,"date":"2020-11-09T20:40:48","date_gmt":"2020-11-09T19:40:48","guid":{"rendered":"https:\/\/nettsteder.regjeringen.no\/frlu\/?page_id=219"},"modified":"2025-01-16T15:05:31","modified_gmt":"2025-01-16T14:05:31","slug":"moter","status":"publish","type":"page","link":"https:\/\/teststeder.regjeringen.no\/frlu\/moter\/","title":{"rendered":"M\u00f8ter"},"content":{"rendered":"<div class=\"text-wrap post-content clearfix\"><p><strong>15. og 16. januar 2025<\/strong><\/p>\n<ul>\n<li>R\u00e5dsm\u00f8te<\/li>\n<\/ul>\n<p>&nbsp;<\/p>\n<p><b><span data-contrast=\"auto\">12. desember 2024<\/span><\/b><\/p>\n<ul>\n<li data-leveltext=\"\u00b7\" data-font=\"Symbol\" data-listid=\"6\" data-aria-posinset=\"7\" data-aria-level=\"1\"><span data-contrast=\"auto\">M\u00f8te i NFLP: Presentasjon av R\u00e5dets svar p\u00e5 oppdrag om arbeid med <a href=\"https:\/\/teststeder.regjeringen.no\/frlu\/utvidet-praksis\/\">Utvidet praksis i l\u00e6rerutdanningene<\/a><\/span><\/li>\n<\/ul>\n<p>&nbsp;<\/p>\n<p><strong>5. desember 2024<\/strong><\/p>\n<ul>\n<li data-leveltext=\"\u00b7\" data-font=\"Symbol\" data-listid=\"8\" data-aria-posinset=\"2\" data-aria-level=\"1\"><span data-contrast=\"auto\">Oversendelse av <\/span><span data-contrast=\"none\">svar p\u00e5 oppdrag til Kunnskapsdepartementet: <a href=\"https:\/\/teststeder.regjeringen.no\/frlu\/utvidet-praksis\/\">Utvidet praksis i l\u00e6rerutdanningene<\/a><\/span><\/li>\n<\/ul>\n<p>&nbsp;<\/p>\n<p><strong>16. og 17. oktober 2024<\/strong><\/p>\n<ul>\n<li>R\u00e5dsm\u00f8te<\/li>\n<\/ul>\n<p>&nbsp;<\/p>\n<p><strong>19. september 2024<\/strong><\/p>\n<ul>\n<li>R\u00e5dsm\u00f8te<\/li>\n<\/ul>\n<p>&nbsp;<\/p>\n<p><strong>28. august 2024<\/strong><\/p>\n<ul>\n<li>R\u00e5dsm\u00f8te<\/li>\n<\/ul>\n<p>&nbsp;<\/p>\n<p><strong>4. og 5. juni 2024<\/strong><\/p>\n<ul>\n<li>R\u00e5dsm\u00f8te<\/li>\n<\/ul>\n<p>&nbsp;<\/p>\n<p><strong>24. og 25. januar 2024<\/strong><\/p>\n<ul>\n<li>R\u00e5dsm\u00f8te<\/li>\n<\/ul>\n<p>&nbsp;<\/p>\n<p><strong>1. og 2. november 2023<\/strong><\/p>\n<ul>\n<li>R\u00e5dsm\u00f8te<\/li>\n<\/ul>\n<p>&nbsp;<\/p>\n<p><strong>7. september 2023<\/strong><\/p>\n<ul>\n<li>R\u00e5dsm\u00f8te<\/li>\n<\/ul>\n<p>&nbsp;<\/p>\n<p><strong>21. juni 2023<\/strong><\/p>\n<ul>\n<li>R\u00e5dsm\u00f8te<\/li>\n<\/ul>\n<p>&nbsp;<\/p>\n<p><strong>3. og 4. mai 2023<\/strong><\/p>\n<ul>\n<li>R\u00e5dsm\u00f8te<\/li>\n<\/ul>\n<p>&nbsp;<\/p>\n<p><strong>10. mars 2023<\/strong><\/p>\n<ul>\n<li>R\u00e5dsm\u00f8te<\/li>\n<\/ul>\n<p>&nbsp;<\/p>\n<p><strong>25. og 26. januar 2023<\/strong><\/p>\n<ul>\n<li>R\u00e5dsm\u00f8te<\/li>\n<\/ul>\n<p>&nbsp;<\/p>\n<p><strong>2. desember 2022<\/strong><\/p>\n<ul>\n<li data-leveltext=\"\u00b7\" data-font=\"Symbol\" data-listid=\"8\" data-aria-posinset=\"2\" data-aria-level=\"1\"><span data-contrast=\"auto\">Oversendelse av <\/span><span data-contrast=\"none\">rapport til Kunnskapsdepartementet: <a href=\"https:\/\/teststeder.regjeringen.no\/frlu\/partnerskapilaererutdanningene\/\">Arbeid med bachelor- og masteroppgaver i l\u00e6rerutdanningene \u2013 anbefalinger fra Faglig r\u00e5d for L\u00e6rerutdanning 2025<\/a><\/span><\/li>\n<\/ul>\n<p>&nbsp;<\/p>\n<p><strong>8. og 9. november 2022<\/strong><\/p>\n<ul>\n<li>R\u00e5dsm\u00f8te<\/li>\n<\/ul>\n<p>&nbsp;<\/p>\n<p><strong>14. oktober 2022<\/strong><\/p>\n<ul>\n<li>R\u00e5dsm\u00f8te<\/li>\n<\/ul>\n<p>&nbsp;<\/p>\n<p><strong>30. og 31. august 2022<\/strong><\/p>\n<ul>\n<li>R\u00e5dsm\u00f8te<\/li>\n<\/ul>\n<p>&nbsp;<\/p>\n<p><strong>09. og 10. mars 2022<\/strong><\/p>\n<ul>\n<li>R\u00e5dsm\u00f8te<\/li>\n<\/ul>\n<p>&nbsp;<\/p>\n<p><strong>23. og 24. november 2021<\/strong><\/p>\n<ul>\n<li>R\u00e5dsm\u00f8te<\/li>\n<\/ul>\n<p>&nbsp;<\/p>\n<p><b><span data-contrast=\"auto\">14. september 2021<\/span><\/b><\/p>\n<ul>\n<li>R\u00e5dsm\u00f8te<\/li>\n<\/ul>\n<p>&nbsp;<\/p>\n<p><b><span data-contrast=\"auto\">15. og 16. juni 2021<\/span><\/b><\/p>\n<ul>\n<li>R\u00e5dsm\u00f8te<\/li>\n<\/ul>\n<p>&nbsp;<\/p>\n<p><b><span data-contrast=\"auto\">23. og 24. mars 2021<\/span><\/b><\/p>\n<ul>\n<li>R\u00e5dsm\u00f8te<\/li>\n<\/ul>\n<p>&nbsp;<\/p>\n<p><strong>28. januar 2021<\/strong><\/p>\n<ul>\n<li>M\u00f8tet i ULF Nationella Samordningsgruppen:\u00a0<span data-contrast=\"auto\"><a href=\"https:\/\/files.teststeder.regjeringen.no\/wpuploads01\/blogs.dir\/429\/files\/2021\/02\/ULF-Presentasjon-av-FRLU-anbefalinger_Pr\u00f8itz02.02.21.pdf\">Presentasjon<\/a> av rapporten <\/span><i><span data-contrast=\"none\">Partnerskap for kvalitet i\u00a0<\/span>l\u00e6rerutdanningene &#8211; anbefalinger fra Faglig r\u00e5d for L\u00e6rerutdanning 2025<\/i><\/li>\n<\/ul>\n<p>&nbsp;<\/p>\n<p><b><span data-contrast=\"auto\">26. og 27. januar 2021<\/span><\/b><\/p>\n<ul>\n<li>R\u00e5dsm\u00f8te<\/li>\n<\/ul>\n<p>&nbsp;<\/p>\n<p><b><span data-contrast=\"auto\">9. desember 2020<\/span><\/b><\/p>\n<ul>\n<li data-leveltext=\"\u00b7\" data-font=\"Symbol\" data-listid=\"8\" data-aria-posinset=\"1\" data-aria-level=\"1\"><span data-contrast=\"auto\">R\u00e5dsm\u00f8te<\/span><br \/>\n<span data-contrast=\"auto\">\u00a0<\/span><span data-ccp-props=\"{&quot;134233279&quot;:true,&quot;201341983&quot;:0,&quot;335559739&quot;:160,&quot;335559740&quot;:259}\">\u00a0<\/span><\/li>\n<\/ul>\n<p><b><span data-contrast=\"auto\">2. november 2020<\/span><\/b><\/p>\n<ul>\n<li data-leveltext=\"\u00b7\" data-font=\"Symbol\" data-listid=\"8\" data-aria-posinset=\"2\" data-aria-level=\"1\"><span data-contrast=\"auto\">Oversendelse av <\/span><span data-contrast=\"none\">rapport til Kunnskapsdepartementet: <\/span><a href=\"https:\/\/www.regjeringen.no\/contentassets\/e29c3dc21bfa4edc9308f2fc6908afb3\/partnerskap-for-kvalitet-i-larerutdanningene-004.pdf\"><i><span data-contrast=\"none\">Partnerskap for kvalitet i l\u00e6rerutdanningene &#8211; anbefalinger fra Faglig r\u00e5d for L\u00e6rerutdanning 2025<\/span><\/i><\/a><br \/>\n<i><span data-contrast=\"none\">\u00a0<\/span><\/i><span data-ccp-props=\"{&quot;134233279&quot;:true,&quot;201341983&quot;:0,&quot;335559739&quot;:160,&quot;335559740&quot;:259}\">\u00a0<\/span><\/li>\n<\/ul>\n<p><b><span data-contrast=\"auto\">16. september 2020<\/span><\/b><\/p>\n<ul>\n<li data-leveltext=\"\u00b7\" data-font=\"Symbol\" data-listid=\"7\" data-aria-posinset=\"3\" data-aria-level=\"1\"><span data-contrast=\"auto\">Nettverksm\u00f8te l\u00e6rerutdannings- og universitetsskolepartnerskap (sekretariat)<\/span><br \/>\n<span data-contrast=\"auto\">\u00a0<\/span><span data-ccp-props=\"{&quot;134233279&quot;:true,&quot;201341983&quot;:0,&quot;335559739&quot;:160,&quot;335559740&quot;:259}\">\u00a0<\/span><\/li>\n<\/ul>\n<p><b><span data-contrast=\"auto\">9. og 10. september 2020<\/span><\/b><\/p>\n<ul>\n<li data-leveltext=\"\u00b7\" data-font=\"Symbol\" data-listid=\"8\" data-aria-posinset=\"4\" data-aria-level=\"1\"><span data-contrast=\"auto\">R\u00e5dsm\u00f8te<\/span><br \/>\n<span data-ccp-props=\"{&quot;134233279&quot;:true,&quot;201341983&quot;:0,&quot;335559739&quot;:160,&quot;335559740&quot;:259}\">\u00a0<\/span><\/li>\n<\/ul>\n<p><b><span data-contrast=\"auto\">25. og 26. mai 2020<\/span><\/b><\/p>\n<ul>\n<li data-leveltext=\"\u00b7\" data-font=\"Symbol\" data-listid=\"8\" data-aria-posinset=\"5\" data-aria-level=\"1\"><span data-contrast=\"auto\">R\u00e5dsm\u00f8te<\/span><br \/>\n<span data-ccp-props=\"{&quot;134233279&quot;:true,&quot;201341983&quot;:0,&quot;335559739&quot;:160,&quot;335559740&quot;:259}\">\u00a0<\/span><\/li>\n<\/ul>\n<p><b><span data-contrast=\"auto\">11. og 12. mars 2020<\/span><\/b><\/p>\n<ul>\n<li data-leveltext=\"\u00b7\" data-font=\"Symbol\" data-listid=\"8\" data-aria-posinset=\"6\" data-aria-level=\"1\"><span data-contrast=\"auto\">R\u00e5dsm\u00f8te<\/span><br \/>\n<span data-ccp-props=\"{&quot;134233279&quot;:true,&quot;201341983&quot;:0,&quot;335559739&quot;:160,&quot;335559740&quot;:259}\">\u00a0<\/span><\/li>\n<\/ul>\n<p><b><span data-contrast=\"auto\">5. mars 2020<\/span><\/b><\/p>\n<ul>\n<li data-leveltext=\"\u00b7\" data-font=\"Symbol\" data-listid=\"6\" data-aria-posinset=\"7\" data-aria-level=\"1\"><span data-contrast=\"auto\">M\u00f8te i NFLP: Presentasjon av rapporten <\/span><i><span data-contrast=\"none\">Partnerskap i l\u00e6rerutdanningene &#8211; et kunnskapsgrunnlag<\/span><\/i><br \/>\n<span data-ccp-props=\"{&quot;134233279&quot;:true,&quot;201341983&quot;:0,&quot;335559739&quot;:160,&quot;335559740&quot;:259}\">\u00a0<\/span><\/li>\n<\/ul>\n<p><b><span data-contrast=\"none\">Februar og mars 2020<\/span><\/b><span data-ccp-props=\"{&quot;201341983&quot;:0,&quot;335559739&quot;:160,&quot;335559740&quot;:257}\">\u00a0<\/span><\/p>\n<ul>\n<li data-leveltext=\"\u00b7\" data-font=\"Symbol\" data-listid=\"5\" data-aria-posinset=\"8\" data-aria-level=\"1\"><span data-contrast=\"none\">Dialogm\u00f8ter i regi av R\u00e5det med eier og leder i barnehager og skoler<\/span><br \/>\n<span data-contrast=\"none\">\u00a0<\/span><span data-ccp-props=\"{&quot;134233279&quot;:true,&quot;201341983&quot;:0,&quot;335559739&quot;:160,&quot;335559740&quot;:259}\">\u00a0<\/span><\/li>\n<\/ul>\n<p><b><span data-contrast=\"auto\">13. og 14. januar 2020<\/span><\/b><\/p>\n<ul>\n<li data-leveltext=\"\u00b7\" data-font=\"Symbol\" data-listid=\"5\" data-aria-posinset=\"9\" data-aria-level=\"1\"><span data-contrast=\"auto\">R\u00e5dsm\u00f8te<\/span><br \/>\n<span data-contrast=\"auto\">\u00a0<\/span><span data-ccp-props=\"{&quot;134233279&quot;:true,&quot;201341983&quot;:0,&quot;335559739&quot;:160,&quot;335559740&quot;:259}\">\u00a0<\/span><\/li>\n<\/ul>\n<p><b><span data-contrast=\"auto\">20. desember 2019<\/span><\/b><\/p>\n<ul>\n<li data-leveltext=\"\u00b7\" data-font=\"Symbol\" data-listid=\"5\" data-aria-posinset=\"10\" data-aria-level=\"1\"><span data-contrast=\"auto\">Oversendelse av <\/span><span data-contrast=\"none\">delrapport 1 til Kunnskapsdepartementet: <\/span><a href=\"https:\/\/www.regjeringen.no\/contentassets\/9969c3f46f0c4a4f95ed9eee70b3ed19\/partnerskap-i-larerutdanningene---et-kunnskapsgrunnlag.pdf\"><i><span data-contrast=\"none\">Partnerskap i l\u00e6rerutdanningene &#8211; et kunnskapsgrunnlag<\/span><\/i><\/a><br \/>\n<i><span data-contrast=\"none\">\u00a0<\/span><\/i><span data-ccp-props=\"{&quot;134233279&quot;:true,&quot;201341983&quot;:0,&quot;335559739&quot;:160,&quot;335559740&quot;:259}\">\u00a0<\/span><\/li>\n<\/ul>\n<p><b><span data-contrast=\"auto\">19. november 2019<\/span><\/b><\/p>\n<ul>\n<li data-leveltext=\"\u00b7\" data-font=\"Symbol\" data-listid=\"5\" data-aria-posinset=\"11\" data-aria-level=\"1\"><span data-contrast=\"auto\">R\u00e5dsm\u00f8te<\/span><br \/>\n<span data-ccp-props=\"{&quot;134233279&quot;:true,&quot;201341983&quot;:0,&quot;335559739&quot;:160,&quot;335559740&quot;:259}\">\u00a0<\/span><\/li>\n<\/ul>\n<p><b><span data-contrast=\"auto\">15. oktober 2019<\/span><\/b><\/p>\n<ul>\n<li data-leveltext=\"\u00b7\" data-font=\"Symbol\" data-listid=\"5\" data-aria-posinset=\"12\" data-aria-level=\"1\"><span data-contrast=\"auto\">M\u00f8te i NFLP (R\u00e5dets leder og sekretariat)<\/span><span data-ccp-props=\"{&quot;134233279&quot;:true,&quot;201341983&quot;:0,&quot;335559739&quot;:160,&quot;335559740&quot;:259}\">\u00a0<\/span><\/li>\n<\/ul>\n<p><b><span data-contrast=\"auto\">\u00a0<\/span><\/b><\/p>\n<p><b><span data-contrast=\"auto\">25. til 27. september 2019<\/span><\/b><\/p>\n<ul>\n<li data-leveltext=\"\u00b7\" data-font=\"Symbol\" data-listid=\"5\" data-aria-posinset=\"13\" data-aria-level=\"1\"><span data-contrast=\"auto\">Studietur til Ume\u00e5 og R\u00e5dsm\u00f8te<\/span><span data-ccp-props=\"{&quot;134233279&quot;:true,&quot;201341983&quot;:0,&quot;335559739&quot;:160,&quot;335559740&quot;:259}\">\u00a0<\/span><\/li>\n<\/ul>\n<p><b><span data-contrast=\"auto\">\u00a0<\/span><\/b><span data-ccp-props=\"{&quot;201341983&quot;:0,&quot;335559739&quot;:160,&quot;335559740&quot;:257}\">\u00a0<\/span><\/p>\n<p><b><span data-contrast=\"auto\">18. september 2019\u00a0<\/span><\/b><span data-ccp-props=\"{&quot;201341983&quot;:0,&quot;335559739&quot;:160,&quot;335559740&quot;:257}\">\u00a0<\/span><\/p>\n<ul>\n<li data-leveltext=\"\u00b7\" data-font=\"Symbol\" data-listid=\"5\" data-aria-posinset=\"14\" data-aria-level=\"1\"><span data-contrast=\"auto\">Nettverksm\u00f8te l\u00e6rerutdannings- og universitetsskolepartnerskap (sekretariat)<\/span><span data-ccp-props=\"{&quot;134233279&quot;:true,&quot;201341983&quot;:0,&quot;335559739&quot;:160,&quot;335559740&quot;:259}\">\u00a0<\/span><\/li>\n<\/ul>\n<p><b><span data-contrast=\"auto\">\u00a0<\/span><\/b><span data-ccp-props=\"{&quot;201341983&quot;:0,&quot;335559739&quot;:160,&quot;335559740&quot;:257}\">\u00a0<\/span><\/p>\n<p><b><span data-contrast=\"auto\">20. juni 2019<\/span><\/b><\/p>\n<ul>\n<li data-leveltext=\"\u00b7\" data-font=\"Symbol\" data-listid=\"5\" data-aria-posinset=\"15\" data-aria-level=\"1\"><span data-contrast=\"auto\">M\u00f8te med Utdanningsforbundet (R\u00e5dets leder og sekretariat)<\/span><span data-ccp-props=\"{&quot;134233279&quot;:true,&quot;201341983&quot;:0,&quot;335559739&quot;:160,&quot;335559740&quot;:259}\">\u00a0<\/span><\/li>\n<\/ul>\n<p><span data-contrast=\"auto\">\u00a0<\/span><span data-ccp-props=\"{&quot;201341983&quot;:0,&quot;335559739&quot;:160,&quot;335559740&quot;:257}\">\u00a0<\/span><\/p>\n<p><b><span data-contrast=\"auto\">20. mai 2019<\/span><\/b><\/p>\n<ul>\n<li data-leveltext=\"\u00b7\" data-font=\"Symbol\" data-listid=\"5\" data-aria-posinset=\"16\" data-aria-level=\"1\"><span data-contrast=\"auto\">M\u00f8te i NFLP (R\u00e5dets leder og sekretariat) <\/span><br \/>\n<span data-ccp-props=\"{&quot;134233279&quot;:true,&quot;201341983&quot;:0,&quot;335559739&quot;:160,&quot;335559740&quot;:259}\">\u00a0<\/span><\/li>\n<\/ul>\n<p><b><span data-contrast=\"auto\">21. mai 2019<\/span><\/b><\/p>\n<ul>\n<li data-leveltext=\"\u00b7\" data-font=\"Symbol\" data-listid=\"5\" data-aria-posinset=\"17\" data-aria-level=\"1\"><span data-contrast=\"auto\">R\u00e5dsm\u00f8te\u00a0<\/span><span data-ccp-props=\"{&quot;134233279&quot;:true,&quot;201341983&quot;:0,&quot;335559739&quot;:160,&quot;335559740&quot;:259}\">\u00a0<\/span><\/li>\n<\/ul>\n<p><span data-contrast=\"auto\">\u00a0<\/span><span data-ccp-props=\"{&quot;201341983&quot;:0,&quot;335559739&quot;:160,&quot;335559740&quot;:257}\">\u00a0<\/span><\/p>\n<p><b><span data-contrast=\"auto\">22. mai 2019<\/span><\/b><\/p>\n<ul>\n<li data-leveltext=\"\u00b7\" data-font=\"Symbol\" data-listid=\"5\" data-aria-posinset=\"18\" data-aria-level=\"1\"><span data-contrast=\"auto\">M\u00f8te med ATP-gruppen i regi av <\/span><span data-contrast=\"auto\">Nokut<\/span><span data-contrast=\"auto\"> (R\u00e5dets leder og sekretariat)<\/span><span data-ccp-props=\"{&quot;134233279&quot;:true,&quot;201341983&quot;:0,&quot;335559739&quot;:160,&quot;335559740&quot;:259}\">\u00a0<\/span><\/li>\n<\/ul>\n<p><b><span data-contrast=\"auto\">\u00a0<\/span><\/b><span data-ccp-props=\"{&quot;201341983&quot;:0,&quot;335559739&quot;:160,&quot;335559740&quot;:257}\">\u00a0<\/span><\/p>\n<p><b><span data-contrast=\"auto\">20. mai 2019<\/span><\/b><\/p>\n<ul>\n<li data-leveltext=\"\u00b7\" data-font=\"Symbol\" data-listid=\"5\" data-aria-posinset=\"19\" data-aria-level=\"1\"><span data-contrast=\"auto\">Innspillskonferanse<\/span><span data-contrast=\"auto\"> om partnerskap i l\u00e6rerutdanningen i regi av <\/span><span data-contrast=\"auto\">Kunnskapsdepartmentet<\/span><span data-ccp-props=\"{&quot;134233279&quot;:true,&quot;201341983&quot;:0,&quot;335559739&quot;:160,&quot;335559740&quot;:259}\">\u00a0<\/span><\/li>\n<\/ul>\n<p><span data-contrast=\"auto\">\u00a0<\/span><span data-ccp-props=\"{&quot;201341983&quot;:0,&quot;335559739&quot;:160,&quot;335559740&quot;:257}\">\u00a0<\/span><\/p>\n<p><b><span data-contrast=\"auto\">15. februar 2019<\/span><\/b><\/p>\n<ul>\n<li data-leveltext=\"\u00b7\" data-font=\"Symbol\" data-listid=\"5\" data-aria-posinset=\"20\" data-aria-level=\"1\"><span data-contrast=\"auto\">M\u00f8te i NFLP (R\u00e5dets leder og sekretariat)<\/span><br \/>\n<span data-contrast=\"auto\">\u00a0<\/span><span data-ccp-props=\"{&quot;134233279&quot;:true,&quot;201341983&quot;:0,&quot;335559739&quot;:160,&quot;335559740&quot;:259}\">\u00a0<\/span><\/li>\n<\/ul>\n<p><b><span data-contrast=\"auto\">7. februar 2019<\/span><\/b><\/p>\n<ul>\n<li data-leveltext=\"\u00b7\" data-font=\"Symbol\" data-listid=\"5\" data-aria-posinset=\"21\" data-aria-level=\"1\"><span data-contrast=\"auto\">Oppstartsm\u00f8te i Faglig r\u00e5d for L\u00e6rerutdanning 2025<\/span><span data-ccp-props=\"{&quot;134233279&quot;:true,&quot;201341983&quot;:0,&quot;335559739&quot;:160,&quot;335559740&quot;:259}\">\u00a0<\/span><\/li>\n<\/ul>\n<p><span data-contrast=\"auto\">\u00a0<\/span><span data-ccp-props=\"{&quot;201341983&quot;:0,&quot;335559739&quot;:160,&quot;335559740&quot;:257}\">\u00a0<\/span><\/p>\n<p><b><span data-contrast=\"auto\">5. november 2018<\/span><\/b><\/p>\n<ul>\n<li data-leveltext=\"\u00b7\" data-font=\"Symbol\" data-listid=\"5\" data-aria-posinset=\"22\" data-aria-level=\"1\"><span data-contrast=\"auto\">M\u00f8te i NFLP (R\u00e5dets leder og sekretariat)<\/span><span data-ccp-props=\"{&quot;134233279&quot;:true,&quot;201341983&quot;:0,&quot;335559739&quot;:160,&quot;335559740&quot;:259}\">\u00a0<\/span><\/li>\n<\/ul>\n<\/div>","protected":false},"excerpt":{"rendered":"<p>Nedenfor finnes det oversikt over r\u00e5dsm\u00f8ter og annen m\u00f8tevirksomhet Faglig r\u00e5d for L\u00e6rerutdanning 2025 har invitert til eller deltatt p\u00e5.<\/p>\n","protected":false},"author":2399,"featured_media":0,"parent":0,"menu_order":0,"comment_status":"closed","ping_status":"closed","template":"","meta":{"_acf_changed":false,"footnotes":""},"class_list":["post-219","page","type-page","status-publish","hentry"],"language":"nb-NO","acf":[],"_links":{"self":[{"href":"https:\/\/teststeder.regjeringen.no\/frlu\/wp-json\/wp\/v2\/pages\/219","targetHints":{"allow":["GET"]}}],"collection":[{"href":"https:\/\/teststeder.regjeringen.no\/frlu\/wp-json\/wp\/v2\/pages"}],"about":[{"href":"https:\/\/teststeder.regjeringen.no\/frlu\/wp-json\/wp\/v2\/types\/page"}],"author":[{"embeddable":true,"href":"https:\/\/teststeder.regjeringen.no\/frlu\/wp-json\/wp\/v2\/users\/2399"}],"replies":[{"embeddable":true,"href":"https:\/\/teststeder.regjeringen.no\/frlu\/wp-json\/wp\/v2\/comments?post=219"}],"version-history":[{"count":4,"href":"https:\/\/teststeder.regjeringen.no\/frlu\/wp-json\/wp\/v2\/pages\/219\/revisions"}],"predecessor-version":[{"id":1100,"href":"https:\/\/teststeder.regjeringen.no\/frlu\/wp-json\/wp\/v2\/pages\/219\/revisions\/1100"}],"wp:attachment":[{"href":"https:\/\/teststeder.regjeringen.no\/frlu\/wp-json\/wp\/v2\/media?parent=219"}],"curies":[{"name":"wp","href":"https:\/\/api.w.org\/{rel}","templated":true}]}}