{"id":361,"date":"2020-12-07T16:34:30","date_gmt":"2020-12-07T15:34:30","guid":{"rendered":"https:\/\/nettsteder.regjeringen.no\/frlu\/?page_id=361"},"modified":"2021-11-10T13:38:26","modified_gmt":"2021-11-10T12:38:26","slug":"hjem","status":"publish","type":"page","link":"https:\/\/teststeder.regjeringen.no\/frlu\/","title":{"rendered":"Faglig r\u00e5d for L\u00e6rerutdanning 2025"},"content":{"rendered":"<div class=\"text-wrap post-content clearfix\"><div class=\"table-wrap\"><table style=\"border-collapse: collapse;width: 100%\" border=\"1\">\n<tbody>\n<tr>\n<td style=\"width: 35.24590163934426%;border-style: none\"><\/td>\n<td style=\"width: 64.75409836065575%;border-style: none;text-align: left;vertical-align: top\"><\/td>\n<\/tr>\n<\/tbody>\n<\/table><\/div>\n<p>&nbsp;<\/p>\n<\/div>","protected":false},"excerpt":{"rendered":"<p>Faglig r\u00e5d for L\u00e6rerutdanning 2025 ble opprettet i tilknytning til strategien L\u00e6rerutdanning 2025. Basert p\u00e5 faglige vurderinger, skal R\u00e5det gi &#8230;<\/p>\n","protected":false},"author":357,"featured_media":0,"parent":0,"menu_order":0,"comment_status":"closed","ping_status":"closed","template":"","meta":{"_acf_changed":false,"footnotes":""},"class_list":["post-361","page","type-page","status-publish","hentry"],"language":"nb-NO","acf":[],"_links":{"self":[{"href":"https:\/\/teststeder.regjeringen.no\/frlu\/wp-json\/wp\/v2\/pages\/361","targetHints":{"allow":["GET"]}}],"collection":[{"href":"https:\/\/teststeder.regjeringen.no\/frlu\/wp-json\/wp\/v2\/pages"}],"about":[{"href":"https:\/\/teststeder.regjeringen.no\/frlu\/wp-json\/wp\/v2\/types\/page"}],"author":[{"embeddable":true,"href":"https:\/\/teststeder.regjeringen.no\/frlu\/wp-json\/wp\/v2\/users\/357"}],"replies":[{"embeddable":true,"href":"https:\/\/teststeder.regjeringen.no\/frlu\/wp-json\/wp\/v2\/comments?post=361"}],"version-history":[{"count":5,"href":"https:\/\/teststeder.regjeringen.no\/frlu\/wp-json\/wp\/v2\/pages\/361\/revisions"}],"predecessor-version":[{"id":671,"href":"https:\/\/teststeder.regjeringen.no\/frlu\/wp-json\/wp\/v2\/pages\/361\/revisions\/671"}],"wp:attachment":[{"href":"https:\/\/teststeder.regjeringen.no\/frlu\/wp-json\/wp\/v2\/media?parent=361"}],"curies":[{"name":"wp","href":"https:\/\/api.w.org\/{rel}","templated":true}]}}