{"id":79,"date":"2020-10-07T12:37:21","date_gmt":"2020-10-07T10:37:21","guid":{"rendered":"https:\/\/nettsteder.regjeringen.no\/frlu\/?page_id=79"},"modified":"2022-04-06T12:59:18","modified_gmt":"2022-04-06T10:59:18","slug":"om-oss","status":"publish","type":"page","link":"https:\/\/teststeder.regjeringen.no\/frlu\/om-oss\/","title":{"rendered":"Om oss"},"content":{"rendered":"<div class=\"text-wrap post-content clearfix\"><p><span data-contrast=\"auto\">Faglig r\u00e5d for L\u00e6rerutdanning 2025 sammenstiller kunnskap og gir faglig funderte r\u00e5d til regjeringen og <\/span><a href=\"https:\/\/www.regjeringen.no\/no\/aktuelt\/forste-mote-i-nasjonalt-forum-for-larerutdanning-og-profesjonsutvikling-nflp\/id2605997\/\"><span data-contrast=\"none\">Nasjonalt forum for l\u00e6rerutdanning og profesjonsutvikling<\/span><\/a> <span data-contrast=\"auto\">(NFLP) for \u00e5 n\u00e5 m\u00e5lene i strategien<\/span> <a href=\"https:\/\/www.regjeringen.no\/contentassets\/d0c1da83bce94e2da21d5f631bbae817\/kd_nasjonal-strategi-for-larerutdanningene_nett.pdf\"><i><span data-contrast=\"none\">L\u00e6rerutdanning 2025<\/span><\/i><\/a><span data-contrast=\"none\">. <\/span><span data-contrast=\"auto\">R\u00e5det tar utgangspunkt i det vitenskapsbaserte og erfaringsbaserte kunnskapsgrunnlaget som medlemmene har tilgjengelig som representanter fra l\u00e6rerutdanninger og utdanningssektoren. Kunnskaps grunnlag blir til dels gjennom utvikling av ny kunnskap og bearbeiding av eksisterende kunnskap, informasjon og erfaringer, og dels gjennom kritisk meningsutveksling, diskusjon og refleksjon i R\u00e5det.\u00a0<\/span><span data-ccp-props=\"{&quot;201341983&quot;:1,&quot;335559739&quot;:160,&quot;335559740&quot;:240}\">\u00a0<\/span><\/p>\n<p><span data-contrast=\"auto\">Omr\u00e5der som er relevante for R\u00e5dets arbeid er orientert rundt strategiens innsatsomr\u00e5der:<\/span><span data-ccp-props=\"{&quot;201341983&quot;:1,&quot;335559739&quot;:160,&quot;335559740&quot;:240}\">\u00a0<\/span><\/p>\n<ul>\n<li data-leveltext=\"\u00b7\" data-font=\"Symbol\" data-listid=\"1\" data-aria-posinset=\"1\" data-aria-level=\"1\"><span data-contrast=\"auto\">Styrket praksisoppl\u00e6ring og FoU-samarbeid gjennom l\u00e6rerutdanningsskoler og l\u00e6rerutdanningsbarnehager.<\/span><span data-ccp-props=\"{&quot;134233279&quot;:true,&quot;201341983&quot;:0,&quot;335559739&quot;:160,&quot;335559740&quot;:259}\">\u00a0<\/span><\/li>\n<li data-leveltext=\"\u00b7\" data-font=\"Symbol\" data-listid=\"1\" data-aria-posinset=\"2\" data-aria-level=\"1\"><span data-contrast=\"auto\">H\u00f8y kompetanse og tverrfaglig samarbeid mellom fagmilj\u00f8ene p\u00e5 l\u00e6rerutdanningsinstitusjonene.<\/span><span data-ccp-props=\"{&quot;134233279&quot;:true,&quot;201341983&quot;:0,&quot;335559739&quot;:160,&quot;335559740&quot;:259}\">\u00a0<\/span><\/li>\n<li data-leveltext=\"\u00b7\" data-font=\"Symbol\" data-listid=\"1\" data-aria-posinset=\"3\" data-aria-level=\"1\"><span data-contrast=\"auto\">Forskning og utviklingsarbeid.<\/span><span data-ccp-props=\"{&quot;134233279&quot;:true,&quot;201341983&quot;:0,&quot;335559739&quot;:160,&quot;335559740&quot;:259}\">\u00a0<\/span><\/li>\n<li data-leveltext=\"\u00b7\" data-font=\"Symbol\" data-listid=\"1\" data-aria-posinset=\"3\" data-aria-level=\"1\"><span data-contrast=\"auto\">Profesjonsutvikling for nyutdannede.<\/span><span data-ccp-props=\"{&quot;134233279&quot;:true,&quot;201341983&quot;:0,&quot;335559739&quot;:160,&quot;335559740&quot;:259}\">\u00a0<\/span><\/li>\n<li data-leveltext=\"\u00b7\" data-font=\"Symbol\" data-listid=\"1\" data-aria-posinset=\"3\" data-aria-level=\"1\"><span data-contrast=\"auto\">Rekruttering av studenter til l\u00e6rerutdanningene.<\/span><span data-ccp-props=\"{&quot;134233279&quot;:true,&quot;201341983&quot;:0,&quot;335559739&quot;:160,&quot;335559740&quot;:259}\">\u00a0<\/span><\/li>\n<li data-leveltext=\"\u00b7\" data-font=\"Symbol\" data-listid=\"1\" data-aria-posinset=\"3\" data-aria-level=\"1\"><span data-contrast=\"auto\">Arenaer for samarbeid og kvalitetsutvikling.<\/span><span data-ccp-props=\"{&quot;134233279&quot;:true,&quot;201341983&quot;:0,&quot;335559739&quot;:160,&quot;335559740&quot;:259}\">\u00a0<\/span><\/li>\n<li data-leveltext=\"\u00b7\" data-font=\"Symbol\" data-listid=\"1\" data-aria-posinset=\"3\" data-aria-level=\"1\"><span data-contrast=\"auto\">Implementering og evaluering av strategien.<\/span><span data-ccp-props=\"{&quot;134233279&quot;:true,&quot;201341983&quot;:0,&quot;335559739&quot;:160,&quot;335559740&quot;:259}\">\u00a0<\/span><\/li>\n<\/ul>\n<p><span data-contrast=\"auto\">I tillegg til nasjonale utdanningsmyndigheter og NFLP, anser R\u00e5det ogs\u00e5 l\u00e6rerutdanningene og sektoren for \u00f8vrig som viktige m\u00e5lgrupper for arbeidet sitt. For \u00e5 sikre et oppdatert og relevant kunnskapsgrunnlag har R\u00e5det en arbeidsform som ogs\u00e5 inneb\u00e6rer \u00e5 lytte til sektorens perspektiver og \u00e5 delta i dialog.\u00a0<\/span><span data-ccp-props=\"{&quot;201341983&quot;:1,&quot;335559739&quot;:160,&quot;335559740&quot;:240}\">\u00a0<\/span><\/p>\n<p><span data-contrast=\"auto\">Faglig r\u00e5d for l\u00e6rerutdanning 2025 skiller seg fra UHR-LU og Kunnskapssenteret for utdanning ved at arbeidet er forankret i m\u00e5lene for <\/span><i><span data-contrast=\"auto\">L\u00e6rerutdanning 2025<\/span><\/i><span data-contrast=\"auto\">. R\u00e5det <\/span><span data-contrast=\"auto\">kjennetegnes av<\/span><span data-contrast=\"auto\"> at medlemmene er oppnevnt i kraft av sin personlige ekspertkompetanse og ikke representerer en bestemt institusjon eller arbeidsplass.\u00a0<\/span><span data-ccp-props=\"{&quot;201341983&quot;:1,&quot;335559739&quot;:160,&quot;335559740&quot;:240}\">\u00a0<\/span><\/p>\n<p><a href=\"https:\/\/files.teststeder.regjeringen.no\/wpuploads01\/sites\/429\/2021\/11\/Mandat-for-Faglig-rad-for-Laererutdanning-2025.pdf\"><span data-contrast=\"none\">Mandatet<\/span><\/a><span data-contrast=\"none\"> er fastsatt av Kunnskapsdepartementet 07.06.2018. R\u00e5det skal fungere til 31. desember 2025, med mulighet for forlengelse ved behov. Utdanningsdirektoratet har sekretariatsansvar for R\u00e5det, og samarbeider med UHR-L\u00e6rerutdanning.<\/span><span data-ccp-props=\"{&quot;201341983&quot;:0,&quot;335559739&quot;:160,&quot;335559740&quot;:259}\">\u00a0<\/span><\/p>\n<p><span data-contrast=\"none\">Oversikt over <\/span><a href=\"https:\/\/teststeder.regjeringen.no\/frlu\/moter\/\"><span data-contrast=\"none\">r\u00e5dsm\u00f8ter<\/span><\/a><span data-contrast=\"none\"> og annen m\u00f8tevirksomhet Faglig r\u00e5d for L\u00e6rerutdanning 2025 har invitert til eller deltatt p\u00e5.<\/span><span data-ccp-props=\"{&quot;201341983&quot;:0,&quot;335559739&quot;:160,&quot;335559740&quot;:259}\">\u00a0<\/span><\/p>\n<\/div>","protected":false},"excerpt":{"rendered":"<p>Regjeringen satte i november 2018 ned Faglig R\u00e5d for L\u00e6rerutdanning 2025. R\u00e5det skal utarbeide faglig funderte analyser og anbefalinger til &#8230;<\/p>\n","protected":false},"author":2399,"featured_media":0,"parent":0,"menu_order":0,"comment_status":"closed","ping_status":"closed","template":"","meta":{"_acf_changed":false,"footnotes":""},"class_list":["post-79","page","type-page","status-publish","hentry"],"language":"nb-NO","acf":[],"_links":{"self":[{"href":"https:\/\/teststeder.regjeringen.no\/frlu\/wp-json\/wp\/v2\/pages\/79","targetHints":{"allow":["GET"]}}],"collection":[{"href":"https:\/\/teststeder.regjeringen.no\/frlu\/wp-json\/wp\/v2\/pages"}],"about":[{"href":"https:\/\/teststeder.regjeringen.no\/frlu\/wp-json\/wp\/v2\/types\/page"}],"author":[{"embeddable":true,"href":"https:\/\/teststeder.regjeringen.no\/frlu\/wp-json\/wp\/v2\/users\/2399"}],"replies":[{"embeddable":true,"href":"https:\/\/teststeder.regjeringen.no\/frlu\/wp-json\/wp\/v2\/comments?post=79"}],"version-history":[{"count":4,"href":"https:\/\/teststeder.regjeringen.no\/frlu\/wp-json\/wp\/v2\/pages\/79\/revisions"}],"predecessor-version":[{"id":737,"href":"https:\/\/teststeder.regjeringen.no\/frlu\/wp-json\/wp\/v2\/pages\/79\/revisions\/737"}],"wp:attachment":[{"href":"https:\/\/teststeder.regjeringen.no\/frlu\/wp-json\/wp\/v2\/media?parent=79"}],"curies":[{"name":"wp","href":"https:\/\/api.w.org\/{rel}","templated":true}]}}