{"id":913,"date":"2024-11-08T09:44:41","date_gmt":"2024-11-08T08:44:41","guid":{"rendered":"https:\/\/nettsteder.regjeringen.no\/frlu\/?page_id=913"},"modified":"2024-12-05T11:01:07","modified_gmt":"2024-12-05T10:01:07","slug":"utvidet-praksis","status":"publish","type":"page","link":"https:\/\/teststeder.regjeringen.no\/frlu\/utvidet-praksis\/","title":{"rendered":"Utvidet praksis i l\u00e6rerutdanningene"},"content":{"rendered":"<div class=\"text-wrap post-content clearfix\"><p><i><span data-contrast=\"auto\">Utvidet praksis<\/span><\/i><span data-contrast=\"auto\"> handler om \u00e5 rette oppmerksomheten mot l\u00e6ringsformer og -aktiviteter som til sammen gir h\u00f8y grad av yrkesn\u00e6rhet.<\/span><span data-ccp-props=\"{&quot;134233117&quot;:true,&quot;134233118&quot;:true}\">\u00a0<\/span><\/p>\n<p><span data-contrast=\"auto\">Faglig r\u00e5d for L\u00e6rerutdanning 2025 anbefaler \u00e5 fremme studentenes <\/span><b><span data-contrast=\"auto\">mestringstro<\/span><\/b><span data-contrast=\"auto\">, <\/span><b><span data-contrast=\"auto\">skj\u00f8nnsut\u00f8velse <\/span><\/b><span data-contrast=\"auto\">og <\/span><b><span data-contrast=\"auto\">profesjonelle praksis<\/span><\/b><span data-contrast=\"auto\"> gjennom \u00e5 utvide praksisbegrepet i l\u00e6rerutdanningene.<\/span><\/p>\n<ul>\n<li><a href=\"https:\/\/teststeder.regjeringen.no\/frlu\/anbefalinger-om-arbeid-med-utvidet-praksis\/\" rel=\"noopener\">Les R\u00e5dets anbefalinger for arbeid med utvidet praksis her<\/a>.<\/li>\n<\/ul>\n<p>&nbsp;<\/p>\n<div class=\"size-large-pull video\">\n<div class=\"img-flow \" style=\"padding-bottom: 56.268656716418%;\"><iframe title=\"Faglig r\u00e5d for l\u00e6rerutdanning 2025 - Utvidet praksisbegrep\" src=\"https:\/\/player.vimeo.com\/video\/1029658339?h=bb62e95f24&amp;dnt=1&amp;app_id=122963\" frameborder=\"0\" allow=\"autoplay; fullscreen; picture-in-picture; clipboard-write\"><\/iframe><\/div>\n<\/div>\n<p>&nbsp;<\/p>\n<p><span data-contrast=\"auto\">R\u00e5det har ogs\u00e5 utarbeidet flere notater som svar p\u00e5 et <a href=\"https:\/\/files.teststeder.regjeringen.no\/wpuploads01\/sites\/429\/2023\/07\/Oppdrag-om-utvidet-praksisbegrep.pdf\">oppdrag<\/a> fra Kunnskapsdepartementet om utvidet praksisbegrep.<\/span><span data-ccp-props=\"{&quot;134233117&quot;:true,&quot;134233118&quot;:true}\">\u00a0<\/span><\/p>\n<ul>\n<li data-leveltext=\"\uf0b7\" data-font=\"Symbol\" data-listid=\"42\" data-list-defn-props=\"{&quot;335552541&quot;:1,&quot;335559685&quot;:720,&quot;335559991&quot;:360,&quot;469769226&quot;:&quot;Symbol&quot;,&quot;469769242&quot;:[8226],&quot;469777803&quot;:&quot;left&quot;,&quot;469777804&quot;:&quot;\uf0b7&quot;,&quot;469777815&quot;:&quot;multilevel&quot;}\" data-aria-posinset=\"2\" data-aria-level=\"1\"><a href=\"https:\/\/teststeder.regjeringen.no\/frlu\/begrepet-utvidet-praksis\/\" rel=\"noopener\"><span data-contrast=\"none\">Begrepet <\/span><i><span data-contrast=\"none\">utvidet praksis<\/span><\/i><span data-ccp-props=\"{&quot;134233117&quot;:true,&quot;134233118&quot;:true}\">\u00a0<\/span><\/a><\/li>\n<\/ul>\n<ul>\n<li data-leveltext=\"\uf0b7\" data-font=\"Symbol\" data-listid=\"42\" data-list-defn-props=\"{&quot;335552541&quot;:1,&quot;335559685&quot;:720,&quot;335559991&quot;:360,&quot;469769226&quot;:&quot;Symbol&quot;,&quot;469769242&quot;:[8226],&quot;469777803&quot;:&quot;left&quot;,&quot;469777804&quot;:&quot;\uf0b7&quot;,&quot;469777815&quot;:&quot;multilevel&quot;}\" data-aria-posinset=\"3\" data-aria-level=\"1\"><a href=\"https:\/\/teststeder.regjeringen.no\/frlu\/eksempler-fra-norske-laererutdanningsinstitusjoner\/\" rel=\"noopener\"><span data-contrast=\"none\">Eksempler p\u00e5 utvidet praksis fra norske l\u00e6rerutdanningsinstitusjoner<\/span><span data-ccp-props=\"{&quot;134233117&quot;:true,&quot;134233118&quot;:true}\">\u00a0<\/span><\/a><\/li>\n<\/ul>\n<ul>\n<li data-leveltext=\"\uf0b7\" data-font=\"Symbol\" data-listid=\"42\" data-list-defn-props=\"{&quot;335552541&quot;:1,&quot;335559685&quot;:720,&quot;335559991&quot;:360,&quot;469769226&quot;:&quot;Symbol&quot;,&quot;469769242&quot;:[8226],&quot;469777803&quot;:&quot;left&quot;,&quot;469777804&quot;:&quot;\uf0b7&quot;,&quot;469777815&quot;:&quot;multilevel&quot;}\" data-aria-posinset=\"4\" data-aria-level=\"1\"><a href=\"https:\/\/teststeder.regjeringen.no\/frlu\/studentenes-opplevelse-av-egen-laererutdanning\/\"><span data-contrast=\"none\">Studentenes opplevelse av egen l\u00e6rerutdanning<\/span><\/a><span data-ccp-props=\"{&quot;134233117&quot;:true,&quot;134233118&quot;:true}\">\u00a0<\/span><\/li>\n<\/ul>\n<ul>\n<li data-leveltext=\"\uf0b7\" data-font=\"Symbol\" data-listid=\"42\" data-list-defn-props=\"{&quot;335552541&quot;:1,&quot;335559685&quot;:720,&quot;335559991&quot;:360,&quot;469769226&quot;:&quot;Symbol&quot;,&quot;469769242&quot;:[8226],&quot;469777803&quot;:&quot;left&quot;,&quot;469777804&quot;:&quot;\uf0b7&quot;,&quot;469777815&quot;:&quot;multilevel&quot;}\" data-aria-posinset=\"5\" data-aria-level=\"1\"><a href=\"https:\/\/www.uis.no\/sites\/default\/files\/2023-12\/Rapport%20KSU%20-%20Eksempler%20p\u00e5%20utvidet%20praksis%20i%20l\u00e6rerutdanninger.pdf\" rel=\"noopener\"><span data-contrast=\"none\">Tematisk oversikt over studerte praksiser (utarbeidet av Kunnskapssenter for utdanning, UiS)<\/span><\/a><span data-ccp-props=\"{&quot;134233117&quot;:true,&quot;134233118&quot;:true}\">\u00a0<\/span><\/li>\n<\/ul>\n<ul>\n<li data-leveltext=\"\uf0b7\" data-font=\"Symbol\" data-listid=\"42\" data-list-defn-props=\"{&quot;335552541&quot;:1,&quot;335559685&quot;:720,&quot;335559991&quot;:360,&quot;469769226&quot;:&quot;Symbol&quot;,&quot;469769242&quot;:[8226],&quot;469777803&quot;:&quot;left&quot;,&quot;469777804&quot;:&quot;\uf0b7&quot;,&quot;469777815&quot;:&quot;multilevel&quot;}\" data-aria-posinset=\"6\" data-aria-level=\"1\"><a href=\"https:\/\/teststeder.regjeringen.no\/frlu\/fra-data-til-anbefalinger-radets-arbeid-med-oppdraget\/\" rel=\"noopener\"><span data-contrast=\"none\">Fra data til anbefalinger &#8211; R\u00e5dets arbeid med oppdraget om utvidet praksisbegrep<\/span><span data-ccp-props=\"{&quot;134233117&quot;:true,&quot;134233118&quot;:true}\">\u00a0<\/span><\/a><\/li>\n<\/ul>\n<p>&nbsp;<\/p>\n<p><a href=\"https:\/\/files.teststeder.regjeringen.no\/wpuploads01\/sites\/429\/2024\/12\/Utvidet-praksis-final.pdf\">Last ned R\u00e5dets anbefalinger og notater som PDF-fil<\/a>.<\/p>\n<\/div>","protected":false},"excerpt":{"rendered":"<p>Tradisjonelt har praksis blitt forst\u00e5tt som antall rammeplanfestede dager ute i barnehager og skoler. Basert p\u00e5 forskning, eksempler fra norske &#8230;<\/p>\n","protected":false},"author":2399,"featured_media":0,"parent":0,"menu_order":0,"comment_status":"closed","ping_status":"closed","template":"","meta":{"_acf_changed":false,"footnotes":""},"class_list":["post-913","page","type-page","status-publish","hentry"],"language":"nb-NO","acf":[],"_links":{"self":[{"href":"https:\/\/teststeder.regjeringen.no\/frlu\/wp-json\/wp\/v2\/pages\/913","targetHints":{"allow":["GET"]}}],"collection":[{"href":"https:\/\/teststeder.regjeringen.no\/frlu\/wp-json\/wp\/v2\/pages"}],"about":[{"href":"https:\/\/teststeder.regjeringen.no\/frlu\/wp-json\/wp\/v2\/types\/page"}],"author":[{"embeddable":true,"href":"https:\/\/teststeder.regjeringen.no\/frlu\/wp-json\/wp\/v2\/users\/2399"}],"replies":[{"embeddable":true,"href":"https:\/\/teststeder.regjeringen.no\/frlu\/wp-json\/wp\/v2\/comments?post=913"}],"version-history":[{"count":3,"href":"https:\/\/teststeder.regjeringen.no\/frlu\/wp-json\/wp\/v2\/pages\/913\/revisions"}],"predecessor-version":[{"id":1084,"href":"https:\/\/teststeder.regjeringen.no\/frlu\/wp-json\/wp\/v2\/pages\/913\/revisions\/1084"}],"wp:attachment":[{"href":"https:\/\/teststeder.regjeringen.no\/frlu\/wp-json\/wp\/v2\/media?parent=913"}],"curies":[{"name":"wp","href":"https:\/\/api.w.org\/{rel}","templated":true}]}}