{"id":165,"date":"2023-10-20T10:26:39","date_gmt":"2023-10-20T08:26:39","guid":{"rendered":"https:\/\/nettsteder.regjeringen.no\/husleielovutvalget\/?page_id=165"},"modified":"2024-10-18T12:40:11","modified_gmt":"2024-10-18T10:40:11","slug":"dokumenter","status":"publish","type":"page","link":"https:\/\/teststeder.regjeringen.no\/husleielovutvalget\/dokumenter\/","title":{"rendered":"Dokumenter"},"content":{"rendered":"<p class=\"t2-ingress wp-block-t2-ingress\">P\u00e5 denne siden vil det bli lagt ut rapporter og andre dokumenter som er innhentet av utvalget.<\/p>\n\n\n<p><\/p>\n\n\n\n<p>Utvalget har hentet inn en fremstilling av reglene om kontraktslengde og oppsigelse av boligleieavtaler i Sverige, Danmark, Finland og Island, samt en kortfattet beskrivelse av disse reglene i England og Tyskland. Rapporten er skrevet av Advokatfirmaet F\u00f8yen AS.<br><\/p>\n\n\n\n<ul class=\"wp-block-list is-layout-flow wp-block-list-is-layout-flow\">\n<li><a href=\"https:\/\/files.teststeder.regjeringen.no\/wpuploads01\/sites\/548\/2023\/10\/Beskrivelse-av-regler-om-kontraktslengde-og-oppsigelse-i-utvalgte-europeiske-land.pdf\">Beskrivelse av regler om kontraktslengde og oppsigelse i husleielovgivningen i utvalgte europeiske land &#8211; En gjennomgang og beskrivelse av reglene i norsk, dansk, svensk finsk, islandsk, engelsk og tysk rett<\/a><\/li>\n<\/ul>\n\n\n\n<p><\/p>\n\n\n\n<p>Utvalget har hentet inn to artikler om det norske leiemarkedet. Artiklene beskriver blant annet  mekanismer som p\u00e5virker tilbudet av leieboliger, samt historiske og fremtidige utviklingstrekk i leiemarkedet. Artiklene er skrevet av henholdsvis forsker Erlend Eide B\u00f8 ved Statistisk sentralbyr\u00e5 og professor Are Oust, professor Jon Olaf Olaussen og postdoktor Ole Jakob S\u00f8nsteb\u00f8 ved NTNU Handelsh\u00f8yskolen. <\/p>\n\n\n\n<ul class=\"wp-block-list is-layout-flow wp-block-list-is-layout-flow\">\n<li><a href=\"https:\/\/files.teststeder.regjeringen.no\/wpuploads01\/sites\/548\/2023\/11\/Leiemarkedets-rolle-og-fremtid_Erlend-Eide-Bo.pdf\">Leiemarkedets rolle og fremtid &#8211; Erlend Eide B\u00f8<\/a><\/li>\n\n\n\n<li><a href=\"https:\/\/files.teststeder.regjeringen.no\/wpuploads01\/sites\/548\/2023\/11\/Innspill-til-husleielovutvalget_Are-Oust.pdf\">Innspill til husleielovutvalget &#8211; Are Oust, Jon Olaf Olaussen og Ole Jakob S\u00f8nsteb\u00f8<\/a><\/li>\n<\/ul>\n\n\n\n<h2 class=\"wp-block-heading\"><\/h2>\n\n\n\n<p>Utvalget har hentet inn et notat som gir en \u00f8konomisk-teoretisk beskrivelse av leiemarkedets virkeomr\u00e5de og mulige konsekvenser av dagens leieprisregulering. Artikkelen er skrevet av f\u00f8rsteamanuensis Anne Wenche Emblem ved Handelsh\u00f8yskolen ved Universitetet i Agder.<\/p>\n\n\n\n<ul class=\"wp-block-list is-layout-flow wp-block-list-is-layout-flow\">\n<li><a href=\"https:\/\/files.teststeder.regjeringen.no\/wpuploads01\/sites\/548\/2024\/10\/Okonomisk-teoretisk-beskrivelse-av-leiemarkedets-virkemate-og-mulige-konsekvenser-av-dagens-leieprisregulering.pdf\">\u00d8konomisk-teoretisk beskrivelse av leiemarkedets virkem\u00e5te og mulige konsekvenser av dagens leieprisregulering<\/a><\/li>\n<\/ul>\n\n\n\n<h2 class=\"wp-block-heading\"><\/h2>\n\n\n\n<p>Utvalget har hentet inn et notat som belyser det \u00f8konomiske handlingsrommet til utleiere og leiere i det norske leiemarkedet. Artikkelen er skrevet av Oslo Economics.<\/p>\n\n\n\n<ul class=\"wp-block-list is-layout-flow wp-block-list-is-layout-flow\">\n<li><a href=\"https:\/\/files.teststeder.regjeringen.no\/wpuploads01\/sites\/548\/2024\/10\/Utleieres-fortjeneste-og-leietakers-okonomi.pdf\">Utleieres fortjeneste og leietakeres \u00f8konomi<\/a><\/li>\n<\/ul>\n","protected":false},"excerpt":{"rendered":"<p>Utvalget har hentet inn en fremstilling av reglene om kontraktslengde og oppsigelse av boligleieavtaler i Sverige, Danmark, Finland og Island, samt en kortfattet beskrivelse av disse reglene i England og Tyskland. Rapporten er skrevet av Advokatfirmaet F\u00f8yen AS. Utvalget har hentet inn to artikler om det norske leiemarkedet. Artiklene beskriver blant annet mekanismer som p\u00e5virker\u2026<\/p>\n","protected":false},"author":3272,"featured_media":0,"parent":0,"menu_order":0,"comment_status":"closed","ping_status":"closed","template":"","meta":{"dss_simple_post_excerpt":"","dss_show_featured_image":true,"footnotes":""},"class_list":["post-165","page","type-page","status-publish","hentry"],"language":"nb-NO","_links":{"self":[{"href":"https:\/\/teststeder.regjeringen.no\/husleielovutvalget\/wp-json\/wp\/v2\/pages\/165","targetHints":{"allow":["GET"]}}],"collection":[{"href":"https:\/\/teststeder.regjeringen.no\/husleielovutvalget\/wp-json\/wp\/v2\/pages"}],"about":[{"href":"https:\/\/teststeder.regjeringen.no\/husleielovutvalget\/wp-json\/wp\/v2\/types\/page"}],"author":[{"embeddable":true,"href":"https:\/\/teststeder.regjeringen.no\/husleielovutvalget\/wp-json\/wp\/v2\/users\/3272"}],"replies":[{"embeddable":true,"href":"https:\/\/teststeder.regjeringen.no\/husleielovutvalget\/wp-json\/wp\/v2\/comments?post=165"}],"version-history":[{"count":3,"href":"https:\/\/teststeder.regjeringen.no\/husleielovutvalget\/wp-json\/wp\/v2\/pages\/165\/revisions"}],"predecessor-version":[{"id":866,"href":"https:\/\/teststeder.regjeringen.no\/husleielovutvalget\/wp-json\/wp\/v2\/pages\/165\/revisions\/866"}],"wp:attachment":[{"href":"https:\/\/teststeder.regjeringen.no\/husleielovutvalget\/wp-json\/wp\/v2\/media?parent=165"}],"curies":[{"name":"wp","href":"https:\/\/api.w.org\/{rel}","templated":true}]}}