{"id":45,"date":"2023-08-16T10:11:04","date_gmt":"2023-08-16T08:11:04","guid":{"rendered":"https:\/\/nettsteder.regjeringen.no\/husleielovutvalget\/?page_id=45"},"modified":"2024-10-07T10:43:28","modified_gmt":"2024-10-07T08:43:28","slug":"moter-i-utvalget","status":"publish","type":"page","link":"https:\/\/teststeder.regjeringen.no\/husleielovutvalget\/moter-i-utvalget\/","title":{"rendered":"M\u00f8ter i utvalget"},"content":{"rendered":"\n<p class=\"has-medium-font-size\"><\/p>\n\n\n\n<p><strong>22.\u201323. august 2023<\/strong><\/p>\n\n\n\n<p><strong>F\u00f8rste utvalgsm\u00f8te handlet blant annet om:<\/strong><\/p>\n\n\n\n<ul class=\"wp-block-list is-layout-flow wp-block-list-is-layout-flow\">\n<li>Utvalgsarbeid generelt \u2013 Presentasjon av professor Nils-Henrik von der Fehr<\/li>\n\n\n\n<li>Husleieloven \u2013 historikk, form\u00e5l, oppbygning og reglene om kontraktslengde og oppsigelse <\/li>\n\n\n\n<li>Perspektiver p\u00e5 \u00e5 leie bolig og \u00e5 leie ut bolig &#8211; Innspill fra leietaker og utleier<\/li>\n\n\n\n<li>Den norske leiesektoren \u2013 Presentasjon av forsker Ingar Brattbakk<\/li>\n\n\n\n<li>Refleksjoner og diskusjon om mandatet og utvalgets arbeid videre<\/li>\n<\/ul>\n\n\n\n<p><strong>14.\u201315. september 2023<\/strong><\/p>\n\n\n\n<p><strong>Andre utvalgsm\u00f8te handlet blant annet om:<\/strong><\/p>\n\n\n\n<ul class=\"wp-block-list is-layout-flow wp-block-list-is-layout-flow\">\n<li>Leieboerforeningen ga innspill om botrygghet og sin erfaring med reglene om kontraktslengde og oppsigelse<\/li>\n\n\n\n<li>Heimstaden og Selvaag Utleiebolig fortalte om sine erfaringer med boligutleie og deres avtalepraksis, og ga innspill til reglene om kontraktslengde og oppsigelse<\/li>\n\n\n\n<li>Samfunns\u00f8konomisk Analyse presenterte funn fra rapportene <em><a href=\"https:\/\/static1.squarespace.com\/static\/576280dd6b8f5b9b197512ef\/t\/64d1c5e9a42a21469c04dcdb\/1691469291523\/R13-2023+Utleiere+og+tilbudet+i+det+norske+leiemarkedet+for+boliger.pdf\">Utleiere og tilbudet i det norske leiemarkedet for boliger<\/a><\/em> og <em><a href=\"https:\/\/www.regjeringen.no\/contentassets\/c9820d5244ba4995918b5c95bb807b7a\/vurdering-av-minstetid-for-tidsbestemte-leieavtaler.pdf\">Vurdering av minstetid for tidsbestemte leieavtaler<\/a><\/em><\/li>\n\n\n\n<li>Husleietvistutvalget ga innspill om sin erfaring med tvister knyttet til kontraktslengde og oppsigelse<\/li>\n\n\n\n<li>Diskusjon om botrygghet og dagens situasjon i leiemarkedet<\/li>\n\n\n\n<li>Diskusjon om kontraktslengde, oppsigelsesregler og mulige lovendringer<\/li>\n<\/ul>\n\n\n\n<p><strong>17. oktober 2023 \u2013 Digitalt innspillsm\u00f8te<\/strong><\/p>\n\n\n\n<p>Utvalget avholdt et digitalt innspillsm\u00f8te hvor representanter fra KS , Norsk Studentorganisasjon, Samskipnadsr\u00e5det, Studentsamskipnaden SiO og  Studentsamskipnaden i Gj\u00f8vik, \u00c5lesund og Trondheim i hovedsak ga innspill om husleielovens regler om kontraktslengde og oppsigelse, inkludert s\u00e6rreglene i lovens kapittel 11.<\/p>\n\n\n\n<h2 class=\"wp-block-heading\">                                                                            <\/h2>\n\n\n\n<p><strong>26.\u201327. oktober 2023 \u2013 Studietur til Stockholm<\/strong><\/p>\n\n\n\n<p><strong>Tredje utvalgsm\u00f8te handlet blant annet om:<\/strong><\/p>\n\n\n\n<ul class=\"wp-block-list is-layout-flow wp-block-list-is-layout-flow\">\n<li>Utvalget bes\u00f8kte Hyresg\u00e4stf\u00f6reningen, Sveriges st\u00f8rste medlemsorganisasjon for leieboere, Fastighets\u00e4garna Sverige, en bransjeorganisasjon for svenske eiendomsselskap, og Landsbygds- och infrastrukturdepartementet, som har ansvaret for den svenske boligpolitikken og husleielovgivningen<\/li>\n\n\n\n<li>Akt\u00f8rene fortalte om sitt syn p\u00e5 leiemarkedet i Sverige og hvordan de svenske reglene om kontraktslengde og oppsigelse fungerer i praksis<\/li>\n\n\n\n<li>Utvalget diskuterte f\u00f8rsteutkast til lovtekst<\/li>\n<\/ul>\n\n\n\n<p><strong>14. november 2023 \u2013 Digitalt utvalgsm\u00f8te<\/strong><\/p>\n\n\n\n<p>Utvalget avholdet et digitalt innspillsm\u00f8te hvor forsker Erlend Eide B\u00f8, professor Are Oust og postdoktor Ole Jakob S\u00f8nsteb\u00f8 presenterte <a href=\"https:\/\/teststeder.regjeringen.no\/husleielovutvalget\/dokumenter\/\">to artikler om det norske leiemarkedet som de har skrevet p\u00e5 oppdrag fra utvalget.<\/a><\/p>\n\n\n\n<h2 class=\"wp-block-heading\"><\/h2>\n\n\n\n<p><strong>21.\u201322. november 2023<\/strong><\/p>\n\n\n\n<p><strong>Fjerde utvalgsm\u00f8te handlet blant annet om:<\/strong><\/p>\n\n\n\n<ul class=\"wp-block-list is-layout-flow wp-block-list-is-layout-flow\">\n<li>Gjennomgang av skriftlige innspill utvalget har mottatt p\u00e5 nettsiden<\/li>\n\n\n\n<li>Diskusjon om utkast til lovtekst og virkninger av ulike endringsforslag<\/li>\n<\/ul>\n\n\n\n<p><strong>7.\u20138. desember 2023<\/strong><\/p>\n\n\n\n<p><strong>Femte utvalgsm\u00f8te handlet blant annet om: <\/strong><\/p>\n\n\n\n<ul class=\"wp-block-list is-layout-flow wp-block-list-is-layout-flow\">\n<li>Diskusjon om utkast til lovtekst og utkast til rapporttekst<\/li>\n<\/ul>\n\n\n\n<p><strong>12. januar 2024 &#8211; Digitalt utvalgsm\u00f8te<\/strong><\/p>\n\n\n\n<p>Utvalget avholdt et digitalt utvalgsm\u00f8te for \u00e5 diskutere og avklare merknader til utkast til lovtekst og utkast til rapporttekst.<\/p>\n\n\n\n<h2 class=\"wp-block-heading\"><\/h2>\n\n\n\n<p><strong>18.\u201319. januar 2024<\/strong><\/p>\n\n\n\n<p><strong>Sjette utvalgsm\u00f8te handlet blant annet om:<\/strong><\/p>\n\n\n\n<ul class=\"wp-block-list is-layout-flow wp-block-list-is-layout-flow\">\n<li>Oslo kommune v\/Boligbygg Oslo KF innledet om praktiseringen av \u00abgjengs leie\u00bb for de kommunale boligene i Oslo.<\/li>\n\n\n\n<li>Kommunal- og distriktsdepartementet v\/Bolig- og bygningsavdelingen innledet om offentligrettslige krav til boligens kvalitet og lovlighet.<\/li>\n\n\n\n<li>Refleksjoner og diskusjon om mandatet og utvalgets videre arbeid med neste delrapport<\/li>\n<\/ul>\n\n\n\n<h2 class=\"wp-block-heading\"><\/h2>\n\n\n\n<p><strong>15.\u201316. februar 2024 <\/strong><\/p>\n\n\n\n<p><strong>Sjuende utvalgsm\u00f8te handlet blant annet om:<\/strong><\/p>\n\n\n\n<ul class=\"wp-block-list is-layout-flow wp-block-list-is-layout-flow\">\n<li>Diskusjon om regelverket kan tilpasses til leiere med langtidsperspektiv<\/li>\n\n\n\n<li>Diskusjon om leieres rett til privatliv kan tydeliggj\u00f8res<\/li>\n\n\n\n<li>Diskusjon om beboermedvirkning<\/li>\n\n\n\n<li>Diskusjon om elektronisk kommunikasjon<\/li>\n<\/ul>\n\n\n\n<p><strong>11.\u201312. mars 2024<\/strong><\/p>\n\n\n\n<p><strong>\u00c5ttende utvalgsm\u00f8te handlet blant annet om:<\/strong><\/p>\n\n\n\n<ul class=\"wp-block-list is-layout-flow wp-block-list-is-layout-flow\">\n<li>Diskusjon om hvilke krav som stilles til leieboligen<\/li>\n\n\n\n<li>Diskusjon om vedlikeholdsansvar underveis i leieforholdet<\/li>\n\n\n\n<li>Diskusjon om lovregulering av protokoll ved inn- og utflytting<\/li>\n\n\n\n<li>Diskusjon om misligholdsbef\u00f8yelser, reklamasjon og konfliktdemping<\/li>\n<\/ul>\n\n\n\n<p><strong>21. mars 2024 \u2013 Digitalt innspillsm\u00f8te<\/strong><\/p>\n\n\n\n<p>Utvalget avholdt et digitalt innspillsm\u00f8te hvor representanter fra Husleietvistutvalget, Norsk Eiendom, Finans Norge, Likestillings- og diskrimineringsombudet, Beatus Cras og Samarbeidsforumet av funksjonshemmedes organisasjoner (SAFO) ga innspill om ulike temaer knyttet til husleieloven og leiemarkedet.<\/p>\n\n\n\n<p><\/p>\n\n\n\n<p><strong>8. april 2024 \u2013 Digitalt innspillsm\u00f8te<\/strong><\/p>\n\n\n\n<p>Utvalget avholdt et digitalt innspillsm\u00f8te hvor representanter fra Statistisk Sentralbyr\u00e5, Reduser husleia, Finn.no, Qasa og Kommunal- og distriktsdepartementet v\/Bolig- og bygningsavdelingen ga innspill om ulike temaer knyttet til husleieloven og leiemarkedet.<\/p>\n\n\n\n<h2 class=\"wp-block-heading\"><\/h2>\n\n\n\n<p><strong>25.\u201326. april 2024<\/strong><\/p>\n\n\n\n<p><strong>Niende utvalgsm\u00f8te handlet blant annet om:<\/strong><\/p>\n\n\n\n<ul class=\"wp-block-list is-layout-flow wp-block-list-is-layout-flow\">\n<li>Diskusjon om leieprisvernet<\/li>\n\n\n\n<li>Videre diskusjon om vedlikeholdsansvar underveis i leieforholdet<\/li>\n\n\n\n<li>Videre diskusjon om regelverket kan tilpasses til leiere med langtidsperspektiv<\/li>\n\n\n\n<li>Videre diskusjon om hvilke krav som stilles til leieboligen<\/li>\n\n\n\n<li>Videre diskusjon om misligholdsbef\u00f8yelser, reklamasjon og konfliktdemping<\/li>\n\n\n\n<li>Diskusjon om tiltak for \u00e5 s\u00f8rge for at loven f\u00f8lges<\/li>\n<\/ul>\n\n\n\n<h2 class=\"wp-block-heading\"><\/h2>\n\n\n\n<p><strong>23.\u201324. mai 2024<\/strong><\/p>\n\n\n\n<p><strong>Tiende utvalgsm\u00f8te handlet blant annet om:<\/strong><\/p>\n\n\n\n<ul class=\"wp-block-list is-layout-flow wp-block-list-is-layout-flow\">\n<li>Videre diskusjon om regelverket kan tilpasses til leiere med langtidsperspektiv<\/li>\n\n\n\n<li>Videre diskusjon om leieres rett til privatliv kan tydeliggj\u00f8res<\/li>\n\n\n\n<li>Videre diskusjon om misligholdsbef\u00f8yelser<\/li>\n\n\n\n<li>Diskujon om bofellesskap og behovet for s\u00e6rskilt regulering av dette i husleieloven<\/li>\n\n\n\n<li>Diskusjon om foreldelse av irregul\u00e6rt depositum<\/li>\n\n\n\n<li>Diskusjon om det b\u00f8r lovfestes en plikt til \u00e5 f\u00f8re protokoll ved inn- og utflytting<\/li>\n\n\n\n<li>Videre diskusjon om beboermedvirkning<\/li>\n<\/ul>\n\n\n\n<h2 class=\"wp-block-heading\"><\/h2>\n\n\n\n<p><strong>12.\u201313. juni 2024<\/strong><\/p>\n\n\n\n<p><strong>Ellevte utvalgsm\u00f8te handlet blant annet om:<\/strong><\/p>\n\n\n\n<ul class=\"wp-block-list is-layout-flow wp-block-list-is-layout-flow\">\n<li>Diskusjon om utkast til lovtekst til ulike temaer<\/li>\n\n\n\n<li>Videre diskusjon om leieprisvernet<\/li>\n\n\n\n<li>Videre diskusjon om bofellesskap og behovet for s\u00e6rskilt regulering av dette i husleieloven<\/li>\n\n\n\n<li>Videre diskusjon om tiltak for \u00e5 sikre at loven f\u00f8lges<\/li>\n<\/ul>\n\n\n\n<h2 class=\"wp-block-heading\"><\/h2>\n\n\n\n<p><strong>26.\u201327. august 2024<\/strong><\/p>\n\n\n\n<p>Tolvte utvalgsm\u00f8te handlet blant annet om:<\/p>\n\n\n\n<p><\/p>\n\n\n\n<ul class=\"wp-block-list is-layout-flow wp-block-list-is-layout-flow\">\n<li>Diskusjon om utkast til lovtekst og utkast til rapporttekst, herunder om leieprisvernet, vedlikehold, deponering og elektronisk kommunikasjon<\/li>\n\n\n\n<li>Videre diskusjon om tiltak for \u00e5 sikre at loven f\u00f8lges<\/li>\n\n\n\n<li>Diskusjon om alternative tiltak<\/li>\n<\/ul>\n\n\n\n<h2 class=\"wp-block-heading\"><\/h2>\n\n\n\n<p><strong>6. september 2024 &#8211; Digitalt utvalgsm\u00f8te<\/strong><\/p>\n\n\n\n<p>Utvalget avholdt et digitalt utvalgsm\u00f8te for \u00e5 diskutere beboermedvirkning, samt diskutere og avklare merknader til utkast til lovtekst og utkast til rapporttekst.<\/p>\n","protected":false},"excerpt":{"rendered":"<p>22.\u201323. august 2023 F\u00f8rste utvalgsm\u00f8te handlet blant annet om: 14.\u201315. september 2023 Andre utvalgsm\u00f8te handlet blant annet om: 17. oktober 2023 \u2013 Digitalt innspillsm\u00f8te Utvalget avholdt et digitalt innspillsm\u00f8te hvor representanter fra KS , Norsk Studentorganisasjon, Samskipnadsr\u00e5det, Studentsamskipnaden SiO og Studentsamskipnaden i Gj\u00f8vik, \u00c5lesund og Trondheim i hovedsak ga innspill om husleielovens regler om kontraktslengde\u2026<\/p>\n","protected":false},"author":1929,"featured_media":0,"parent":0,"menu_order":0,"comment_status":"closed","ping_status":"closed","template":"","meta":{"dss_simple_post_excerpt":"","dss_show_featured_image":true,"footnotes":""},"class_list":["post-45","page","type-page","status-publish","hentry"],"language":"nb-NO","_links":{"self":[{"href":"https:\/\/teststeder.regjeringen.no\/husleielovutvalget\/wp-json\/wp\/v2\/pages\/45","targetHints":{"allow":["GET"]}}],"collection":[{"href":"https:\/\/teststeder.regjeringen.no\/husleielovutvalget\/wp-json\/wp\/v2\/pages"}],"about":[{"href":"https:\/\/teststeder.regjeringen.no\/husleielovutvalget\/wp-json\/wp\/v2\/types\/page"}],"author":[{"embeddable":true,"href":"https:\/\/teststeder.regjeringen.no\/husleielovutvalget\/wp-json\/wp\/v2\/users\/1929"}],"replies":[{"embeddable":true,"href":"https:\/\/teststeder.regjeringen.no\/husleielovutvalget\/wp-json\/wp\/v2\/comments?post=45"}],"version-history":[{"count":3,"href":"https:\/\/teststeder.regjeringen.no\/husleielovutvalget\/wp-json\/wp\/v2\/pages\/45\/revisions"}],"predecessor-version":[{"id":859,"href":"https:\/\/teststeder.regjeringen.no\/husleielovutvalget\/wp-json\/wp\/v2\/pages\/45\/revisions\/859"}],"wp:attachment":[{"href":"https:\/\/teststeder.regjeringen.no\/husleielovutvalget\/wp-json\/wp\/v2\/media?parent=45"}],"curies":[{"name":"wp","href":"https:\/\/api.w.org\/{rel}","templated":true}]}}