{"id":5,"date":"2023-08-16T09:01:57","date_gmt":"2023-08-16T07:01:57","guid":{"rendered":"https:\/\/nettsteder.regjeringen.no\/husleielovutvalget\/?page_id=5"},"modified":"2024-10-18T15:04:05","modified_gmt":"2024-10-18T13:04:05","slug":"om-utvalget","status":"publish","type":"page","link":"https:\/\/teststeder.regjeringen.no\/husleielovutvalget\/","title":{"rendered":"Om utvalget"},"content":{"rendered":"\n<p>Husleielovutvalget ble oppnevnt av regjeringen 16. juni 2023. Utvalget skal g\u00e5 gjennom <a href=\"https:\/\/lovdata.no\/lov\/1999-03-26-17\" data-type=\"URL\" data-id=\"https:\/\/lovdata.no\/lov\/1999-03-26-17\" target=\"_blank\" rel=\"noreferrer noopener\">husleieloven<\/a> og vurdere, og foresl\u00e5, endringer som styrker leietakeres rettigheter, sikrer grunnleggende botrygghet og som gj\u00f8r at loven er tilpasset dagens situasjon i leiemarkedet. Utvalget skal ogs\u00e5 vurdere endringer som gj\u00f8r at loven bedre enn i dag ivaretar interessene til de ulike akt\u00f8rene i leiemarkedet p\u00e5 en god og samfunnstjenlig m\u00e5te.<\/p>\n\n\n\n<p>Utvalget er satt sammen av medlemmer som representerer interessene til ulike organisasjoner i leiemarkedet, jurister og forskere. Jardar S\u00f8rvoll, forsker I ved Velferdsforskningsinstituttet NOVA, OsloMet leder utvalget.<\/p>\n\n\n\n<p>Nettsiden oppdateres l\u00f8pende med relevant informasjon om utvalgets arbeid.<\/p>\n\n\n\n<div class=\"wp-block-columns is-layout-flex wp-container-core-columns-is-layout-9d6595d7 wp-block-columns-is-layout-flex\">\n<div class=\"wp-block-column is-layout-flow wp-block-column-is-layout-flow\" style=\"flex-basis:100%\"><\/div>\n<\/div>\n\n\n\n<h2 class=\"wp-block-heading\"><\/h2>\n\n\n\n<p>Utvalget leverte <a href=\"https:\/\/www.regjeringen.no\/contentassets\/2dfc16958c5642eeae165a37b134dfe6\/no\/pdfs\/nou202420240019000dddpdfs.pdf\">NOU 2024: 19 Ny boligleielov<\/a> til Kommunal- og distriktsdepartementet 18. oktober 2024. Departementet har sendt NOU-en p\u00e5 h\u00f8ring. Lenke til h\u00f8ringen er tilgjengelig <a href=\"https:\/\/www.regjeringen.no\/no\/dokumenter\/horing-nou-2024-ny-boligleielov\/id3059010\/?expand=horingsnotater\">her<\/a>.<\/p>\n\n\n\n<h2 class=\"wp-block-heading\"><\/h2>\n\n\n\n<h2 class=\"wp-block-heading\"><\/h2>\n\n\n\n<p>Utvalget leverte f\u00f8rste delrapport om kontraktslengde og oppsigelsesvern i boligleieforhold til Kommunal- og distriktsdepartementet 31. januar 2024. <\/p>\n\n\n\n<p>Departementet sendte den f\u00f8rste delrapporten p\u00e5 h\u00f8ring v\u00e5ren 2024. Lenke til rapporten og h\u00f8ringen er tilgjengelig <a href=\"https:\/\/www.regjeringen.no\/no\/dokumenter\/kontraktslengde-og-oppsigelsesvern-i-boligleieforhold\/id3022719\/\">her<\/a>.<\/p>\n\n\n\n<figure class=\"wp-block-image size-large\"><img loading=\"lazy\" decoding=\"async\" width=\"1024\" height=\"768\" src=\"https:\/\/files.teststeder.regjeringen.no\/wpuploads01\/sites\/548\/2023\/08\/Husleielovutvalget-1024x768.jpg\" alt=\"Husleielovutvalgets medlemmer p\u00e5 f\u00f8rste utvalgsm\u00f8te 22.-23. august.\" class=\"wp-image-64\" srcset=\"https:\/\/files.teststeder.regjeringen.no\/wpuploads01\/sites\/548\/2023\/08\/Husleielovutvalget-1024x768.jpg 1024w, https:\/\/files.teststeder.regjeringen.no\/wpuploads01\/sites\/548\/2023\/08\/Husleielovutvalget-300x225.jpg 300w, https:\/\/files.teststeder.regjeringen.no\/wpuploads01\/sites\/548\/2023\/08\/Husleielovutvalget-768x576.jpg 768w, https:\/\/files.teststeder.regjeringen.no\/wpuploads01\/sites\/548\/2023\/08\/Husleielovutvalget-1536x1152.jpg 1536w, https:\/\/files.teststeder.regjeringen.no\/wpuploads01\/sites\/548\/2023\/08\/Husleielovutvalget-2048x1536.jpg 2048w\" sizes=\"auto, (max-width: 1024px) 100vw, 1024px\" \/><figcaption class=\"wp-element-caption\">Husleielovutvalget p\u00e5 f\u00f8rste utvalgsm\u00f8te. Foto: Admir Vrevic<\/figcaption><\/figure>\n","protected":false},"excerpt":{"rendered":"<p>Husleielovutvalget ble oppnevnt av regjeringen 16. juni 2023. Utvalget skal g\u00e5 gjennom husleieloven og vurdere, og foresl\u00e5, endringer som styrker leietakeres rettigheter, sikrer grunnleggende botrygghet og som gj\u00f8r at loven er tilpasset dagens situasjon i leiemarkedet. Utvalget skal ogs\u00e5 vurdere endringer som gj\u00f8r at loven bedre enn i dag ivaretar interessene til de ulike akt\u00f8rene\u2026<\/p>\n","protected":false},"author":2877,"featured_media":0,"parent":0,"menu_order":0,"comment_status":"closed","ping_status":"closed","template":"","meta":{"dss_simple_post_excerpt":"","dss_show_featured_image":true,"footnotes":""},"class_list":["post-5","page","type-page","status-publish","hentry"],"language":"nb-NO","_links":{"self":[{"href":"https:\/\/teststeder.regjeringen.no\/husleielovutvalget\/wp-json\/wp\/v2\/pages\/5","targetHints":{"allow":["GET"]}}],"collection":[{"href":"https:\/\/teststeder.regjeringen.no\/husleielovutvalget\/wp-json\/wp\/v2\/pages"}],"about":[{"href":"https:\/\/teststeder.regjeringen.no\/husleielovutvalget\/wp-json\/wp\/v2\/types\/page"}],"author":[{"embeddable":true,"href":"https:\/\/teststeder.regjeringen.no\/husleielovutvalget\/wp-json\/wp\/v2\/users\/2877"}],"replies":[{"embeddable":true,"href":"https:\/\/teststeder.regjeringen.no\/husleielovutvalget\/wp-json\/wp\/v2\/comments?post=5"}],"version-history":[{"count":3,"href":"https:\/\/teststeder.regjeringen.no\/husleielovutvalget\/wp-json\/wp\/v2\/pages\/5\/revisions"}],"predecessor-version":[{"id":870,"href":"https:\/\/teststeder.regjeringen.no\/husleielovutvalget\/wp-json\/wp\/v2\/pages\/5\/revisions\/870"}],"wp:attachment":[{"href":"https:\/\/teststeder.regjeringen.no\/husleielovutvalget\/wp-json\/wp\/v2\/media?parent=5"}],"curies":[{"name":"wp","href":"https:\/\/api.w.org\/{rel}","templated":true}]}}