{"id":12,"date":"2023-04-04T09:29:52","date_gmt":"2023-04-04T07:29:52","guid":{"rendered":"https:\/\/nettsteder.regjeringen.no\/idskjermingsutvalget\/?page_id=12"},"modified":"2023-04-17T10:29:41","modified_gmt":"2023-04-17T08:29:41","slug":"medlemmer","status":"publish","type":"page","link":"https:\/\/teststeder.regjeringen.no\/idskjermingsutvalget\/medlemmer\/","title":{"rendered":"Medlemmer"},"content":{"rendered":"<ul class=\"wp-block-dss-people\">\n<li class=\"wp-block-dss-person\">\t<div class=\"dss-person-image\">\n\t\t<figure>\n\t\t\t<img loading=\"lazy\" decoding=\"async\" width=\"250\" height=\"250\" src=\"https:\/\/files.teststeder.regjeringen.no\/wpuploads01\/sites\/537\/2023\/04\/HJB_103_Sign_Strandbakken-2-27537_1307_170427-300x300.jpg\" class=\"attachment-250x250 size-250x250\" alt=\"\" srcset=\"https:\/\/files.teststeder.regjeringen.no\/wpuploads01\/sites\/537\/2023\/04\/HJB_103_Sign_Strandbakken-2-27537_1307_170427-300x300.jpg 300w, https:\/\/files.teststeder.regjeringen.no\/wpuploads01\/sites\/537\/2023\/04\/HJB_103_Sign_Strandbakken-2-27537_1307_170427-150x150.jpg 150w, https:\/\/files.teststeder.regjeringen.no\/wpuploads01\/sites\/537\/2023\/04\/HJB_103_Sign_Strandbakken-2-27537_1307_170427-768x768.jpg 768w, https:\/\/files.teststeder.regjeringen.no\/wpuploads01\/sites\/537\/2023\/04\/HJB_103_Sign_Strandbakken-2-27537_1307_170427.jpg 1000w\" sizes=\"auto, (max-width: 250px) 100vw, 250px\" \/><span class=\"t2-image-credit\">\n\t\t\t\t<button type=\"button\" class=\"t2-image-credit-toggle\" aria-expanded=\"false\" aria-controls=\"image-credit\" aria-label=\"Toggle image credit\"><svg xmlns=\"http:\/\/www.w3.org\/2000\/svg\" viewBox=\"0 0 24 24\" height=\"24\" width=\"24\" class=\"t2-icon t2-icon-info\" aria-hidden=\"true\" focusable=\"false\"><path d=\"M12 17c.3 0 .5-.1.7-.3s.3-.4.3-.7v-4c0-.3-.1-.5-.3-.7-.2-.2-.4-.3-.7-.3s-.5.1-.7.3c-.2.2-.3.4-.3.7v4c0 .3.1.5.3.7s.4.3.7.3zm0-8c.3 0 .5-.1.7-.3.2-.2.3-.4.3-.7 0-.3-.1-.5-.3-.7-.2-.2-.4-.3-.7-.3s-.5.1-.7.3c-.2.2-.3.4-.3.7 0 .3.1.5.3.7.2.2.4.3.7.3zm0 13c-1.4 0-2.7-.3-3.9-.8-1.2-.5-2.3-1.2-3.2-2.1s-1.6-2-2.1-3.2S2 13.4 2 12s.3-2.7.8-3.9S4 5.8 4.9 4.9s2-1.6 3.2-2.1S10.6 2 12 2s2.7.3 3.9.8 2.3 1.2 3.2 2.1 1.6 2 2.1 3.2c.5 1.2.8 2.5.8 3.9s-.3 2.7-.8 3.9c-.5 1.2-1.2 2.3-2.1 3.2s-2 1.6-3.2 2.1c-1.2.5-2.5.8-3.9.8z\" fill=\"currentColor\" \/><\/svg><\/button>\n\t\t\t\t<span class=\"t2-image-credit-text wp-element-caption\" id=\"image-credit\" hidden>Foto: Hans J\u00f8rgen Brun<\/span>\n\t\t\t<\/span>\t\t<\/figure>\n\t<\/div>\n\t<div class=\"dss-person-content\">\n\t\t<h3 class=\"dss-person-name\">Asbj\u00f8rn Strandbakken<\/h3><p class=\"dss-person-position\">Professor ved Universitetet i Bergen<\/p><p class=\"dss-person-content\">Asbj\u00f8rn Strandbakken har siden 2003 v\u00e6r professor i rettsvitenskap ved Universitetet i Bergen, hvor han i 2002 disputerte for doktorgraden: Uskyldspresumsjonen \u2013 In dubio pro reo. Han har s\u00e6rlig arbeidet med strafferett, straffeprosess, menneskerettigheter og familierett. Han har tidligere v\u00e6rt fagansvarlig for p\u00e5talerett ved Det juridiske fakultet. Strandbakken er leder av Kommunikasjonskontrollutvalget.<\/p>\t<\/div>\n\t<\/li>\n\n<li class=\"wp-block-dss-person\">\t<div class=\"dss-person-image\">\n\t\t<figure>\n\t\t\t<img loading=\"lazy\" decoding=\"async\" width=\"167\" height=\"250\" src=\"https:\/\/files.teststeder.regjeringen.no\/wpuploads01\/sites\/537\/2023\/04\/Foto-Ingvild-Bruce-scaled.jpg\" class=\"attachment-250x250 size-250x250\" alt=\"\" srcset=\"https:\/\/files.teststeder.regjeringen.no\/wpuploads01\/sites\/537\/2023\/04\/Foto-Ingvild-Bruce-scaled.jpg 1707w, https:\/\/files.teststeder.regjeringen.no\/wpuploads01\/sites\/537\/2023\/04\/Foto-Ingvild-Bruce-200x300.jpg 200w, https:\/\/files.teststeder.regjeringen.no\/wpuploads01\/sites\/537\/2023\/04\/Foto-Ingvild-Bruce-683x1024.jpg 683w, https:\/\/files.teststeder.regjeringen.no\/wpuploads01\/sites\/537\/2023\/04\/Foto-Ingvild-Bruce-768x1152.jpg 768w, https:\/\/files.teststeder.regjeringen.no\/wpuploads01\/sites\/537\/2023\/04\/Foto-Ingvild-Bruce-1024x1536.jpg 1024w, https:\/\/files.teststeder.regjeringen.no\/wpuploads01\/sites\/537\/2023\/04\/Foto-Ingvild-Bruce-1366x2048.jpg 1366w\" sizes=\"auto, (max-width: 167px) 100vw, 167px\" \/><span class=\"t2-image-credit\">\n\t\t\t\t<button type=\"button\" class=\"t2-image-credit-toggle\" aria-expanded=\"false\" aria-controls=\"image-credit-1\" aria-label=\"Toggle image credit\"><svg xmlns=\"http:\/\/www.w3.org\/2000\/svg\" viewBox=\"0 0 24 24\" height=\"24\" width=\"24\" class=\"t2-icon t2-icon-info\" aria-hidden=\"true\" focusable=\"false\"><path d=\"M12 17c.3 0 .5-.1.7-.3s.3-.4.3-.7v-4c0-.3-.1-.5-.3-.7-.2-.2-.4-.3-.7-.3s-.5.1-.7.3c-.2.2-.3.4-.3.7v4c0 .3.1.5.3.7s.4.3.7.3zm0-8c.3 0 .5-.1.7-.3.2-.2.3-.4.3-.7 0-.3-.1-.5-.3-.7-.2-.2-.4-.3-.7-.3s-.5.1-.7.3c-.2.2-.3.4-.3.7 0 .3.1.5.3.7.2.2.4.3.7.3zm0 13c-1.4 0-2.7-.3-3.9-.8-1.2-.5-2.3-1.2-3.2-2.1s-1.6-2-2.1-3.2S2 13.4 2 12s.3-2.7.8-3.9S4 5.8 4.9 4.9s2-1.6 3.2-2.1S10.6 2 12 2s2.7.3 3.9.8 2.3 1.2 3.2 2.1 1.6 2 2.1 3.2c.5 1.2.8 2.5.8 3.9s-.3 2.7-.8 3.9c-.5 1.2-1.2 2.3-2.1 3.2s-2 1.6-3.2 2.1c-1.2.5-2.5.8-3.9.8z\" fill=\"currentColor\" \/><\/svg><\/button>\n\t\t\t\t<span class=\"t2-image-credit-text wp-element-caption\" id=\"image-credit-1\" hidden>Foto: Universitetet i Oslo (UiO)<\/span>\n\t\t\t<\/span>\t\t<\/figure>\n\t<\/div>\n\t<div class=\"dss-person-content\">\n\t\t<h3 class=\"dss-person-name\">Ingvild Bruce<\/h3><p class=\"dss-person-position\">F\u00f8rsteamanuensis\u00a0ved Politih\u00f8gskolen<\/p><p class=\"dss-person-content\">Ingvild Bruce har en master i rettsvitenskap fra Universitetet i Bergen (2005) og ph.d. fra Universitetet i Oslo (2021). Ph.d-avhandlingen omhandler reguleringen av forebyggende bruk av skjulte tvangsmidler i beskyttelsen av nasjonal sikkerhet.<br><br>Bruce er i dag f\u00f8rsteamanuensis ved Politih\u00f8gskolen og f\u00f8rsteamanuensis II ved juridisk fakultet, Universitetet i Oslo. Hun har skrevet flere b\u00f8ker og artikler med strafferettslige og straffeprosessuelle tema. Tidligere har hun v\u00e6rt konstituert lagdommer i Borgarting lagmannsrett, og ansatt blant annet hos Sivilombudsmannen, Justisdepartementet, Stortinget, \u00d8KOKRIM og Riksadvokatembetet.<br><br><\/p>\t<\/div>\n\t<\/li>\n\n<li class=\"wp-block-dss-person\">\t<div class=\"dss-person-image\">\n\t\t<figure>\n\t\t\t<img loading=\"lazy\" decoding=\"async\" width=\"250\" height=\"141\" src=\"https:\/\/files.teststeder.regjeringen.no\/wpuploads01\/sites\/537\/2023\/04\/Bilde-Marianne-magnus.jpeg\" class=\"attachment-250x250 size-250x250\" alt=\"\" srcset=\"https:\/\/files.teststeder.regjeringen.no\/wpuploads01\/sites\/537\/2023\/04\/Bilde-Marianne-magnus.jpeg 1334w, https:\/\/files.teststeder.regjeringen.no\/wpuploads01\/sites\/537\/2023\/04\/Bilde-Marianne-magnus-300x169.jpeg 300w, https:\/\/files.teststeder.regjeringen.no\/wpuploads01\/sites\/537\/2023\/04\/Bilde-Marianne-magnus-1024x576.jpeg 1024w, https:\/\/files.teststeder.regjeringen.no\/wpuploads01\/sites\/537\/2023\/04\/Bilde-Marianne-magnus-768x432.jpeg 768w, https:\/\/files.teststeder.regjeringen.no\/wpuploads01\/sites\/537\/2023\/04\/Bilde-Marianne-magnus-1200x675.jpeg 1200w\" sizes=\"auto, (max-width: 250px) 100vw, 250px\" \/><span class=\"t2-image-credit\">\n\t\t\t\t<button type=\"button\" class=\"t2-image-credit-toggle\" aria-expanded=\"false\" aria-controls=\"image-credit-2\" aria-label=\"Toggle image credit\"><svg xmlns=\"http:\/\/www.w3.org\/2000\/svg\" viewBox=\"0 0 24 24\" height=\"24\" width=\"24\" class=\"t2-icon t2-icon-info\" aria-hidden=\"true\" focusable=\"false\"><path d=\"M12 17c.3 0 .5-.1.7-.3s.3-.4.3-.7v-4c0-.3-.1-.5-.3-.7-.2-.2-.4-.3-.7-.3s-.5.1-.7.3c-.2.2-.3.4-.3.7v4c0 .3.1.5.3.7s.4.3.7.3zm0-8c.3 0 .5-.1.7-.3.2-.2.3-.4.3-.7 0-.3-.1-.5-.3-.7-.2-.2-.4-.3-.7-.3s-.5.1-.7.3c-.2.2-.3.4-.3.7 0 .3.1.5.3.7.2.2.4.3.7.3zm0 13c-1.4 0-2.7-.3-3.9-.8-1.2-.5-2.3-1.2-3.2-2.1s-1.6-2-2.1-3.2S2 13.4 2 12s.3-2.7.8-3.9S4 5.8 4.9 4.9s2-1.6 3.2-2.1S10.6 2 12 2s2.7.3 3.9.8 2.3 1.2 3.2 2.1 1.6 2 2.1 3.2c.5 1.2.8 2.5.8 3.9s-.3 2.7-.8 3.9c-.5 1.2-1.2 2.3-2.1 3.2s-2 1.6-3.2 2.1c-1.2.5-2.5.8-3.9.8z\" fill=\"currentColor\" \/><\/svg><\/button>\n\t\t\t\t<span class=\"t2-image-credit-text wp-element-caption\" id=\"image-credit-2\" hidden>Foto: Ukjent<\/span>\n\t\t\t<\/span>\t\t<\/figure>\n\t<\/div>\n\t<div class=\"dss-person-content\">\n\t\t<h3 class=\"dss-person-name\">Marianne Magnus<\/h3><p class=\"dss-person-position\">Dommer ved Salten og Lofoten tingrett<\/p><p class=\"dss-person-content\">Marianne Nergaard Magnus har siden 2018 arbeidet som tingrettsdommer ved Salten og Lofoten tingrett. Hun har en master i rettsvitenskap fra Universitetet i Oslo (2006). Tidligere har hun v\u00e6rt utreder i H\u00f8yesterett, r\u00e5dgiver i Lovavdelingen, dommerfullmektig og advokat hos Kommuneadvokaten i Oslo.<\/p>\t<\/div>\n\t<\/li>\n<\/ul>","protected":false},"excerpt":{"rendered":"","protected":false},"author":3221,"featured_media":0,"parent":0,"menu_order":0,"comment_status":"closed","ping_status":"closed","template":"","meta":{"dss_simple_post_excerpt":"","dss_show_featured_image":true,"footnotes":""},"class_list":["post-12","page","type-page","status-publish","hentry"],"language":"nb-NO","_links":{"self":[{"href":"https:\/\/teststeder.regjeringen.no\/idskjermingsutvalget\/wp-json\/wp\/v2\/pages\/12","targetHints":{"allow":["GET"]}}],"collection":[{"href":"https:\/\/teststeder.regjeringen.no\/idskjermingsutvalget\/wp-json\/wp\/v2\/pages"}],"about":[{"href":"https:\/\/teststeder.regjeringen.no\/idskjermingsutvalget\/wp-json\/wp\/v2\/types\/page"}],"author":[{"embeddable":true,"href":"https:\/\/teststeder.regjeringen.no\/idskjermingsutvalget\/wp-json\/wp\/v2\/users\/3221"}],"replies":[{"embeddable":true,"href":"https:\/\/teststeder.regjeringen.no\/idskjermingsutvalget\/wp-json\/wp\/v2\/comments?post=12"}],"version-history":[{"count":4,"href":"https:\/\/teststeder.regjeringen.no\/idskjermingsutvalget\/wp-json\/wp\/v2\/pages\/12\/revisions"}],"predecessor-version":[{"id":62,"href":"https:\/\/teststeder.regjeringen.no\/idskjermingsutvalget\/wp-json\/wp\/v2\/pages\/12\/revisions\/62"}],"wp:attachment":[{"href":"https:\/\/teststeder.regjeringen.no\/idskjermingsutvalget\/wp-json\/wp\/v2\/media?parent=12"}],"curies":[{"name":"wp","href":"https:\/\/api.w.org\/{rel}","templated":true}]}}