{"id":4,"date":"2023-04-04T09:28:26","date_gmt":"2023-04-04T07:28:26","guid":{"rendered":"https:\/\/nettsteder.regjeringen.no\/idskjermingsutvalget\/?page_id=4"},"modified":"2024-03-07T15:21:27","modified_gmt":"2024-03-07T14:21:27","slug":"om-utvalget","status":"publish","type":"page","link":"https:\/\/teststeder.regjeringen.no\/idskjermingsutvalget\/","title":{"rendered":"Om utvalget"},"content":{"rendered":"\n<p>Regjeringen har satt ned et utvalg som skal se p\u00e5 om identiteten til ansatte i politiet og kriminalomsorgen i st\u00f8rre grad skal kunne skjermes. Utvalget ble oppnevnt 23. februar 2023 og ledes av Asbj\u00f8rn Strandbakken.<\/p>\n\n\n\n<p>Utredningens overordnede form\u00e5l er \u00e5 foresl\u00e5 tiltak som kan bidra til at ansatte i norsk<br>politi og kriminalomsorg settes i stand til \u00e5 fylle sitt samfunnsoppdrag p\u00e5 beste m\u00e5te. Utvalget skal blant annet vurdere om det foreligger et behov som tilsier en st\u00f8rre grad av  identitetsskjerming enn i dag, og foresl\u00e5 lovendringer og\/eller andre tiltak i samsvar med dette. De skal ha minst to innspillsm\u00f8ter med de st\u00f8rste fagforeningene i kriminalomsorgen, politiet og p\u00e5talemyndigheten. Utredningen leveres som en NOU i mars 2024.<\/p>\n","protected":false},"excerpt":{"rendered":"<p>Regjeringen har satt ned et utvalg som skal se p\u00e5 om identiteten til ansatte i politiet og kriminalomsorgen i st\u00f8rre grad skal kunne skjermes. Utvalget ble oppnevnt 23. februar 2023 og ledes av Asbj\u00f8rn Strandbakken. Utredningens overordnede form\u00e5l er \u00e5 foresl\u00e5 tiltak som kan bidra til at ansatte i norskpoliti og kriminalomsorg settes i stand\u2026<\/p>\n","protected":false},"author":2877,"featured_media":0,"parent":0,"menu_order":0,"comment_status":"closed","ping_status":"closed","template":"","meta":{"dss_simple_post_excerpt":"","dss_show_featured_image":true,"footnotes":""},"class_list":["post-4","page","type-page","status-publish","hentry"],"language":"nb-NO","_links":{"self":[{"href":"https:\/\/teststeder.regjeringen.no\/idskjermingsutvalget\/wp-json\/wp\/v2\/pages\/4","targetHints":{"allow":["GET"]}}],"collection":[{"href":"https:\/\/teststeder.regjeringen.no\/idskjermingsutvalget\/wp-json\/wp\/v2\/pages"}],"about":[{"href":"https:\/\/teststeder.regjeringen.no\/idskjermingsutvalget\/wp-json\/wp\/v2\/types\/page"}],"author":[{"embeddable":true,"href":"https:\/\/teststeder.regjeringen.no\/idskjermingsutvalget\/wp-json\/wp\/v2\/users\/2877"}],"replies":[{"embeddable":true,"href":"https:\/\/teststeder.regjeringen.no\/idskjermingsutvalget\/wp-json\/wp\/v2\/comments?post=4"}],"version-history":[{"count":3,"href":"https:\/\/teststeder.regjeringen.no\/idskjermingsutvalget\/wp-json\/wp\/v2\/pages\/4\/revisions"}],"predecessor-version":[{"id":87,"href":"https:\/\/teststeder.regjeringen.no\/idskjermingsutvalget\/wp-json\/wp\/v2\/pages\/4\/revisions\/87"}],"wp:attachment":[{"href":"https:\/\/teststeder.regjeringen.no\/idskjermingsutvalget\/wp-json\/wp\/v2\/media?parent=4"}],"curies":[{"name":"wp","href":"https:\/\/api.w.org\/{rel}","templated":true}]}}