{"id":43,"date":"2020-11-30T14:32:50","date_gmt":"2020-11-30T13:32:50","guid":{"rendered":"https:\/\/nettsteder.regjeringen.no\/inntektssystemutvalget\/?page_id=43"},"modified":"2022-03-01T10:05:23","modified_gmt":"2022-03-01T09:05:23","slug":"mandat","status":"publish","type":"page","link":"https:\/\/teststeder.regjeringen.no\/inntektssystemutvalget\/mandat\/","title":{"rendered":"Mandat"},"content":{"rendered":"<div class=\"text-wrap post-content clearfix\"><h2>Offentlig utvalg som skal gjennomg\u00e5 inntektssystemet for kommunene<\/h2>\n<p>Utvalget ble oppnevnt av Regjeringen Solberg i mai 2020.<\/p>\n<h2>Mandat<\/h2>\n<p>Regjeringen vil legge til rette for et velferdssamfunn med levende lokalmilj\u00f8er og et godt tjenestetilbud til innbyggere over hele landet. Kommunene er b\u00e6rebjelken i velferdssamfunnet. Rammestyring styrker det lokale selvstyret og gir handlingsrom til kommunene. Handlingsrom er en forutsetning for at kommunene kan jobbe med innovasjon og lokalt tilpassede l\u00f8sninger.<\/p>\n<p>Rammefinansiering gir lokalt handlingsrom, og er derfor hovedmodellen for finansiering av kommunesektoren. De frie inntektene, skatt og rammetilskudd, utgj\u00f8r om lag 75 prosent av sektorens samlede inntekter. Det legges til grunn at rammefinansiering fortsatt skal v\u00e6re hovedfinansieringsmodellen for kommunesektoren. Generalistkommuneprinsippet tilsier at alle kommuner har de samme oppgavene og ansvaret, og dette prinsippet ligger fast.<\/p>\n<p>Inntektssystemet fordeler rammetilskuddet mellom kommunene og omfordeler skatteinntektene. I 2020 utgj\u00f8r rammetilskuddet til kommunene om lag 142 mrd. kroner, mens skatteinntektene er ansl\u00e5tt til om lag 188 mrd. kroner. Inntektssystemet best\u00e5r i dag av tre hovedelementer; innbyggertilskuddet med en utgiftsutjevning, ulike regionalpolitisk begrunnede tilskudd og omfordeling av skatteinntekter.<\/p>\n<p>Utvalget bes om \u00e5 foreta en helhetlig gjennomgang av inntektssystemet for kommunene. Utvalget bes om \u00e5 vurdere dagens inntektssystem og de ulike elementene i dette, og komme med et forslag til utforming av inntektssystemet for kommunene. Forslag til utforming av inntektssystemet skal holdes innenfor en provenyn\u00f8ytral ramme. Utvalget bes vurdere hvordan de ulike elementene i systemet virker sammen.<\/p>\n<p>En m\u00e5lsetting med inntektssystemet er at alle kommuner skal settes i stand til \u00e5 tilby sine innbyggere likeverdige og gode kommunale tjenester. To mekanismer som skal s\u00f8rge for dette, er omfordelingen avinnbyggertilskuddet gjennom utgiftsutjevningen og utjevningen av skatteinntekter gjennom inntektsutjevningen.<\/p>\n<p>Utvalget bes legge til grunn for sitt arbeid at inntektssystemet skal s\u00f8rge for at alle kommuner skal kunne tilby gode og likeverdige tjenester til sine innbyggere, og at inntektssystemet fortsatt skal best\u00e5 av b\u00e5de inntektsutjevning og utgiftsutjevning. Utvalget bes vurdere i hvor stor grad inntekter og utgifter b\u00f8r utjevnes, og hvordan denne utjevningen b\u00f8r innrettes.<\/p>\n<p>Inntektssystemet b\u00f8r v\u00e6re mest mulig n\u00f8ytralt med hensyn til kommunesammensl\u00e5inger, og ikke legge f\u00f8ringer eller insentiver p\u00e5 hvordan kommunene organiserer seg.<\/p>\n<p>Utvalget m\u00e5 vurdere hensynet til enkelhet vs. hensynet til rettferdighet og treffsikkerhet. Hensynet til enkelhet tilsier at inntektssystemet b\u00f8r v\u00e6re s\u00e5 enkelt og gjennomsiktig som mulig, men samtidig gj\u00f8r hensynet til rettferdig fordeling og treffsikkerhet at systemet ogs\u00e5 m\u00e5 kunne ta s\u00e6rlige hensyn. Utvalget bes vurdere avveiningen mellom disse hensynene.<\/p>\n<p>Utvalget bes videre om \u00e5 vurdere i hvilken grad stabilitet fra \u00e5r til \u00e5r skal vektlegges ved utformingen av inntektssystemet. I dagens system s\u00f8rger inntektsgarantiordningen for at alle kommuner f\u00e5r en vekst i rammetilskuddet fra et \u00e5r til det neste som ikke avviker mer enn et fast bel\u00f8p (per innbygger) fra veksten p\u00e5 landsbasis. Utvalget bes vurdere behovet for en slik stabiliserende ordning, og hvordan denne eventuelt b\u00f8r innrettes.<\/p>\n<p>Utvalget skal levere sin utredning i form av en NOU til departementet innen 1. juni 2022. Fristen er senere blitt utsatt til 26. august 2022.<\/p>\n<p>I det videre omtales de ulike elementene i dagens inntektssystem, og noen aktuelle problemstillinger under disse.<\/p>\n<h3>1. Utgiftsutjevning<\/h3>\n<p>Gjennom utgiftsutjevningen blir kommunene kompensert for ufrivillige kostnadsforskjeller, gjennom en omfordeling av innbyggertilskuddet. Dette skjer ved at det foretas det en omfordeling fra kommuner med lavt utgiftsbehov til kommuner med h\u00f8yt utgiftsbehov, ved hjelp av kostnadsn\u00f8kkelen.<\/p>\n<p>I dagens utgiftsutjevning gis det i prinsippet full utjevning av ufrivillige kostnadsforskjeller. I utgiftsutjevningen skilles det derfor mellom frivillige og ufrivillige kostnader. Med ufrivillige kostnader menes strukturelle forhold som kommunene ikke kan p\u00e5virke selv, mens frivillige kostnader for eksempel kan skyldes forskjeller i effektivitet og ulik organisering av tjenestene.<\/p>\n<p>Fra og med 2017 er det innf\u00f8rt en gradering av kompensasjonen for sm\u00e5driftsulemper p\u00e5 kommuneniv\u00e5, slik at man i st\u00f8rre grad kun kompenserer for ufrivillige kostnadsforskjeller knyttet til kommunest\u00f8rrelse.<\/p>\n<p>Utvalget bes vurdere utgiftsutjevningen, og hvilke prinsipper som b\u00f8r ligge til grunn for utformingen av denne.<\/p>\n<p>Kostnadsn\u00f8kkelen er i dag sammensatt av delkostnadsn\u00f8kler for grunnskole, pleie og omsorg, sosialhjelp, barnevern, kommunehelsetjeneste, barnehage, landbruk og administrasjon og milj\u00f8. Utvalget bes vurdere hvilke sektorer som b\u00f8r inkluderes i utgiftsutjevningen, og for hvilke sektorer det b\u00f8r utformes egne delkostnadsn\u00f8kler.<\/p>\n<p>I dagens utgiftsutjevning legges det vekt p\u00e5 at kostnadsn\u00f8kkelen skal inneholde objektive kriterier, som kommunene selv ikke kan p\u00e5virke verdien av. Det er videre lagt til grunn at kriteriene i kostnadsn\u00f8kkelen ikke skal gi insentiver til \u00e5 prioritere enkelte sektorer og tjenester framfor andre, og det b\u00f8r heller ikke ligge elementer av refusjonsordninger innenfor utgiftsutjevningen. Utvalget bes vurdere hvilke prinsipper som b\u00f8r ligge til grunn for valg av kriterier i utgiftsutjevningen.<\/p>\n<p>Utvalget bes om \u00e5 foreta en faglig gjennomgang av kostnadsn\u00f8kkelen i utgiftsutjevningen, og komme med et forslag til ny kostnadsn\u00f8kkel for kommunene. I gjennomgangen bes utvalget bl.a. vurdere:<\/p>\n<ul>\n<li>metodevalg (herunder bruk av statistiske vs. normative metoder og bruk av simultane<br \/>\nvs. partielle statistiske analyser)<\/li>\n<li>tilgjengelig datagrunnlag<\/li>\n<li>ny forskning og utredning \u2013 herunder p\u00e5g\u00e5ende prosjekter igangsatt av KMD og<br \/>\neventuelle andre<\/li>\n<li>om det skal tas hensyn til stordriftsfordeler og sm\u00e5driftsulemper og hvordan kan dette<br \/>\nfanges opp i utgiftsutjevningen<\/li>\n<li>frivillige vs. ufrivillige utgifter<\/li>\n<li>hvilke kostnader som skal inng\u00e5 i utgiftsutjevningen<\/li>\n<\/ul>\n<h3>2. Skatt (inntektsutjevning)<\/h3>\n<p>Skatteinntektene til kommunene kommer i dag fra skatt p\u00e5 inntekt og formue og<br \/>\nnaturressursskatt. I tillegg kan den enkelte kommune velge \u00e5 ta inn eiendomsskatt fra sine innbyggere. Videre mottar kommuner konsesjonskraft og -avgift. I dag omsettes normalt konsesjonskraft i markedet og gir inntekter til kommunene. I mandatet omtales derfor kommunenes inntekter fra b\u00e5de konsesjonskraft og -avgift som skatteinntekter.<\/p>\n<p>Skatteinntektene utgj\u00f8r om lag 40 prosent av kommunenes samlede inntekter. Disse er ujevnt fordelt mellom kommunene, og det er i dag en utjevning av skatteinntektene. Denne utjevner inntektene fra skatt p\u00e5 inntekt og formue og naturressursskatt, mens inntekter fra konsesjonskraft og eiendomsskatt ikke utjevnes.<\/p>\n<p>Utvalget bes om \u00e5 vurdere hvilke prinsipper som b\u00f8r ligger til grunn for skatteelementene i inntektssystemet, og hvordan skatteelementene i inntektssystemet b\u00f8r utformes. Utvalget bes om \u00e5 gi en faglig og prinsipiell vurdering av hvilke skatter som b\u00f8r utjevnes mellom kommunene. Utvalget bes videre om \u00e5 dr\u00f8fte avveiningen mellom p\u00e5 den ene siden hensynet til lokal forankring av kommunenes inntekter, og p\u00e5 den andre siden behovet for utjevning av skatteinntekter mellom kommunene. I den sammenheng b\u00f8r ogs\u00e5 hensynet til \u00e5 stimulere til n\u00e6ringsaktivitet lokalt vurderes.<\/p>\n<p>Utvalget bes om \u00e5 komme med et forslag til utforming av skatteelementene i inntektssystemet, og belyse konsekvensene av ulike innretninger.<\/p>\n<h3>3. Tilskudd i tillegg til innbyggertilskuddet<\/h3>\n<p>Innenfor dagens rammetilskudd gis det flere tilskudd i tillegg til innbyggertilskuddet. Disse tilskuddene er i hovedsak begrunnet i regionalpolitiske hensyn:<\/p>\n<ul>\n<li>\u00a0Distriktstilskudd S\u00f8r-Norge skal ivareta kommuner i S\u00f8r-Norge med en svak<br \/>\nsamfunnsmessig utvikling, med et sm\u00e5kommunetillegg til kommuner med under 3 200<br \/>\ninnbyggere.<\/li>\n<li>Distriktstilskudd Nord-Norge gis alle kommuner i Nord-Norge og Namdalen, med et sm\u00e5kommunetillegg til kommuner med under 3 200 innbyggere.<\/li>\n<li>Veksttilskuddet gis kommuner med s\u00e6rlig h\u00f8y befolkningsvekst.<\/li>\n<li>Storbytilskuddet gis til Oslo, Bergen, Trondheim, Stavanger, Kristiansand og<br \/>\nDrammen.<\/li>\n<li>Regionsentertilskuddet ble etablert i forbindelse med kommunereformen. Dette gis til kommuner hvor det er fattet et nasjonalt vedtak om sammensl\u00e5ing i perioden for kommunereformen, og som etter sammensl\u00e5ingen f\u00e5r over om lag 8 000 innbyggere<\/li>\n<\/ul>\n<p>I tillegg gis det et skj\u00f8nnstilskudd for \u00e5 kompensere for lokale forhold som ikke fanges opp i den faste delen av inntektssystemet.<\/p>\n<p>Utvalget bes vurdere behovet for andre tilskudd i inntektssystemet i tillegg til innbyggertilskuddet, og hvilke samfunnsutfordringer og -m\u00e5l slike tilskudd skal m\u00f8te.<\/p>\n<p>Utvalget bes foreta en vurdering av hvilke prinsipper som b\u00f8r legges til grunn for utformingen av regionalpolitiske tilskudd eller andre tilskudd innenfor inntektssystemet. Utvalget bes belyse konsekvensene av ulike innretninger, og hvordan disse virker sammen med de \u00f8vrige elementene i inntektssystemet.<\/p>\n<p>Utvalget bes foreta en vurdering av dagens tilskudd: distriktstilskudd S\u00f8r-Norge, distriktstilskudd Nord Norge, veksttilskudd, storbytilskudd, regionsentertilskudd og skj\u00f8nnstilskudd.<\/p>\n<p>Lenke til dokumentet i pdf format p\u00e5 regjeringen.no:<br \/>\n<a href=\"https:\/\/www.regjeringen.no\/contentassets\/6a26c6f624654aa58f80f2d782ffc32b\/mandat-offentlig-utvalg.pdf\">Mandat for offentlig utvalg som skal gjennomg\u00e5 inntektssystemet for kommunene<\/a><\/p>\n<h3><\/h3>\n<p>&nbsp;<\/p>\n<h3>Utvidet mandat for Inntektssystemutvalget<\/h3>\n<p>(Brev til utvalget 15. januar 2021)<\/p>\n<p>Det vises til mandatet for Inntektssystemutvalget, og at utvalget skal levere sin utredning i form av en NOU til departementet innen 1. juni 2022. Utvalget gis med dette et tilleggsmandat om \u00e5 gi en n\u00e6rmere vurdering av forenligheten mellom lavere skattesatser enn maksimalsatsene p\u00e5 skatt p\u00e5 inntekt og formue fra personlige skattytere, og dagens system for skatteutjevning. Utvalget bes se p\u00e5 hvordan en anledning til \u00e5 ha lavere skattesatser b\u00f8r h\u00e5ndteres i inntektssystemet. I dagens system vil dette gjelde b\u00e5de for inntekts- og formuesskatten.<\/p>\n<p><strong>Bakgrunn<\/strong><\/p>\n<p>Kommunenes skatteinntekter kommer hovedsakelig fra skatt p\u00e5 inntekt og formue fra personlige skattytere. B\u00e5de for inntekts- og formuesskatten er det fastsatt maksimalsatser som kommunene kan bruke. Kommunene kan velge \u00e5 sette skattesatsene lavere enn maksimalsatsene. De siste ti\u00e5rene har imidlertid alle kommuner brukt maksimalsatsen, b\u00e5de for inntekts- og formuesskatten.<\/p>\n<p>B\u00f8 kommune i Nordland vedtok i desember 2019 \u00e5 redusere satsen for den kommunale delen av formuesskatten, fra maksimalsatsen p\u00e5 0,7 prosent til 0,2 prosent. Dette reiser prinsipielle sp\u00f8rsm\u00e5l knyttet til bruk av maksimalsatser, og hvordan frivillig lavere skattesatser skal h\u00e5ndteres i skatteutjevningen.<\/p>\n<p>I Prop1 s (2020-2021) ble det foresl\u00e5tt at det legges til grunn et korrigert skattegrunnlag for B\u00f8 kommune i skatteutjevningen fra og med skatte\u00e5ret 2021, for \u00e5 unng\u00e5 at andre kommuner m\u00e5 ta kostnaden ved lavere skattesats i B\u00f8 kommune. Det er senere besluttet at det i tillegg lages en s\u00e6rordning begrenset til B\u00f8 kommune der deler av tapet i 2021 og 2022 dekkes gjennom skj\u00f8nnstilskuddet.<\/p>\n<\/div>","protected":false},"excerpt":{"rendered":"<p>Offentlig utvalg som skal gjennomg\u00e5 inntektssystemet for kommunene Utvalget ble oppnevnt av Regjeringen Solberg i mai 2020. Mandat Regjeringen vil &#8230;<\/p>\n","protected":false},"author":857,"featured_media":0,"parent":0,"menu_order":0,"comment_status":"closed","ping_status":"closed","template":"","meta":{"_acf_changed":false,"footnotes":""},"class_list":["post-43","page","type-page","status-publish","hentry"],"language":"nb-NO","acf":[],"_links":{"self":[{"href":"https:\/\/teststeder.regjeringen.no\/inntektssystemutvalget\/wp-json\/wp\/v2\/pages\/43","targetHints":{"allow":["GET"]}}],"collection":[{"href":"https:\/\/teststeder.regjeringen.no\/inntektssystemutvalget\/wp-json\/wp\/v2\/pages"}],"about":[{"href":"https:\/\/teststeder.regjeringen.no\/inntektssystemutvalget\/wp-json\/wp\/v2\/types\/page"}],"author":[{"embeddable":true,"href":"https:\/\/teststeder.regjeringen.no\/inntektssystemutvalget\/wp-json\/wp\/v2\/users\/857"}],"replies":[{"embeddable":true,"href":"https:\/\/teststeder.regjeringen.no\/inntektssystemutvalget\/wp-json\/wp\/v2\/comments?post=43"}],"version-history":[{"count":5,"href":"https:\/\/teststeder.regjeringen.no\/inntektssystemutvalget\/wp-json\/wp\/v2\/pages\/43\/revisions"}],"predecessor-version":[{"id":292,"href":"https:\/\/teststeder.regjeringen.no\/inntektssystemutvalget\/wp-json\/wp\/v2\/pages\/43\/revisions\/292"}],"wp:attachment":[{"href":"https:\/\/teststeder.regjeringen.no\/inntektssystemutvalget\/wp-json\/wp\/v2\/media?parent=43"}],"curies":[{"name":"wp","href":"https:\/\/api.w.org\/{rel}","templated":true}]}}