{"id":57,"date":"2020-11-30T14:45:55","date_gmt":"2020-11-30T13:45:55","guid":{"rendered":"https:\/\/nettsteder.regjeringen.no\/inntektssystemutvalget\/?page_id=57"},"modified":"2022-03-03T23:34:48","modified_gmt":"2022-03-03T22:34:48","slug":"medlemmer","status":"publish","type":"page","link":"https:\/\/teststeder.regjeringen.no\/inntektssystemutvalget\/medlemmer\/","title":{"rendered":"Medlemmer"},"content":{"rendered":"<div class=\"text-wrap post-content clearfix\"><ul>\n<li><strong>Marianne Haraldsvik<\/strong>. Leder av utvalget. Forsker II ved Senter for \u00f8konomisk forskning. Trondheim.<\/li>\n<li><strong>Anne Lise Fimreite<\/strong>. Professor ved Institutt for administrasjon og organisasjonsvitenskap ved Universitetet i Bergen. Bergen.<\/li>\n<li><strong>Egil Kjerstad<\/strong>. Professor II ved Institutt for \u00f8konomi ved Universitetet i Bergen og forskningsleder ved Norce (Norwegian Research Centre AS). Kvinnherad.<\/li>\n<li><strong>Trond Erik Lunder.<\/strong> Seniorforsker i Telemarksforskning. B\u00f8 i Telemark.<\/li>\n<li><strong>Bj\u00f8rn-Atle Hansen<\/strong>. R\u00e5dmann i Alta kommune. Hansen startet som r\u00e5dmann i Alta kommune i 2005, og har tidligere v\u00e6rt r\u00e5dmann i Nordkapp kommune i 5 \u00e5r. Har innehatt forskjellige lederverv innen KS og annen kommunal virksomhet.<\/li>\n<li><strong>Terje Fjellvang<\/strong>. \u00d8konomidirekt\u00f8r i Kristiansand kommune. Kristiansand.<\/li>\n<li><strong>Randi Dyrnes<\/strong>. Kommunedirekt\u00f8r i Sunndal kommune. Sm\u00f8la. Utdannet sivil\u00f8konom, og jobber som kommunedirekt\u00f8r i Sunndal kommune siden 2016. Har tidligere hatt lederstillinger i M\u00f8re og Romsdal fylkeskommune, Gilde\/Nortura, Istad Kraft og Felleskj\u00f8pet. Gjennomf\u00f8rt Solstrandprogrammet for ledere.<\/li>\n<li><strong>Sigmund Engdal<\/strong>. Spesialr\u00e5dgiver i kommune\u00f8konomi i KS. Kongsvinger. Engdal er utdannet sivil\u00f8konom og jobber som spesialr\u00e5dgiver i avdeling for kommune\u00f8konomi i KS. Han har tidligere jobbet som \u00f8konomisjef\/budsjettsjef i kommuner, og har ogs\u00e5 v\u00e6rt en lengre periode p\u00e5 Svalbard som f\u00f8rste administrasjonssjef i Longyearbyen lokalstyre.<\/li>\n<li><strong>Knut Moum<\/strong>. Pensjonist, tidligere ekspedisjonssjef i Finansdepartementet. Oslo.<\/li>\n<li><strong>Grete Lilleschulstad<\/strong>. Underdirekt\u00f8r i Kommunal- og moderniseringsdepartementet. Oslo.<\/li>\n<\/ul>\n<\/div>","protected":false},"excerpt":{"rendered":"<p>Marianne Haraldsvik. Leder av utvalget. Forsker II ved Senter for \u00f8konomisk forskning. Trondheim. Anne Lise Fimreite. Professor ved Institutt for &#8230;<\/p>\n","protected":false},"author":857,"featured_media":0,"parent":0,"menu_order":0,"comment_status":"closed","ping_status":"closed","template":"","meta":{"_acf_changed":false,"footnotes":""},"class_list":["post-57","page","type-page","status-publish","hentry"],"language":"nb-NO","acf":[],"_links":{"self":[{"href":"https:\/\/teststeder.regjeringen.no\/inntektssystemutvalget\/wp-json\/wp\/v2\/pages\/57","targetHints":{"allow":["GET"]}}],"collection":[{"href":"https:\/\/teststeder.regjeringen.no\/inntektssystemutvalget\/wp-json\/wp\/v2\/pages"}],"about":[{"href":"https:\/\/teststeder.regjeringen.no\/inntektssystemutvalget\/wp-json\/wp\/v2\/types\/page"}],"author":[{"embeddable":true,"href":"https:\/\/teststeder.regjeringen.no\/inntektssystemutvalget\/wp-json\/wp\/v2\/users\/857"}],"replies":[{"embeddable":true,"href":"https:\/\/teststeder.regjeringen.no\/inntektssystemutvalget\/wp-json\/wp\/v2\/comments?post=57"}],"version-history":[{"count":4,"href":"https:\/\/teststeder.regjeringen.no\/inntektssystemutvalget\/wp-json\/wp\/v2\/pages\/57\/revisions"}],"predecessor-version":[{"id":296,"href":"https:\/\/teststeder.regjeringen.no\/inntektssystemutvalget\/wp-json\/wp\/v2\/pages\/57\/revisions\/296"}],"wp:attachment":[{"href":"https:\/\/teststeder.regjeringen.no\/inntektssystemutvalget\/wp-json\/wp\/v2\/media?parent=57"}],"curies":[{"name":"wp","href":"https:\/\/api.w.org\/{rel}","templated":true}]}}