{"id":10,"date":"2024-11-20T09:48:35","date_gmt":"2024-11-20T08:48:35","guid":{"rendered":"https:\/\/nettsteder.regjeringen.no\/isu\/?page_id=10"},"modified":"2024-12-01T11:04:57","modified_gmt":"2024-12-01T10:04:57","slug":"sekretariatet","status":"publish","type":"page","link":"https:\/\/teststeder.regjeringen.no\/isu\/sekretariatet\/","title":{"rendered":"Sekretariatet"},"content":{"rendered":"<ul class=\"wp-block-dss-people\">\n<li class=\"wp-block-dss-person\">\t<div class=\"dss-person-image\">\n\t\t<figure>\n\t\t\t<img loading=\"lazy\" decoding=\"async\" width=\"138\" height=\"184\" src=\"https:\/\/files.teststeder.regjeringen.no\/wpuploads01\/sites\/585\/2024\/12\/Sandro.png\" class=\"attachment-250x250 size-250x250\" alt=\"\" \/>\t\t<\/figure>\n\t<\/div>\n\t<div class=\"dss-person-content\">\n\t\t<h3 class=\"dss-person-name\">Sandro Moe Melgalvis <\/h3><p class=\"dss-person-position\">Leder av sekretariatet\/Fagdirekt\u00f8r i Helse- og omsorgsdepartementet<\/p>\t<\/div>\n\t<\/li>\n\n<li class=\"wp-block-dss-person\">\t<div class=\"dss-person-image\">\n\t\t<figure>\n\t\t\t<img loading=\"lazy\" decoding=\"async\" width=\"187\" height=\"250\" src=\"https:\/\/files.teststeder.regjeringen.no\/wpuploads01\/sites\/585\/2024\/12\/Benedicte.jpg\" class=\"attachment-250x250 size-250x250\" alt=\"\" srcset=\"https:\/\/files.teststeder.regjeringen.no\/wpuploads01\/sites\/585\/2024\/12\/Benedicte.jpg 368w, https:\/\/files.teststeder.regjeringen.no\/wpuploads01\/sites\/585\/2024\/12\/Benedicte-225x300.jpg 225w\" sizes=\"auto, (max-width: 187px) 100vw, 187px\" \/>\t\t<\/figure>\n\t<\/div>\n\t<div class=\"dss-person-content\">\n\t\t<h3 class=\"dss-person-name\">Benedicte Akre <\/h3><p class=\"dss-person-position\">Sekretariatsmedlem\/Utredningsleder i Kommunal- og distriktsdepartementet<\/p>\t<\/div>\n\t<\/li>\n\n<li class=\"wp-block-dss-person\">\t<div class=\"dss-person-image\">\n\t\t<figure>\n\t\t\t<img loading=\"lazy\" decoding=\"async\" width=\"166\" height=\"250\" src=\"https:\/\/files.teststeder.regjeringen.no\/wpuploads01\/sites\/585\/2024\/12\/Per-Gunnar-Disch.png\" class=\"attachment-250x250 size-250x250\" alt=\"\" srcset=\"https:\/\/files.teststeder.regjeringen.no\/wpuploads01\/sites\/585\/2024\/12\/Per-Gunnar-Disch.png 395w, https:\/\/files.teststeder.regjeringen.no\/wpuploads01\/sites\/585\/2024\/12\/Per-Gunnar-Disch-199x300.png 199w\" sizes=\"auto, (max-width: 166px) 100vw, 166px\" \/>\t\t<\/figure>\n\t<\/div>\n\t<div class=\"dss-person-content\">\n\t\t<h3 class=\"dss-person-name\">Per Gunnar Disch<\/h3><p class=\"dss-person-position\">Sekretariatsmedlem\/F\u00f8rstelektor ved Universitetet i S\u00f8r\u00f8st-Norge, Institutt for helsevitenskap, Senter for omsorgsforskning s\u00f8r<\/p>\t<\/div>\n\t<\/li>\n\n<li class=\"wp-block-dss-person\">\t<div class=\"dss-person-image\">\n\t\t<figure>\n\t\t\t<img loading=\"lazy\" decoding=\"async\" width=\"120\" height=\"160\" src=\"https:\/\/files.teststeder.regjeringen.no\/wpuploads01\/sites\/585\/2024\/12\/AnneC.png\" class=\"attachment-250x250 size-250x250\" alt=\"\" \/>\t\t<\/figure>\n\t<\/div>\n\t<div class=\"dss-person-content\">\n\t\t<h3 class=\"dss-person-name\">Anne Cathrine Haug J\u00f8rgensen <\/h3><p class=\"dss-person-position\">Sekretariatsmedlem\/Spesialr\u00e5dgiver i Helse- og omsorgsdepartementet<\/p>\t<\/div>\n\t<\/li>\n<\/ul>","protected":false},"excerpt":{"rendered":"","protected":false},"author":2877,"featured_media":0,"parent":0,"menu_order":0,"comment_status":"closed","ping_status":"closed","template":"","meta":{"dss_simple_post_excerpt":"","dss_show_featured_image":true,"footnotes":""},"class_list":["post-10","page","type-page","status-publish","hentry"],"language":"nb-NO","_links":{"self":[{"href":"https:\/\/teststeder.regjeringen.no\/isu\/wp-json\/wp\/v2\/pages\/10","targetHints":{"allow":["GET"]}}],"collection":[{"href":"https:\/\/teststeder.regjeringen.no\/isu\/wp-json\/wp\/v2\/pages"}],"about":[{"href":"https:\/\/teststeder.regjeringen.no\/isu\/wp-json\/wp\/v2\/types\/page"}],"author":[{"embeddable":true,"href":"https:\/\/teststeder.regjeringen.no\/isu\/wp-json\/wp\/v2\/users\/2877"}],"replies":[{"embeddable":true,"href":"https:\/\/teststeder.regjeringen.no\/isu\/wp-json\/wp\/v2\/comments?post=10"}],"version-history":[{"count":3,"href":"https:\/\/teststeder.regjeringen.no\/isu\/wp-json\/wp\/v2\/pages\/10\/revisions"}],"predecessor-version":[{"id":72,"href":"https:\/\/teststeder.regjeringen.no\/isu\/wp-json\/wp\/v2\/pages\/10\/revisions\/72"}],"wp:attachment":[{"href":"https:\/\/teststeder.regjeringen.no\/isu\/wp-json\/wp\/v2\/media?parent=10"}],"curies":[{"name":"wp","href":"https:\/\/api.w.org\/{rel}","templated":true}]}}