{"id":137,"date":"2025-04-09T10:08:52","date_gmt":"2025-04-09T08:08:52","guid":{"rendered":"https:\/\/nettsteder.regjeringen.no\/isu\/?page_id=137"},"modified":"2025-04-14T12:28:19","modified_gmt":"2025-04-14T10:28:19","slug":"pamelding","status":"publish","type":"page","link":"https:\/\/teststeder.regjeringen.no\/isu\/pamelding\/","title":{"rendered":"P\u00e5melding"},"content":{"rendered":"\n<h2 class=\"wp-block-heading\">P\u00e5melding til forskerseminar 27. juni<\/h2>\n\n\n\n<p>Sted: A64, Akersgata 64,0180 Oslo. Tid: 0900-1500. Program og p\u00e5meldingsskjema (under programmet):<\/p>\n\n\n\n<div class=\"wp-block-columns is-layout-flex wp-container-core-columns-is-layout-9d6595d7 wp-block-columns-is-layout-flex\">\n<div class=\"wp-block-column is-layout-flow wp-block-column-is-layout-flow\" style=\"flex-basis:100%\">\n<figure class=\"wp-block-table alignwide\"><table class=\"has-fixed-layout\"><tbody><tr><td><strong>Tid<\/strong><\/td><td><strong>Tema<\/strong><\/td><td><strong>Innleder<\/strong><\/td><\/tr><tr><td><sup>09.00-09.15<\/sup><\/td><td><sup>Innledning ved utvalgsleder<\/sup><\/td><td><sup>Kjell Erik \u00d8ie<\/sup><\/td><\/tr><tr><td><sup>09.15-10.00<\/sup><\/td><td><sup>Hva vet vi om effekter av samskaping i norske kommuner?<\/sup><\/td><td><sup>Ailin Aastved \u2013 Direkt\u00f8r\/seniorforsker (Telemarksforskning)<\/sup><\/td><\/tr><tr><td><sup>10.00-10.45<\/sup><\/td><td><sup>Hva vet vi om sivilsamfunnets bidrag til gode omsorgs-fellesskap i lokalsamfunn?&nbsp;<\/sup><\/td><td><sup>Nina Beate Andfossen &#8211; F\u00f8rsteamanuensis\u00a0(Senter for omsorgsforskning)<\/sup><\/td><\/tr><tr><td><sup>1045-1130<\/sup><\/td><td><sup>Regulatoriske hemmere og fremmere for samskaping<\/sup><\/td><td><sup>Rolf R\u00f8nning &#8211; Professor emeritus (Universitetet i Innlandet)<\/sup><\/td><\/tr><tr><td><sup>1130-1230<\/sup><\/td><td><sup>Lunsj<\/sup><\/td><td>&nbsp;<\/td><\/tr><tr><td><sup>12.30-13.15<\/sup><\/td><td><sup>&nbsp;Hva vet vi om effekter av tverrsektorielle tiltak for \u00e5 motvirke utenforskap?<\/sup><\/td><td><sup>Rebecca Radlick \u2013 Forsker II (Norce) &nbsp;<\/sup><\/td><\/tr><tr><td><sup>13.15-14.00<\/sup><\/td><td><sup>Hvordan f\u00e5 til et mer mangfoldig samskapingslag i arbeidet med utvikling av omsorgstjenester?<\/sup><\/td><td><sup>Marit Haldar \u2013 professor (OsloMet) &nbsp;<\/sup><\/td><\/tr><tr><td><sup>14.00-1445<\/sup><\/td><td><sup>Hvordan g\u00e5r det med hverdagsrehabiliteringen \u2013 egentlig?&nbsp;<\/sup><\/td><td><sup>Oddvar F\u00f8rland \u2013 professor (Senter for omsorgsforskning)<\/sup><\/td><\/tr><tr><td><sup>14.45-15.00<\/sup><\/td><td><sup>Oppsummering ved utvalgsleder<\/sup><\/td><td><sup>Kjell Erik \u00d8ie<\/sup><\/td><\/tr><\/tbody><\/table><\/figure>\n<\/div>\n<\/div>\n\n\n\n<p><strong>P\u00e5meldingsskjema<\/strong><\/p>\n\n\n<noscript class=\"ninja-forms-noscript-message\">\n\tMerk: JavaScript er p\u00e5krevd for dette innholdet.<\/noscript>\n<div id=\"nf-form-3-cont\" class=\"nf-form-cont\" aria-live=\"polite\" aria-labelledby=\"nf-form-title-3\" aria-describedby=\"nf-form-errors-3\" role=\"form\">\n\n    <div class=\"nf-loading-spinner\"><\/div>\n\n<\/div>\n        <!-- That data is being printed as a workaround to page builders reordering the order of the scripts loaded-->\n        <script>var formDisplay=1;var nfForms=nfForms||[];var form=[];form.id='3';form.settings={\"objectType\":\"Form Setting\",\"editActive\":true,\"title\":\"P\\u00e5melding\",\"created_at\":\"2018-10-03 08:57:52\",\"form_title\":\"Innspill\",\"default_label_pos\":\"above\",\"show_title\":\"0\",\"clear_complete\":\"1\",\"hide_complete\":\"1\",\"logged_in\":\"0\",\"wrapper_class\":\"\",\"element_class\":\"\",\"key\":\"\",\"add_submit\":\"1\",\"currency\":\"\",\"unique_field_error\":\"A form with this value has already been submitted.\",\"not_logged_in_msg\":\"\",\"sub_limit_msg\":\"The form has reached its submission limit.\",\"calculations\":[],\"formContentData\":[\"ditt_navn_1538562773713\",\"organisasjon_1744185359172\",\"e-post_1538561034663\",\"allergier_eller_andre_hensyn_1744185394107\",\"html_1538558068674\",\"jeg_samtykker_i_at_nettstedet_lagrer_min_informasjon_1540202693487\",\"send_inn_1539118618046\"],\"drawerDisabled\":false,\"changeEmailErrorMsg\":\"Skriv inn en gyldig e-postadresse!\",\"changeDateErrorMsg\":\"Please enter a valid date!\",\"confirmFieldErrorMsg\":\"Disse feltene m\\u00e5 stemme overens!\",\"fieldNumberNumMinError\":\"Minimum antall feil\",\"fieldNumberNumMaxError\":\"Maks antall feil\",\"fieldNumberIncrementBy\":\"\\u00d8k trinnvis med \",\"formErrorsCorrectErrors\":\"Du m\\u00e5 fylle ut alle p\\u00e5krevde felt f\\u00f8r innsending\",\"validateRequiredField\":\"Du m\\u00e5 fylle ut feltet\",\"honeypotHoneypotError\":\"Honeypot-feilmelding\",\"fieldsMarkedRequired\":\"P\\u00e5krevde felter er merket med <span class=\\\"ninja-forms-req-symbol\\\">*<\\\/span>\",\"allow_public_link\":0,\"embed_form\":\"\",\"form_title_heading_level\":\"3\",\"objectDomain\":\"display\",\"ninjaForms\":\"Ninja Forms\",\"fieldTextareaRTEInsertLink\":\"Sett inn kobling\",\"fieldTextareaRTEInsertMedia\":\"Sett inn medie\",\"fieldTextareaRTESelectAFile\":\"Velg en fil\",\"formHoneypot\":\"Hvis du er et menneske som ser dette feltet, lar du det st\\u00e5 tomt.\",\"fileUploadOldCodeFileUploadInProgress\":\"Filopplasting p\\u00e5g\\u00e5r.\",\"fileUploadOldCodeFileUpload\":\"FILOPPLASTING\",\"currencySymbol\":false,\"thousands_sep\":\"\\u00a0\",\"decimal_point\":\",\",\"siteLocale\":\"nb_NO\",\"dateFormat\":\"m\\\/d\\\/Y\",\"startOfWeek\":\"1\",\"of\":\"av\",\"previousMonth\":\"Previous Month\",\"nextMonth\":\"Next Month\",\"months\":[\"January\",\"February\",\"March\",\"April\",\"May\",\"June\",\"July\",\"August\",\"September\",\"October\",\"November\",\"December\"],\"monthsShort\":[\"Jan\",\"Feb\",\"Mar\",\"Apr\",\"May\",\"Jun\",\"Jul\",\"Aug\",\"Sep\",\"Oct\",\"Nov\",\"Dec\"],\"weekdays\":[\"Sunday\",\"Monday\",\"Tuesday\",\"Wednesday\",\"Thursday\",\"Friday\",\"Saturday\"],\"weekdaysShort\":[\"Sun\",\"Mon\",\"Tue\",\"Wed\",\"Thu\",\"Fri\",\"Sat\"],\"weekdaysMin\":[\"Su\",\"Mo\",\"Tu\",\"We\",\"Th\",\"Fr\",\"Sa\"],\"recaptchaConsentMissing\":\"reCaptcha validation couldn&#039;t load.\",\"recaptchaMissingCookie\":\"reCaptcha v3 validation couldn&#039;t load the cookie needed to submit the form.\",\"recaptchaConsentEvent\":\"Accept reCaptcha cookies before sending the form.\",\"currency_symbol\":\"\",\"beforeForm\":\"\",\"beforeFields\":\"\",\"afterFields\":\"\",\"afterForm\":\"\"};form.fields=[{\"objectType\":\"Field\",\"objectDomain\":\"fields\",\"editActive\":false,\"order\":1,\"idAttribute\":\"id\",\"type\":\"firstname\",\"label\":\"Ditt navn\",\"key\":\"ditt_navn_1538562773713\",\"label_pos\":\"above\",\"required\":1,\"default\":\"\",\"placeholder\":\"\",\"container_class\":\"\",\"element_class\":\"\",\"admin_label\":\"\",\"help_text\":\"\",\"custom_name_attribute\":\"fname\",\"created_at\":\"2018-10-03 08:57:52\",\"personally_identifiable\":1,\"drawerDisabled\":\"\",\"value\":\"\",\"field_label\":\"Ditt navn\",\"field_key\":\"ditt_navn_1538562773713\",\"id\":12,\"beforeField\":\"\",\"afterField\":\"\",\"parentType\":\"firstname\",\"element_templates\":[\"firstname\",\"input\"],\"old_classname\":\"\",\"wrap_template\":\"wrap\"},{\"objectType\":\"Field\",\"objectDomain\":\"fields\",\"editActive\":false,\"order\":2,\"idAttribute\":\"id\",\"type\":\"textbox\",\"label\":\"Organisasjon\",\"key\":\"organisasjon_1744185359172\",\"label_pos\":\"above\",\"required\":1,\"default\":\"\",\"placeholder\":\"\",\"container_class\":\"\",\"element_class\":\"\",\"input_limit\":\"\",\"input_limit_type\":\"characters\",\"input_limit_msg\":\"Tegn igjen\",\"manual_key\":false,\"admin_label\":\"\",\"help_text\":\"\",\"mask\":\"\",\"custom_mask\":\"\",\"custom_name_attribute\":\"\",\"personally_identifiable\":\"\",\"value\":\"\",\"drawerDisabled\":false,\"id\":18,\"beforeField\":\"\",\"afterField\":\"\",\"parentType\":\"textbox\",\"element_templates\":[\"textbox\",\"input\"],\"old_classname\":\"\",\"wrap_template\":\"wrap\"},{\"objectType\":\"Field\",\"objectDomain\":\"fields\",\"editActive\":false,\"order\":3,\"idAttribute\":\"id\",\"type\":\"email\",\"label\":\"E-post\",\"key\":\"e-post_1538561034663\",\"label_pos\":\"above\",\"required\":1,\"default\":\"\",\"placeholder\":\"\",\"container_class\":\"\",\"element_class\":\"\",\"admin_label\":\"\",\"help_text\":\"\",\"custom_name_attribute\":\"email\",\"created_at\":\"2018-10-03 08:57:52\",\"personally_identifiable\":1,\"drawerDisabled\":\"\",\"value\":\"\",\"field_label\":\"E-post\",\"field_key\":\"e-post_1538561034663\",\"id\":13,\"beforeField\":\"\",\"afterField\":\"\",\"parentType\":\"email\",\"element_templates\":[\"email\",\"input\"],\"old_classname\":\"\",\"wrap_template\":\"wrap\"},{\"objectType\":\"Field\",\"objectDomain\":\"fields\",\"editActive\":false,\"order\":4,\"idAttribute\":\"id\",\"type\":\"textbox\",\"label\":\"Allergier eller andre hensyn\",\"key\":\"allergier_eller_andre_hensyn_1744185394107\",\"label_pos\":\"above\",\"required\":false,\"default\":\"\",\"placeholder\":\"\",\"container_class\":\"\",\"element_class\":\"\",\"input_limit\":\"\",\"input_limit_type\":\"characters\",\"input_limit_msg\":\"Tegn igjen\",\"manual_key\":false,\"admin_label\":\"\",\"help_text\":\"\",\"mask\":\"\",\"custom_mask\":\"\",\"custom_name_attribute\":\"\",\"personally_identifiable\":\"\",\"value\":\"\",\"drawerDisabled\":false,\"id\":19,\"beforeField\":\"\",\"afterField\":\"\",\"parentType\":\"textbox\",\"element_templates\":[\"textbox\",\"input\"],\"old_classname\":\"\",\"wrap_template\":\"wrap\"},{\"objectType\":\"Field\",\"objectDomain\":\"fields\",\"editActive\":false,\"order\":5,\"idAttribute\":\"id\",\"label\":\"HTML\",\"type\":\"html\",\"default\":\"<p>Skjemaet lagrer f\\u00f8lgende personopplysninger; navn og e-postadresse.<\\\/p>\\n<p>Form\\u00e5let med dette skjemaet er p\\u00e5melding. For mer informasjon om hvordan vi behandler og beskytter dine persondata, se ogs\\u00e5 v\\u00e5r <a href=\\\"https:\\\/\\\/nettsteder.regjeringen.no\\\/personvern\\\/\\\">personvernerkl\\u00e6ring<\\\/a>.<br><\\\/p>\\n  <p>For sp\\u00f8rsm\\u00e5l du m\\u00e5tte ha om v\\u00e5r behandling av dine personopplysninger kan du kontakte nettredakt\\u00f8ren.<\\\/p>\",\"container_class\":\"\",\"element_class\":\"\",\"key\":\"html_1538558068674\",\"drawerDisabled\":false,\"field_label\":\"HTML\",\"field_key\":\"html_1538558068674\",\"admin_label\":\"\",\"id\":15,\"beforeField\":\"\",\"afterField\":\"\",\"value\":\"<p>Skjemaet lagrer f\\u00f8lgende personopplysninger; navn og e-postadresse.<\\\/p>\\n<p>Form\\u00e5let med dette skjemaet er p\\u00e5melding. For mer informasjon om hvordan vi behandler og beskytter dine persondata, se ogs\\u00e5 v\\u00e5r <a href=\\\"https:\\\/\\\/nettsteder.regjeringen.no\\\/personvern\\\/\\\">personvernerkl\\u00e6ring<\\\/a>.<br><\\\/p>\\n  <p>For sp\\u00f8rsm\\u00e5l du m\\u00e5tte ha om v\\u00e5r behandling av dine personopplysninger kan du kontakte nettredakt\\u00f8ren.<\\\/p>\",\"label_pos\":\"above\",\"parentType\":\"html\",\"element_templates\":[\"html\",\"input\"],\"old_classname\":\"\",\"wrap_template\":\"wrap\"},{\"objectType\":\"Field\",\"objectDomain\":\"fields\",\"editActive\":false,\"order\":6,\"idAttribute\":\"id\",\"label\":\"Jeg samtykker i at nettstedet lagrer min informasjon.\",\"type\":\"checkbox\",\"key\":\"jeg_samtykker_i_at_nettstedet_lagrer_min_informasjon_1540202693487\",\"label_pos\":\"right\",\"required\":1,\"container_class\":\"\",\"element_class\":\"\",\"manual_key\":\"\",\"admin_label\":\"\",\"help_text\":\"\",\"default_value\":\"unchecked\",\"checked_value\":\"Checked\",\"unchecked_value\":\"Unchecked\",\"checked_calc_value\":\"\",\"unchecked_calc_value\":\"\",\"drawerDisabled\":\"\",\"field_label\":\"Jeg samtykker i at nettstedet lagrer min informasjon.\",\"field_key\":\"jeg_samtykker_i_at_nettstedet_lagrer_min_informasjon_1540202693487\",\"id\":16,\"beforeField\":\"\",\"afterField\":\"\",\"value\":\"\",\"parentType\":\"checkbox\",\"element_templates\":[\"checkbox\",\"input\"],\"old_classname\":\"\",\"wrap_template\":\"wrap\"},{\"objectType\":\"Field\",\"objectDomain\":\"fields\",\"editActive\":false,\"order\":7,\"idAttribute\":\"id\",\"type\":\"submit\",\"label\":\"Send inn\",\"processing_label\":\"Sender\",\"container_class\":\"\",\"element_class\":\"button\",\"key\":\"send_inn_1539118618046\",\"created_at\":\"2018-10-03 08:57:52\",\"drawerDisabled\":\"\",\"field_label\":\"Send inn\",\"field_key\":\"send_inn_1539118618046\",\"admin_label\":\"\",\"id\":17,\"beforeField\":\"\",\"afterField\":\"\",\"value\":\"\",\"label_pos\":\"above\",\"parentType\":\"textbox\",\"element_templates\":[\"submit\",\"button\",\"input\"],\"old_classname\":\"\",\"wrap_template\":\"wrap-no-label\"}];nfForms.push(form);<\/script>\n        \n\n\n<p>Frist for p\u00e5melding er 13. juni. Vi ber om at organisasjonene foretar en samlet vurdering av sin deltakelse, med en \u00f8vre begrensning p\u00e5 2 deltakere per organisasjon. For \u00e5 sikre faglig bredde og en god representasjon, vil sekretariatet gj\u00f8re et utvalg av deltakere dersom p\u00e5meldingen blir stor.<\/p>\n\n\n\n<p><\/p>\n","protected":false},"excerpt":{"rendered":"<p>P\u00e5melding til forskerseminar 27. juni Sted: A64, Akersgata 64,0180 Oslo. Tid: 0900-1500. Program og p\u00e5meldingsskjema (under programmet): Tid Tema Innleder 09.00-09.15 Innledning ved utvalgsleder Kjell Erik \u00d8ie 09.15-10.00 Hva vet vi om effekter av samskaping i norske kommuner? Ailin Aastved \u2013 Direkt\u00f8r\/seniorforsker (Telemarksforskning) 10.00-10.45 Hva vet vi om sivilsamfunnets bidrag til gode omsorgs-fellesskap i lokalsamfunn?&nbsp;\u2026<\/p>\n","protected":false},"author":3428,"featured_media":0,"parent":0,"menu_order":0,"comment_status":"closed","ping_status":"closed","template":"","meta":{"dss_simple_post_excerpt":"","dss_show_featured_image":true,"footnotes":""},"class_list":["post-137","page","type-page","status-publish","hentry"],"language":"nb-NO","_links":{"self":[{"href":"https:\/\/teststeder.regjeringen.no\/isu\/wp-json\/wp\/v2\/pages\/137","targetHints":{"allow":["GET"]}}],"collection":[{"href":"https:\/\/teststeder.regjeringen.no\/isu\/wp-json\/wp\/v2\/pages"}],"about":[{"href":"https:\/\/teststeder.regjeringen.no\/isu\/wp-json\/wp\/v2\/types\/page"}],"author":[{"embeddable":true,"href":"https:\/\/teststeder.regjeringen.no\/isu\/wp-json\/wp\/v2\/users\/3428"}],"replies":[{"embeddable":true,"href":"https:\/\/teststeder.regjeringen.no\/isu\/wp-json\/wp\/v2\/comments?post=137"}],"version-history":[{"count":3,"href":"https:\/\/teststeder.regjeringen.no\/isu\/wp-json\/wp\/v2\/pages\/137\/revisions"}],"predecessor-version":[{"id":180,"href":"https:\/\/teststeder.regjeringen.no\/isu\/wp-json\/wp\/v2\/pages\/137\/revisions\/180"}],"wp:attachment":[{"href":"https:\/\/teststeder.regjeringen.no\/isu\/wp-json\/wp\/v2\/media?parent=137"}],"curies":[{"name":"wp","href":"https:\/\/api.w.org\/{rel}","templated":true}]}}