{"id":5,"date":"2024-11-20T09:47:43","date_gmt":"2024-11-20T08:47:43","guid":{"rendered":"https:\/\/nettsteder.regjeringen.no\/isu\/?page_id=5"},"modified":"2025-04-09T15:18:23","modified_gmt":"2025-04-09T13:18:23","slug":"om-utvalget","status":"publish","type":"page","link":"https:\/\/teststeder.regjeringen.no\/isu\/","title":{"rendered":"Siste nytt"},"content":{"rendered":"\n<p>P\u00e5 denne nettsiden vil du kunne lese om utvalgets arbeid og gi innspill til utvalgets arbeid. Nettsiden oppdateres med relevant informasjon om utvalgets arbeid.<\/p>\n\n\n\n<h1 class=\"wp-block-heading\">Nyheter<\/h1>\n\n\n\n<h2 class=\"wp-block-heading\">Studietur til K\u00f8benhavn 24.-25. mars<\/h2>\n\n\n\n<figure class=\"wp-block-image size-large\"><img loading=\"lazy\" decoding=\"async\" width=\"1024\" height=\"576\" src=\"https:\/\/files.teststeder.regjeringen.no\/wpuploads01\/sites\/585\/2025\/04\/Koben-bilde-1024x576.jpg\" alt=\"\" class=\"wp-image-157\" srcset=\"https:\/\/files.teststeder.regjeringen.no\/wpuploads01\/sites\/585\/2025\/04\/Koben-bilde-1024x576.jpg 1024w, https:\/\/files.teststeder.regjeringen.no\/wpuploads01\/sites\/585\/2025\/04\/Koben-bilde-300x169.jpg 300w, https:\/\/files.teststeder.regjeringen.no\/wpuploads01\/sites\/585\/2025\/04\/Koben-bilde-768x432.jpg 768w, https:\/\/files.teststeder.regjeringen.no\/wpuploads01\/sites\/585\/2025\/04\/Koben-bilde-1200x675.jpg 1200w, https:\/\/files.teststeder.regjeringen.no\/wpuploads01\/sites\/585\/2025\/04\/Koben-bilde.jpg 1280w\" sizes=\"auto, (max-width: 1024px) 100vw, 1024px\" \/><\/figure>\n\n\n\n<p><sup>Bilde til venstre: utvalget samlet til middag. \u00d8verst til h\u00f8yre: \u00c6ldreminister Mette Kierkgaard\u00a0 og utvalgsleder Kjell Erik \u00d8ie. Nederst til h\u00f8yre: Ulf Hjelmar<\/sup><\/p>\n\n\n\n<p>I slutten av mars dro Innovasjons- og samskapingsutvalget p\u00e5 studietur til K\u00f8benhavn, for \u00e5 f\u00e5 innsikt i den danske eldrereformen og hvordan danske kommuner og myndigheter jobber med samskaping og innovasjon. F\u00f8lgende temaer sto p\u00e5 dagsorden:<\/p>\n\n\n\n<ul class=\"wp-block-list is-layout-flow wp-block-list-is-layout-flow\">\n<li>Virkninger af fris\u00e6ttelse p\u00e5 \u00e6ldreomr\u00e5det v\/utvalgsmedlem Ulf Hjelmar (VIVE) og Jacob Slot Schmidt, senior- og sundhedschef, Middelfart Kommune<\/li>\n\n\n\n<li>Selvstyrende teams i hjemmeplejen v\/Pia Kjellberg (VIVE)<\/li>\n\n\n\n<li>Kommunernes implementering af \u00e6ldrereformen v\/Hanne Agerbak (KL)<\/li>\n\n\n\n<li>Spredning af innovative l\u00f8sninger p\u00e5 \u00e6ldreomr\u00e5det og Innovationsbarometeret v\/\u00a0\u00a0 Lene Krogh Jeppesen (Center for Offentlig Privat Innovation)<\/li>\n\n\n\n<li>K\u00f8benhavns Kommunes arbejde med kvalitet og innovation i \u00e6ldreplejen v\/Nanna Skriver (K\u00f8benhavn kommune)<\/li>\n\n\n\n<li>\u00c6ldrereformen \u2013 form\u00e5l og implementering v\/Mette Kierkgaard, \u00e6ldreminister<\/li>\n\n\n\n<li>Nordiske forskelle i \u00e6ldreplejen med fokus p\u00e5 hverdagsrehabilitering og private leverand\u00f8rer v\/Tine Rostgaard (Roskilde Universitet)<\/li>\n<\/ul>\n\n\n\n<p>Studieturen var sv\u00e6rt nyttig, og utvalget fikk innsikt og erfaringer om blant annet frikommunefors\u00f8ket, eldrereformen og tillitsreformen. Erfaringene og l\u00e6rdommene fra Danmark vil komme godt med i utvalgets videre arbeid. En stor takk til Ulf Hjelmar for et innholdsrikt og interessant program.<\/p>\n\n\n\n<h2 class=\"wp-block-heading\"><strong>Tredje utvalgsm\u00f8te i Bergen (5. mars)<\/strong><\/h2>\n\n\n\n<figure class=\"wp-block-image size-large\"><img loading=\"lazy\" decoding=\"async\" width=\"1024\" height=\"576\" src=\"https:\/\/files.teststeder.regjeringen.no\/wpuploads01\/sites\/585\/2025\/03\/Bergen_samlet-1024x576.jpg\" alt=\"\" class=\"wp-image-120\" srcset=\"https:\/\/files.teststeder.regjeringen.no\/wpuploads01\/sites\/585\/2025\/03\/Bergen_samlet-1024x576.jpg 1024w, https:\/\/files.teststeder.regjeringen.no\/wpuploads01\/sites\/585\/2025\/03\/Bergen_samlet-300x169.jpg 300w, https:\/\/files.teststeder.regjeringen.no\/wpuploads01\/sites\/585\/2025\/03\/Bergen_samlet-768x432.jpg 768w, https:\/\/files.teststeder.regjeringen.no\/wpuploads01\/sites\/585\/2025\/03\/Bergen_samlet-1200x675.jpg 1200w, https:\/\/files.teststeder.regjeringen.no\/wpuploads01\/sites\/585\/2025\/03\/Bergen_samlet.jpg 1280w\" sizes=\"auto, (max-width: 1024px) 100vw, 1024px\" \/><\/figure>\n\n\n\n<p><sub><sup>Bilde: \u00d8verst til h\u00f8yre: Utvalget sammen med Bjart Nygaard, Barbro Siri Skadsem og Line I. Berge. \u00d8vrige bilder: Unn Birkeland og gruppearbeid fra utvalgsm\u00f8tet<\/sup><\/sub>.<\/p>\n\n\n\n<p>Den 5. mars avholdt Innovasjons- og samskapingsutvalget sitt tredje m\u00f8te i Bergen. I tillegg til interne dr\u00f8ftingssaker, fikk medlemmene en verdifull innf\u00f8ring i p\u00e5r\u00f8rendefeltet fra utvalgsmedlem Unn Birkeland og professor Reidar Pedersen ved Senter for medisinsk etikk.<\/p>\n\n\n\n<p>Utvalget ble ogs\u00e5 kjent med GC Rieber fondens arbeid med bolig og allmennyttig arbeid, presentert av styreleder Bjart Nygaard og beboer p\u00e5 Helgetun, Barbro Siri Skadsem. Professor og nestleder ved Center for Elderly and Nursing Home Medicine p\u00e5 UIB, Line I. Berge, ga et innblikk i relevant forskning om aldring og forskningsprosjektet Better Age.<\/p>\n\n\n\n<p>Utvalget er opptatt av \u00e5 v\u00e6re tett p\u00e5 praksis og oppfordrer alle som har erfaringer eller synspunkter til arbeidet om \u00e5 sende inn sine innspill via denne&nbsp;<a href=\"https:\/\/teststeder.regjeringen.no\/isu\/gi-innspill\/\">lenken<\/a>.<\/p>\n\n\n\n<h2 class=\"wp-block-heading\"><strong>Deltakelse p\u00e5 Frivillighetens Topplederforum 27. februar<\/strong><\/h2>\n\n\n\n<figure class=\"wp-block-image size-large\"><img loading=\"lazy\" decoding=\"async\" width=\"1024\" height=\"424\" src=\"https:\/\/files.teststeder.regjeringen.no\/wpuploads01\/sites\/585\/2025\/03\/Bilde-topplederforum2-1024x424.jpg\" alt=\"\" class=\"wp-image-115\" srcset=\"https:\/\/files.teststeder.regjeringen.no\/wpuploads01\/sites\/585\/2025\/03\/Bilde-topplederforum2-1024x424.jpg 1024w, https:\/\/files.teststeder.regjeringen.no\/wpuploads01\/sites\/585\/2025\/03\/Bilde-topplederforum2-300x124.jpg 300w, https:\/\/files.teststeder.regjeringen.no\/wpuploads01\/sites\/585\/2025\/03\/Bilde-topplederforum2-768x318.jpg 768w, https:\/\/files.teststeder.regjeringen.no\/wpuploads01\/sites\/585\/2025\/03\/Bilde-topplederforum2.jpg 1103w\" sizes=\"auto, (max-width: 1024px) 100vw, 1024px\" \/><\/figure>\n\n\n\n<p>Leder for Innovasjons- og samskapingsutvalget, Kjell Erik \u00d8ie, deltok nylig p\u00e5 Frivillighetens Topplederforum. Frivillighetens Topplederforum er&nbsp;en arena for faglig p\u00e5fyll, nettverking og diskusjoner, myntet p\u00e5 toppledelse i Frivillighet Norges medlemsorganisasjoner.<\/p>\n\n\n\n<p>Under forumet presenterte \u00d8ie utvalgets forel\u00f8pige arbeid og s\u00f8kte innspill fra frivillig og ideell sektor. Arrangementet inkluderte ogs\u00e5 en panelsamtale hvor \u00d8ie mottok sp\u00f8rsm\u00e5l og innspill fra deltakerne i salen. <\/p>\n\n\n\n<p>Deltakelse p\u00e5 Topplederforumet ga utvalget en rekke gode innspill og kommentarer \u2013 fra frivillig og ideell sektors behov og utfordringer, til behov for omstilling og samarbeid med det offentlige og n\u00e6ringsliv. \u00d8ie oppfordret alle til \u00e5 benytte anledningen til \u00e5 sende inn skriftlige innspill til utvalgets arbeid gjennom utvalgets hjemmeside: <a href=\"https:\/\/teststeder.regjeringen.no\/isu\/gi-innspill\/\">Gi innspill \u2013 Innovasjons- og samskapingsutvalget<\/a><\/p>\n\n\n\n<h2 class=\"wp-block-heading\">Andre utvalgsm\u00f8te i Drammen (15.-16. januar 2025)<\/h2>\n\n\n\n<p>Andre m\u00f8te i Innovasjons- og samskapingsutvalget ble gjennomf\u00f8rt 15. og 16. januar i Drammen. M\u00f8tet ble brukt til \u00e5 bygge felles forst\u00e5else for de viktigste flokene utvalget skal l\u00f8se og diskutere m\u00e5lbildet for utvalgets arbeid.<\/p>\n\n\n\n<p>Utvalget ble ogs\u00e5 kjent med Drammensmodellen som setter innbyggerne i sentrum og skaper sammenheng mellom stedsutvikling og de lokale tjenestene. Utvalget fikk ogs\u00e5 l\u00e6re om satsingen \u00abMed hjerte for Str\u00f8ms\u00f8\u00bb. M\u00e5let med Drammens arbeid er blant annet \u00e5 skape inkluderende og rettferdige beslutningsprosesser og bygge m\u00f8teplasser og demokratisk tillit gjennom st\u00f8rre innvirkning fra innbyggerne.<\/p>\n\n\n\n<p>Utvalget er opptatt av \u00e5 v\u00e6re tett p\u00e5 praksis og oppfordrer alle som har erfaringer eller synspunkter til arbeidet om \u00e5 sende inn sine innspill via denne&nbsp;<a href=\"https:\/\/teststeder.regjeringen.no\/isu\/gi-innspill\/\">lenken<\/a>.<\/p>\n\n\n\n<p>\u00d8nsker din organisasjon\/kommune \u00e5 arrangere et innspillseminar eller lignende? Ta kontakt med sekretariatet for eventuell n\u00e6rmere avtale. <\/p>\n\n\n\n<figure class=\"wp-block-image size-full is-resized\"><img loading=\"lazy\" decoding=\"async\" width=\"605\" height=\"403\" src=\"https:\/\/files.teststeder.regjeringen.no\/wpuploads01\/sites\/585\/2025\/01\/Drammen_drammensmodellen.jpg\" alt=\"\" class=\"wp-image-88\" style=\"aspect-ratio:1.501240694789082;width:670px;height:auto\" srcset=\"https:\/\/files.teststeder.regjeringen.no\/wpuploads01\/sites\/585\/2025\/01\/Drammen_drammensmodellen.jpg 605w, https:\/\/files.teststeder.regjeringen.no\/wpuploads01\/sites\/585\/2025\/01\/Drammen_drammensmodellen-300x200.jpg 300w\" sizes=\"auto, (max-width: 605px) 100vw, 605px\" \/><\/figure>\n\n\n\n<figure class=\"wp-block-image size-large\"><img loading=\"lazy\" decoding=\"async\" width=\"1024\" height=\"569\" src=\"https:\/\/files.teststeder.regjeringen.no\/wpuploads01\/sites\/585\/2025\/01\/Drammen_alle-1024x569.jpeg\" alt=\"\" class=\"wp-image-89\" srcset=\"https:\/\/files.teststeder.regjeringen.no\/wpuploads01\/sites\/585\/2025\/01\/Drammen_alle-1024x569.jpeg 1024w, https:\/\/files.teststeder.regjeringen.no\/wpuploads01\/sites\/585\/2025\/01\/Drammen_alle-300x167.jpeg 300w, https:\/\/files.teststeder.regjeringen.no\/wpuploads01\/sites\/585\/2025\/01\/Drammen_alle-768x427.jpeg 768w, https:\/\/files.teststeder.regjeringen.no\/wpuploads01\/sites\/585\/2025\/01\/Drammen_alle-1536x853.jpeg 1536w, https:\/\/files.teststeder.regjeringen.no\/wpuploads01\/sites\/585\/2025\/01\/Drammen_alle-2048x1138.jpeg 2048w\" sizes=\"auto, (max-width: 1024px) 100vw, 1024px\" \/><\/figure>\n\n\n\n<h2 class=\"wp-block-heading\">F\u00f8rste utvalgsm\u00f8te i Trondheim (2.-3. desember 2024)<\/h2>\n\n\n\n<figure class=\"wp-block-image size-full\"><img loading=\"lazy\" decoding=\"async\" width=\"753\" height=\"544\" src=\"https:\/\/files.teststeder.regjeringen.no\/wpuploads01\/sites\/585\/2024\/12\/forstemote.jpg\" alt=\"\" class=\"wp-image-78\" srcset=\"https:\/\/files.teststeder.regjeringen.no\/wpuploads01\/sites\/585\/2024\/12\/forstemote.jpg 753w, https:\/\/files.teststeder.regjeringen.no\/wpuploads01\/sites\/585\/2024\/12\/forstemote-300x217.jpg 300w\" sizes=\"auto, (max-width: 753px) 100vw, 753px\" \/><\/figure>\n\n\n\n<p>F\u00f8rste m\u00f8te i Innovasjons- og samskapingsutvalget ble gjennomf\u00f8rt 2.-3. desember i Trondheim. M\u00f8tet brukte utvalget til \u00e5 bli kjent med hverandres motivasjon, kompetanse og interesser for arbeidet, samt starte diskusjonen om form\u00e5l, mandat og arbeidsmetoder for det videre arbeidet.<\/p>\n\n\n\n<p>Utvalget er opptatt av \u00e5 v\u00e6re tett p\u00e5 praksis og oppfordrer alle som har erfaringer eller synspunkter til arbeidet om \u00e5 sende inn sine innspill via denne <a href=\"https:\/\/teststeder.regjeringen.no\/isu\/gi-innspill\/\">lenken<\/a>.<\/p>\n\n\n\n<p>\u00d8nsker din organisasjon \u00e5 arrangere et innspillseminar eller lignende? Ta kontakt med sekretariatet for eventuell n\u00e6rmere avtale. &nbsp;<\/p>\n\n\n\n<p>Fra venstre p\u00e5 bildet<\/p>\n\n\n\n<p>Foran: Ishita Barua, Kjell Erik \u00d8ie (leder), Unn Birkeland<\/p>\n\n\n\n<p>Rekke 2: Hanne Islund, Ingebj\u00f8rn Bleidvin, Azra Halilovic, Helene Harsvik Skeibrok<\/p>\n\n\n\n<p>Rekke 3: Eugen Guribye, Marit Lofnes Mellingen, John Helland<\/p>\n\n\n\n<p>Bak: Steinar Barstad, Fredrik Gulowsen, Ulf Hjelmar<\/p>\n","protected":false},"excerpt":{"rendered":"<p>P\u00e5 denne nettsiden vil du kunne lese om utvalgets arbeid og gi innspill til utvalgets arbeid. Nettsiden oppdateres med relevant informasjon om utvalgets arbeid. Nyheter Studietur til K\u00f8benhavn 24.-25. mars Bilde til venstre: utvalget samlet til middag. \u00d8verst til h\u00f8yre: \u00c6ldreminister Mette Kierkgaard\u00a0 og utvalgsleder Kjell Erik \u00d8ie. Nederst til h\u00f8yre: Ulf Hjelmar I slutten\u2026<\/p>\n","protected":false},"author":2877,"featured_media":0,"parent":0,"menu_order":0,"comment_status":"closed","ping_status":"closed","template":"","meta":{"dss_simple_post_excerpt":"","dss_show_featured_image":false,"footnotes":""},"class_list":["post-5","page","type-page","status-publish","hentry"],"language":"nb-NO","_links":{"self":[{"href":"https:\/\/teststeder.regjeringen.no\/isu\/wp-json\/wp\/v2\/pages\/5","targetHints":{"allow":["GET"]}}],"collection":[{"href":"https:\/\/teststeder.regjeringen.no\/isu\/wp-json\/wp\/v2\/pages"}],"about":[{"href":"https:\/\/teststeder.regjeringen.no\/isu\/wp-json\/wp\/v2\/types\/page"}],"author":[{"embeddable":true,"href":"https:\/\/teststeder.regjeringen.no\/isu\/wp-json\/wp\/v2\/users\/2877"}],"replies":[{"embeddable":true,"href":"https:\/\/teststeder.regjeringen.no\/isu\/wp-json\/wp\/v2\/comments?post=5"}],"version-history":[{"count":4,"href":"https:\/\/teststeder.regjeringen.no\/isu\/wp-json\/wp\/v2\/pages\/5\/revisions"}],"predecessor-version":[{"id":161,"href":"https:\/\/teststeder.regjeringen.no\/isu\/wp-json\/wp\/v2\/pages\/5\/revisions\/161"}],"wp:attachment":[{"href":"https:\/\/teststeder.regjeringen.no\/isu\/wp-json\/wp\/v2\/media?parent=5"}],"curies":[{"name":"wp","href":"https:\/\/api.w.org\/{rel}","templated":true}]}}