{"id":8,"date":"2024-11-20T09:51:00","date_gmt":"2024-11-20T08:51:00","guid":{"rendered":"https:\/\/nettsteder.regjeringen.no\/isu\/?page_id=8"},"modified":"2024-11-20T10:35:15","modified_gmt":"2024-11-20T09:35:15","slug":"gi-innspill","status":"publish","type":"page","link":"https:\/\/teststeder.regjeringen.no\/isu\/gi-innspill\/","title":{"rendered":"Gi innspill"},"content":{"rendered":"\n<p>P\u00e5 denne siden kan du sende inn innspill til Innovasjons- og samskapingsutvalget. Alle innspill som sendes til utvalget, kan bli publisert p\u00e5 utvalgets nettsider. Av personvernhensyn oppfordrer vi derfor alle som \u00f8nsker \u00e5 gi innspill til \u00e5 v\u00e6re varsomme med \u00e5 oppgi personopplysninger som kan bidra til \u00e5 identifisere enkeltpersoner.<\/p>\n\n\n\n<p>Vi vil g\u00e5 gjennom alle innspillene og ta dem til orientering, men utvalget og sekretariatet vil ikke ha kapasitet til \u00e5 besvare hver enkelt henvendelse. Vi oppfordrer til korte og poengterte innspill, og at innspillene som hovedregel ikke b\u00f8r overstige tre A4-sider.<\/p>\n\n\n\n<p>Utvalget takker for alle innspill.<\/p>\n\n\n\n<noscript class=\"ninja-forms-noscript-message\">\n\tMerk: JavaScript er p\u00e5krevd for dette innholdet.<\/noscript>\n<div id=\"nf-form-2-cont\" class=\"nf-form-cont\" aria-live=\"polite\" aria-labelledby=\"nf-form-title-2\" aria-describedby=\"nf-form-errors-2\" role=\"form\">\n\n    <div class=\"nf-loading-spinner\"><\/div>\n\n<\/div>\n        <!-- That data is being printed as a workaround to page builders reordering the order of the scripts loaded-->\n        <script>var formDisplay=1;var nfForms=nfForms||[];var form=[];form.id='2';form.settings={\"objectType\":\"Form Setting\",\"editActive\":\"1\",\"title\":\"Innspill med opplasting\",\"created_at\":\"2018-10-04 23:00:34\",\"form_title\":\"Innspill med opplasting\",\"default_label_pos\":\"above\",\"show_title\":\"0\",\"clear_complete\":\"1\",\"hide_complete\":\"1\",\"logged_in\":\"0\",\"wrapper_class\":\"\",\"element_class\":\"\",\"key\":\"\",\"add_submit\":\"1\",\"currency\":\"\",\"unique_field_error\":\"A form with this value has already been submitted.\",\"not_logged_in_msg\":\"\",\"sub_limit_msg\":\"The form has reached its submission limit.\",\"calculations\":[],\"formContentData\":[\"ditt_navn_1538562773713\",\"e-post_1538561034663\",\"innspill_1538562879780\",\"last_opp_fil_1538694225262\",\"html_1538558068674\",\"jeg_samtykker_i_at_nettstedet_lagrer_min_informasjon_1540203410859\",\"send_inn_1732092607869\"],\"drawerDisabled\":\"\",\"changeEmailErrorMsg\":\"Skriv inn en gyldig e-postadresse!\",\"changeDateErrorMsg\":\"Please enter a valid date!\",\"confirmFieldErrorMsg\":\"Disse feltene m\\u00e5 stemme overens!\",\"fieldNumberNumMinError\":\"Minimum antall feil\",\"fieldNumberNumMaxError\":\"Maks antall feil\",\"fieldNumberIncrementBy\":\"\\u00d8k trinnvis med \",\"formErrorsCorrectErrors\":\"Du m\\u00e5 fylle ut alle p\\u00e5krevde felt f\\u00f8r innsending\",\"validateRequiredField\":\"Du m\\u00e5 fylle ut feltet\",\"honeypotHoneypotError\":\"Honeypot-feilmelding\",\"fieldsMarkedRequired\":\"P\\u00e5krevde felter er merket med <span class=\\\"ninja-forms-req-symbol\\\">*<\\\/span>\",\"allow_public_link\":0,\"embed_form\":\"\",\"form_title_heading_level\":\"3\",\"ninjaForms\":\"Ninja Forms\",\"fieldTextareaRTEInsertLink\":\"Sett inn kobling\",\"fieldTextareaRTEInsertMedia\":\"Sett inn medie\",\"fieldTextareaRTESelectAFile\":\"Velg en fil\",\"formHoneypot\":\"Hvis du er et menneske som ser dette feltet, lar du det st\\u00e5 tomt.\",\"fileUploadOldCodeFileUploadInProgress\":\"Filopplasting p\\u00e5g\\u00e5r.\",\"fileUploadOldCodeFileUpload\":\"FILOPPLASTING\",\"currencySymbol\":false,\"thousands_sep\":\"\\u00a0\",\"decimal_point\":\",\",\"siteLocale\":\"nb_NO\",\"dateFormat\":\"m\\\/d\\\/Y\",\"startOfWeek\":\"1\",\"of\":\"av\",\"previousMonth\":\"Previous Month\",\"nextMonth\":\"Next Month\",\"months\":[\"January\",\"February\",\"March\",\"April\",\"May\",\"June\",\"July\",\"August\",\"September\",\"October\",\"November\",\"December\"],\"monthsShort\":[\"Jan\",\"Feb\",\"Mar\",\"Apr\",\"May\",\"Jun\",\"Jul\",\"Aug\",\"Sep\",\"Oct\",\"Nov\",\"Dec\"],\"weekdays\":[\"Sunday\",\"Monday\",\"Tuesday\",\"Wednesday\",\"Thursday\",\"Friday\",\"Saturday\"],\"weekdaysShort\":[\"Sun\",\"Mon\",\"Tue\",\"Wed\",\"Thu\",\"Fri\",\"Sat\"],\"weekdaysMin\":[\"Su\",\"Mo\",\"Tu\",\"We\",\"Th\",\"Fr\",\"Sa\"],\"recaptchaConsentMissing\":\"reCaptcha validation couldn&#039;t load.\",\"recaptchaMissingCookie\":\"reCaptcha v3 validation couldn&#039;t load the cookie needed to submit the form.\",\"recaptchaConsentEvent\":\"Accept reCaptcha cookies before sending the form.\",\"currency_symbol\":\"\",\"beforeForm\":\"\",\"beforeFields\":\"\",\"afterFields\":\"\",\"afterForm\":\"\"};form.fields=[{\"objectType\":\"Field\",\"objectDomain\":\"fields\",\"editActive\":false,\"order\":1,\"idAttribute\":\"id\",\"type\":\"firstname\",\"label\":\"Ditt navn\",\"key\":\"ditt_navn_1538562773713\",\"label_pos\":\"above\",\"required\":1,\"default\":\"\",\"placeholder\":\"\",\"container_class\":\"\",\"element_class\":\"\",\"admin_label\":\"\",\"help_text\":\"\",\"custom_name_attribute\":\"fname\",\"created_at\":\"2018-10-04 23:00:34\",\"personally_identifiable\":1,\"drawerDisabled\":false,\"value\":\"\",\"field_label\":\"Ditt navn\",\"field_key\":\"ditt_navn_1538562773713\",\"id\":5,\"beforeField\":\"\",\"afterField\":\"\",\"parentType\":\"firstname\",\"element_templates\":[\"firstname\",\"input\"],\"old_classname\":\"\",\"wrap_template\":\"wrap\"},{\"objectType\":\"Field\",\"objectDomain\":\"fields\",\"editActive\":false,\"order\":2,\"idAttribute\":\"id\",\"type\":\"email\",\"label\":\"E-post\",\"key\":\"e-post_1538561034663\",\"label_pos\":\"above\",\"required\":1,\"default\":\"\",\"placeholder\":\"\",\"container_class\":\"\",\"element_class\":\"\",\"admin_label\":\"\",\"help_text\":\"\",\"custom_name_attribute\":\"email\",\"created_at\":\"2018-10-04 23:00:34\",\"personally_identifiable\":1,\"drawerDisabled\":\"\",\"value\":\"\",\"field_label\":\"E-post\",\"field_key\":\"e-post_1538561034663\",\"id\":6,\"beforeField\":\"\",\"afterField\":\"\",\"parentType\":\"email\",\"element_templates\":[\"email\",\"input\"],\"old_classname\":\"\",\"wrap_template\":\"wrap\"},{\"objectType\":\"Field\",\"objectDomain\":\"fields\",\"editActive\":false,\"order\":4,\"idAttribute\":\"id\",\"type\":\"textarea\",\"label\":\"Innspill\",\"key\":\"innspill_1538562879780\",\"label_pos\":\"above\",\"required\":1,\"default\":\"\",\"placeholder\":\"\",\"container_class\":\"\",\"element_class\":\"\",\"input_limit\":\"\",\"input_limit_type\":\"characters\",\"input_limit_msg\":\"Character(s) left\",\"manual_key\":\"\",\"admin_label\":\"\",\"help_text\":\"\",\"textarea_rte\":\"\",\"disable_rte_mobile\":\"\",\"textarea_media\":\"\",\"drawerDisabled\":\"\",\"created_at\":\"2018-10-04 23:00:34\",\"value\":\"\",\"field_label\":\"Innspill\",\"field_key\":\"innspill_1538562879780\",\"id\":7,\"beforeField\":\"\",\"afterField\":\"\",\"parentType\":\"textarea\",\"element_templates\":[\"textarea\",\"input\"],\"old_classname\":\"\",\"wrap_template\":\"wrap\"},{\"objectType\":\"Field\",\"objectDomain\":\"fields\",\"editActive\":false,\"order\":5,\"idAttribute\":\"id\",\"label\":\"Last opp fil\",\"type\":\"file_upload\",\"key\":\"last_opp_fil_1538694225262\",\"label_pos\":\"above\",\"required\":\"\",\"container_class\":\"\",\"element_class\":\"button\",\"manual_key\":\"\",\"help_text\":\"\",\"save_to_server\":1,\"upload_rename\":\"\",\"media_library\":1,\"upload_multi_count\":1,\"max_file_size\":0,\"upload_types\":\".pdf,.png,.jpg,.jpeg\",\"select_files_text\":\"Velg fil\",\"drawerDisabled\":\"\",\"field_label\":\"Last opp fil\",\"field_key\":\"last_opp_fil_1538694225262\",\"min_file_size\":0,\"cancel_upload_text\":\"Cancel\",\"id\":8,\"beforeField\":\"\",\"afterField\":\"\",\"value\":\"\",\"parentType\":\"textbox\",\"element_templates\":[\"file_upload\",\"input\"],\"old_classname\":\"\",\"wrap_template\":\"wrap\",\"max_chunk_size\":2076180480,\"max_file_size_mb\":\"\",\"min_file_size_mb\":0,\"uploadNonce\":\"c7f43acec5\",\"uploadNonceExpiry\":1775431262},{\"objectType\":\"Field\",\"objectDomain\":\"fields\",\"editActive\":false,\"order\":6,\"idAttribute\":\"id\",\"label\":\"HTML\",\"type\":\"html\",\"default\":\"<p>Skjemaet lagrer f\\u00f8lgende personopplysninger; navn og e-postadresse.<\\\/p><p>Form\\u00e5let med dette skjemaet er \\u00e5 f\\u00e5 innspill. For mer informasjon om hvordan vi behandler og beskytter dine persondata, se ogs\\u00e5 v\\u00e5r <a href=\\\"https:\\\/\\\/nettsteder.regjeringen.no\\\/personvern\\\/\\\">personvernerkl\\u00e6ring<\\\/a>.<br><\\\/p>  <p>For sp\\u00f8rsm\\u00e5l du m\\u00e5tte ha om v\\u00e5r behandling av dine personopplysninger kan du kontakte nettredakt\\u00f8ren.<\\\/p>\",\"container_class\":\"\",\"element_class\":\"\",\"key\":\"html_1538558068674\",\"drawerDisabled\":\"\",\"created_at\":\"2018-10-04 23:00:34\",\"field_label\":\"HTML\",\"field_key\":\"html_1538558068674\",\"admin_label\":\"\",\"id\":9,\"beforeField\":\"\",\"afterField\":\"\",\"value\":\"<p>Skjemaet lagrer f\\u00f8lgende personopplysninger; navn og e-postadresse.<\\\/p><p>Form\\u00e5let med dette skjemaet er \\u00e5 f\\u00e5 innspill. For mer informasjon om hvordan vi behandler og beskytter dine persondata, se ogs\\u00e5 v\\u00e5r <a href=\\\"https:\\\/\\\/nettsteder.regjeringen.no\\\/personvern\\\/\\\">personvernerkl\\u00e6ring<\\\/a>.<br><\\\/p>  <p>For sp\\u00f8rsm\\u00e5l du m\\u00e5tte ha om v\\u00e5r behandling av dine personopplysninger kan du kontakte nettredakt\\u00f8ren.<\\\/p>\",\"label_pos\":\"above\",\"parentType\":\"html\",\"element_templates\":[\"html\",\"input\"],\"old_classname\":\"\",\"wrap_template\":\"wrap\"},{\"objectType\":\"Field\",\"objectDomain\":\"fields\",\"editActive\":false,\"order\":7,\"idAttribute\":\"id\",\"label\":\"Jeg samtykker i at nettstedet lagrer min informasjon.\",\"type\":\"checkbox\",\"key\":\"jeg_samtykker_i_at_nettstedet_lagrer_min_informasjon_1540203410859\",\"label_pos\":\"right\",\"required\":1,\"container_class\":\"\",\"element_class\":\"\",\"manual_key\":\"\",\"admin_label\":\"\",\"help_text\":\"\",\"default_value\":\"unchecked\",\"checked_value\":\"Checked\",\"unchecked_value\":\"Unchecked\",\"checked_calc_value\":\"\",\"unchecked_calc_value\":\"\",\"drawerDisabled\":\"\",\"default\":\"unchecked\",\"created_at\":\"2018-10-04 23:00:34\",\"value\":\"unchecked\",\"field_label\":\"Jeg samtykker i at nettstedet lagrer min informasjon.\",\"field_key\":\"jeg_samtykker_i_at_nettstedet_lagrer_min_informasjon_1540203410859\",\"id\":10,\"beforeField\":\"\",\"afterField\":\"\",\"parentType\":\"checkbox\",\"element_templates\":[\"checkbox\",\"input\"],\"old_classname\":\"\",\"wrap_template\":\"wrap\"},{\"objectType\":\"Field\",\"objectDomain\":\"fields\",\"editActive\":false,\"order\":8,\"idAttribute\":\"id\",\"type\":\"submit\",\"label\":\"Send inn\",\"processing_label\":\"Processing\",\"container_class\":\"\",\"element_class\":\"button\",\"key\":\"send_inn_1732092607869\",\"created_at\":\"2018-10-04 23:00:34\",\"drawerDisabled\":false,\"field_label\":\"Submit\",\"field_key\":\"submit_1523909373360\",\"admin_label\":\"\",\"id\":11,\"beforeField\":\"\",\"afterField\":\"\",\"value\":\"\",\"label_pos\":\"above\",\"parentType\":\"textbox\",\"element_templates\":[\"submit\",\"button\",\"input\"],\"old_classname\":\"\",\"wrap_template\":\"wrap-no-label\"}];nfForms.push(form);<\/script>\n        \n","protected":false},"excerpt":{"rendered":"<p>P\u00e5 denne siden kan du sende inn innspill til Innovasjons- og samskapingsutvalget. Alle innspill som sendes til utvalget, kan bli publisert p\u00e5 utvalgets nettsider. Av personvernhensyn oppfordrer vi derfor alle som \u00f8nsker \u00e5 gi innspill til \u00e5 v\u00e6re varsomme med \u00e5 oppgi personopplysninger som kan bidra til \u00e5 identifisere enkeltpersoner. Vi vil g\u00e5 gjennom alle\u2026<\/p>\n","protected":false},"author":2877,"featured_media":0,"parent":0,"menu_order":0,"comment_status":"closed","ping_status":"closed","template":"","meta":{"dss_simple_post_excerpt":"","dss_show_featured_image":true,"footnotes":""},"class_list":["post-8","page","type-page","status-publish","hentry"],"language":"nb-NO","_links":{"self":[{"href":"https:\/\/teststeder.regjeringen.no\/isu\/wp-json\/wp\/v2\/pages\/8","targetHints":{"allow":["GET"]}}],"collection":[{"href":"https:\/\/teststeder.regjeringen.no\/isu\/wp-json\/wp\/v2\/pages"}],"about":[{"href":"https:\/\/teststeder.regjeringen.no\/isu\/wp-json\/wp\/v2\/types\/page"}],"author":[{"embeddable":true,"href":"https:\/\/teststeder.regjeringen.no\/isu\/wp-json\/wp\/v2\/users\/2877"}],"replies":[{"embeddable":true,"href":"https:\/\/teststeder.regjeringen.no\/isu\/wp-json\/wp\/v2\/comments?post=8"}],"version-history":[{"count":3,"href":"https:\/\/teststeder.regjeringen.no\/isu\/wp-json\/wp\/v2\/pages\/8\/revisions"}],"predecessor-version":[{"id":33,"href":"https:\/\/teststeder.regjeringen.no\/isu\/wp-json\/wp\/v2\/pages\/8\/revisions\/33"}],"wp:attachment":[{"href":"https:\/\/teststeder.regjeringen.no\/isu\/wp-json\/wp\/v2\/media?parent=8"}],"curies":[{"name":"wp","href":"https:\/\/api.w.org\/{rel}","templated":true}]}}