{"id":9,"date":"2024-11-20T09:48:22","date_gmt":"2024-11-20T08:48:22","guid":{"rendered":"https:\/\/nettsteder.regjeringen.no\/isu\/?page_id=9"},"modified":"2024-12-03T15:04:42","modified_gmt":"2024-12-03T14:04:42","slug":"medlemmer","status":"publish","type":"page","link":"https:\/\/teststeder.regjeringen.no\/isu\/medlemmer\/","title":{"rendered":"Medlemmer"},"content":{"rendered":"\n<p>Innovasjons- og samskapingsutvalget har 13 medlemmer og ledes av Kjell Erik Ullman \u00d8ie.<\/p>\n\n\n<ul class=\"wp-block-dss-people\">\n<li class=\"wp-block-dss-person\">\t<div class=\"dss-person-image\">\n\t\t<figure>\n\t\t\t<img loading=\"lazy\" decoding=\"async\" width=\"250\" height=\"238\" src=\"https:\/\/files.teststeder.regjeringen.no\/wpuploads01\/sites\/585\/2024\/12\/Kjell-Erik.jpg\" class=\"attachment-250x250 size-250x250\" alt=\"\" srcset=\"https:\/\/files.teststeder.regjeringen.no\/wpuploads01\/sites\/585\/2024\/12\/Kjell-Erik.jpg 563w, https:\/\/files.teststeder.regjeringen.no\/wpuploads01\/sites\/585\/2024\/12\/Kjell-Erik-300x286.jpg 300w\" sizes=\"auto, (max-width: 250px) 100vw, 250px\" \/>\t\t<\/figure>\n\t<\/div>\n\t<div class=\"dss-person-content\">\n\t\t<h3 class=\"dss-person-name\">Kjell Erik Ullman \u00d8ie<\/h3><p class=\"dss-person-position\">Utvalgsleder<\/p><p class=\"dss-person-content\">Utdannet sykepleier. Seniorr\u00e5dgiver i Kirkens bymisjon. Lang ledererfaring fra ideell sektor og politikken. Har v\u00e6rt statssekret\u00e6r i henholdsvis Barne- og familie-departementet og Helse- og omsorgsdepartementet. Har v\u00e6rt styreleder i Det Norske Forbundet av 1948, Milj\u00f8merket Svanen, Home Start Norge og Frivillighet Norge. Var utvalgsleder for Barnehagelovutvalget (NOU 2012: 1). (Bilde: Privat)<\/p>\t<\/div>\n\t<\/li>\n\n<li class=\"wp-block-dss-person\">\t<div class=\"dss-person-image\">\n\t\t<figure>\n\t\t\t<img loading=\"lazy\" decoding=\"async\" width=\"221\" height=\"250\" src=\"https:\/\/files.teststeder.regjeringen.no\/wpuploads01\/sites\/585\/2024\/12\/Steinar.jpg\" class=\"attachment-250x250 size-250x250\" alt=\"\" srcset=\"https:\/\/files.teststeder.regjeringen.no\/wpuploads01\/sites\/585\/2024\/12\/Steinar.jpg 524w, https:\/\/files.teststeder.regjeringen.no\/wpuploads01\/sites\/585\/2024\/12\/Steinar-265x300.jpg 265w\" sizes=\"auto, (max-width: 221px) 100vw, 221px\" \/>\t\t<\/figure>\n\t<\/div>\n\t<div class=\"dss-person-content\">\n\t\t<h3 class=\"dss-person-name\">Steinar Barstad<\/h3><p class=\"dss-person-position\">Utvalgsmedlem<\/p><p class=\"dss-person-content\">Sosialarbeider og planlegger. Nesten 20 \u00e5r som helse- og sosialsjef i kommunene Seljord og S\u00f8ndre Land, og vel 20 \u00e5r som prosjektleder\/fagdirekt\u00f8r i Helse- og omsorgsdepartementet. Som pensjonist knyttet til Senter for omsorgsforskning og med oppdrag for Pensjonistforbundet. (Bilde: Privat)<\/p>\t<\/div>\n\t<\/li>\n\n<li class=\"wp-block-dss-person\">\t<div class=\"dss-person-image\">\n\t\t<figure>\n\t\t\t<img loading=\"lazy\" decoding=\"async\" width=\"245\" height=\"250\" src=\"https:\/\/files.teststeder.regjeringen.no\/wpuploads01\/sites\/585\/2024\/12\/Ishita.jpg\" class=\"attachment-250x250 size-250x250\" alt=\"\" srcset=\"https:\/\/files.teststeder.regjeringen.no\/wpuploads01\/sites\/585\/2024\/12\/Ishita.jpg 522w, https:\/\/files.teststeder.regjeringen.no\/wpuploads01\/sites\/585\/2024\/12\/Ishita-294x300.jpg 294w\" sizes=\"auto, (max-width: 245px) 100vw, 245px\" \/>\t\t<\/figure>\n\t<\/div>\n\t<div class=\"dss-person-content\">\n\t\t<h3 class=\"dss-person-name\">Ishita Barua<\/h3><p class=\"dss-person-position\">Utvalgsmedlem<\/p><p class=\"dss-person-content\">Gr\u00fcnder og medisinsk direkt\u00f8r i Livv Health. Utdannet lege med doktorgrad i kunstig intelligens i medisin og bachelor i helse\u00f8konomi fra Universitetet i Oslo. Tidligere gjesteforsker ved Harvard Medical School. Styremedlem i Helse Bergen HF. Varamedlem i Bioteknologir\u00e5det. Forfatter av boken \u00abKunstig intelligens redder liv\u00bb. (Bilde: Anna_Julia Granberg\/BLUNDERBUSS)<\/p>\t<\/div>\n\t<\/li>\n\n<li class=\"wp-block-dss-person\">\t<div class=\"dss-person-image\">\n\t\t<figure>\n\t\t\t<img loading=\"lazy\" decoding=\"async\" width=\"238\" height=\"250\" src=\"https:\/\/files.teststeder.regjeringen.no\/wpuploads01\/sites\/585\/2024\/12\/Unn.jpg\" class=\"attachment-250x250 size-250x250\" alt=\"\" srcset=\"https:\/\/files.teststeder.regjeringen.no\/wpuploads01\/sites\/585\/2024\/12\/Unn.jpg 506w, https:\/\/files.teststeder.regjeringen.no\/wpuploads01\/sites\/585\/2024\/12\/Unn-285x300.jpg 285w\" sizes=\"auto, (max-width: 238px) 100vw, 238px\" \/>\t\t<\/figure>\n\t<\/div>\n\t<div class=\"dss-person-content\">\n\t\t<h3 class=\"dss-person-name\">Unn Birkeland<\/h3><p class=\"dss-person-position\">Utvalgsmedlem<\/p><p class=\"dss-person-content\">Utdannet sykepleier med master i ledelse fra BI. Siste 8 \u00e5r v\u00e6rt daglig leder i Stiftelsen P\u00e5r\u00f8rendesenteret, et nasjonalt senter for p\u00e5r\u00f8rende og fagpersoner som m\u00f8ter p\u00e5r\u00f8rende. Har hatt lederposisjoner i b\u00e5de privat, offentlig og frivillig sektor i 30 \u00e5r. Har erfaring som styreleder, meddommer, konferanseleder og foredragsholder. Er ogs\u00e5 politisk aktiv, og er n\u00e5 i 3. kommunestyreperiode. (Bilde: Kristin Lindanger Lyse)\n<\/p>\t<\/div>\n\t<\/li>\n\n<li class=\"wp-block-dss-person\">\t<div class=\"dss-person-image\">\n\t\t<figure>\n\t\t\t<img loading=\"lazy\" decoding=\"async\" width=\"248\" height=\"250\" src=\"https:\/\/files.teststeder.regjeringen.no\/wpuploads01\/sites\/585\/2024\/12\/Ingebjorn.jpg\" class=\"attachment-250x250 size-250x250\" alt=\"\" srcset=\"https:\/\/files.teststeder.regjeringen.no\/wpuploads01\/sites\/585\/2024\/12\/Ingebjorn.jpg 493w, https:\/\/files.teststeder.regjeringen.no\/wpuploads01\/sites\/585\/2024\/12\/Ingebjorn-298x300.jpg 298w, https:\/\/files.teststeder.regjeringen.no\/wpuploads01\/sites\/585\/2024\/12\/Ingebjorn-150x150.jpg 150w\" sizes=\"auto, (max-width: 248px) 100vw, 248px\" \/>\t\t<\/figure>\n\t<\/div>\n\t<div class=\"dss-person-content\">\n\t\t<h3 class=\"dss-person-name\">Ingebj\u00f8rn Bleidvin<\/h3><p class=\"dss-person-position\">Utvalgsmedlem<\/p><p class=\"dss-person-content\">Cand.med fr\u00e5 UiB. Spesialist i Allmennmedisin. Kommuneoverlege og allmennlege i Hadsel kommune, Nordland. Medisinsk ansvarleg og med-gr\u00fcnder i ehelse-selskapa Remin og Aidn. Fagbrev i elektro, dessverre noko utdatert. (Bilde: Heidi Ryste)\n<\/p>\t<\/div>\n\t<\/li>\n\n<li class=\"wp-block-dss-person\">\t<div class=\"dss-person-image\">\n\t\t<figure>\n\t\t\t<img loading=\"lazy\" decoding=\"async\" width=\"167\" height=\"250\" src=\"https:\/\/files.teststeder.regjeringen.no\/wpuploads01\/sites\/585\/2024\/12\/FredrikGulowsen_2021_AnkiGrothe_1920_72dpi_002-1.jpg\" class=\"attachment-250x250 size-250x250\" alt=\"\" srcset=\"https:\/\/files.teststeder.regjeringen.no\/wpuploads01\/sites\/585\/2024\/12\/FredrikGulowsen_2021_AnkiGrothe_1920_72dpi_002-1.jpg 1280w, https:\/\/files.teststeder.regjeringen.no\/wpuploads01\/sites\/585\/2024\/12\/FredrikGulowsen_2021_AnkiGrothe_1920_72dpi_002-1-200x300.jpg 200w, https:\/\/files.teststeder.regjeringen.no\/wpuploads01\/sites\/585\/2024\/12\/FredrikGulowsen_2021_AnkiGrothe_1920_72dpi_002-1-683x1024.jpg 683w, https:\/\/files.teststeder.regjeringen.no\/wpuploads01\/sites\/585\/2024\/12\/FredrikGulowsen_2021_AnkiGrothe_1920_72dpi_002-1-768x1152.jpg 768w, https:\/\/files.teststeder.regjeringen.no\/wpuploads01\/sites\/585\/2024\/12\/FredrikGulowsen_2021_AnkiGrothe_1920_72dpi_002-1-1024x1536.jpg 1024w\" sizes=\"auto, (max-width: 167px) 100vw, 167px\" \/><span class=\"t2-image-credit\">\n\t\t\t\t<button type=\"button\" class=\"t2-image-credit-toggle\" aria-expanded=\"false\" aria-controls=\"image-credit\" aria-label=\"Toggle image credit\"><svg xmlns=\"http:\/\/www.w3.org\/2000\/svg\" viewBox=\"0 0 24 24\" height=\"24\" width=\"24\" class=\"t2-icon t2-icon-info\" aria-hidden=\"true\" focusable=\"false\"><path d=\"M12 17c.3 0 .5-.1.7-.3s.3-.4.3-.7v-4c0-.3-.1-.5-.3-.7-.2-.2-.4-.3-.7-.3s-.5.1-.7.3c-.2.2-.3.4-.3.7v4c0 .3.1.5.3.7s.4.3.7.3zm0-8c.3 0 .5-.1.7-.3.2-.2.3-.4.3-.7 0-.3-.1-.5-.3-.7-.2-.2-.4-.3-.7-.3s-.5.1-.7.3c-.2.2-.3.4-.3.7 0 .3.1.5.3.7.2.2.4.3.7.3zm0 13c-1.4 0-2.7-.3-3.9-.8-1.2-.5-2.3-1.2-3.2-2.1s-1.6-2-2.1-3.2S2 13.4 2 12s.3-2.7.8-3.9S4 5.8 4.9 4.9s2-1.6 3.2-2.1S10.6 2 12 2s2.7.3 3.9.8 2.3 1.2 3.2 2.1 1.6 2 2.1 3.2c.5 1.2.8 2.5.8 3.9s-.3 2.7-.8 3.9c-.5 1.2-1.2 2.3-2.1 3.2s-2 1.6-3.2 2.1c-1.2.5-2.5.8-3.9.8z\" fill=\"currentColor\" \/><\/svg><\/button>\n\t\t\t\t<span class=\"t2-image-credit-text wp-element-caption\" id=\"image-credit\" hidden>Foto: ANKI N GROETHE<\/span>\n\t\t\t<\/span>\t\t<\/figure>\n\t<\/div>\n\t<div class=\"dss-person-content\">\n\t\t<h3 class=\"dss-person-name\">Fredrik Gulowsen<\/h3><p class=\"dss-person-position\">Utvalgsmedlem<\/p><p class=\"dss-person-content\">Jeg er gr\u00fcnder og daglig leder i teknologiselskapet Nyby. Har v\u00e6rt med som \u00abutfordrer\u00bb i NAV sin 10-\u00e5rige strategi med toppledergruppa i NAV, og sitter som styremedlem i helseklyngen NSCC. Jeg har statsvitenskap fra UiO og Executive Master of Management fra BI. Jeg er en seriegr\u00fcnder med 15 \u00e5rs erfaring fra ulike teknologi-startups f\u00f8r Nyby, og er bl.a. co-founder i netthandelsselskapet Oda og investeringsselskapet Skyfall Ventures. (Bilde: Anki Grothe)<\/p>\t<\/div>\n\t<\/li>\n\n<li class=\"wp-block-dss-person\">\t<div class=\"dss-person-image\">\n\t\t<figure>\n\t\t\t<img loading=\"lazy\" decoding=\"async\" width=\"250\" height=\"250\" src=\"https:\/\/files.teststeder.regjeringen.no\/wpuploads01\/sites\/585\/2024\/12\/Guriby-300x300.jpg\" class=\"attachment-250x250 size-250x250\" alt=\"\" srcset=\"https:\/\/files.teststeder.regjeringen.no\/wpuploads01\/sites\/585\/2024\/12\/Guriby-300x300.jpg 300w, https:\/\/files.teststeder.regjeringen.no\/wpuploads01\/sites\/585\/2024\/12\/Guriby-150x150.jpg 150w, https:\/\/files.teststeder.regjeringen.no\/wpuploads01\/sites\/585\/2024\/12\/Guriby-768x768.jpg 768w, https:\/\/files.teststeder.regjeringen.no\/wpuploads01\/sites\/585\/2024\/12\/Guriby.jpg 800w\" sizes=\"auto, (max-width: 250px) 100vw, 250px\" \/>\t\t<\/figure>\n\t<\/div>\n\t<div class=\"dss-person-content\">\n\t\t<h3 class=\"dss-person-name\">Eugene Guribye<\/h3><p class=\"dss-person-position\">Utvalgsmedlem<\/p><p class=\"dss-person-content\">Forsker 1 og initiativtager til etableringen av Senter for praksisn\u00e6r forskning og samskaping i NORCE Norwegian Research Centre AS p\u00e5 bakgrunn av lang erfaring med aksjonsrettet forskning om samskaping og innovasjon i offentlig sektor. Styremedlem av Nasjonalt forskernettverk for innovasjon i offentlig sektor (INNOFF), tidligere utvalgsmedlem av Arbeidsinnvandrer-utvalget og medvert for podkasten Fremtidens Kommuner. (Bilde: Norce)<\/p>\t<\/div>\n\t<\/li>\n\n<li class=\"wp-block-dss-person\">\t<div class=\"dss-person-image\">\n\t\t<figure>\n\t\t\t<img loading=\"lazy\" decoding=\"async\" width=\"250\" height=\"239\" src=\"https:\/\/files.teststeder.regjeringen.no\/wpuploads01\/sites\/585\/2024\/12\/Azra.jpg\" class=\"attachment-250x250 size-250x250\" alt=\"\" srcset=\"https:\/\/files.teststeder.regjeringen.no\/wpuploads01\/sites\/585\/2024\/12\/Azra.jpg 542w, https:\/\/files.teststeder.regjeringen.no\/wpuploads01\/sites\/585\/2024\/12\/Azra-300x287.jpg 300w\" sizes=\"auto, (max-width: 250px) 100vw, 250px\" \/>\t\t<\/figure>\n\t<\/div>\n\t<div class=\"dss-person-content\">\n\t\t<h3 class=\"dss-person-name\">Azra Halilovic<\/h3><p class=\"dss-person-position\">Utvalgsmedlem<\/p><p class=\"dss-person-content\">Utdannet ved NTNU og har mastergrad i teatervitenskap. Minoritets-r\u00e5dgiver i Trondheim kommune, scenekunstner, skribent og samfunnsdebattant. Jobber med kunst-  og kulturplattformen \u201cAnna og Azra bretter opp ermene\u201d. Har tidligere v\u00e6rt fast spaltist i Adresseavisen. (Bilde: Privat)<\/p>\t<\/div>\n\t<\/li>\n\n<li class=\"wp-block-dss-person\">\t<div class=\"dss-person-image\">\n\t\t<figure>\n\t\t\t<img loading=\"lazy\" decoding=\"async\" width=\"200\" height=\"250\" src=\"https:\/\/files.teststeder.regjeringen.no\/wpuploads01\/sites\/585\/2024\/12\/John.png\" class=\"attachment-250x250 size-250x250\" alt=\"\" srcset=\"https:\/\/files.teststeder.regjeringen.no\/wpuploads01\/sites\/585\/2024\/12\/John.png 502w, https:\/\/files.teststeder.regjeringen.no\/wpuploads01\/sites\/585\/2024\/12\/John-240x300.png 240w\" sizes=\"auto, (max-width: 200px) 100vw, 200px\" \/>\t\t<\/figure>\n\t<\/div>\n\t<div class=\"dss-person-content\">\n\t\t<h3 class=\"dss-person-name\">John Helland<\/h3><p class=\"dss-person-position\">Utvalgsmedlem<\/p><p class=\"dss-person-content\">Kommunalleder for Helse og Sosial i Alta kommune siden 2014. Utdannet jurist, med arbeids- og ledererfaring fra trygdeetaten og NAV. Har tidligere v\u00e6rt politiker, med en periode som ordf\u00f8rer i Kv\u00e6nangen kommune. (Bilde: Privat)<\/p>\t<\/div>\n\t<\/li>\n\n<li class=\"wp-block-dss-person\">\t<div class=\"dss-person-image\">\n\t\t<figure>\n\t\t\t<img loading=\"lazy\" decoding=\"async\" width=\"250\" height=\"244\" src=\"https:\/\/files.teststeder.regjeringen.no\/wpuploads01\/sites\/585\/2024\/12\/Ulf.jpg\" class=\"attachment-250x250 size-250x250\" alt=\"\" srcset=\"https:\/\/files.teststeder.regjeringen.no\/wpuploads01\/sites\/585\/2024\/12\/Ulf.jpg 506w, https:\/\/files.teststeder.regjeringen.no\/wpuploads01\/sites\/585\/2024\/12\/Ulf-300x292.jpg 300w\" sizes=\"auto, (max-width: 250px) 100vw, 250px\" \/>\t\t<\/figure>\n\t<\/div>\n\t<div class=\"dss-person-content\">\n\t\t<h3 class=\"dss-person-name\">Ulf Hjelmar<\/h3><p class=\"dss-person-position\">Utvalgsmedlem<\/p><p class=\"dss-person-content\">Professor ved VIVE i Danmark. Forsker innen offentlig forvaltning med fokus p\u00e5 velferdsinnovasjon og styring. Det er s\u00e6rlig fokus p\u00e5 innovativt og l\u00f8sningsorientert arbeid i kommunene, herunder nye samarbeidsformer p\u00e5 tvers av faggrupper samt dispensasjon fra nasjonalt og kommunalt regelverk. (Bilde: VIVE)<\/p>\t<\/div>\n\t<\/li>\n\n<li class=\"wp-block-dss-person\">\t<div class=\"dss-person-image\">\n\t\t<figure>\n\t\t\t<img loading=\"lazy\" decoding=\"async\" width=\"215\" height=\"250\" src=\"https:\/\/files.teststeder.regjeringen.no\/wpuploads01\/sites\/585\/2024\/12\/Hanne.jpg\" class=\"attachment-250x250 size-250x250\" alt=\"\" srcset=\"https:\/\/files.teststeder.regjeringen.no\/wpuploads01\/sites\/585\/2024\/12\/Hanne.jpg 472w, https:\/\/files.teststeder.regjeringen.no\/wpuploads01\/sites\/585\/2024\/12\/Hanne-258x300.jpg 258w\" sizes=\"auto, (max-width: 215px) 100vw, 215px\" \/>\t\t<\/figure>\n\t<\/div>\n\t<div class=\"dss-person-content\">\n\t\t<h3 class=\"dss-person-name\">Hanne Kathrine Islund<\/h3><p class=\"dss-person-position\">Utvalgsmedlem<\/p><p class=\"dss-person-content\">Daglig leder i OsloKollega Karriere, som arbeider med arbeidsinkludering. Tidligere ansatt i Helse &#8211; og sosiale tjenester i Larvik kommune. Utdannet vernepleier med mastergrad i verdibasert ledelse. (Bilde: Privat)<\/p>\t<\/div>\n\t<\/li>\n\n<li class=\"wp-block-dss-person\">\t<div class=\"dss-person-image\">\n\t\t<figure>\n\t\t\t<img loading=\"lazy\" decoding=\"async\" width=\"200\" height=\"250\" src=\"https:\/\/files.teststeder.regjeringen.no\/wpuploads01\/sites\/585\/2024\/12\/Marit.jpg\" class=\"attachment-250x250 size-250x250\" alt=\"\" srcset=\"https:\/\/files.teststeder.regjeringen.no\/wpuploads01\/sites\/585\/2024\/12\/Marit.jpg 463w, https:\/\/files.teststeder.regjeringen.no\/wpuploads01\/sites\/585\/2024\/12\/Marit-240x300.jpg 240w\" sizes=\"auto, (max-width: 200px) 100vw, 200px\" \/>\t\t<\/figure>\n\t<\/div>\n\t<div class=\"dss-person-content\">\n\t\t<h3 class=\"dss-person-name\">Marit Lofnes Mellingen<\/h3><p class=\"dss-person-position\">Utvalgsmedlem<\/p><p class=\"dss-person-content\">Direkt\u00f8r i Distriktssenteret \u2013 eit statleg kompetansesenter som bidreg til \u00e5 styrke kommunane sitt arbeid med samfunnsutvikling, tidligere avdelingsdirekt\u00f8r\/seksjonsleder i Digitaliseringsdirektoratet for digital tjenesteutvikling, kunnskap og analyse, brukerretting. Tidligere nestleder og fung.direkt\u00f8r i Norge.no, to perioder som kommunepolitiker. Mastergrad fra BI, utdanning i bibliotek- og informasjonsforvaltning, informatikk og psykologi. Sitter i to av forskningsr\u00e5dets portef\u00f8ljestyrer; for forskningssystemet og Velferd og utdanning. (Bilde: Privat)<\/p>\t<\/div>\n\t<\/li>\n\n<li class=\"wp-block-dss-person\">\t<div class=\"dss-person-image\">\n\t\t<figure>\n\t\t\t<img loading=\"lazy\" decoding=\"async\" width=\"232\" height=\"250\" src=\"https:\/\/files.teststeder.regjeringen.no\/wpuploads01\/sites\/585\/2024\/12\/Helene.jpg\" class=\"attachment-250x250 size-250x250\" alt=\"\" srcset=\"https:\/\/files.teststeder.regjeringen.no\/wpuploads01\/sites\/585\/2024\/12\/Helene.jpg 496w, https:\/\/files.teststeder.regjeringen.no\/wpuploads01\/sites\/585\/2024\/12\/Helene-279x300.jpg 279w\" sizes=\"auto, (max-width: 232px) 100vw, 232px\" \/>\t\t<\/figure>\n\t<\/div>\n\t<div class=\"dss-person-content\">\n\t\t<h3 class=\"dss-person-name\">Helene Harsvik Skeivbrok<\/h3><p class=\"dss-person-position\">Utvalgsmedlem<\/p><p class=\"dss-person-content\">Nestleder i Fagforbundet fra 2022. Tidligere fylkesleder i Fagforbundet Innlandet. Utdannet helsefagarbeider og jobbet i hjemmesykepleien i Hamar kommune.\n\n(Bilde: Birgit Dannenberg \/ Fagforbundet)\n<\/p>\t<\/div>\n\t<\/li>\n\n\n<\/ul>","protected":false},"excerpt":{"rendered":"<p>Innovasjons- og samskapingsutvalget har 13 medlemmer og ledes av Kjell Erik Ullman \u00d8ie.<\/p>\n","protected":false},"author":2877,"featured_media":0,"parent":0,"menu_order":0,"comment_status":"closed","ping_status":"closed","template":"","meta":{"dss_simple_post_excerpt":"","dss_show_featured_image":true,"footnotes":""},"class_list":["post-9","page","type-page","status-publish","hentry"],"language":"nb-NO","_links":{"self":[{"href":"https:\/\/teststeder.regjeringen.no\/isu\/wp-json\/wp\/v2\/pages\/9","targetHints":{"allow":["GET"]}}],"collection":[{"href":"https:\/\/teststeder.regjeringen.no\/isu\/wp-json\/wp\/v2\/pages"}],"about":[{"href":"https:\/\/teststeder.regjeringen.no\/isu\/wp-json\/wp\/v2\/types\/page"}],"author":[{"embeddable":true,"href":"https:\/\/teststeder.regjeringen.no\/isu\/wp-json\/wp\/v2\/users\/2877"}],"replies":[{"embeddable":true,"href":"https:\/\/teststeder.regjeringen.no\/isu\/wp-json\/wp\/v2\/comments?post=9"}],"version-history":[{"count":3,"href":"https:\/\/teststeder.regjeringen.no\/isu\/wp-json\/wp\/v2\/pages\/9\/revisions"}],"predecessor-version":[{"id":74,"href":"https:\/\/teststeder.regjeringen.no\/isu\/wp-json\/wp\/v2\/pages\/9\/revisions\/74"}],"wp:attachment":[{"href":"https:\/\/teststeder.regjeringen.no\/isu\/wp-json\/wp\/v2\/media?parent=9"}],"curies":[{"name":"wp","href":"https:\/\/api.w.org\/{rel}","templated":true}]}}