{"id":109,"date":"2023-11-16T10:34:39","date_gmt":"2023-11-16T09:34:39","guid":{"rendered":"https:\/\/nettsteder.regjeringen.no\/jobbidepartementene\/?page_id=109"},"modified":"2024-01-19T15:21:08","modified_gmt":"2024-01-19T14:21:08","slug":"jobbmuligheter","status":"publish","type":"page","link":"https:\/\/teststeder.regjeringen.no\/jobbidepartementene\/jobbmuligheter\/","title":{"rendered":"Jobbmuligheter"},"content":{"rendered":"\n<div class=\"wp-block-cover alignfull is-light\" style=\"min-height:378px;aspect-ratio:unset;\"><span aria-hidden=\"true\" class=\"wp-block-cover__background has-background-dim-20 has-background-dim\"><\/span><img loading=\"lazy\" decoding=\"async\" width=\"2560\" height=\"1649\" class=\"wp-block-cover__image-background wp-image-158\" alt=\"\" src=\"https:\/\/files.teststeder.regjeringen.no\/wpuploads01\/sites\/556\/2023\/11\/agefis-qh-mar1Tzo8-unsplash-scaled.jpg\" style=\"object-position:48% 0%\" data-object-fit=\"cover\" data-object-position=\"48% 0%\" srcset=\"https:\/\/files.teststeder.regjeringen.no\/wpuploads01\/sites\/556\/2023\/11\/agefis-qh-mar1Tzo8-unsplash-scaled.jpg 2560w, https:\/\/files.teststeder.regjeringen.no\/wpuploads01\/sites\/556\/2023\/11\/agefis-qh-mar1Tzo8-unsplash-300x193.jpg 300w, https:\/\/files.teststeder.regjeringen.no\/wpuploads01\/sites\/556\/2023\/11\/agefis-qh-mar1Tzo8-unsplash-1024x659.jpg 1024w, https:\/\/files.teststeder.regjeringen.no\/wpuploads01\/sites\/556\/2023\/11\/agefis-qh-mar1Tzo8-unsplash-768x495.jpg 768w, https:\/\/files.teststeder.regjeringen.no\/wpuploads01\/sites\/556\/2023\/11\/agefis-qh-mar1Tzo8-unsplash-1536x989.jpg 1536w, https:\/\/files.teststeder.regjeringen.no\/wpuploads01\/sites\/556\/2023\/11\/agefis-qh-mar1Tzo8-unsplash-2048x1319.jpg 2048w\" sizes=\"auto, (max-width: 2560px) 100vw, 2560px\" \/><div class=\"wp-block-cover__inner-container is-layout-flow wp-block-cover-is-layout-flow\">\n<div style=\"height:195px\" aria-hidden=\"true\" class=\"wp-block-spacer\"><\/div>\n\n\n\n<p class=\"has-text-align-center has-white-color has-text-color\" style=\"font-size:clamp(31.152px, 1.947rem + ((1vw - 3.2px) * 2.944), 55px);\"><strong>Jobbmuligheter<\/strong><\/p>\n<\/div><\/div>\n\n\n\n<div class=\"wp-block-group is-layout-constrained wp-block-group-is-layout-constrained\"><p class=\"t2-ingress wp-block-t2-ingress\">Departementene er stadig p\u00e5 utkikk etter dyktige studenter og nyutdannede som kan bidra med ny og oppdatert fagkompetanse.<\/p>\n\n\n<div class=\"wp-block-group is-layout-constrained wp-block-group-is-layout-constrained\">\n<div class=\"wp-block-group is-layout-constrained wp-block-group-is-layout-constrained\">\n<p>Vi har blant annet f\u00f8lgende tilbud til studenter og nyutdannede:<\/p>\n\n\n\n<ul class=\"wp-block-list is-layout-flow wp-block-list-is-layout-flow\">\n<li>Praksisplass<\/li>\n\n\n\n<li>Masterskriving<\/li>\n\n\n\n<li>Trainee-stilling<\/li>\n\n\n\n<li>Deltidsstilling<\/li>\n\n\n\n<li>Stilling som f\u00f8rstekonsulent for nyutdannede (ved enkelte departement tilbys ogs\u00e5 stilling som r\u00e5dgiver til nyutdannede) <\/li>\n<\/ul>\n<\/div>\n<\/div>\n<\/div>\n\n\n\n<h3 class=\"wp-block-heading\"><strong>Hvem ser vi etter?<\/strong><\/h3>\n\n\n\n<p>De tre st\u00f8rste utdanningsgruppene vi rekrutterer fra er <strong>\u00f8konomer, jurister og samfunnsvitere.<\/strong> Men det trengs ogs\u00e5 fagspesialister p\u00e5 enkelte omr\u00e5der.<\/p>\n\n\n\n<p>Vi ser ikke bare etter fagkompetansen n\u00e5r vi rekrutterer, men ogs\u00e5 personlige egenskaper og ferdigheter som er relevante for den enkelte stilling. God evne til samhandling, kritisk og etisk refleksjon, og god vurderingsevne vil alltid v\u00e6re viktig. God digital kompetanse er en forutsetning. <\/p>\n\n\n\n<p>Vi beh\u00f8ver personer som kan se fremover og ogs\u00e5 ut av Norge.&nbsp;Flerkulturell forst\u00e5else og samarbeid er avgj\u00f8rende for at vi skal klare \u00e5 l\u00f8se utfordringene i samfunnet v\u00e5rt &#8211; som ofte er globale. Vi mener at inkludering og mangfold er en styrke.&nbsp;<\/p>\n\n\n\n<p>I tillegg til \u00e5 ha gode karakterer \u00f8nsker vi derfor medarbeidere med ulike kompetanser, fagkombinasjoner og perspektiver for \u00e5 bidra til enda bedre oppgavel\u00f8sning.<\/p>\n\n\n\n<p>F\u00f8rst og fremst ser vi etter deg som engasjerer deg for samfunnet rundt deg. Vi tilbyr en meningsfylt jobb med spennende oppgaver,&nbsp;tett p\u00e5 beslutningstakerne og &laquo;der det skjer&raquo;.<\/p>\n\n\n\n<p>Gjennom samarbeid p\u00e5 tvers f\u00e5r du b\u00e5de verdifulle nettverk, gode l\u00e6ringsmuligheter og kunnskap om ulike samfunnsomr\u00e5der.&nbsp;Kompetansen du opparbeider deg er garantert et godt springbrett for \u00e5 s\u00f8ke nye muligheter, b\u00e5de innenfor og utenfor departementene.<\/p>\n\n\n\n<h3 class=\"wp-block-heading\"><strong>Internasjonale muligheter<\/strong><\/h3>\n\n\n\n<p>I departementene \u00e5pner det seg ogs\u00e5 mulighet til \u00e5 arbeide flere steder i utlandet, for perioder fra noen m\u00e5neder til flere \u00e5r. <\/p>\n\n\n\n<p>Alle departementene jobber mye opp mot EU. P\u00e5 r\u00e5dsm\u00f8tene i Brussel&nbsp;samarbeider norske statsr\u00e5der med europeiske kolleger for \u00e5 finne felles l\u00f8sninger. Selv om Norge ikke er medlem av EU, deltar vi aktivt for \u00e5 videreutvikle Schengen-samarbeidet i tr\u00e5d med norske interesser p\u00e5 omr\u00e5der som for eksempel grenser, migrasjon og politisamarbeid. Gjennom E\u00d8S-avtalen utvikler vi lovgivning, der norske eksperter deltar sammen med medlemslandene i EU i m\u00f8ter og arbeidsgrupper i Brussel.<\/p>\n\n\n\n<p>Departementene jobber ogs\u00e5 aktivt i internasjonalt samarbeid gjennom NATO, OECD og sammen med partnere i Norden. Som ansatt i departementene kan du v\u00e6re med i forberedelsene til Nordiske ministerm\u00f8ter som er en sentral arena for utforming av politikk.<\/p>\n\n\n\n<p>Mange departementer jobber med menneskerettighetsrapportering, der internasjonale organisasjoner som FN og Europar\u00e5det evaluerer gjennomf\u00f8ring av menneskerettighetene i Norge. Vi rapporterer til ulike komiteer i FN. P\u00e5 egne m\u00f8ter i Gen\u00e8ve gjennomg\u00e5r komiteene rapportene fra Norge og vi f\u00e5r anbefalinger som m\u00e5 f\u00f8lges opp.<\/p>\n","protected":false},"excerpt":{"rendered":"<p>Vi har blant annet f\u00f8lgende tilbud til studenter og nyutdannede: Hvem ser vi etter? De tre st\u00f8rste utdanningsgruppene vi rekrutterer fra er \u00f8konomer, jurister og samfunnsvitere. Men det trengs ogs\u00e5 fagspesialister p\u00e5 enkelte omr\u00e5der. Vi ser ikke bare etter fagkompetansen n\u00e5r vi rekrutterer, men ogs\u00e5 personlige egenskaper og ferdigheter som er relevante for den enkelte\u2026<\/p>\n","protected":false},"author":357,"featured_media":0,"parent":0,"menu_order":0,"comment_status":"closed","ping_status":"closed","template":"","meta":{"dss_simple_post_excerpt":"","dss_show_featured_image":true,"dss_show_title":true,"footnotes":""},"class_list":["post-109","page","type-page","status-publish","hentry"],"language":"nb-NO","_links":{"self":[{"href":"https:\/\/teststeder.regjeringen.no\/jobbidepartementene\/wp-json\/wp\/v2\/pages\/109","targetHints":{"allow":["GET"]}}],"collection":[{"href":"https:\/\/teststeder.regjeringen.no\/jobbidepartementene\/wp-json\/wp\/v2\/pages"}],"about":[{"href":"https:\/\/teststeder.regjeringen.no\/jobbidepartementene\/wp-json\/wp\/v2\/types\/page"}],"author":[{"embeddable":true,"href":"https:\/\/teststeder.regjeringen.no\/jobbidepartementene\/wp-json\/wp\/v2\/users\/357"}],"replies":[{"embeddable":true,"href":"https:\/\/teststeder.regjeringen.no\/jobbidepartementene\/wp-json\/wp\/v2\/comments?post=109"}],"version-history":[{"count":3,"href":"https:\/\/teststeder.regjeringen.no\/jobbidepartementene\/wp-json\/wp\/v2\/pages\/109\/revisions"}],"predecessor-version":[{"id":452,"href":"https:\/\/teststeder.regjeringen.no\/jobbidepartementene\/wp-json\/wp\/v2\/pages\/109\/revisions\/452"}],"wp:attachment":[{"href":"https:\/\/teststeder.regjeringen.no\/jobbidepartementene\/wp-json\/wp\/v2\/media?parent=109"}],"curies":[{"name":"wp","href":"https:\/\/api.w.org\/{rel}","templated":true}]}}