{"id":115,"date":"2023-11-16T10:39:55","date_gmt":"2023-11-16T09:39:55","guid":{"rendered":"https:\/\/nettsteder.regjeringen.no\/jobbidepartementene\/?page_id=115"},"modified":"2024-01-22T16:02:53","modified_gmt":"2024-01-22T15:02:53","slug":"om-departementene","status":"publish","type":"page","link":"https:\/\/teststeder.regjeringen.no\/jobbidepartementene\/om-departementene\/","title":{"rendered":"Om departementene"},"content":{"rendered":"<p class=\"t2-ingress wp-block-t2-ingress\">Departementene er faglige sekretariater for politisk ledelse. For oss som jobber her betyr det at vi skal gi faglige r\u00e5d til hvordan regjeringens politikk best kan utformes og iverksettes. <\/p>\n\n\n<p>Vi s\u00f8rger for at regjeringens og Stortingets politikk blir gjennomf\u00f8rt, ofte gjennom ytre etater som vi styrer, for eksempel direktoratene. Vi bidrar ogs\u00e5 i arbeidet med \u00e5 utarbeide statsbudsjettet og lovforslag til Stortinget.&nbsp; <\/p>\n\n\n\n<p>Selv om statsr\u00e5den styrer departementet, er ikke vi som jobber i departementet politikere. Vi skal v\u00e6re politisk n\u00f8ytrale og gi faglige r\u00e5d uavhengig av hvilke partier som er i regjering. Det er politikerne som bestemmer hvordan de faglige r\u00e5dene skal brukes.<\/p>\n\n\n\n<figure class=\"wp-block-image size-large\"><img loading=\"lazy\" decoding=\"async\" width=\"1024\" height=\"713\" src=\"https:\/\/files.teststeder.regjeringen.no\/wpuploads01\/sites\/556\/2024\/01\/om-departementene-1024x713.png\" alt=\"\" class=\"wp-image-444\" srcset=\"https:\/\/files.teststeder.regjeringen.no\/wpuploads01\/sites\/556\/2024\/01\/om-departementene-1024x713.png 1024w, https:\/\/files.teststeder.regjeringen.no\/wpuploads01\/sites\/556\/2024\/01\/om-departementene-300x209.png 300w, https:\/\/files.teststeder.regjeringen.no\/wpuploads01\/sites\/556\/2024\/01\/om-departementene-768x535.png 768w, https:\/\/files.teststeder.regjeringen.no\/wpuploads01\/sites\/556\/2024\/01\/om-departementene-1536x1070.png 1536w, https:\/\/files.teststeder.regjeringen.no\/wpuploads01\/sites\/556\/2024\/01\/om-departementene-2048x1426.png 2048w\" sizes=\"auto, (max-width: 1024px) 100vw, 1024px\" \/><\/figure>\n\n\n\n<p>Departementene ledes av en statsr\u00e5d, som sammen med statssekret\u00e6rer og politisk r\u00e5dgiver utgj\u00f8r den politiske ledelsen. Departementenes embetsverk ledes av departementsr\u00e5den. I motsetning til den politiske ledelsen er embetsverket fast ansatte medarbeidere som jobber under skiftende regjeringer.<\/p>\n\n\n\n<p><strong>Regjeringen.no er hovedkilden fra regjeringen til befolkningen.<\/strong><br><a href=\"https:\/\/www.regjeringen.no\/no\/dep\/id933\/\">Les mer om  departementene og deres ansvarsomr\u00e5der her.<\/a><\/p>\n","protected":false},"excerpt":{"rendered":"<p>Vi s\u00f8rger for at regjeringens og Stortingets politikk blir gjennomf\u00f8rt, ofte gjennom ytre etater som vi styrer, for eksempel direktoratene. Vi bidrar ogs\u00e5 i arbeidet med \u00e5 utarbeide statsbudsjettet og lovforslag til Stortinget.&nbsp; Selv om statsr\u00e5den styrer departementet, er ikke vi som jobber i departementet politikere. Vi skal v\u00e6re politisk n\u00f8ytrale og gi faglige r\u00e5d\u2026<\/p>\n","protected":false},"author":357,"featured_media":0,"parent":0,"menu_order":0,"comment_status":"closed","ping_status":"closed","template":"","meta":{"dss_simple_post_excerpt":"","dss_show_featured_image":true,"dss_show_title":false,"footnotes":""},"class_list":["post-115","page","type-page","status-publish","hentry"],"language":"nb-NO","_links":{"self":[{"href":"https:\/\/teststeder.regjeringen.no\/jobbidepartementene\/wp-json\/wp\/v2\/pages\/115","targetHints":{"allow":["GET"]}}],"collection":[{"href":"https:\/\/teststeder.regjeringen.no\/jobbidepartementene\/wp-json\/wp\/v2\/pages"}],"about":[{"href":"https:\/\/teststeder.regjeringen.no\/jobbidepartementene\/wp-json\/wp\/v2\/types\/page"}],"author":[{"embeddable":true,"href":"https:\/\/teststeder.regjeringen.no\/jobbidepartementene\/wp-json\/wp\/v2\/users\/357"}],"replies":[{"embeddable":true,"href":"https:\/\/teststeder.regjeringen.no\/jobbidepartementene\/wp-json\/wp\/v2\/comments?post=115"}],"version-history":[{"count":3,"href":"https:\/\/teststeder.regjeringen.no\/jobbidepartementene\/wp-json\/wp\/v2\/pages\/115\/revisions"}],"predecessor-version":[{"id":460,"href":"https:\/\/teststeder.regjeringen.no\/jobbidepartementene\/wp-json\/wp\/v2\/pages\/115\/revisions\/460"}],"wp:attachment":[{"href":"https:\/\/teststeder.regjeringen.no\/jobbidepartementene\/wp-json\/wp\/v2\/media?parent=115"}],"curies":[{"name":"wp","href":"https:\/\/api.w.org\/{rel}","templated":true}]}}