{"id":121,"date":"2023-11-16T13:36:51","date_gmt":"2023-11-16T12:36:51","guid":{"rendered":"https:\/\/nettsteder.regjeringen.no\/jobbidepartementene\/?page_id=121"},"modified":"2024-01-19T15:21:57","modified_gmt":"2024-01-19T14:21:57","slug":"mot-oss","status":"publish","type":"page","link":"https:\/\/teststeder.regjeringen.no\/jobbidepartementene\/mot-oss\/","title":{"rendered":"M\u00f8t oss"},"content":{"rendered":"\n<div class=\"wp-block-cover alignfull is-light\" style=\"min-height:378px;aspect-ratio:unset;\"><span aria-hidden=\"true\" class=\"wp-block-cover__background has-background-dim-0 has-background-dim\"><\/span><img loading=\"lazy\" decoding=\"async\" width=\"2560\" height=\"1696\" class=\"wp-block-cover__image-background wp-image-170\" alt=\"\" src=\"https:\/\/files.teststeder.regjeringen.no\/wpuploads01\/sites\/556\/2023\/11\/miguelangel-miquelena-Rc-4YdHRrOs-unsplash-scaled.jpg\" data-object-fit=\"cover\" srcset=\"https:\/\/files.teststeder.regjeringen.no\/wpuploads01\/sites\/556\/2023\/11\/miguelangel-miquelena-Rc-4YdHRrOs-unsplash-scaled.jpg 2560w, https:\/\/files.teststeder.regjeringen.no\/wpuploads01\/sites\/556\/2023\/11\/miguelangel-miquelena-Rc-4YdHRrOs-unsplash-300x199.jpg 300w, https:\/\/files.teststeder.regjeringen.no\/wpuploads01\/sites\/556\/2023\/11\/miguelangel-miquelena-Rc-4YdHRrOs-unsplash-1024x678.jpg 1024w, https:\/\/files.teststeder.regjeringen.no\/wpuploads01\/sites\/556\/2023\/11\/miguelangel-miquelena-Rc-4YdHRrOs-unsplash-768x509.jpg 768w, https:\/\/files.teststeder.regjeringen.no\/wpuploads01\/sites\/556\/2023\/11\/miguelangel-miquelena-Rc-4YdHRrOs-unsplash-1536x1017.jpg 1536w, https:\/\/files.teststeder.regjeringen.no\/wpuploads01\/sites\/556\/2023\/11\/miguelangel-miquelena-Rc-4YdHRrOs-unsplash-2048x1356.jpg 2048w\" sizes=\"auto, (max-width: 2560px) 100vw, 2560px\" \/><div class=\"wp-block-cover__inner-container is-layout-constrained wp-block-cover-is-layout-constrained\">\n<div style=\"height:195px\" aria-hidden=\"true\" class=\"wp-block-spacer\"><\/div>\n\n\n\n<p class=\"has-text-align-center has-white-color has-text-color\" style=\"font-size:clamp(31.152px, 1.947rem + ((1vw - 3.2px) * 2.944), 55px);\"><strong>M\u00f8t oss<\/strong><\/p>\n<\/div><\/div>\n\n\n<ul class=\"is-style-list wp-block-dss-simple-posts\">\n<li class=\"wp-block-dss-simple-post\"><a href=\"https:\/\/teststeder.regjeringen.no\/jobbidepartementene\/mot-ansatte-i-departementene\/\" class=\"wp-block-dss-simple-post__link\"><div class=\"wp-block-dss-simple-post__content\"><h2>M\u00f8t ansatte i departementene<\/h2><p class=\"wp-block-dss-simple-post__excerpt\">Vi har spurt flere ansatte om deres vei til departementsfelleskapet, arbeidshverdagen deres og hva de liker ved jobben sin.<\/p><\/div><\/a><\/li>\n\n<li class=\"wp-block-dss-simple-post\"><a href=\"https:\/\/teststeder.regjeringen.no\/jobbidepartementene\/oversikt-karrieredager\/\" class=\"wp-block-dss-simple-post__link\"><div class=\"wp-block-dss-simple-post__content\"><h2>Karrieredager\/bedriftspresentasjoner<\/h2><p class=\"wp-block-dss-simple-post__excerpt\">Vi \u00f8nsker at du som student og nyutdannet skal bli kjent med oss og arbeidet vi gj\u00f8r i departementene. Vi er derfor ute p\u00e5 universiteter og h\u00f8yskoler for \u00e5 treffe deg og fortelle deg om dine muligheter i departementene.<\/p><\/div><\/a><\/li>\n<\/ul>","protected":false},"excerpt":{"rendered":"","protected":false},"author":357,"featured_media":0,"parent":0,"menu_order":0,"comment_status":"closed","ping_status":"closed","template":"","meta":{"dss_simple_post_excerpt":"","dss_show_featured_image":true,"dss_show_title":true,"footnotes":""},"class_list":["post-121","page","type-page","status-publish","hentry"],"language":"nb-NO","_links":{"self":[{"href":"https:\/\/teststeder.regjeringen.no\/jobbidepartementene\/wp-json\/wp\/v2\/pages\/121","targetHints":{"allow":["GET"]}}],"collection":[{"href":"https:\/\/teststeder.regjeringen.no\/jobbidepartementene\/wp-json\/wp\/v2\/pages"}],"about":[{"href":"https:\/\/teststeder.regjeringen.no\/jobbidepartementene\/wp-json\/wp\/v2\/types\/page"}],"author":[{"embeddable":true,"href":"https:\/\/teststeder.regjeringen.no\/jobbidepartementene\/wp-json\/wp\/v2\/users\/357"}],"replies":[{"embeddable":true,"href":"https:\/\/teststeder.regjeringen.no\/jobbidepartementene\/wp-json\/wp\/v2\/comments?post=121"}],"version-history":[{"count":2,"href":"https:\/\/teststeder.regjeringen.no\/jobbidepartementene\/wp-json\/wp\/v2\/pages\/121\/revisions"}],"predecessor-version":[{"id":195,"href":"https:\/\/teststeder.regjeringen.no\/jobbidepartementene\/wp-json\/wp\/v2\/pages\/121\/revisions\/195"}],"wp:attachment":[{"href":"https:\/\/teststeder.regjeringen.no\/jobbidepartementene\/wp-json\/wp\/v2\/media?parent=121"}],"curies":[{"name":"wp","href":"https:\/\/api.w.org\/{rel}","templated":true}]}}