{"id":233,"date":"2024-01-03T12:40:51","date_gmt":"2024-01-03T11:40:51","guid":{"rendered":"https:\/\/nettsteder.regjeringen.no\/jobbidepartementene\/?page_id=233"},"modified":"2024-01-09T14:00:35","modified_gmt":"2024-01-09T13:00:35","slug":"julianne","status":"publish","type":"page","link":"https:\/\/teststeder.regjeringen.no\/jobbidepartementene\/mot-ansatte-i-departementene\/julianne\/","title":{"rendered":"Julianne"},"content":{"rendered":"\n<div class=\"wp-block-media-text alignwide is-stacked-on-mobile is-image-fill has-background\" style=\"background-color:#dae3e8\"><figure class=\"wp-block-media-text__media\" style=\"background-image:url(https:\/\/files.teststeder.regjeringen.no\/wpuploads01\/sites\/556\/2024\/01\/Julianne-Borgen_DSS-768x1024.jpg);background-position:87% 63%\"><img loading=\"lazy\" decoding=\"async\" width=\"768\" height=\"1024\" src=\"https:\/\/files.teststeder.regjeringen.no\/wpuploads01\/sites\/556\/2024\/01\/Julianne-Borgen_DSS-768x1024.jpg\" alt=\"\" class=\"wp-image-234 size-full\" srcset=\"https:\/\/files.teststeder.regjeringen.no\/wpuploads01\/sites\/556\/2024\/01\/Julianne-Borgen_DSS-768x1024.jpg 768w, https:\/\/files.teststeder.regjeringen.no\/wpuploads01\/sites\/556\/2024\/01\/Julianne-Borgen_DSS-225x300.jpg 225w, https:\/\/files.teststeder.regjeringen.no\/wpuploads01\/sites\/556\/2024\/01\/Julianne-Borgen_DSS-1152x1536.jpg 1152w, https:\/\/files.teststeder.regjeringen.no\/wpuploads01\/sites\/556\/2024\/01\/Julianne-Borgen_DSS-1536x2048.jpg 1536w, https:\/\/files.teststeder.regjeringen.no\/wpuploads01\/sites\/556\/2024\/01\/Julianne-Borgen_DSS-scaled.jpg 1920w\" sizes=\"auto, (max-width: 768px) 100vw, 768px\" \/><\/figure><div class=\"wp-block-media-text__content\">\n<h2 class=\"wp-block-heading has-black-color has-text-color\">Julianne<\/h2>\n\n\n\n<div class=\"wp-block-columns is-layout-flex wp-container-core-columns-is-layout-9d6595d7 wp-block-columns-is-layout-flex\">\n<div class=\"wp-block-column is-layout-flow wp-block-column-is-layout-flow\" style=\"flex-basis:66.66%\"><p class=\"t2-ingress wp-block-t2-ingress\">Jurist<\/p>\n\n\n<h3 class=\"wp-block-heading\">Aspirant i Utenriksdepartementet  <\/h3>\n<\/div>\n\n\n\n<div class=\"wp-block-column is-layout-flow wp-block-column-is-layout-flow\" style=\"flex-basis:33.33%\"><\/div>\n<\/div>\n\n\n\n<div class=\"wp-block-buttons is-layout-flex wp-block-buttons-is-layout-flex\">\n<div class=\"wp-block-button\"><a class=\"wp-block-button__link has-background wp-element-button\" href=\"https:\/\/teststeder.regjeringen.no\/jobbidepartementene\/mot-ansatte-i-departementene\/\" style=\"--border-color:#2b658c;border-radius:15px;background-color:#2b658c\">Les om andre ansatte<\/a><\/div>\n<\/div>\n<\/div><\/div>\n\n\n\n<h2 class=\"wp-block-heading\"><strong>Bakgrunn<\/strong><\/h2>\n\n\n\n<p>Jeg er utdannet jurist med en master i rettsvitenskap fra Universitetet i Oslo. I tillegg har jeg en bachelorgrad i sammenliknende politikk fra Universitetet i Bergen og en mastergrad i Dispute and Conflict Resolution fra SOAS University of London. I l\u00f8pet av studietiden var jeg studentpraktikant ved den norske ambassaden i Bangkok, noe som ga mersmak for en fremtidig jobb i departementet. Etter studiene jobbet jeg med rettshjelp for flyktninger og deretter i Likestillings- og diskrimineringsombudet. Jeg begynte i Utenriksdepartementet fordi jeg \u00f8nsker \u00e5 bruke min bakgrunn til bidra til Norges viktige arbeid for en inkluderende, likestilt og rettighetsbasert verden.<br><\/p>\n\n\n\n<h2 class=\"wp-block-heading\"><strong>Min arbeidshverdag<\/strong><\/h2>\n\n\n\n<p>Min arbeidshverdag er variert og utrolig spennende. Det f\u00f8rste \u00e5ret i departementet jobbet jeg i seksjon for menneskerettigheter, demokrati og likestilling. Menneskerettighetene utgj\u00f8r selve grunnlaget for frihet, rettferdighet og fred i verden, og ligger i kjernen av norsk utenrikspolitikk. Sammen med dyktige kollegaer fikk jeg jobbe med likestilling internasjonalt, en av mine hjertesaker.&nbsp;<br><br>Akkurat n\u00e5 er jeg s\u00e5 heldig \u00e5 v\u00e6re en del av Utenriksdepartementets aspirantkurs. UDs aspirantkurs er et tre\u00e5rig trainee-program. De to f\u00f8rste \u00e5rene jobber vi i departementet i Oslo f\u00f8r vi flytter utenlands for \u00e5 tjenestegj\u00f8re ved en av Norges mange ambassader. Sammen med mine 15 aspirantkollegaer g\u00e5r vi n\u00e5 p\u00e5 et halvt \u00e5rs kurs der vi l\u00e6rer om norsk utenrikspolitikk, n\u00e6ringsliv, kulturliv og samfunnsliv. Vi har f\u00e5tt reise rundt i Norge for \u00e5 m\u00f8te norske kultur- og n\u00e6ringsakt\u00f8rer. I h\u00f8st m\u00f8tte vi blant annet Sysselmesteren p\u00e5 Svalbard, Sametinget, Troldhaugen, Raftostiftelsen, og fikk reise p\u00e5 tur til en oljeplattform.&nbsp;I tillegg til forelesninger om alt fra den norske velferdsmodellen til fremme av norsk kunst i utlandet, har vi blant annet blitt kurset i forhandlings- og presentasjonsteknikk. Vi f\u00e5r ogs\u00e5 omfattende spr\u00e5kundervisning som skal forberede oss p\u00e5 en jobb i utlandet. Jeg unner alle \u00e5 ta del i Utenriksdepartementets aspirantkurs. N\u00e5 ser jeg frem til bruke det jeg har l\u00e6rt p\u00e5 kurset i Seksjon for Midt\u00f8sten og Nord-Afrika f\u00f8r jeg reiser til min f\u00f8rste utenriksstasjon, ambassaden i Teheran, til h\u00f8sten.<br><br>Ps. Du kan ser mer fra v\u00e5r hverdag p\u00e5 aspirantkurset p\u00e5 instagram @udaspirantene.<br><\/p>\n\n\n\n<h2 class=\"wp-block-heading\">Bruk av faglig bakgrunn<\/h2>\n\n\n\n<p>Jeg bruker jussutdanningen min hele tiden. Det kan v\u00e6re alt fra \u00e5 forst\u00e5 internasjonale menneskerettighetsforpliktelser til \u00e5 besvare innsynsbegj\u00e6ringer. Men f\u00f8rst og fremst har studiene l\u00e6rt meg \u00e5 sette meg inn i kompliserte saker raskt, stole p\u00e5 egne vurderinger, og \u00e5 tilegne meg ny kunnskap. UD rekrutterer folk med ulik utdanning til tjenesten. Noe av det som gj\u00f8r jobben min i UD ekstra givende er \u00e5 f\u00e5 v\u00e6re kollega med og l\u00e6re av folk med forskjellige fagbakgrunner.<\/p>\n","protected":false},"excerpt":{"rendered":"<p>Bakgrunn Jeg er utdannet jurist med en master i rettsvitenskap fra Universitetet i Oslo. I tillegg har jeg en bachelorgrad i sammenliknende politikk fra Universitetet i Bergen og en mastergrad i Dispute and Conflict Resolution fra SOAS University of London. I l\u00f8pet av studietiden var jeg studentpraktikant ved den norske ambassaden i Bangkok, noe som\u2026<\/p>\n","protected":false},"author":3325,"featured_media":234,"parent":37,"menu_order":0,"comment_status":"closed","ping_status":"closed","template":"","meta":{"dss_simple_post_excerpt":"Jurist | Utenriksdepartementet ","dss_show_featured_image":false,"dss_show_title":true,"footnotes":""},"class_list":["post-233","page","type-page","status-publish","has-post-thumbnail","hentry"],"language":"nb-NO","_links":{"self":[{"href":"https:\/\/teststeder.regjeringen.no\/jobbidepartementene\/wp-json\/wp\/v2\/pages\/233","targetHints":{"allow":["GET"]}}],"collection":[{"href":"https:\/\/teststeder.regjeringen.no\/jobbidepartementene\/wp-json\/wp\/v2\/pages"}],"about":[{"href":"https:\/\/teststeder.regjeringen.no\/jobbidepartementene\/wp-json\/wp\/v2\/types\/page"}],"author":[{"embeddable":true,"href":"https:\/\/teststeder.regjeringen.no\/jobbidepartementene\/wp-json\/wp\/v2\/users\/3325"}],"replies":[{"embeddable":true,"href":"https:\/\/teststeder.regjeringen.no\/jobbidepartementene\/wp-json\/wp\/v2\/comments?post=233"}],"version-history":[{"count":2,"href":"https:\/\/teststeder.regjeringen.no\/jobbidepartementene\/wp-json\/wp\/v2\/pages\/233\/revisions"}],"predecessor-version":[{"id":373,"href":"https:\/\/teststeder.regjeringen.no\/jobbidepartementene\/wp-json\/wp\/v2\/pages\/233\/revisions\/373"}],"up":[{"embeddable":true,"href":"https:\/\/teststeder.regjeringen.no\/jobbidepartementene\/wp-json\/wp\/v2\/pages\/37"}],"wp:featuredmedia":[{"embeddable":true,"href":"https:\/\/teststeder.regjeringen.no\/jobbidepartementene\/wp-json\/wp\/v2\/media\/234"}],"wp:attachment":[{"href":"https:\/\/teststeder.regjeringen.no\/jobbidepartementene\/wp-json\/wp\/v2\/media?parent=233"}],"curies":[{"name":"wp","href":"https:\/\/api.w.org\/{rel}","templated":true}]}}