{"id":295,"date":"2024-01-08T13:51:03","date_gmt":"2024-01-08T12:51:03","guid":{"rendered":"https:\/\/nettsteder.regjeringen.no\/jobbidepartementene\/?page_id=295"},"modified":"2024-06-27T10:24:46","modified_gmt":"2024-06-27T08:24:46","slug":"inekristine","status":"publish","type":"page","link":"https:\/\/teststeder.regjeringen.no\/jobbidepartementene\/mot-ansatte-i-departementene\/inekristine\/","title":{"rendered":"Ine"},"content":{"rendered":"\n<div class=\"wp-block-media-text alignwide is-stacked-on-mobile is-image-fill has-background\" style=\"background-color:#dae3e8\"><figure class=\"wp-block-media-text__media\" style=\"background-image:url(https:\/\/files.teststeder.regjeringen.no\/wpuploads01\/sites\/556\/2024\/01\/INE.png);background-position:52% 33%\"><img loading=\"lazy\" decoding=\"async\" width=\"474\" height=\"580\" src=\"https:\/\/files.teststeder.regjeringen.no\/wpuploads01\/sites\/556\/2024\/01\/INE.png\" alt=\"\" class=\"wp-image-407 size-full\" srcset=\"https:\/\/files.teststeder.regjeringen.no\/wpuploads01\/sites\/556\/2024\/01\/INE.png 474w, https:\/\/files.teststeder.regjeringen.no\/wpuploads01\/sites\/556\/2024\/01\/INE-245x300.png 245w\" sizes=\"auto, (max-width: 474px) 100vw, 474px\" \/><\/figure><div class=\"wp-block-media-text__content\">\n<h2 class=\"wp-block-heading has-black-color has-text-color\">Ine  <\/h2>\n\n\n\n<div class=\"wp-block-columns is-layout-flex wp-container-core-columns-is-layout-9d6595d7 wp-block-columns-is-layout-flex\">\n<div class=\"wp-block-column is-layout-flow wp-block-column-is-layout-flow\" style=\"flex-basis:66.66%\"><p class=\"t2-ingress wp-block-t2-ingress\">Sivil\u00f8konom <\/p>\n\n\n<h4 class=\"wp-block-heading\">N\u00e6rings- og fiskeridepartementet <\/h4>\n<\/div>\n\n\n\n<div class=\"wp-block-column is-layout-flow wp-block-column-is-layout-flow\" style=\"flex-basis:33.33%\"><\/div>\n<\/div>\n\n\n\n<div class=\"wp-block-buttons is-layout-flex wp-block-buttons-is-layout-flex\">\n<div class=\"wp-block-button\"><a class=\"wp-block-button__link has-background wp-element-button\" href=\"https:\/\/teststeder.regjeringen.no\/jobbidepartementene\/mot-ansatte-i-departementene\/\" style=\"--border-color:#2b658c;border-radius:15px;background-color:#2b658c\">Les om andre ansatte<\/a><\/div>\n<\/div>\n\n\n\n<p><\/p>\n<\/div><\/div>\n\n\n\n<h3 class=\"wp-block-heading\">Bakgrunn <\/h3>\n\n\n\n<p>Jeg er sivil\u00f8konom med fordypning i samfunns\u00f8konomi, \u00e5rsstudium i statsvitenskap og bachelor i internasjonal markedsf\u00f8ring. F\u00f8r jeg ble ansatt i NFD har jeg v\u00e6rt praktikant p\u00e5 den amerikanske ambassade i Oslo og jobbet som analytiker i Menon Economics.<\/p>\n\n\n\n<h3 class=\"wp-block-heading\">Arbeidshverdag<\/h3>\n\n\n\n<p>Arbeidshverdagen i NFD er utrolig variert! N\u00e5 er jeg heldig og jobber med Norges handelsavtaler, s\u00e5 selv om jeg hovedsakelig jobber i Oslo, f\u00e5r jeg ogs\u00e5 jobbe mer eksotiske steder som Gen\u00e8ve og Bangkok. Det er skikkelig stas \u00e5 kunne kombinere typisk kontorarbeid som utarbeiding av instruks og rapportskriving, med forhandlinger ute i den store verden.<\/p>\n\n\n\n<p>Jeg syns det beste med \u00e5 jobbe i et departement er at jeg f\u00e5r v\u00e6re med p\u00e5 \u00e5 forme politikken og samfunnet, og at jeg f\u00e5r jobbe med dagsaktuelle hendelser og internasjonale forhold. Vi lever i en tid hvor vi st\u00e5r ovenfor store utfordringer med klimaendringer og \u00f8kende geopolitiske spenninger, og det \u00e5 f\u00e5 jobbe i et departement og s\u00e5nn f\u00e5 v\u00e6re med p\u00e5 \u00e5 finne innovative l\u00f8sninger i m\u00f8te med en usikker fremtid er helt r\u00e5tt, om du sp\u00f8r meg.<\/p>\n","protected":false},"excerpt":{"rendered":"<p>Bakgrunn Jeg er sivil\u00f8konom med fordypning i samfunns\u00f8konomi, \u00e5rsstudium i statsvitenskap og bachelor i internasjonal markedsf\u00f8ring. F\u00f8r jeg ble ansatt i NFD har jeg v\u00e6rt praktikant p\u00e5 den amerikanske ambassade i Oslo og jobbet som analytiker i Menon Economics. Arbeidshverdag Arbeidshverdagen i NFD er utrolig variert! N\u00e5 er jeg heldig og jobber med Norges handelsavtaler,\u2026<\/p>\n","protected":false},"author":3325,"featured_media":408,"parent":37,"menu_order":0,"comment_status":"closed","ping_status":"closed","template":"","meta":{"dss_simple_post_excerpt":"Sivil\u00f8konom | N\u00e6rings- og fiskeridepartementet","dss_show_featured_image":false,"dss_show_title":true,"footnotes":""},"class_list":["post-295","page","type-page","status-publish","has-post-thumbnail","hentry"],"language":"nb-NO","_links":{"self":[{"href":"https:\/\/teststeder.regjeringen.no\/jobbidepartementene\/wp-json\/wp\/v2\/pages\/295","targetHints":{"allow":["GET"]}}],"collection":[{"href":"https:\/\/teststeder.regjeringen.no\/jobbidepartementene\/wp-json\/wp\/v2\/pages"}],"about":[{"href":"https:\/\/teststeder.regjeringen.no\/jobbidepartementene\/wp-json\/wp\/v2\/types\/page"}],"author":[{"embeddable":true,"href":"https:\/\/teststeder.regjeringen.no\/jobbidepartementene\/wp-json\/wp\/v2\/users\/3325"}],"replies":[{"embeddable":true,"href":"https:\/\/teststeder.regjeringen.no\/jobbidepartementene\/wp-json\/wp\/v2\/comments?post=295"}],"version-history":[{"count":2,"href":"https:\/\/teststeder.regjeringen.no\/jobbidepartementene\/wp-json\/wp\/v2\/pages\/295\/revisions"}],"predecessor-version":[{"id":497,"href":"https:\/\/teststeder.regjeringen.no\/jobbidepartementene\/wp-json\/wp\/v2\/pages\/295\/revisions\/497"}],"up":[{"embeddable":true,"href":"https:\/\/teststeder.regjeringen.no\/jobbidepartementene\/wp-json\/wp\/v2\/pages\/37"}],"wp:featuredmedia":[{"embeddable":true,"href":"https:\/\/teststeder.regjeringen.no\/jobbidepartementene\/wp-json\/wp\/v2\/media\/408"}],"wp:attachment":[{"href":"https:\/\/teststeder.regjeringen.no\/jobbidepartementene\/wp-json\/wp\/v2\/media?parent=295"}],"curies":[{"name":"wp","href":"https:\/\/api.w.org\/{rel}","templated":true}]}}