{"id":311,"date":"2024-01-08T14:14:14","date_gmt":"2024-01-08T13:14:14","guid":{"rendered":"https:\/\/nettsteder.regjeringen.no\/jobbidepartementene\/?page_id=311"},"modified":"2024-01-10T14:58:52","modified_gmt":"2024-01-10T13:58:52","slug":"kjersti-konstanse","status":"publish","type":"page","link":"https:\/\/teststeder.regjeringen.no\/jobbidepartementene\/mot-ansatte-i-departementene\/kjersti-konstanse\/","title":{"rendered":"Kjersti Konstanse"},"content":{"rendered":"\n<div class=\"wp-block-media-text alignwide is-stacked-on-mobile has-background\" style=\"background-color:#dae3e8\"><figure class=\"wp-block-media-text__media\"><img loading=\"lazy\" decoding=\"async\" width=\"1024\" height=\"684\" src=\"https:\/\/files.teststeder.regjeringen.no\/wpuploads01\/sites\/556\/2024\/01\/karrieredagene-bilde-Kjersti-Konstanse-1024x684.jpg\" alt=\"\" class=\"wp-image-387 size-full\" srcset=\"https:\/\/files.teststeder.regjeringen.no\/wpuploads01\/sites\/556\/2024\/01\/karrieredagene-bilde-Kjersti-Konstanse-1024x684.jpg 1024w, https:\/\/files.teststeder.regjeringen.no\/wpuploads01\/sites\/556\/2024\/01\/karrieredagene-bilde-Kjersti-Konstanse-300x200.jpg 300w, https:\/\/files.teststeder.regjeringen.no\/wpuploads01\/sites\/556\/2024\/01\/karrieredagene-bilde-Kjersti-Konstanse-768x513.jpg 768w, https:\/\/files.teststeder.regjeringen.no\/wpuploads01\/sites\/556\/2024\/01\/karrieredagene-bilde-Kjersti-Konstanse-1536x1026.jpg 1536w, https:\/\/files.teststeder.regjeringen.no\/wpuploads01\/sites\/556\/2024\/01\/karrieredagene-bilde-Kjersti-Konstanse.jpg 1704w\" sizes=\"auto, (max-width: 1024px) 100vw, 1024px\" \/><\/figure><div class=\"wp-block-media-text__content\">\n<h2 class=\"wp-block-heading has-black-color has-text-color\">Kjersti Konstanse  <\/h2>\n\n\n\n<div class=\"wp-block-columns is-layout-flex wp-container-core-columns-is-layout-9d6595d7 wp-block-columns-is-layout-flex\">\n<div class=\"wp-block-column is-layout-flow wp-block-column-is-layout-flow\" style=\"flex-basis:66.66%\"><p class=\"t2-ingress wp-block-t2-ingress\">Jurist<\/p>\n\n\n<h4 class=\"wp-block-heading\">Barne- og familiedepartementet  <\/h4>\n<\/div>\n\n\n\n<div class=\"wp-block-column is-layout-flow wp-block-column-is-layout-flow\" style=\"flex-basis:33.33%\"><\/div>\n<\/div>\n\n\n\n<div class=\"wp-block-buttons is-layout-flex wp-block-buttons-is-layout-flex\">\n<div class=\"wp-block-button\"><a class=\"wp-block-button__link has-background wp-element-button\" href=\"https:\/\/teststeder.regjeringen.no\/jobbidepartementene\/mot-ansatte-i-departementene\/\" style=\"--border-color:#2b658c;border-radius:15px;background-color:#2b658c\">Les om andre ansatte<\/a><\/div>\n<\/div>\n\n\n\n<p><\/p>\n<\/div><\/div>\n\n\n\n<h3 class=\"wp-block-heading\">Bakgrunn<\/h3>\n\n\n\n<p>Jeg har en master i jus fra Universitetet i Oslo, hvor jeg tok barnerett p\u00e5 tredje\u00e5ret, og senere valgte emner innen formueretten, blant annet konkurs og pant. Jeg skrev masteroppgave om proformaoverdragelser, og jobbet deretter et dr\u00f8yt \u00e5r i et advokatfirma, f\u00f8r jeg bestemte meg for \u00e5 pr\u00f8ve noe litt annet \u2013 og fikk jobb i departementet.<\/p>\n\n\n\n<h3 class=\"wp-block-heading\">Min arbeidshverdag <\/h3>\n\n\n\n<p> \u00c5 jobbe i departementet inneb\u00e6rer \u00e5 v\u00e6re der det skjer hele tiden, og sakene omtales ofte i nyhetene samtidig som vi jobber med dem. Noen m\u00e5 h\u00e5ndteres raskt, for eksempel n\u00e5r barne- og familieministeren p\u00e5 kort varsel skal svare pressen p\u00e5 sp\u00f8rsm\u00e5l om utenlandsadopsjoner eller ha et m\u00f8te som vi m\u00e5 delta i. Samtidig har vi prosjekter som g\u00e5r over lengre tid \u2013 for eksempel jobber jeg for tiden mye med \u00e5 utrede hvordan den nye barneloven i Norge b\u00f8r v\u00e6re. I lovarbeidet leser og vurderer vi ulike norske og internasjonale rettskilder, forskning og innspill som har kommet inn til departementet, i tillegg til \u00e5 drive med skrivearbeid og faglige diskusjoner i teamet. \u00c5 jobbe med jussen i s\u00e5 ulike saker og p\u00e5 flere plan gir en veldig fin dynamikk i arbeidshverdagen. I tillegg h\u00e5ndterer seksjonen jeg jobber i mange internasjonale sp\u00f8rsm\u00e5l. Vi m\u00e5 ofte vurdere betydningen av menneskerettighetene og barns rettigheter etter barnekonvensjonen, og i tillegg er Norge, som alle vet, med i flere avtaler som krever b\u00e5de samarbeid og reisevirksomhet, blant annet E\u00d8S\/EFTA og Haag-samarbeidet, som handler om internasjonale barnesaker.<\/p>\n\n\n\n<h3 class=\"wp-block-heading\">Bruk av faglig bakgrunn <\/h3>\n\n\n\n<p>I alle saker kan det oppst\u00e5 b\u00e5de konkrete problemstillinger og overordnede rettslige sp\u00f8rsm\u00e5l som krever at vi g\u00e5r inn i rettskildene og gj\u00f8r vurderinger. P\u00e5 v\u00e5rt omr\u00e5de, og mange andre fagomr\u00e5der i departementene, m\u00e5 vi ogs\u00e5 vurdere Norges internasjonale forpliktelser, s\u00e6rlig rettighetssp\u00f8rsm\u00e5l. Jeg tror dessuten mange nyutdannede oppdager at man har f\u00e5tt mer allsidige ferdigheter enn det man kanskje trodde \u2013 i jussen er det sjeldent bare \u00e9n riktig m\u00e5te \u00e5 tenke p\u00e5, og evnen til \u00e5 se mange sider av en sak og finne nye innganger, er noe man i arbeidslivet og departementene f\u00e5r god bruk for og trening i.<\/p>\n\n\n\n<p> <\/p>\n\n\n\n<p><\/p>\n","protected":false},"excerpt":{"rendered":"<p>Bakgrunn Jeg har en master i jus fra Universitetet i Oslo, hvor jeg tok barnerett p\u00e5 tredje\u00e5ret, og senere valgte emner innen formueretten, blant annet konkurs og pant. Jeg skrev masteroppgave om proformaoverdragelser, og jobbet deretter et dr\u00f8yt \u00e5r i et advokatfirma, f\u00f8r jeg bestemte meg for \u00e5 pr\u00f8ve noe litt annet \u2013 og fikk\u2026<\/p>\n","protected":false},"author":3325,"featured_media":387,"parent":37,"menu_order":0,"comment_status":"closed","ping_status":"closed","template":"","meta":{"dss_simple_post_excerpt":"Jurist | Barne- og familiedepartementet","dss_show_featured_image":false,"dss_show_title":true,"footnotes":""},"class_list":["post-311","page","type-page","status-publish","has-post-thumbnail","hentry"],"language":"nb-NO","_links":{"self":[{"href":"https:\/\/teststeder.regjeringen.no\/jobbidepartementene\/wp-json\/wp\/v2\/pages\/311","targetHints":{"allow":["GET"]}}],"collection":[{"href":"https:\/\/teststeder.regjeringen.no\/jobbidepartementene\/wp-json\/wp\/v2\/pages"}],"about":[{"href":"https:\/\/teststeder.regjeringen.no\/jobbidepartementene\/wp-json\/wp\/v2\/types\/page"}],"author":[{"embeddable":true,"href":"https:\/\/teststeder.regjeringen.no\/jobbidepartementene\/wp-json\/wp\/v2\/users\/3325"}],"replies":[{"embeddable":true,"href":"https:\/\/teststeder.regjeringen.no\/jobbidepartementene\/wp-json\/wp\/v2\/comments?post=311"}],"version-history":[{"count":3,"href":"https:\/\/teststeder.regjeringen.no\/jobbidepartementene\/wp-json\/wp\/v2\/pages\/311\/revisions"}],"predecessor-version":[{"id":388,"href":"https:\/\/teststeder.regjeringen.no\/jobbidepartementene\/wp-json\/wp\/v2\/pages\/311\/revisions\/388"}],"up":[{"embeddable":true,"href":"https:\/\/teststeder.regjeringen.no\/jobbidepartementene\/wp-json\/wp\/v2\/pages\/37"}],"wp:featuredmedia":[{"embeddable":true,"href":"https:\/\/teststeder.regjeringen.no\/jobbidepartementene\/wp-json\/wp\/v2\/media\/387"}],"wp:attachment":[{"href":"https:\/\/teststeder.regjeringen.no\/jobbidepartementene\/wp-json\/wp\/v2\/media?parent=311"}],"curies":[{"name":"wp","href":"https:\/\/api.w.org\/{rel}","templated":true}]}}