{"id":317,"date":"2024-01-08T14:20:37","date_gmt":"2024-01-08T13:20:37","guid":{"rendered":"https:\/\/nettsteder.regjeringen.no\/jobbidepartementene\/?page_id=317"},"modified":"2024-01-16T10:25:28","modified_gmt":"2024-01-16T09:25:28","slug":"steinar","status":"publish","type":"page","link":"https:\/\/teststeder.regjeringen.no\/jobbidepartementene\/mot-ansatte-i-departementene\/steinar\/","title":{"rendered":"Steinar"},"content":{"rendered":"\n<div class=\"wp-block-media-text alignwide is-stacked-on-mobile is-image-fill has-background\" style=\"background-color:#dae3e8\"><figure class=\"wp-block-media-text__media\" style=\"background-image:url(https:\/\/files.teststeder.regjeringen.no\/wpuploads01\/sites\/556\/2024\/01\/Steinar2-801x1024.jpg);background-position:50% 50%\"><img loading=\"lazy\" decoding=\"async\" width=\"801\" height=\"1024\" src=\"https:\/\/files.teststeder.regjeringen.no\/wpuploads01\/sites\/556\/2024\/01\/Steinar2-801x1024.jpg\" alt=\"\" class=\"wp-image-422 size-full\" srcset=\"https:\/\/files.teststeder.regjeringen.no\/wpuploads01\/sites\/556\/2024\/01\/Steinar2-801x1024.jpg 801w, https:\/\/files.teststeder.regjeringen.no\/wpuploads01\/sites\/556\/2024\/01\/Steinar2-235x300.jpg 235w, https:\/\/files.teststeder.regjeringen.no\/wpuploads01\/sites\/556\/2024\/01\/Steinar2-768x982.jpg 768w, https:\/\/files.teststeder.regjeringen.no\/wpuploads01\/sites\/556\/2024\/01\/Steinar2-1202x1536.jpg 1202w, https:\/\/files.teststeder.regjeringen.no\/wpuploads01\/sites\/556\/2024\/01\/Steinar2-1602x2048.jpg 1602w, https:\/\/files.teststeder.regjeringen.no\/wpuploads01\/sites\/556\/2024\/01\/Steinar2-scaled.jpg 2003w\" sizes=\"auto, (max-width: 801px) 100vw, 801px\" \/><\/figure><div class=\"wp-block-media-text__content\">\n<h2 class=\"wp-block-heading has-black-color has-text-color\">Steinar <\/h2>\n\n\n\n<div class=\"wp-block-columns is-layout-flex wp-container-core-columns-is-layout-9d6595d7 wp-block-columns-is-layout-flex\">\n<div class=\"wp-block-column is-layout-flow wp-block-column-is-layout-flow\" style=\"flex-basis:66.66%\"><p class=\"t2-ingress wp-block-t2-ingress\">Statsviter<\/p>\n\n\n<h4 class=\"wp-block-heading\">Helse- og omsorgsdepartementet <\/h4>\n<\/div>\n\n\n\n<div class=\"wp-block-column is-layout-flow wp-block-column-is-layout-flow\" style=\"flex-basis:33.33%\"><\/div>\n<\/div>\n\n\n\n<div class=\"wp-block-buttons is-layout-flex wp-block-buttons-is-layout-flex\">\n<div class=\"wp-block-button\"><a class=\"wp-block-button__link has-background wp-element-button\" href=\"https:\/\/teststeder.regjeringen.no\/jobbidepartementene\/mot-ansatte-i-departementene\/\" style=\"--border-color:#2b658c;border-radius:15px;background-color:#2b658c\">Les om andre ansatte<\/a><\/div>\n<\/div>\n\n\n\n<p><\/p>\n<\/div><\/div>\n\n\n\n<h3 class=\"wp-block-heading\">Bakgrunn <\/h3>\n\n\n\n<p>Jeg har en bachelorgrad i idrettsvitenskap med folkehelse fra h\u00f8gskolen i Innlandet, en bachelorgrad i statsvitenskap og mastergrad i helseledelse og helse\u00f8konomi fra Universitetet i Oslo. Jeg startet f\u00f8rst i et internship i sekretariatet for Kvinnehelseutvalget i august 2022. Dette fikk jeg gjennom masterprogrammet p\u00e5 UiO. Der var jeg frem til mars 2023. Etter det s\u00f8kte jeg meg til Spesialisthelsetjenesteavdelingen, hvor jeg startet i august 2023. Grunnen til at jeg s\u00f8kte meg til departementet var et sterkt \u00f8nske om \u00e5 bidra til samfunnsutviklingen, spesielt p\u00e5 helsefeltet.<\/p>\n\n\n\n<h3 class=\"wp-block-heading\">Min arbeidshverdag<\/h3>\n\n\n\n<p>Arbeidshverdagen i Helse- og omsorgsdepartementet er veldig variert, og det er nok mye av grunnen til at jeg trives s\u00e5 godt som jeg gj\u00f8r. Jeg jobber hovedsakelig innenfor personellfeltet, og mer spesifikt med utdanning, spesialistutdanning og turnus i helsefagene. I tillegg jobber jeg en del med godkjenning og autorisasjon av helsepersonell fra EU\/E\u00d8S.<\/p>\n\n\n\n<p>Arbeidsoppgavene kan dreie seg om enkle ting som \u00e5 svare p\u00e5 henvendelser fra privatpersoner eller medier innenfor mine fagfelt, men det kan ogs\u00e5 v\u00e6re st\u00f8rre utredningsarbeid hvor man samarbeider p\u00e5 tvers av seksjoner, avdelinger og med andre departementer. Utredningene handler om \u00e5 belyse saker p\u00e5 en balansert og god m\u00e5te, slik at politikerne er godt opplyst om faglige konsekvenser av beslutningene de treffer. I det siste har jeg jobbet med en utredning om hvordan vi kan legge til rette for flere praksisplasser for studenter i ulike helsefag. Det blir ogs\u00e5 litt budsjettarbeid, oppf\u00f8lging av politiske beslutninger i regjering og Storting, samt styring av underliggende etater som for eksempel Helsedirektoratet. Etatsstyring skjer i hovedsak gjennom tildelingsbrev, oppdragsdokument og noe m\u00f8tevirksomhet. Man m\u00e5 v\u00e6re klar for \u00e5 bli kastet ut p\u00e5 dypt vann tidlig, men det gir virkelig rom for erfaringer som f\u00f8rer med seg mye l\u00e6ring og rask utvikling.<\/p>\n\n\n\n<h3 class=\"wp-block-heading\">Bruk av faglig bakgrunn <\/h3>\n\n\n\n<p>Som ansatt i et departement m\u00e5 man kunne fagfeltet sitt godt, slik at man kan dr\u00f8fte for og mot i mange forskjellige saker og gi faglig gode r\u00e5d til politikerne som skal fatte beslutninger. Men man l\u00e6rer mye underveis, og har alltid kolleger man kan sp\u00f8rre og samarbeide med. Det viktigste er derfor at man har et godt grunnlag fra utdanning eller tidligere jobberfaring, og interesse for fagfeltet. Det er mye samarbeid med mange ulike akt\u00f8rer. Jobben krever derfor at man tilegner seg god forst\u00e5else for politiske prosesser, og at man kan reflektere rundt hvilke roller og interesser de ulike akt\u00f8rene man jobber med har. Den samfunnsvitenskapelige bakgrunnen jeg har fra utdanningene f\u00e5r jeg spesielt bruk for n\u00e5r det gjelder \u00e5 se helheten i saker, og i dr\u00f8fting av saker som skal utredes. Jeg tror ogs\u00e5 at jeg drar god nytte av fag innenfor helseledelse og folkehelse, som bidrar til at jeg lettere forst\u00e5r de hvordan helsetjenesten henger sammen. Noe \u00f8konomisk forst\u00e5else er nok heller ikke dumt dersom man skal jobbe i et departement, da det meste vi driver med er bundet sammen av statsbudsjettet.<\/p>\n\n\n\n<p><\/p>\n\n\n\n<p><\/p>\n","protected":false},"excerpt":{"rendered":"<p>Bakgrunn Jeg har en bachelorgrad i idrettsvitenskap med folkehelse fra h\u00f8gskolen i Innlandet, en bachelorgrad i statsvitenskap og mastergrad i helseledelse og helse\u00f8konomi fra Universitetet i Oslo. Jeg startet f\u00f8rst i et internship i sekretariatet for Kvinnehelseutvalget i august 2022. Dette fikk jeg gjennom masterprogrammet p\u00e5 UiO. Der var jeg frem til mars 2023. Etter\u2026<\/p>\n","protected":false},"author":3325,"featured_media":382,"parent":37,"menu_order":0,"comment_status":"closed","ping_status":"closed","template":"","meta":{"dss_simple_post_excerpt":"Statsviter | Helse- og omsorgsdepartementet ","dss_show_featured_image":false,"dss_show_title":true,"footnotes":""},"class_list":["post-317","page","type-page","status-publish","has-post-thumbnail","hentry"],"language":"nb-NO","_links":{"self":[{"href":"https:\/\/teststeder.regjeringen.no\/jobbidepartementene\/wp-json\/wp\/v2\/pages\/317","targetHints":{"allow":["GET"]}}],"collection":[{"href":"https:\/\/teststeder.regjeringen.no\/jobbidepartementene\/wp-json\/wp\/v2\/pages"}],"about":[{"href":"https:\/\/teststeder.regjeringen.no\/jobbidepartementene\/wp-json\/wp\/v2\/types\/page"}],"author":[{"embeddable":true,"href":"https:\/\/teststeder.regjeringen.no\/jobbidepartementene\/wp-json\/wp\/v2\/users\/3325"}],"replies":[{"embeddable":true,"href":"https:\/\/teststeder.regjeringen.no\/jobbidepartementene\/wp-json\/wp\/v2\/comments?post=317"}],"version-history":[{"count":3,"href":"https:\/\/teststeder.regjeringen.no\/jobbidepartementene\/wp-json\/wp\/v2\/pages\/317\/revisions"}],"predecessor-version":[{"id":426,"href":"https:\/\/teststeder.regjeringen.no\/jobbidepartementene\/wp-json\/wp\/v2\/pages\/317\/revisions\/426"}],"up":[{"embeddable":true,"href":"https:\/\/teststeder.regjeringen.no\/jobbidepartementene\/wp-json\/wp\/v2\/pages\/37"}],"wp:featuredmedia":[{"embeddable":true,"href":"https:\/\/teststeder.regjeringen.no\/jobbidepartementene\/wp-json\/wp\/v2\/media\/382"}],"wp:attachment":[{"href":"https:\/\/teststeder.regjeringen.no\/jobbidepartementene\/wp-json\/wp\/v2\/media?parent=317"}],"curies":[{"name":"wp","href":"https:\/\/api.w.org\/{rel}","templated":true}]}}