{"id":324,"date":"2024-01-08T14:31:26","date_gmt":"2024-01-08T13:31:26","guid":{"rendered":"https:\/\/nettsteder.regjeringen.no\/jobbidepartementene\/?page_id=324"},"modified":"2024-01-22T16:13:00","modified_gmt":"2024-01-22T15:13:00","slug":"mari","status":"publish","type":"page","link":"https:\/\/teststeder.regjeringen.no\/jobbidepartementene\/mot-ansatte-i-departementene\/mari\/","title":{"rendered":"Mari"},"content":{"rendered":"\n<div class=\"wp-block-media-text alignwide is-stacked-on-mobile is-image-fill has-background\" style=\"background-color:#dae3e8\"><figure class=\"wp-block-media-text__media\" style=\"background-image:url(https:\/\/files.teststeder.regjeringen.no\/wpuploads01\/sites\/556\/2024\/01\/MariGrondahl-1024x683.jpg);background-position:50% 50%\"><img loading=\"lazy\" decoding=\"async\" width=\"1024\" height=\"683\" src=\"https:\/\/files.teststeder.regjeringen.no\/wpuploads01\/sites\/556\/2024\/01\/MariGrondahl-1024x683.jpg\" alt=\"\" class=\"wp-image-325 size-full\" srcset=\"https:\/\/files.teststeder.regjeringen.no\/wpuploads01\/sites\/556\/2024\/01\/MariGrondahl-1024x683.jpg 1024w, https:\/\/files.teststeder.regjeringen.no\/wpuploads01\/sites\/556\/2024\/01\/MariGrondahl-300x200.jpg 300w, https:\/\/files.teststeder.regjeringen.no\/wpuploads01\/sites\/556\/2024\/01\/MariGrondahl-768x512.jpg 768w, https:\/\/files.teststeder.regjeringen.no\/wpuploads01\/sites\/556\/2024\/01\/MariGrondahl-1536x1024.jpg 1536w, https:\/\/files.teststeder.regjeringen.no\/wpuploads01\/sites\/556\/2024\/01\/MariGrondahl-2048x1365.jpg 2048w\" sizes=\"auto, (max-width: 1024px) 100vw, 1024px\" \/><\/figure><div class=\"wp-block-media-text__content\">\n<h2 class=\"wp-block-heading has-black-color has-text-color\">Mari  <\/h2>\n\n\n\n<div class=\"wp-block-columns is-layout-flex wp-container-core-columns-is-layout-9d6595d7 wp-block-columns-is-layout-flex\">\n<div class=\"wp-block-column is-layout-flow wp-block-column-is-layout-flow\" style=\"flex-basis:66.66%\"><p class=\"t2-ingress wp-block-t2-ingress\">Sivil\u00f8konom<\/p>\n\n\n<h3 class=\"wp-block-heading\">Energidepartementet<\/h3>\n<\/div>\n\n\n\n<div class=\"wp-block-column is-layout-flow wp-block-column-is-layout-flow\" style=\"flex-basis:33.33%\"><\/div>\n<\/div>\n\n\n\n<div class=\"wp-block-buttons is-layout-flex wp-block-buttons-is-layout-flex\">\n<div class=\"wp-block-button\"><a class=\"wp-block-button__link has-background wp-element-button\" href=\"https:\/\/teststeder.regjeringen.no\/jobbidepartementene\/mot-ansatte-i-departementene\/\" style=\"--border-color:#2b658c;border-radius:15px;background-color:#2b658c\">Les om andre ansatte<\/a><\/div>\n<\/div>\n\n\n\n<p><\/p>\n<\/div><\/div>\n\n\n\n<h3 class=\"wp-block-heading\">Bakgrunn <\/h3>\n\n\n\n<p>Jeg fullf\u00f8rte en bachelor i \u00f8konomi og administrasjon ved OsloMet sommeren 2021, og ble sommeren 2023 ferdigutdannet sivil\u00f8konom med spesialisering i samfunns\u00f8konomi fra Handelsh\u00f8yskolen BI. Tidligere har jeg jobbet i Norges Bank Kunnskapssenter og som studentassistent p\u00e5 OsloMet. Etter masteroppgaven var levert startet jeg som f\u00f8rstekonsulent i seksjon for marked, analyse og infrastruktur i olje- og gassavdelingen. Jeg s\u00f8kte meg til Energidepartementet fordi jeg \u00f8nsket \u00e5 arbeide med h\u00f8yaktuelle problemstillinger i et sterkt faglig milj\u00f8. Min tidligere jobb i Norges Bank vekket en interesse for kombinasjonen mellom \u00f8konomi og politikk, noe jeg f\u00e5r mulighet til \u00e5 jobbe videre med i departementet.<\/p>\n\n\n\n<h3 class=\"wp-block-heading\">Min arbeidshverdag <\/h3>\n\n\n\n<p>Det er en spennende tid \u00e5 jobbe med petroleumsmarkedet. Da jeg begynte i departementet var markedene preget av at vi nettopp hadde v\u00e6rt gjennom en pandemi, krig i Europa, str\u00f8mkrise, og mye mer. Fra og med f\u00f8rste arbeidsdag fikk jeg erfare hvor fartsfylt hverdagen i departementet er.<\/p>\n\n\n\n<p>Arbeidsoppgavene mine er i stor grad knyttet til gass, gjennom \u00e5 levere markedsoppdateringer til politisk ledelse, levere gassprisprognoser til nasjonalbudsjettet og arbeide med diverse problemstillinger tilknyttet gassinfrastrukturen p\u00e5 norsk sokkel. I tillegg jobber jeg med E\u00d8S-regelverk som er relevant for gassvirksomheten. Petroleumsmarkedet st\u00e5r aldri stille, og det er viktig \u00e5 stadig holde seg oppdatert p\u00e5 petroleumsmarkedet gjennom \u00e5 lese og analysere data.<\/p>\n\n\n\n<h3 class=\"wp-block-heading\">Bruk av faglig bakgrunn<\/h3>\n\n\n\n<p>Som sivil\u00f8konom har jeg en bred bakgrunn med b\u00e5de samfunns\u00f8konomiske og bedrifts\u00f8konomiske kunnskaper som gir meg godt grunnlag for \u00e5 jobbe med markedsanalyser. Utdanningen min legger til grunn at jeg skal ha en samfunns\u00f8konomisk og analytisk tiln\u00e6rming til problemstillinger, samtidig som at jeg kan ta enkelte bedrifters synspunkt i betraktning. Jeg bruker daglig datakunnskaper l\u00e6rt gjennom studiet til \u00e5 analysere og visualisere data, som skal struktureres og formidles p\u00e5 en hensiktsmessig m\u00e5te. Formidlingskunnskapene jeg har tatt med fra studiet har v\u00e6rt nyttige fra f\u00f8rste arbeidsdag, da store deler av arbeidet er skriftlige leveranser, i tillegg til noen muntlige leveranser i form av presentasjoner.<\/p>\n","protected":false},"excerpt":{"rendered":"<p>Bakgrunn Jeg fullf\u00f8rte en bachelor i \u00f8konomi og administrasjon ved OsloMet sommeren 2021, og ble sommeren 2023 ferdigutdannet sivil\u00f8konom med spesialisering i samfunns\u00f8konomi fra Handelsh\u00f8yskolen BI. Tidligere har jeg jobbet i Norges Bank Kunnskapssenter og som studentassistent p\u00e5 OsloMet. Etter masteroppgaven var levert startet jeg som f\u00f8rstekonsulent i seksjon for marked, analyse og infrastruktur i\u2026<\/p>\n","protected":false},"author":3325,"featured_media":326,"parent":37,"menu_order":0,"comment_status":"closed","ping_status":"closed","template":"","meta":{"dss_simple_post_excerpt":"Sivil\u00f8konom | Energidepartementet ","dss_show_featured_image":false,"dss_show_title":true,"footnotes":""},"class_list":["post-324","page","type-page","status-publish","has-post-thumbnail","hentry"],"language":"nb-NO","_links":{"self":[{"href":"https:\/\/teststeder.regjeringen.no\/jobbidepartementene\/wp-json\/wp\/v2\/pages\/324","targetHints":{"allow":["GET"]}}],"collection":[{"href":"https:\/\/teststeder.regjeringen.no\/jobbidepartementene\/wp-json\/wp\/v2\/pages"}],"about":[{"href":"https:\/\/teststeder.regjeringen.no\/jobbidepartementene\/wp-json\/wp\/v2\/types\/page"}],"author":[{"embeddable":true,"href":"https:\/\/teststeder.regjeringen.no\/jobbidepartementene\/wp-json\/wp\/v2\/users\/3325"}],"replies":[{"embeddable":true,"href":"https:\/\/teststeder.regjeringen.no\/jobbidepartementene\/wp-json\/wp\/v2\/comments?post=324"}],"version-history":[{"count":3,"href":"https:\/\/teststeder.regjeringen.no\/jobbidepartementene\/wp-json\/wp\/v2\/pages\/324\/revisions"}],"predecessor-version":[{"id":463,"href":"https:\/\/teststeder.regjeringen.no\/jobbidepartementene\/wp-json\/wp\/v2\/pages\/324\/revisions\/463"}],"up":[{"embeddable":true,"href":"https:\/\/teststeder.regjeringen.no\/jobbidepartementene\/wp-json\/wp\/v2\/pages\/37"}],"wp:featuredmedia":[{"embeddable":true,"href":"https:\/\/teststeder.regjeringen.no\/jobbidepartementene\/wp-json\/wp\/v2\/media\/326"}],"wp:attachment":[{"href":"https:\/\/teststeder.regjeringen.no\/jobbidepartementene\/wp-json\/wp\/v2\/media?parent=324"}],"curies":[{"name":"wp","href":"https:\/\/api.w.org\/{rel}","templated":true}]}}