{"id":330,"date":"2024-01-08T14:43:09","date_gmt":"2024-01-08T13:43:09","guid":{"rendered":"https:\/\/nettsteder.regjeringen.no\/jobbidepartementene\/?page_id=330"},"modified":"2024-01-09T15:36:32","modified_gmt":"2024-01-09T14:36:32","slug":"sofie","status":"publish","type":"page","link":"https:\/\/teststeder.regjeringen.no\/jobbidepartementene\/mot-ansatte-i-departementene\/sofie\/","title":{"rendered":"Sofie"},"content":{"rendered":"\n<div class=\"wp-block-media-text alignwide is-stacked-on-mobile is-image-fill has-background\" style=\"background-color:#dae3e8\"><figure class=\"wp-block-media-text__media\" style=\"background-image:url(https:\/\/files.teststeder.regjeringen.no\/wpuploads01\/sites\/556\/2024\/01\/Sofie-1024x576.jpg);background-position:50% 50%\"><img loading=\"lazy\" decoding=\"async\" width=\"1024\" height=\"576\" src=\"https:\/\/files.teststeder.regjeringen.no\/wpuploads01\/sites\/556\/2024\/01\/Sofie-1024x576.jpg\" alt=\"\" class=\"wp-image-377 size-full\" srcset=\"https:\/\/files.teststeder.regjeringen.no\/wpuploads01\/sites\/556\/2024\/01\/Sofie-1024x576.jpg 1024w, https:\/\/files.teststeder.regjeringen.no\/wpuploads01\/sites\/556\/2024\/01\/Sofie-300x169.jpg 300w, https:\/\/files.teststeder.regjeringen.no\/wpuploads01\/sites\/556\/2024\/01\/Sofie-768x432.jpg 768w, https:\/\/files.teststeder.regjeringen.no\/wpuploads01\/sites\/556\/2024\/01\/Sofie-1536x864.jpg 1536w, https:\/\/files.teststeder.regjeringen.no\/wpuploads01\/sites\/556\/2024\/01\/Sofie-2048x1152.jpg 2048w, https:\/\/files.teststeder.regjeringen.no\/wpuploads01\/sites\/556\/2024\/01\/Sofie-1200x675.jpg 1200w\" sizes=\"auto, (max-width: 1024px) 100vw, 1024px\" \/><\/figure><div class=\"wp-block-media-text__content\">\n<h2 class=\"wp-block-heading has-black-color has-text-color\">Sofie  <\/h2>\n\n\n\n<div class=\"wp-block-columns is-layout-flex wp-container-core-columns-is-layout-9d6595d7 wp-block-columns-is-layout-flex\">\n<div class=\"wp-block-column is-layout-flow wp-block-column-is-layout-flow\" style=\"flex-basis:66.66%\"><p class=\"t2-ingress wp-block-t2-ingress\">Jurist  <\/p>\n\n\n<h3 class=\"wp-block-heading\">Samferdselsdepartementet<\/h3>\n<\/div>\n\n\n\n<div class=\"wp-block-column is-layout-flow wp-block-column-is-layout-flow\" style=\"flex-basis:33.33%\"><\/div>\n<\/div>\n\n\n\n<div class=\"wp-block-buttons is-layout-flex wp-block-buttons-is-layout-flex\">\n<div class=\"wp-block-button\"><a class=\"wp-block-button__link has-background wp-element-button\" href=\"https:\/\/teststeder.regjeringen.no\/jobbidepartementene\/mot-ansatte-i-departementene\/\" style=\"--border-color:#2b658c;border-radius:15px;background-color:#2b658c\">Les om andre ansatte<\/a><\/div>\n<\/div>\n\n\n\n<p><\/p>\n<\/div><\/div>\n\n\n\n<h3 class=\"wp-block-heading\">Bakgrunn <\/h3>\n\n\n\n<p>Jeg har en bachelorgrad fra H\u00f8gskolen i Innlandet, og en mastergrad i rettsvitenskap fra Universitetet i Bergen.&nbsp;<\/p>\n\n\n\n<p>Min f\u00f8rste arbeidsplass etter studiet var i Oslo kommune. Jeg var ansatt i Velferdsetaten hvor jeg blant annet behandlet klagesaker om handicap-parkering (HC-kort) og tilrettelagt transport (TT).&nbsp;<\/p>\n\n\n\n<p>N\u00e5r vikariatet mitt n\u00e6rmet seg slutten dukket denne stillingen i Samferdselsdepartementet opp. Veiseksjonen fanget min interesse da den s\u00e6rlig ga meg muligheten til \u00e5 arbeide med flere av de juridiske omr\u00e5dene jeg interesserer meg for, som for eksempel plan- og bygningsrett som jeg ogs\u00e5 har erfaring med fra en deltidsjobb hos Statsforvalteren.<\/p>\n\n\n\n<h3 class=\"wp-block-heading\">Min arbeidshverdag<\/h3>\n\n\n\n<p>Mine arbeidsdager er stort sett veldig varierte. Arbeidsdagen starter ofte p\u00e5 kontoret, hvor jeg gj\u00f8r alt fra \u00e5 skrive notater til politisk ledelse, skrive brev som svar p\u00e5 henvendelser fra enkeltpersoner, fylkeskommuner, Stortinget med mer. Jeg arbeider ogs\u00e5 med utredninger innenfor regelverksutvikling eller annet endringsarbeid.&nbsp;<\/p>\n\n\n\n<p>Dagen best\u00e5r som regel ogs\u00e5 av et par m\u00f8ter. B\u00e5de interne i departementet slik som med kollegaer eller med politisk ledelse, og eksterne slik som med andre departementer eller andre som har interesse i et m\u00f8te med departementet.&nbsp;<\/p>\n\n\n\n<p>I tillegg til dette blir man i SD oppmuntret til \u00e5 delta p\u00e5 aktuelle kurs og konferanser, som b\u00e5de bidrar til \u00e5 styrke faglig kompetanse, men ogs\u00e5 til \u00e5 knytte bekjentskap p\u00e5 tvers av arbeidsplasser.<\/p>\n\n\n\n<h3 class=\"wp-block-heading\">Bruk av faglig bakgrunn  <\/h3>\n\n\n\n<p>I Samferdselsdepartementet f\u00e5r man tillit og ansvar tidlig. Dette har gitt meg mulighet til \u00e5 teste ut den kompetansen jeg har tilegnet meg fra studiet og inn i den praktiske utf\u00f8relsen av jobben. Her f\u00e5r jeg jobbe tett p\u00e5 gode kollegaer som alltid er villige til \u00e5 ta en diskusjon om for eksempel hvordan veglova skal tolkes i et spesielt tilfelle.&nbsp;<\/p>\n\n\n\n<p>I tillegg til \u00e5 f\u00e5 brukt jussen, jobber man i et departement i skj\u00e6ringspunktet mellom juss og politikk. En f\u00e5r god innsikt i hvordan noe f\u00e5r gjennomslag politisk, og det er spennende \u00e5 f\u00e5 f\u00f8lge en sak fra ide til resultat, for eksempel en forskrift eller en endret lovbestemmelse.<\/p>\n","protected":false},"excerpt":{"rendered":"<p>Bakgrunn Jeg har en bachelorgrad fra H\u00f8gskolen i Innlandet, og en mastergrad i rettsvitenskap fra Universitetet i Bergen.&nbsp; Min f\u00f8rste arbeidsplass etter studiet var i Oslo kommune. Jeg var ansatt i Velferdsetaten hvor jeg blant annet behandlet klagesaker om handicap-parkering (HC-kort) og tilrettelagt transport (TT).&nbsp; N\u00e5r vikariatet mitt n\u00e6rmet seg slutten dukket denne stillingen i\u2026<\/p>\n","protected":false},"author":3325,"featured_media":377,"parent":37,"menu_order":0,"comment_status":"closed","ping_status":"closed","template":"","meta":{"dss_simple_post_excerpt":"Jurist | Samferdselsdepartementet","dss_show_featured_image":false,"dss_show_title":true,"footnotes":""},"class_list":["post-330","page","type-page","status-publish","has-post-thumbnail","hentry"],"language":"nb-NO","_links":{"self":[{"href":"https:\/\/teststeder.regjeringen.no\/jobbidepartementene\/wp-json\/wp\/v2\/pages\/330","targetHints":{"allow":["GET"]}}],"collection":[{"href":"https:\/\/teststeder.regjeringen.no\/jobbidepartementene\/wp-json\/wp\/v2\/pages"}],"about":[{"href":"https:\/\/teststeder.regjeringen.no\/jobbidepartementene\/wp-json\/wp\/v2\/types\/page"}],"author":[{"embeddable":true,"href":"https:\/\/teststeder.regjeringen.no\/jobbidepartementene\/wp-json\/wp\/v2\/users\/3325"}],"replies":[{"embeddable":true,"href":"https:\/\/teststeder.regjeringen.no\/jobbidepartementene\/wp-json\/wp\/v2\/comments?post=330"}],"version-history":[{"count":3,"href":"https:\/\/teststeder.regjeringen.no\/jobbidepartementene\/wp-json\/wp\/v2\/pages\/330\/revisions"}],"predecessor-version":[{"id":379,"href":"https:\/\/teststeder.regjeringen.no\/jobbidepartementene\/wp-json\/wp\/v2\/pages\/330\/revisions\/379"}],"up":[{"embeddable":true,"href":"https:\/\/teststeder.regjeringen.no\/jobbidepartementene\/wp-json\/wp\/v2\/pages\/37"}],"wp:featuredmedia":[{"embeddable":true,"href":"https:\/\/teststeder.regjeringen.no\/jobbidepartementene\/wp-json\/wp\/v2\/media\/377"}],"wp:attachment":[{"href":"https:\/\/teststeder.regjeringen.no\/jobbidepartementene\/wp-json\/wp\/v2\/media?parent=330"}],"curies":[{"name":"wp","href":"https:\/\/api.w.org\/{rel}","templated":true}]}}