{"id":499,"date":"2024-06-27T12:40:26","date_gmt":"2024-06-27T10:40:26","guid":{"rendered":"https:\/\/nettsteder.regjeringen.no\/jobbidepartementene\/?page_id=499"},"modified":"2024-09-26T12:57:07","modified_gmt":"2024-09-26T10:57:07","slug":"urike","status":"publish","type":"page","link":"https:\/\/teststeder.regjeringen.no\/jobbidepartementene\/mot-ansatte-i-departementene\/urike\/","title":{"rendered":"Ulrike"},"content":{"rendered":"\n<div class=\"wp-block-media-text alignwide is-stacked-on-mobile is-image-fill has-background\" style=\"background-color:#dae3e8\"><figure class=\"wp-block-media-text__media\" style=\"background-image:url(https:\/\/files.teststeder.regjeringen.no\/wpuploads01\/sites\/556\/2024\/06\/Ulrike-karrieredager-1021x1024.jpeg);background-position:50% 50%\"><img loading=\"lazy\" decoding=\"async\" width=\"1021\" height=\"1024\" src=\"https:\/\/files.teststeder.regjeringen.no\/wpuploads01\/sites\/556\/2024\/06\/Ulrike-karrieredager-1021x1024.jpeg\" alt=\"\" class=\"wp-image-504 size-full\" srcset=\"https:\/\/files.teststeder.regjeringen.no\/wpuploads01\/sites\/556\/2024\/06\/Ulrike-karrieredager-1021x1024.jpeg 1021w, https:\/\/files.teststeder.regjeringen.no\/wpuploads01\/sites\/556\/2024\/06\/Ulrike-karrieredager-300x300.jpeg 300w, https:\/\/files.teststeder.regjeringen.no\/wpuploads01\/sites\/556\/2024\/06\/Ulrike-karrieredager-150x150.jpeg 150w, https:\/\/files.teststeder.regjeringen.no\/wpuploads01\/sites\/556\/2024\/06\/Ulrike-karrieredager-768x770.jpeg 768w, https:\/\/files.teststeder.regjeringen.no\/wpuploads01\/sites\/556\/2024\/06\/Ulrike-karrieredager-1532x1536.jpeg 1532w, https:\/\/files.teststeder.regjeringen.no\/wpuploads01\/sites\/556\/2024\/06\/Ulrike-karrieredager-2042x2048.jpeg 2042w\" sizes=\"auto, (max-width: 1021px) 100vw, 1021px\" \/><\/figure><div class=\"wp-block-media-text__content\">\n<h2 class=\"wp-block-heading has-black-color has-text-color\">Ulrike  <\/h2>\n\n\n\n<div class=\"wp-block-columns is-layout-flex wp-container-core-columns-is-layout-9d6595d7 wp-block-columns-is-layout-flex\">\n<div class=\"wp-block-column is-layout-flow wp-block-column-is-layout-flow\" style=\"flex-basis:66.66%\"><p class=\"t2-ingress wp-block-t2-ingress\">Jurist <\/p>\n\n\n<h4 class=\"wp-block-heading\">Arbeids- og inkluderingsdepartementet<\/h4>\n<\/div>\n\n\n\n<div class=\"wp-block-column is-layout-flow wp-block-column-is-layout-flow\" style=\"flex-basis:33.33%\"><\/div>\n<\/div>\n\n\n\n<div class=\"wp-block-buttons is-layout-flex wp-block-buttons-is-layout-flex\">\n<div class=\"wp-block-button\"><a class=\"wp-block-button__link has-background wp-element-button\" href=\"https:\/\/teststeder.regjeringen.no\/jobbidepartementene\/mot-ansatte-i-departementene\/\" style=\"--border-color:#2b658c;border-radius:15px;background-color:#2b658c\">Les om andre ansatte<\/a><\/div>\n<\/div>\n\n\n\n<p><\/p>\n<\/div><\/div>\n\n\n\n<p style=\"font-size:clamp(14px, 0.875rem + ((1vw - 3.2px) * 0.741), 20px);\"><strong>Bakgrunn<\/strong><\/p>\n\n\n\n<p>Jeg er utdannet jurist fra Universitetet i Oslo, og fullf\u00f8rte studiet v\u00e5ren 2018. Under studiene hadde jeg flere trainee-opphold i forskjellige advokatfirmaer og startet som advokatfullmektig i advokatfirmaet Wiersholm etter endt studie. Der jobbet jeg i fire \u00e5r med arbeidsrett, f\u00f8r jeg s\u00f8kte meg videre til Arbeids- og inkluderingsdepartementet fordi jeg var nysgjerrig p\u00e5 hvordan det er \u00e5 jobbe i skj\u00e6ringspunktet mellom politikk og jus\/regelverksutvikling i et departement.&nbsp;<\/p>\n\n\n\n<p style=\"font-size:clamp(14px, 0.875rem + ((1vw - 3.2px) * 0.741), 20px);\"><strong>Min arbeidshverdag<\/strong><\/p>\n\n\n\n<p>Arbeidshverdagen min er variert, spennende og ikke minst veldig hyggelig! Jeg jobber i arbeidsmilj\u00f8- og sikkerhetsavdelingen, som blant annet har ansvaret for arbeidsmilj\u00f8loven, ferieloven og tilh\u00f8rende forskrifter. \u00c5 jobbe med arbeidsrett i et departement inneb\u00e6rer at vi sitter tett p\u00e5 dagsaktuelle problemstillinger som ofte omtales i media, noe som oppleves veldig meningsfylt og spennende i seg selv.<\/p>\n\n\n\n<p>Arbeidsoppgavene kan best\u00e5 i alt fra mer langsiktige prosjekter slik som utredningsarbeid og utarbeidelse av lovproposisjoner, til mindre oppgaver med kortere tidsperspektiv slik som arbeid med ulike bestillinger fra politisk ledelse, besvarelse av sp\u00f8rsm\u00e5l om regelverket fra privatpersoner eller virksomheter, eller besvarelse av sp\u00f8rsm\u00e5l eller representantforslag fra Stortinget. De ulike oppgavene gir mulighet til \u00e5 arbeide b\u00e5de selvstendig og i team. En vanlig arbeidsuke kan derfor variere mellom konsentrasjonsarbeid p\u00e5 eget kontor til dager med mye m\u00f8tevirksomhet og faglige diskusjoner. Denne variasjonen gj\u00f8r at arbeidshverdagen sjelden er kjedelig og ukene flyr!<\/p>\n\n\n\n<p>EU\/E\u00d8S-feltet og internasjonale saker for \u00f8vrig er ogs\u00e5 et viktig arbeidsomr\u00e5de for avdelingen, og vi h\u00e5ndterer derfor ogs\u00e5 en rekke saker og sp\u00f8rsm\u00e5l av internasjonal karakter. Dette byr p\u00e5 spennende vurderinger knyttet til blant annet implementering, samarbeid med andre avdelinger og departementer, samt reisevirksomhet.<\/p>\n\n\n\n<p>Til sist vil jeg ogs\u00e5 trekke frem det gode arbeidsmilj\u00f8et i avdelingen og rause kolleger som gjerne deltar i faglige diskusjoner og deler kunnskap og erfaringer. Vi har ogs\u00e5 egne interne faggrupper som har jevnlige m\u00f8ter for \u00e5 diskutere aktuelle saker og rettssp\u00f8rsm\u00e5l. Dette gj\u00f8r at man b\u00e5de f\u00e5r utvekslet nyttige erfaringer og f\u00e5r muligheten til \u00e5 holde seg oppdatert p\u00e5 andre saker enn de man selv jobber med.&nbsp;<\/p>\n\n\n\n<p style=\"font-size:clamp(14px, 0.875rem + ((1vw - 3.2px) * 0.741), 20px);\"><strong>Bruk av faglig bakgrunn<\/strong><\/p>\n\n\n\n<p>Som jurist i departementet jobber jeg daglig med rettslige problemstillinger og sp\u00f8rsm\u00e5l som forutsetter at man anvender juridisk metode og gj\u00f8r dypdykk i gjeldende rettskilder. Dette gjelder b\u00e5de n\u00e5r man jobber med st\u00f8rre og mer langsiktige oppgaver, slik som utredningsarbeid og lovproposisjoner, men ogs\u00e5 i mindre saker hvor det kan oppst\u00e5 rettslig sp\u00f8rsm\u00e5l som man m\u00e5 ta stilling til. Jeg vil derfor si at man f\u00e5r god mulighet til \u00e5 anvende sin faglige bakgrunn som jurist i AID.<\/p>\n","protected":false},"excerpt":{"rendered":"<p>Bakgrunn Jeg er utdannet jurist fra Universitetet i Oslo, og fullf\u00f8rte studiet v\u00e5ren 2018. Under studiene hadde jeg flere trainee-opphold i forskjellige advokatfirmaer og startet som advokatfullmektig i advokatfirmaet Wiersholm etter endt studie. Der jobbet jeg i fire \u00e5r med arbeidsrett, f\u00f8r jeg s\u00f8kte meg videre til Arbeids- og inkluderingsdepartementet fordi jeg var nysgjerrig p\u00e5\u2026<\/p>\n","protected":false},"author":3352,"featured_media":504,"parent":37,"menu_order":0,"comment_status":"closed","ping_status":"closed","template":"","meta":{"dss_simple_post_excerpt":"Jurist | Arbeids- og inkluderingsdepartementet","dss_show_featured_image":false,"dss_show_title":true,"footnotes":""},"class_list":["post-499","page","type-page","status-publish","has-post-thumbnail","hentry"],"language":"nb-NO","_links":{"self":[{"href":"https:\/\/teststeder.regjeringen.no\/jobbidepartementene\/wp-json\/wp\/v2\/pages\/499","targetHints":{"allow":["GET"]}}],"collection":[{"href":"https:\/\/teststeder.regjeringen.no\/jobbidepartementene\/wp-json\/wp\/v2\/pages"}],"about":[{"href":"https:\/\/teststeder.regjeringen.no\/jobbidepartementene\/wp-json\/wp\/v2\/types\/page"}],"author":[{"embeddable":true,"href":"https:\/\/teststeder.regjeringen.no\/jobbidepartementene\/wp-json\/wp\/v2\/users\/3352"}],"replies":[{"embeddable":true,"href":"https:\/\/teststeder.regjeringen.no\/jobbidepartementene\/wp-json\/wp\/v2\/comments?post=499"}],"version-history":[{"count":3,"href":"https:\/\/teststeder.regjeringen.no\/jobbidepartementene\/wp-json\/wp\/v2\/pages\/499\/revisions"}],"predecessor-version":[{"id":510,"href":"https:\/\/teststeder.regjeringen.no\/jobbidepartementene\/wp-json\/wp\/v2\/pages\/499\/revisions\/510"}],"up":[{"embeddable":true,"href":"https:\/\/teststeder.regjeringen.no\/jobbidepartementene\/wp-json\/wp\/v2\/pages\/37"}],"wp:featuredmedia":[{"embeddable":true,"href":"https:\/\/teststeder.regjeringen.no\/jobbidepartementene\/wp-json\/wp\/v2\/media\/504"}],"wp:attachment":[{"href":"https:\/\/teststeder.regjeringen.no\/jobbidepartementene\/wp-json\/wp\/v2\/media?parent=499"}],"curies":[{"name":"wp","href":"https:\/\/api.w.org\/{rel}","templated":true}]}}