{"id":50,"date":"2023-11-13T14:28:12","date_gmt":"2023-11-13T13:28:12","guid":{"rendered":"https:\/\/nettsteder.regjeringen.no\/jobbidepartementene\/?page_id=50"},"modified":"2024-01-19T15:21:26","modified_gmt":"2024-01-19T14:21:26","slug":"ledige-stillinger","status":"publish","type":"page","link":"https:\/\/teststeder.regjeringen.no\/jobbidepartementene\/ledige-stillinger\/","title":{"rendered":"Ledige stillinger"},"content":{"rendered":"\n<div class=\"wp-block-cover alignfull is-light\" style=\"min-height:378px;aspect-ratio:unset;\"><span aria-hidden=\"true\" class=\"wp-block-cover__background has-background-dim-0 has-background-dim\"><\/span><img loading=\"lazy\" decoding=\"async\" width=\"2560\" height=\"1703\" class=\"wp-block-cover__image-background wp-image-196\" alt=\"\" src=\"https:\/\/files.teststeder.regjeringen.no\/wpuploads01\/sites\/556\/2023\/11\/glenn-carstens-peters-npxXWgQ33ZQ-unsplash-scaled.jpg\" style=\"object-position:54% 62%\" data-object-fit=\"cover\" data-object-position=\"54% 62%\" srcset=\"https:\/\/files.teststeder.regjeringen.no\/wpuploads01\/sites\/556\/2023\/11\/glenn-carstens-peters-npxXWgQ33ZQ-unsplash-scaled.jpg 2560w, https:\/\/files.teststeder.regjeringen.no\/wpuploads01\/sites\/556\/2023\/11\/glenn-carstens-peters-npxXWgQ33ZQ-unsplash-300x200.jpg 300w, https:\/\/files.teststeder.regjeringen.no\/wpuploads01\/sites\/556\/2023\/11\/glenn-carstens-peters-npxXWgQ33ZQ-unsplash-1024x681.jpg 1024w, https:\/\/files.teststeder.regjeringen.no\/wpuploads01\/sites\/556\/2023\/11\/glenn-carstens-peters-npxXWgQ33ZQ-unsplash-768x511.jpg 768w, https:\/\/files.teststeder.regjeringen.no\/wpuploads01\/sites\/556\/2023\/11\/glenn-carstens-peters-npxXWgQ33ZQ-unsplash-1536x1022.jpg 1536w, https:\/\/files.teststeder.regjeringen.no\/wpuploads01\/sites\/556\/2023\/11\/glenn-carstens-peters-npxXWgQ33ZQ-unsplash-2048x1363.jpg 2048w\" sizes=\"auto, (max-width: 2560px) 100vw, 2560px\" \/><div class=\"wp-block-cover__inner-container is-layout-constrained wp-block-cover-is-layout-constrained\">\n<div style=\"height:195px\" aria-hidden=\"true\" class=\"wp-block-spacer\"><\/div>\n\n\n\n<p class=\"has-text-align-center has-white-color has-text-color\" style=\"font-size:clamp(31.152px, 1.947rem + ((1vw - 3.2px) * 2.944), 55px);\"><strong>Ledige stillinger<\/strong><\/p>\n<\/div><\/div>\n\n\n<p class=\"t2-ingress wp-block-t2-ingress\">Som student eller nyutdannet er du velkommen til \u00e5 s\u00f8ke p\u00e5 stillinger som f\u00f8rstekonsulent (og ved enkelte departement r\u00e5dgiver).  <\/p>\n\n\n<p>Alle ledige stillinger lyses ut p\u00e5 <a href=\"https:\/\/www.regjeringen.no\/no\/aktuelt\/ledige-stillinger-i-departementene\/id451314\/\"><strong>Regjeringen.no<\/strong><\/a> og <a href=\"https:\/\/www.jobbnorge.no\/search\"><strong>jobbnorge.no<\/strong><\/a><\/p>\n\n\n\n<h3 class=\"wp-block-heading\">Oversikt over ledige stillinger i departementene<\/h3>\n\n\n<div class=\"wp-block-dss-jobbnorge__wrapper has-pagination wp-block-dss-jobbnorge\" aria-live=\"polite\" data-block-instance=\"jobbnorge-1-3412\" data-autoscroll-threshold=\"0.25\"><div class=\"jobbnorge-pagination-status screen-reader-text\" aria-live=\"polite\" role=\"status\" data-status-for=\"jobbnorge-1-3412\">Showing 1\u201310 of 43 jobs. Page 1 of 5.<\/div><ul class=\"wp-block-dss-jobbnorge is-grid columns-2\" data-attributes=\"{&quot;employerID&quot;:&quot;1981,1992,1980,2770,1989,1994,1986,1984,1985,1987,1996,1988,1982,1983,1995,1993,1991&quot;,&quot;displayEmployer&quot;:true,&quot;displayDate&quot;:true,&quot;displayDeadline&quot;:false,&quot;displayScope&quot;:false,&quot;displayExcerpt&quot;:true,&quot;excerptLength&quot;:55,&quot;blockLayout&quot;:&quot;grid&quot;,&quot;orderBy&quot;:&quot;Employer&quot;,&quot;columns&quot;:2,&quot;itemsToShow&quot;:100,&quot;enablePagination&quot;:true,&quot;jobsPerPage&quot;:10,&quot;disableAutoScroll&quot;:false,&quot;noJobsMessage&quot;:&quot;&quot;,&quot;instanceId&quot;:&quot;jobbnorge-1-3412&quot;}\"><li class=\"wp-block-dss-jobbnorge__item\"><div class=\"wp-block-dss-jobbnorge__item-title\"><a href=\"https:\/\/www.jobbnorge.no\/ledige-stillinger\/stilling\/301669\">Er du interessert i helsetryggleik og folkehelse? Vi s\u00f8kjer jurist til ei fast stilling\u00a0<\/a><\/div><div class=\"wp-block-dss-jobbnorge__item-meta\"><div class=\"wp-block-dss-jobbnorge__item-employer\">Arbeidsgiver: Helse- og omsorgsdepartementet<\/div><\/div><div class=\"wp-block-dss-jobbnorge__item-excerpt\">Fast stilling som f\u00f8rstekonsulent\/r\u00e5dgjevar\/seniorr\u00e5dgjevar i folkehelseavdelinga <a href=\"https:\/\/www.jobbnorge.no\/ledige-stillinger\/stilling\/301669\">Les mer<\/a><\/div><\/li><li class=\"wp-block-dss-jobbnorge__item\"><div class=\"wp-block-dss-jobbnorge__item-title\"><a href=\"https:\/\/www.jobbnorge.no\/ledige-stillinger\/stilling\/301421\">Fagdirekt\u00f8r<\/a><\/div><div class=\"wp-block-dss-jobbnorge__item-meta\"><div class=\"wp-block-dss-jobbnorge__item-employer\">Arbeidsgiver: Justis- og beredskapsdepartementet <\/div><\/div><div class=\"wp-block-dss-jobbnorge__item-excerpt\">Vil du ha en sentral rolle i arbeidet med \u00e5 styrke Norges innsats mot seksuell vold, \u00a0vold mot kvinner og vold i n\u00e6re relasjoner gjennom E\u00d8S\u2011midlene? <a href=\"https:\/\/www.jobbnorge.no\/ledige-stillinger\/stilling\/301421\">Les mer<\/a><\/div><\/li><li class=\"wp-block-dss-jobbnorge__item\"><div class=\"wp-block-dss-jobbnorge__item-title\"><a href=\"https:\/\/www.jobbnorge.no\/ledige-stillinger\/stilling\/301816\">Samfunnsviter\/samfunns\u00f8konom til integreringsomr\u00e5det<\/a><\/div><div class=\"wp-block-dss-jobbnorge__item-meta\"><div class=\"wp-block-dss-jobbnorge__item-employer\">Arbeidsgiver: Arbeids- og inkluderingsdepartementet<\/div><\/div><div class=\"wp-block-dss-jobbnorge__item-excerpt\">Har du lyst til \u00e5 jobbe p\u00e5 integreringsomr\u00e5det? <a href=\"https:\/\/www.jobbnorge.no\/ledige-stillinger\/stilling\/301816\">Les mer<\/a><\/div><\/li><li class=\"wp-block-dss-jobbnorge__item\"><div class=\"wp-block-dss-jobbnorge__item-title\"><a href=\"https:\/\/www.jobbnorge.no\/ledige-stillinger\/stilling\/301075\">BFD s\u00f8ker faglig sterke kandidater til seksjon for barnefamiliers levek\u00e5r<\/a><\/div><div class=\"wp-block-dss-jobbnorge__item-meta\"><div class=\"wp-block-dss-jobbnorge__item-employer\">Arbeidsgiver: Barne- og familiedepartementet<\/div><\/div><div class=\"wp-block-dss-jobbnorge__item-excerpt\">Vil du anvende din faglige bakgrunn p\u00e5 velferdspolitiske problemstillinger? <a href=\"https:\/\/www.jobbnorge.no\/ledige-stillinger\/stilling\/301075\">Les mer<\/a><\/div><\/li><li class=\"wp-block-dss-jobbnorge__item\"><div class=\"wp-block-dss-jobbnorge__item-title\"><a href=\"https:\/\/www.jobbnorge.no\/ledige-stillinger\/stilling\/301872\">R\u00e5dgiver\/Seniorr\u00e5dgiver &#8211; Forsvarspolitikk og kapabilitetsplanlegging<\/a><\/div><div class=\"wp-block-dss-jobbnorge__item-meta\"><div class=\"wp-block-dss-jobbnorge__item-employer\">Arbeidsgiver: Forsvarsdepartementet<\/div><\/div><div class=\"wp-block-dss-jobbnorge__item-excerpt\">Vil du arbeide i skj\u00e6ringspunktet mellom politikk, analyse og forsvarsplanlegging? <a href=\"https:\/\/www.jobbnorge.no\/ledige-stillinger\/stilling\/301872\">Les mer<\/a><\/div><\/li><li class=\"wp-block-dss-jobbnorge__item\"><div class=\"wp-block-dss-jobbnorge__item-title\"><a href=\"https:\/\/www.jobbnorge.no\/ledige-stillinger\/stilling\/301601\">Vi s\u00f8ker r\u00e5dgiver\/seniorr\u00e5dgiver innen EU\/E\u00d8S-rett (fast stilling)<\/a><\/div><div class=\"wp-block-dss-jobbnorge__item-meta\"><div class=\"wp-block-dss-jobbnorge__item-employer\">Arbeidsgiver: Klima- og milj\u00f8departementet<\/div><\/div><div class=\"wp-block-dss-jobbnorge__item-excerpt\">Er du en dyktig jurist med EU\/E\u00d8S-kompetanse? <a href=\"https:\/\/www.jobbnorge.no\/ledige-stillinger\/stilling\/301601\">Les mer<\/a><\/div><\/li><li class=\"wp-block-dss-jobbnorge__item\"><div class=\"wp-block-dss-jobbnorge__item-title\"><a href=\"https:\/\/www.jobbnorge.no\/ledige-stillinger\/stilling\/301719\">Juristar energi- og vassdragsrett<\/a><\/div><div class=\"wp-block-dss-jobbnorge__item-meta\"><div class=\"wp-block-dss-jobbnorge__item-employer\">Arbeidsgiver: Energidepartementet <\/div><\/div><div class=\"wp-block-dss-jobbnorge__item-excerpt\">Ledige stillingar for juristar med interesse for fornybar energi, kraftmarknad, nett og E\u00d8S <a href=\"https:\/\/www.jobbnorge.no\/ledige-stillinger\/stilling\/301719\">Les mer<\/a><\/div><\/li><li class=\"wp-block-dss-jobbnorge__item\"><div class=\"wp-block-dss-jobbnorge__item-title\"><a href=\"https:\/\/www.jobbnorge.no\/ledige-stillinger\/stilling\/301457\">Underdirekt\u00f8r, nestleder,\u00a0HR-seksjonen, avdeling for mennesker og organisasjon (AMO)<\/a><\/div><div class=\"wp-block-dss-jobbnorge__item-meta\"><div class=\"wp-block-dss-jobbnorge__item-employer\">Arbeidsgiver: Utenriksdepartementet<\/div><\/div><div class=\"wp-block-dss-jobbnorge__item-excerpt\">Enhet\/seksjon <a href=\"https:\/\/www.jobbnorge.no\/ledige-stillinger\/stilling\/301457\">Les mer<\/a><\/div><\/li><li class=\"wp-block-dss-jobbnorge__item\"><div class=\"wp-block-dss-jobbnorge__item-title\"><a href=\"https:\/\/www.jobbnorge.no\/ledige-stillinger\/stilling\/301468\">Fagdirekt\u00f8r, HR-seksjonen\/arbeidsgiverenheten, Avdeling for mennesker og organisasjon<\/a><\/div><div class=\"wp-block-dss-jobbnorge__item-meta\"><div class=\"wp-block-dss-jobbnorge__item-employer\">Arbeidsgiver: Utenriksdepartementet<\/div><\/div><div class=\"wp-block-dss-jobbnorge__item-excerpt\">Enhet\/seksjon <a href=\"https:\/\/www.jobbnorge.no\/ledige-stillinger\/stilling\/301468\">Les mer<\/a><\/div><\/li><li class=\"wp-block-dss-jobbnorge__item\"><div class=\"wp-block-dss-jobbnorge__item-title\"><a href=\"https:\/\/www.jobbnorge.no\/ledige-stillinger\/stilling\/300659\">Etatsstyring og digitalisering<\/a><\/div><div class=\"wp-block-dss-jobbnorge__item-meta\"><div class=\"wp-block-dss-jobbnorge__item-employer\">Arbeidsgiver: Arbeids- og inkluderingsdepartementet<\/div><\/div><div class=\"wp-block-dss-jobbnorge__item-excerpt\">Vil du v\u00e6re med og styre digital utvikling der det virkelig betyr noe? <a href=\"https:\/\/www.jobbnorge.no\/ledige-stillinger\/stilling\/300659\">Les mer<\/a><\/div><\/li><\/ul><nav class=\"wp-block-dss-jobbnorge__pagination\" role=\"navigation\" aria-label=\"Paginering av stillingsannonser\"><div class=\"wp-block-dss-jobbnorge__pagination-info\">Viser 1-10 av 43 jobber<\/div><div class=\"wp-block-dss-jobbnorge__pagination-controls\"><button type=\"button\" class=\"wp-block-dss-jobbnorge__pagination-prev\" disabled>Forrige<\/button><span class=\"wp-block-dss-jobbnorge__pagination-info\">Side 1 av 5<\/span><button type=\"button\" class=\"wp-block-dss-jobbnorge__pagination-next\" data-page=\"2\">Neste<\/button><\/div><\/nav><\/div>","protected":false},"excerpt":{"rendered":"Som student eller nyutdannet er du velkommen til \u00e5 s\u00f8ke p\u00e5 stillinger som f\u00f8rstekonsulent (og ved enkelte departement r\u00e5dgiver).","protected":false},"author":357,"featured_media":0,"parent":0,"menu_order":0,"comment_status":"closed","ping_status":"closed","template":"","meta":{"dss_simple_post_excerpt":"","dss_show_featured_image":true,"dss_show_title":true,"footnotes":""},"class_list":["post-50","page","type-page","status-publish","hentry"],"language":"nb-NO","_links":{"self":[{"href":"https:\/\/teststeder.regjeringen.no\/jobbidepartementene\/wp-json\/wp\/v2\/pages\/50","targetHints":{"allow":["GET"]}}],"collection":[{"href":"https:\/\/teststeder.regjeringen.no\/jobbidepartementene\/wp-json\/wp\/v2\/pages"}],"about":[{"href":"https:\/\/teststeder.regjeringen.no\/jobbidepartementene\/wp-json\/wp\/v2\/types\/page"}],"author":[{"embeddable":true,"href":"https:\/\/teststeder.regjeringen.no\/jobbidepartementene\/wp-json\/wp\/v2\/users\/357"}],"replies":[{"embeddable":true,"href":"https:\/\/teststeder.regjeringen.no\/jobbidepartementene\/wp-json\/wp\/v2\/comments?post=50"}],"version-history":[{"count":3,"href":"https:\/\/teststeder.regjeringen.no\/jobbidepartementene\/wp-json\/wp\/v2\/pages\/50\/revisions"}],"predecessor-version":[{"id":447,"href":"https:\/\/teststeder.regjeringen.no\/jobbidepartementene\/wp-json\/wp\/v2\/pages\/50\/revisions\/447"}],"wp:attachment":[{"href":"https:\/\/teststeder.regjeringen.no\/jobbidepartementene\/wp-json\/wp\/v2\/media?parent=50"}],"curies":[{"name":"wp","href":"https:\/\/api.w.org\/{rel}","templated":true}]}}